{"id":126,"date":"2010-12-15T06:00:51","date_gmt":"2010-12-15T10:00:51","guid":{"rendered":"http:\/\/blog.espol.edu.ec\/lelizald\/?page_id=126"},"modified":"2010-12-15T06:01:27","modified_gmt":"2010-12-15T10:01:27","slug":"cadena-trofica-2","status":"publish","type":"page","link":"https:\/\/blog.espol.edu.ec\/lelizald\/educacion-ambiental-ecologica\/cadena-trofica-2\/","title":{"rendered":"CADENA TROFICA"},"content":{"rendered":"<p><strong>Cadena tr\u00f3fica<\/strong> (del <a title=\"Idioma griego\" href=\"\/wiki\/Idioma_griego\">griego<\/a> <em>throphe<\/em>, alimentaci\u00f3n) es el proceso de transferencia de energ\u00eda alimenticia a trav\u00e9s de una serie de organismos, en el que cada uno se alimenta del precedente y es alimento del siguiente. Tambi\u00e9n conocida como <strong>cadena alimenticia<\/strong>, es la corriente de <a title=\"Energ\u00eda\" href=\"\/wiki\/Energ%C3%ADa\">energ\u00eda<\/a> y nutrientes que se establece entre las distintas <a title=\"Especie\" href=\"\/wiki\/Especie\">especies<\/a> de un <a title=\"Ecosistema\" href=\"\/wiki\/Ecosistema\">ecosistema<\/a> en relaci\u00f3n con su <a title=\"Nutrici\u00f3n\" href=\"\/wiki\/Nutrici%C3%B3n\">nutrici\u00f3n<\/a>.<\/p>\n<ol>\n<li>Cada cadena se inicia con un <a title=\"Vegetal\" href=\"\/wiki\/Vegetal\">vegetal<\/a>, productor u organismo aut\u00f3trofo o sea un organismo que \"fabrica su propio alimento\" sintetizando sustancias org\u00e1nicas a partir de sustancias inorg\u00e1nicas que toma del aire y del suelo, y energ\u00eda solar (fotos\u00edntesis).<\/li>\n<li>Los dem\u00e1s integrantes de la cadena se denominan <a title=\"Consumidor\" href=\"\/wiki\/Consumidor\">consumidores<\/a>. Aqu\u00e9l que se alimenta del productor, ser\u00e1 el consumidor primario, el que se alimenta de este \u00faltimo ser\u00e1 el consumidor secundario que seria un carnivoro y un terciario que seria un ovnivoro o un supercarnivoro de alguna forma. Son consumidores primarios, los herb\u00edvoros. Son consumidores secundarios los carn\u00edvoros, terciarios omn\u00edvoros, etc.<\/li>\n<li>Existe un \u00faltimo nivel en la cadena alimentaria que corresponde a los descomponedores. \u00c9stos act\u00faan sobre los organismos muertos, degradan la materia org\u00e1nica y la transforman nuevamente en materia inorg\u00e1nica devolvi\u00e9ndola al suelo (nitratos, nitritos, agua) y a la atm\u00f3sfera (di\u00f3xido de carbono). <a href=\"http:\/\/blog.espol.edu.ec\/lelizald\/files\/2010\/12\/71.jpg\"><img loading=\"lazy\" decoding=\"async\" class=\"alignleft size-medium wp-image-117\" title=\"71\" src=\"http:\/\/blog.espol.edu.ec\/lelizald\/files\/2010\/12\/71-300x206.jpg\" alt=\"\" width=\"300\" height=\"206\" srcset=\"https:\/\/blog.espol.edu.ec\/lelizald\/files\/2010\/12\/71-300x206.jpg 300w, https:\/\/blog.espol.edu.ec\/lelizald\/files\/2010\/12\/71.jpg 600w\" sizes=\"auto, (max-width: 300px) 100vw, 300px\" \/><\/a><\/li>\n<\/ol>\n","protected":false},"excerpt":{"rendered":"<p>Cadena tr\u00f3fica (del griego throphe, alimentaci\u00f3n) es el proceso de transferencia de energ\u00eda alimenticia a trav\u00e9s de una serie de organismos, en el que cada uno se alimenta del precedente y es alimento del siguiente. Tambi\u00e9n conocida como cadena alimenticia, es la corriente de energ\u00eda y nutrientes que se establece entre las distintas especies de [&hellip;]<\/p>\n","protected":false},"author":2644,"featured_media":0,"parent":112,"menu_order":2,"comment_status":"open","ping_status":"open","template":"","meta":{"footnotes":""},"class_list":["post-126","page","type-page","status-publish","hentry"],"_links":{"self":[{"href":"https:\/\/blog.espol.edu.ec\/lelizald\/wp-json\/wp\/v2\/pages\/126","targetHints":{"allow":["GET"]}}],"collection":[{"href":"https:\/\/blog.espol.edu.ec\/lelizald\/wp-json\/wp\/v2\/pages"}],"about":[{"href":"https:\/\/blog.espol.edu.ec\/lelizald\/wp-json\/wp\/v2\/types\/page"}],"author":[{"embeddable":true,"href":"https:\/\/blog.espol.edu.ec\/lelizald\/wp-json\/wp\/v2\/users\/2644"}],"replies":[{"embeddable":true,"href":"https:\/\/blog.espol.edu.ec\/lelizald\/wp-json\/wp\/v2\/comments?post=126"}],"version-history":[{"count":2,"href":"https:\/\/blog.espol.edu.ec\/lelizald\/wp-json\/wp\/v2\/pages\/126\/revisions"}],"predecessor-version":[{"id":128,"href":"https:\/\/blog.espol.edu.ec\/lelizald\/wp-json\/wp\/v2\/pages\/126\/revisions\/128"}],"up":[{"embeddable":true,"href":"https:\/\/blog.espol.edu.ec\/lelizald\/wp-json\/wp\/v2\/pages\/112"}],"wp:attachment":[{"href":"https:\/\/blog.espol.edu.ec\/lelizald\/wp-json\/wp\/v2\/media?parent=126"}],"curies":[{"name":"wp","href":"https:\/\/api.w.org\/{rel}","templated":true}]}}