{"id":129,"date":"2010-12-15T06:05:19","date_gmt":"2010-12-15T10:05:19","guid":{"rendered":"http:\/\/blog.espol.edu.ec\/lelizald\/?page_id=129"},"modified":"2010-12-15T06:05:43","modified_gmt":"2010-12-15T10:05:43","slug":"red-trofica-y-niveles-troficos","status":"publish","type":"page","link":"https:\/\/blog.espol.edu.ec\/lelizald\/educacion-ambiental-ecologica\/red-trofica-y-niveles-troficos\/","title":{"rendered":"RED TR\u00d3FICA Y NIVELES TR\u00d3FICOS"},"content":{"rendered":"<p>Es la sucesion ordenada de los organismos en el cual un individuo se alimenta del anterior y es comido por el que sigue.Es por esto que se le dice cadena,ya que cada ser vivo constituye un eslab\u00f3n que esta unido a otro por un v\u00ednculo,que es la alimentaci\u00f3n. Las redes r\u00f3ficas describen los h\u00e1bitos alimentarios y de las interacciones que se dan entra los individuos de una comunidad. Por ejemplo: (Alfalfa-conejo-serpiente-halc\u00f3n) (Algas marinas-peces-gaviota).<\/p>\n<p><strong><em>NIVELES TR\u00d3FICOS<\/em><\/strong><\/p>\n<p>\u00a0<a href=\"http:\/\/blog.espol.edu.ec\/lelizald\/files\/2010\/12\/piramide01.jpg\"><img loading=\"lazy\" decoding=\"async\" class=\"alignright size-medium wp-image-130\" title=\"piramide01\" src=\"http:\/\/blog.espol.edu.ec\/lelizald\/files\/2010\/12\/piramide01-264x300.jpg\" alt=\"\" width=\"264\" height=\"300\" srcset=\"https:\/\/blog.espol.edu.ec\/lelizald\/files\/2010\/12\/piramide01-264x300.jpg 264w, https:\/\/blog.espol.edu.ec\/lelizald\/files\/2010\/12\/piramide01.jpg 352w\" sizes=\"auto, (max-width: 264px) 100vw, 264px\" \/><\/a>\u00a0\u00a0\u00a0\u00a0\u00a0\u00a0\u00a0\u00a0\u00a0\u00a0\u00a0 En una <a title=\"Biocenosis\" href=\"http:\/\/es.wikipedia.org\/wiki\/Biocenosis\">biocenosis<\/a> o comunidad biol\u00f3gica existen:<\/p>\n<ul>\n<li><strong><a title=\"Producci\u00f3n primaria\" href=\"http:\/\/es.wikipedia.org\/wiki\/Producci%C3%B3n_primaria\">Productores primarios<\/a><\/strong>, aut\u00f3trofos, que utilizando la energ\u00eda solar (<a title=\"Fotos\u00edntesis\" href=\"http:\/\/es.wikipedia.org\/wiki\/Fotos%C3%ADntesis\">fotos\u00edntesis<\/a>) o reacciones qu\u00edmicas minerales (<a title=\"Quimios\u00edntesis\" href=\"http:\/\/es.wikipedia.org\/wiki\/Quimios%C3%ADntesis\">quimios\u00edntesis<\/a>) obtienen la energ\u00eda necesaria para fabricar materia org\u00e1nica a partir de nutrientes inorg\u00e1nicos.<\/li>\n<li><strong>Consumidores<\/strong>, <a title=\"Heter\u00f3trofo\" href=\"http:\/\/es.wikipedia.org\/wiki\/Heter%C3%B3trofo\">heter\u00f3trofos<\/a>, que producen sus componentes a partir de la materia org\u00e1nica procedente de otros seres vivos.\n<ul>\n<li>Las especies consumidoras pueden ser, si las clasificamos por la modalidad de explotaci\u00f3n del recurso:\n<ul>\n<li><strong>Predadores<\/strong> y <strong>pecoreadores<\/strong>. Organismos que ingieren el cuerpo de sus presas, entero o en parte. Esta actividad puede llamarse y se llama a veces predaci\u00f3n, pero es m\u00e1s com\u00fan ver usado este t\u00e9rmino s\u00f3lo para la actividad de los carn\u00edvoros, es decir, los consumidores de segundo orden o superior (ver m\u00e1s abajo).<\/li>\n<li><strong>Descomponedores<\/strong> y <strong>detrit\u00edvoros<\/strong>. Los primeros son aquellos organismos <a title=\"Saprotrofia\" href=\"http:\/\/es.wikipedia.org\/wiki\/Saprotrofia\">sapr\u00f3trofos<\/a>, como <a title=\"Bacteria\" href=\"http:\/\/es.wikipedia.org\/wiki\/Bacteria\">bacterias<\/a> y <a title=\"Fungi\" href=\"http:\/\/es.wikipedia.org\/wiki\/Fungi\">hongos<\/a>, que aprovechan los residuos por medio de digesti\u00f3n externa seguida de absorci\u00f3n (<a title=\"Osmotrofia\" href=\"http:\/\/es.wikipedia.org\/wiki\/Osmotrofia\">osmotrofia<\/a>). Los detrit\u00edvoros son algunos protistas y peque\u00f1os animales, que devoran (<a title=\"Fagotrofia\" href=\"http:\/\/es.wikipedia.org\/wiki\/Fagotrofia\">fagotrofia<\/a>) los residuos s\u00f3lidos que encuentran en el suelo o en los sedimentos del fondo, as\u00ed como animales grandes que se alimentan de cad\u00e1veres, que es a los que se puede llamar propiamente <a title=\"Carro\u00f1ero\" href=\"http:\/\/es.wikipedia.org\/wiki\/Carro%C3%B1ero\">carro\u00f1eros<\/a>.<\/li>\n<li><strong><a title=\"Parasitismo\" href=\"http:\/\/es.wikipedia.org\/wiki\/Parasitismo\">Par\u00e1sitos<\/a><\/strong> y <strong><a title=\"Comensalismo\" href=\"http:\/\/es.wikipedia.org\/wiki\/Comensalismo\">comensales<\/a><\/strong>. Los par\u00e1sitos pueden ser depredados, como lo son los <a title=\"Aphididae\" href=\"http:\/\/es.wikipedia.org\/wiki\/Aphididae\">pulgones<\/a> de las plantas por <a title=\"Coccinellidae\" href=\"http:\/\/es.wikipedia.org\/wiki\/Coccinellidae\">mariquitas<\/a>, o los par\u00e1sitos de los grandes herb\u00edvoros africanos, depredados por <a title=\"Buphagidae\" href=\"http:\/\/es.wikipedia.org\/wiki\/Buphagidae\">picabueyes<\/a> y otras aves. Los par\u00e1sitos suelen a su vez tener sus propios par\u00e1sitos, de manera que cada par\u00e1sito primario puede ser la base de una cadena tr\u00f3fica especial de par\u00e1sitos de distintos \u00f3rdenes.<\/li>\n<\/ul>\n<\/li>\n<li>Si examinamos el nivel tr\u00f3fico m\u00e1s alto de entre los organismos explotados por una especie, atribuiremos a \u00e9sta un orden en la cadena de transferencias, seg\u00fan el n\u00famero de t\u00e9rminos que tengamos que contar desde el principio de la cadena:\n<ul>\n<li><strong>Consumidores primarios<\/strong>, los <a title=\"Fit\u00f3fago\" href=\"http:\/\/es.wikipedia.org\/wiki\/Fit%C3%B3fago\">fit\u00f3fagos<\/a> o <a title=\"Herb\u00edvoro\" href=\"http:\/\/es.wikipedia.org\/wiki\/Herb%C3%ADvoro\">herb\u00edvoros<\/a>. Devoran a los organismos aut\u00f3trofos, principalmente <a title=\"Planta\" href=\"http:\/\/es.wikipedia.org\/wiki\/Planta\">plantas<\/a> o <a title=\"Alga\" href=\"http:\/\/es.wikipedia.org\/wiki\/Alga\">algas<\/a>, se alimentan de ellos de forma par\u00e1sita, como hacen por ejemplo los <a title=\"Aphididae\" href=\"http:\/\/es.wikipedia.org\/wiki\/Aphididae\">pulgones<\/a>, son comensales o simbiontes de plantas, como las <a title=\"Abeja\" href=\"http:\/\/es.wikipedia.org\/wiki\/Abeja\">abejas<\/a>, o se especializan en devorar sus restos muertos, como los <a title=\"Acarina\" href=\"http:\/\/es.wikipedia.org\/wiki\/Acarina\">\u00e1caros orib\u00e1tidos<\/a> o los <a title=\"Diplopoda\" href=\"http:\/\/es.wikipedia.org\/wiki\/Diplopoda\">milpi\u00e9s<\/a>.<\/li>\n<li><strong>Consumidores secundarios<\/strong>, los <a title=\"Zo\u00f3fago\" href=\"http:\/\/es.wikipedia.org\/wiki\/Zo%C3%B3fago\">zo\u00f3fagos<\/a> o <a title=\"Carn\u00edvoro\" href=\"http:\/\/es.wikipedia.org\/wiki\/Carn%C3%ADvoro\">carn\u00edvoros<\/a>, que se alimentan directamente de consumidores primarios, pero tambi\u00e9n los par\u00e1sitos de los herb\u00edvoros, como por ejemplo el \u00e1caro <em><a title=\"Varroa\" href=\"http:\/\/es.wikipedia.org\/wiki\/Varroa\">Varroa<\/a><\/em>, que parasitiza a las abejas.<\/li>\n<li><strong>Consumidores terciarios<\/strong>, los organismos que incluyen de forma habitual consumidores secundarios en su fuente de alimento. En este cap\u00edtulo est\u00e1n los animales dominantes en los <a title=\"Ecosistema\" href=\"http:\/\/es.wikipedia.org\/wiki\/Ecosistema\">ecosistemas<\/a>, sobre los que influyen en una medida muy superior a su contribuci\u00f3n, siempre escasa, a la biomasa total. En el caso de los grandes animales cazadores, que consumen incluso otros depredadores, les corresponde ser llamados <strong>superpredadores<\/strong> (o superdepredadores). En ambientes terrestres son, por ejemplo, las <a title=\"Ave de presa\" href=\"http:\/\/es.wikipedia.org\/wiki\/Ave_de_presa\">aves de presa<\/a> y los grandes <a title=\"Felino\" href=\"http:\/\/es.wikipedia.org\/wiki\/Felino\">felinos<\/a> y <a title=\"Canidae\" href=\"http:\/\/es.wikipedia.org\/wiki\/Canidae\">c\u00e1nidos<\/a>. \u00c9stos siempre han sido considerados como una amenaza para los seres humanos, por padecer directamente su predaci\u00f3n o por la competencia por los recursos de caza, y han sido exterminados de manera a menudo sistem\u00e1tica y llevados a la extinci\u00f3n en muchos casos. En este cap\u00edtulo entrar\u00edan tambi\u00e9n, adem\u00e1s de los predadores, los par\u00e1sitos y comensales de los carn\u00edvoros.<\/li>\n<li>En realidad puede haber hasta seis o siete <a title=\"Nivel tr\u00f3fico\" href=\"http:\/\/es.wikipedia.org\/wiki\/Nivel_tr%C3%B3fico\">niveles tr\u00f3ficos<\/a> de consumidores, rara vez m\u00e1s, formando como hemos visto no s\u00f3lo cadenas basadas en la predaci\u00f3n o captura directa, sino en el <a title=\"Parasitismo\" href=\"http:\/\/es.wikipedia.org\/wiki\/Parasitismo\">parasitismo<\/a>, el <a title=\"Mutualismo (biolog\u00eda)\" href=\"http:\/\/es.wikipedia.org\/wiki\/Mutualismo_(biolog%C3%ADa)\">mutualismo<\/a>, el <a title=\"Comensalismo\" href=\"http:\/\/es.wikipedia.org\/wiki\/Comensalismo\">comensalismo<\/a> o la descomposici\u00f3n.<\/li>\n<\/ul>\n<\/li>\n<\/ul>\n<\/li>\n<\/ul>\n<p>Es de notar, que en muchas especies distintas, categor\u00edas de individuos pueden tener diferentes maneras de nutrirse, que en algunos casos las situar\u00edan en distintos niveles tr\u00f3ficos. Por ejemplo las moscas de la familia <a title=\"Sarcophagidae\" href=\"http:\/\/es.wikipedia.org\/wiki\/Sarcophagidae\">Sarcophagidae<\/a>, son recolectoras de <a title=\"N\u00e9ctar (bot\u00e1nica)\" href=\"http:\/\/es.wikipedia.org\/wiki\/N%C3%A9ctar_(bot%C3%A1nica)\">n\u00e9ctar<\/a> y otros l\u00edquidos azucarados durante su vida adulta, pero mientras son queresas (larvas) su alimentaci\u00f3n t\u00edpica es a partir de cad\u00e1veres (est\u00e1n entre los \u201cgusanos\u201d que se desarrollan durante la putrefacci\u00f3n). Los <a title=\"Anura\" href=\"http:\/\/es.wikipedia.org\/wiki\/Anura\">anuros<\/a> (ranas y sapos) adultos son carn\u00edvoros, pero sus larvas, los renacuajos, roen las piedras para obtener algas. En los mosquitos (familia <a title=\"Culicidae\" href=\"http:\/\/es.wikipedia.org\/wiki\/Culicidae\">Culicidae<\/a>) las hembras son par\u00e1sitas <a title=\"Hematofagia\" href=\"http:\/\/es.wikipedia.org\/wiki\/Hematofagia\">hemat\u00f3fagas<\/a> de animales, pero los machos emplean su aparato bucal picador para alimentarse de savia vegetal.<\/p>\n","protected":false},"excerpt":{"rendered":"<p>Es la sucesion ordenada de los organismos en el cual un individuo se alimenta del anterior y es comido por el que sigue.Es por esto que se le dice cadena,ya que cada ser vivo constituye un eslab\u00f3n que esta unido a otro por un v\u00ednculo,que es la alimentaci\u00f3n. Las redes r\u00f3ficas describen los h\u00e1bitos alimentarios [&hellip;]<\/p>\n","protected":false},"author":2644,"featured_media":0,"parent":112,"menu_order":3,"comment_status":"open","ping_status":"open","template":"","meta":{"footnotes":""},"class_list":["post-129","page","type-page","status-publish","hentry"],"_links":{"self":[{"href":"https:\/\/blog.espol.edu.ec\/lelizald\/wp-json\/wp\/v2\/pages\/129","targetHints":{"allow":["GET"]}}],"collection":[{"href":"https:\/\/blog.espol.edu.ec\/lelizald\/wp-json\/wp\/v2\/pages"}],"about":[{"href":"https:\/\/blog.espol.edu.ec\/lelizald\/wp-json\/wp\/v2\/types\/page"}],"author":[{"embeddable":true,"href":"https:\/\/blog.espol.edu.ec\/lelizald\/wp-json\/wp\/v2\/users\/2644"}],"replies":[{"embeddable":true,"href":"https:\/\/blog.espol.edu.ec\/lelizald\/wp-json\/wp\/v2\/comments?post=129"}],"version-history":[{"count":2,"href":"https:\/\/blog.espol.edu.ec\/lelizald\/wp-json\/wp\/v2\/pages\/129\/revisions"}],"predecessor-version":[{"id":132,"href":"https:\/\/blog.espol.edu.ec\/lelizald\/wp-json\/wp\/v2\/pages\/129\/revisions\/132"}],"up":[{"embeddable":true,"href":"https:\/\/blog.espol.edu.ec\/lelizald\/wp-json\/wp\/v2\/pages\/112"}],"wp:attachment":[{"href":"https:\/\/blog.espol.edu.ec\/lelizald\/wp-json\/wp\/v2\/media?parent=129"}],"curies":[{"name":"wp","href":"https:\/\/api.w.org\/{rel}","templated":true}]}}