{"id":133,"date":"2010-12-15T06:10:48","date_gmt":"2010-12-15T10:10:48","guid":{"rendered":"http:\/\/blog.espol.edu.ec\/lelizald\/?page_id=133"},"modified":"2010-12-15T06:11:16","modified_gmt":"2010-12-15T10:11:16","slug":"agua","status":"publish","type":"page","link":"https:\/\/blog.espol.edu.ec\/lelizald\/educacion-ambiental-ecologica\/agua\/","title":{"rendered":"AGUA"},"content":{"rendered":"<p>El <strong>agua<\/strong> (del <a title=\"Lat\u00edn\" href=\"\/wiki\/Lat%C3%ADn\">lat\u00edn<\/a> <em>aqua<\/em>) es una <a title=\"Sustancia qu\u00edmica\" href=\"\/wiki\/Sustancia_qu%C3%ADmica\">sustancia<\/a> cuya mol\u00e9cula est\u00e1 formada por dos <a title=\"\u00c1tomo\" href=\"\/wiki\/%C3%81tomo\">\u00e1tomos<\/a> de <a title=\"Hidr\u00f3geno\" href=\"\/wiki\/Hidr%C3%B3geno\">hidr\u00f3geno<\/a> y uno de <a title=\"Ox\u00edgeno\" href=\"\/wiki\/Ox%C3%ADgeno\">ox\u00edgeno<\/a> (H<sub>2<\/sub>O). Es esencial para la supervivencia de todas las formas conocidas de <a title=\"Vida\" href=\"\/wiki\/Vida\">vida<\/a>. El termino agua, generalmente, se refiere a la sustancia en su <a title=\"Estado de agregaci\u00f3n de la materia\" href=\"\/wiki\/Estado_de_agregaci%C3%B3n_de_la_materia\">estado<\/a> <a title=\"L\u00edquido\" href=\"\/wiki\/L%C3%ADquido\">l\u00edquido<\/a>, pero la misma puede hallarse en su forma <a title=\"S\u00f3lido\" href=\"\/wiki\/S%C3%B3lido\">s\u00f3lida<\/a> llamada <a title=\"Hielo\" href=\"\/wiki\/Hielo\">hielo<\/a>, y en forma <a title=\"Gas\" href=\"\/wiki\/Gas\">gaseosa<\/a> denominada <a title=\"Vapor (estado)\" href=\"\/wiki\/Vapor_(estado)\">vapor<\/a>. El agua cubre el 71% de la superficie de la <a title=\"Corteza terrestre\" href=\"\/wiki\/Corteza_terrestre\">corteza terrestre<\/a>.<sup><a href=\"#cite_note-1\">[2]<\/a><\/sup> Se localiza principalmente en los <a title=\"Oc\u00e9ano\" href=\"\/wiki\/Oc%C3%A9ano\">oc\u00e9anos<\/a> donde se concentra el 96,5% del agua total, los <a title=\"Glaciar\" href=\"\/wiki\/Glaciar\">glaciares<\/a> y casquetes polares poseen el 1,74%, los dep\u00f3sitos subterr\u00e1neos (<a title=\"Agua subterr\u00e1nea\" href=\"\/wiki\/Agua_subterr%C3%A1nea\">acu\u00edferos<\/a>), los <a title=\"Permafrost\" href=\"\/wiki\/Permafrost\">permafrost<\/a> y los glaciares continentales suponen el 1,72% y el restante 0,04% se reparte en orden decreciente entre lagos, humedad del suelo, atm\u00f3sfera, embalses, r\u00edos y seres vivos.<sup><a href=\"#cite_note-usgs1-2\">[3]<\/a><\/sup> El agua es un elemento com\u00fan del sistema solar, hecho confirmado en descubrimientos recientes. Puede ser encontrada, principalmente, en forma de hielo; de hecho, es el material base de los <a title=\"Cometa\" href=\"\/wiki\/Cometa\">cometas<\/a> y el vapor que compone sus colas.<\/p>\n<p>Desde el punto de vista <a title=\"F\u00edsica\" href=\"\/wiki\/F%C3%ADsica\">f\u00edsico<\/a>, el agua circula constantemente en un ciclo de <a title=\"Evaporaci\u00f3n (hidrolog\u00eda)\" href=\"\/wiki\/Evaporaci%C3%B3n_(hidrolog%C3%ADa)\">evaporaci\u00f3n<\/a> o <a title=\"Transpiraci\u00f3n\" href=\"\/wiki\/Transpiraci%C3%B3n\">transpiraci\u00f3n<\/a> (<a title=\"Evapotranspiraci\u00f3n\" href=\"\/wiki\/Evapotranspiraci%C3%B3n\">evapotranspiraci\u00f3n<\/a>), <a title=\"Precipitaci\u00f3n (meteorolog\u00eda)\" href=\"\/wiki\/Precipitaci%C3%B3n_(meteorolog%C3%ADa)\">precipitaci\u00f3n<\/a>, y desplazamiento hacia el <a title=\"Mar\" href=\"\/wiki\/Mar\">mar<\/a>. Los vientos transportan tanto vapor de agua como el que se vierte en los mares mediante su curso sobre la tierra, en una cantidad aproximada de 45.000 km\u00b3 al a\u00f1o. En tierra firme, la evaporaci\u00f3n y transpiraci\u00f3n contribuyen con 74.000 km\u00b3 anuales al causar precipitaciones de 119.000 km\u00b3 cada a\u00f1o.<\/p>\n<p>Se estima que aproximadamente el 70% del agua dulce es usada para <a title=\"Agricultura\" href=\"\/wiki\/Agricultura\">agricultura<\/a>.El agua en la industria absorbe una media del 20% del consumo mundial, emple\u00e1ndose en tareas de <a title=\"Refrigeraci\u00f3n\" href=\"\/wiki\/Refrigeraci%C3%B3n\">refrigeraci\u00f3n<\/a>, <a title=\"Transporte\" href=\"\/wiki\/Transporte\">transporte<\/a> y como disolvente de una gran variedad de sustancias qu\u00edmicas. El consumo dom\u00e9stico absorbe el 10% restante.<br \/>\nEl agua es esencial para la mayor\u00eda de las formas de vida conocidas por el hombre, incluida la humana. El acceso al agua potable se ha incrementado durante las \u00faltimas d\u00e9cadas en la superficie terrestre. Sin embargo estudios de la FAO, estiman que uno de cada cinco pa\u00edses en v\u00edas de desarrollo tendr\u00e1 problemas de escasez de agua antes del 2030; en esos pa\u00edses es vital un menor gasto de agua en la agricultura modernizando los sistemas de riego.<\/p>\n<p><a href=\"http:\/\/blog.espol.edu.ec\/lelizald\/files\/2010\/12\/agua-verde.jpg\"><img loading=\"lazy\" decoding=\"async\" class=\"alignnone size-full wp-image-134\" title=\"agua-verde\" src=\"http:\/\/blog.espol.edu.ec\/lelizald\/files\/2010\/12\/agua-verde.jpg\" alt=\"\" width=\"292\" height=\"300\" \/><\/a><\/p>\n<p style=\"text-align: center\"><strong><em>TIPOS DE AGUA<\/em><\/strong><\/p>\n<p>El agua se puede presentar en tres estados siendo una de las pocas sustancias que pueden encontrarse en sus tres estados de forma natural.<sup><a href=\"#cite_note-8\">[9]<\/a><\/sup> El agua adopta formas muy distintas sobre la tierra: como <a title=\"Vapor (estado)\" href=\"\/wiki\/Vapor_(estado)\">vapor<\/a> de agua, conformando nubes en el aire; como agua marina, eventualmente en forma de <a title=\"Iceberg\" href=\"\/wiki\/Iceberg\">icebergs<\/a> en los oc\u00e9anos; en <a title=\"Glaciar\" href=\"\/wiki\/Glaciar\">glaciares<\/a> y <a title=\"R\u00edo\" href=\"\/wiki\/R%C3%ADo\">r\u00edos<\/a> en las monta\u00f1as, y en los acu\u00edferos subterr\u00e1neos su forma l\u00edquida.<\/p>\n<p>El agua puede <a title=\"Disoluci\u00f3n\" href=\"\/wiki\/Disoluci%C3%B3n\">disolver<\/a> muchas sustancias, d\u00e1ndoles diferentes sabores y olores. Como consecuencia de su papel imprescindible para la vida, el ser humano \u2014entre otros muchos animales\u2014 ha desarrollado sentidos capaces de evaluar la potabilidad del agua, que evitan el consumo de agua <a title=\"Sal\" href=\"\/wiki\/Sal\">salada<\/a> o putrefacta. Los humanos tambi\u00e9n suelen preferir el consumo de agua fr\u00eda a la que est\u00e1 tibia, puesto que el agua fr\u00eda es menos propensa a contener microbios. El sabor perceptible en el agua de deshielo y el <a title=\"Agua mineral\" href=\"\/wiki\/Agua_mineral\">agua mineral<\/a> se deriva de los minerales disueltos en ella; de hecho el agua pura es <a title=\"Sabor\" href=\"\/wiki\/Sabor\">ins\u00edpida<\/a>. Para regular el consumo humano, se calcula la pureza del agua en funci\u00f3n de la presencia de <a title=\"Toxina\" href=\"\/wiki\/Toxina\">toxinas<\/a>, agentes contaminantes y <a title=\"Microorganismo\" href=\"\/wiki\/Microorganismo\">microorganismos<\/a>. El agua recibe diversos nombres, seg\u00fan su forma y caracter\u00edsticas:<sup><a href=\"#cite_note-9\">[10]<\/a><\/sup><\/p>\n<div>\n<div><a href=\"Water_drop_animation.gif\"><img loading=\"lazy\" decoding=\"async\" class=\"alignleft\" src=\"http:\/\/upload.wikimedia.org\/wikipedia\/commons\/thumb\/0\/07\/Water_drop_animation.gif\/150px-Water_drop_animation.gif\" alt=\"\" width=\"150\" height=\"200\" \/><\/a><\/div>\n<div>\n<div><a title=\"Aumentar\" href=\"Water_drop_animation.gif\"><img loading=\"lazy\" decoding=\"async\" src=\"http:\/\/bits.wikimedia.org\/skins-1.5\/common\/images\/magnify-clip.png\" alt=\"\" width=\"15\" height=\"11\" \/><\/a><\/div>\n<p>Estas gotas se forman por la elevada <a title=\"Tensi\u00f3n superficial\" href=\"\/wiki\/Tensi%C3%B3n_superficial\">tensi\u00f3n superficial<\/a> del agua.<\/p>\n<\/div>\n<\/div>\n<div>\n<div><a href=\"Snow_crystals_2b.jpg\"><\/a>\u00a0<\/div>\n<div>\n<div><a title=\"Aumentar\" href=\"Snow_crystals_2b.jpg\"><img loading=\"lazy\" decoding=\"async\" src=\"http:\/\/bits.wikimedia.org\/skins-1.5\/common\/images\/magnify-clip.png\" alt=\"\" width=\"15\" height=\"11\" \/><\/a><\/div>\n<p>Copo de nieve visto a trav\u00e9s de un microscopio. Est\u00e1 coloreado artificialmente.<\/p>\n<\/div>\n<\/div>\n<ul>\n<li>Seg\u00fan su <strong>estado f\u00edsico<\/strong>:\n<ul>\n<li><a title=\"Hielo\" href=\"\/wiki\/Hielo\">Hielo<\/a> (estado s\u00f3lido)<\/li>\n<li>Agua (estado l\u00edquido)<\/li>\n<li><a title=\"Vapor (estado)\" href=\"\/wiki\/Vapor_(estado)\">Vapor<\/a> (estado gaseoso)<\/li>\n<\/ul>\n<\/li>\n<\/ul>\n<ul>\n<li>Seg\u00fan su <strong>posici\u00f3n en el ciclo del agua<\/strong>:\n<ul>\n<li>Hidrometeoro\n<ul>\n<li><a title=\"Precipitaci\u00f3n (meteorolog\u00eda)\" href=\"\/wiki\/Precipitaci%C3%B3n_(meteorolog%C3%ADa)\">Precipitaci\u00f3n<\/a><\/li>\n<\/ul>\n<\/li>\n<\/ul>\n<\/li>\n<\/ul>\n<dl>\n<dd>\n<table border=\"0\">\n<tbody>\n<tr>\n<td>\u00a0\u00a0\u00a0\u00a0\u00a0<\/td>\n<td>Precipitaci\u00f3n <em>seg\u00fan desplazamiento<\/em><\/td>\n<td>\u00a0\u00a0<\/td>\n<td>Precipitaci\u00f3n <em>seg\u00fan estado<\/em><\/td>\n<\/tr>\n<tr>\n<td>\u00a0<\/td>\n<td valign=\"top\">\n<ul>\n<li>precipitaci\u00f3n vertical\n<ul>\n<li><a title=\"Lluvia\" href=\"\/wiki\/Lluvia\">lluvia<\/a><\/li>\n<li><a title=\"Lluvia congelada\" href=\"\/wiki\/Lluvia_congelada\">lluvia congelada<\/a><\/li>\n<li><a title=\"Llovizna\" href=\"\/wiki\/Llovizna\">llovizna<\/a><\/li>\n<li>lluvia helada<\/li>\n<li><a title=\"Nieve\" href=\"\/wiki\/Nieve\">nieve<\/a><\/li>\n<li><a title=\"Granizo blando\" href=\"\/wiki\/Granizo_blando\">granizo blando<\/a><\/li>\n<li><a title=\"Gr\u00e1nulos de nieve\" href=\"\/wiki\/Gr%C3%A1nulos_de_nieve\">gr\u00e1nulos de nieve<\/a><\/li>\n<li><a title=\"Perdigones de hielo\" href=\"\/wiki\/Perdigones_de_hielo\">perdigones de hielo<\/a><\/li>\n<li>aguanieve<\/li>\n<li>pedrisco<\/li>\n<li><a title=\"Cristal de hielo (a\u00fan no redactado)\" href=\"\/w\/index.php?title=Cristal_de_hielo&amp;action=edit&amp;redlink=1\">cristal de hielo<\/a><\/li>\n<\/ul>\n<\/li>\n<li>precipitaci\u00f3n horizontal (asentada)\n<ul>\n<li><a title=\"Roc\u00edo (fen\u00f3meno f\u00edsico)\" href=\"\/wiki\/Roc%C3%ADo_(fen%C3%B3meno_f%C3%ADsico)\">roc\u00edo<\/a><\/li>\n<li><a title=\"Escarcha\" href=\"\/wiki\/Escarcha\">escarcha<\/a><\/li>\n<li><a title=\"Congelaci\u00f3n atmosf\u00e9rica (a\u00fan no redactado)\" href=\"\/w\/index.php?title=Congelaci%C3%B3n_atmosf%C3%A9rica&amp;action=edit&amp;redlink=1\">congelaci\u00f3n atmosf\u00e9rica<\/a><\/li>\n<li><a title=\"Hielo glaseado\" href=\"\/wiki\/Hielo_glaseado\">hielo glaseado<\/a><\/li>\n<\/ul>\n<\/li>\n<\/ul>\n<\/td>\n<td>\u00a0\u00a0<\/td>\n<td valign=\"top\">\n<ul>\n<li>precipitaci\u00f3n <a title=\"Lluvia\" href=\"\/wiki\/Lluvia#Clasificaci.C3.B3n_de_precipitaciones_acuosas\">l\u00edquida<\/a>\n<ul>\n<li><a title=\"Lluvia\" href=\"\/wiki\/Lluvia\">lluvia<\/a><\/li>\n<li>lluvia helada<\/li>\n<li><a title=\"Llovizna\" href=\"\/wiki\/Llovizna\">llovizna<\/a><\/li>\n<li>llovizna helada<\/li>\n<li><a title=\"Roc\u00edo (fen\u00f3meno f\u00edsico)\" href=\"\/wiki\/Roc%C3%ADo_(fen%C3%B3meno_f%C3%ADsico)\">roc\u00edo<\/a><\/li>\n<\/ul>\n<\/li>\n<li>precipitaci\u00f3n <a title=\"Nieve\" href=\"\/wiki\/Nieve#Tipos_de_nieve\">s\u00f3lida<\/a>\n<ul>\n<li><a title=\"Nevasca\" href=\"\/wiki\/Nevasca\">nevasca<\/a><\/li>\n<li><a title=\"Granizo blando\" href=\"\/wiki\/Granizo_blando\">granizo blando<\/a><\/li>\n<li><a title=\"Gr\u00e1nulos de nieve\" href=\"\/wiki\/Gr%C3%A1nulos_de_nieve\">gr\u00e1nulos de nieve<\/a><\/li>\n<li><a title=\"Perdigones de hielo\" href=\"\/wiki\/Perdigones_de_hielo\">perdigones de hielo<\/a><\/li>\n<li>lluvia helada<\/li>\n<li><a title=\"Granizo\" href=\"\/wiki\/Granizo\">granizo<\/a><\/li>\n<li><a title=\"Prismas de hielo\" href=\"\/wiki\/Prismas_de_hielo\">prismas de hielo<\/a><\/li>\n<li><a title=\"Escarcha\" href=\"\/wiki\/Escarcha\">escarcha<\/a><\/li>\n<li><a title=\"Congelaci\u00f3n atmosf\u00e9rica (a\u00fan no redactado)\" href=\"\/w\/index.php?title=Congelaci%C3%B3n_atmosf%C3%A9rica&amp;action=edit&amp;redlink=1\">congelaci\u00f3n atmosf\u00e9rica<\/a><\/li>\n<li><a title=\"Hielo glaseado\" href=\"\/wiki\/Hielo_glaseado\">hielo glaseado<\/a><\/li>\n<li><a title=\"Aguanieve\" href=\"\/wiki\/Aguanieve\">aguanieve<\/a><\/li>\n<\/ul>\n<\/li>\n<li>precipitaci\u00f3n mixta\n<ul>\n<li>con temperaturas cercanas a los 0\u00a0\u00b0C<\/li>\n<\/ul>\n<\/li>\n<\/ul>\n<\/td>\n<\/tr>\n<\/tbody>\n<\/table>\n<\/dd>\n<\/dl>\n<ul>\n<li>\n<ul>\n<li>part\u00edculas en suspensi\u00f3n\n<ul>\n<li><a title=\"Nube\" href=\"\/wiki\/Nube\">nubes<\/a><\/li>\n<li><a title=\"Niebla\" href=\"\/wiki\/Niebla\">niebla<\/a><\/li>\n<li><a title=\"Bruma\" href=\"\/wiki\/Bruma\">bruma<\/a><\/li>\n<\/ul>\n<\/li>\n<li>part\u00edculas en ascenso (impulsadas por el viento)\n<ul>\n<li>ventisca<\/li>\n<li><em>nieve revuelta<\/em><\/li>\n<\/ul>\n<\/li>\n<\/ul>\n<\/li>\n<li><strong>seg\u00fan su circunstancia<\/strong>\n<ul>\n<li><a title=\"Agua subterr\u00e1nea\" href=\"\/wiki\/Agua_subterr%C3%A1nea\">agua subterr\u00e1nea<\/a><\/li>\n<li>agua de <a title=\"Deshielo\" href=\"\/wiki\/Deshielo\">deshielo<\/a><\/li>\n<li><a title=\"Agua mete\u00f3rica (a\u00fan no redactado)\" href=\"\/w\/index.php?title=Agua_mete%C3%B3rica&amp;action=edit&amp;redlink=1\">agua mete\u00f3rica<\/a><\/li>\n<li><a title=\"Agua inherente (a\u00fan no redactado)\" href=\"\/w\/index.php?title=Agua_inherente&amp;action=edit&amp;redlink=1\">agua inherente<\/a> \u2013 la que forma parte de una roca<\/li>\n<li><a title=\"Agua f\u00f3sil\" href=\"\/wiki\/Agua_f%C3%B3sil\">agua f\u00f3sil<\/a><\/li>\n<li><a title=\"Agua dulce\" href=\"\/wiki\/Agua_dulce\">agua dulce<\/a><\/li>\n<li><a title=\"Agua superficial (a\u00fan no redactado)\" href=\"\/w\/index.php?title=Agua_superficial&amp;action=edit&amp;redlink=1\">agua superficial<\/a><\/li>\n<li><a title=\"Agua mineral\" href=\"\/wiki\/Agua_mineral\">agua mineral<\/a> \u2013 rica en minerales<\/li>\n<li><a title=\"Agua salobre\" href=\"\/wiki\/Agua_salobre\">Agua salobre<\/a> ligeramente salada<\/li>\n<li><a title=\"Agua muerta (a\u00fan no redactado)\" href=\"\/w\/index.php?title=Agua_muerta&amp;action=edit&amp;redlink=1\">agua muerta<\/a> \u2013 extra\u00f1o fen\u00f3meno que ocurre cuando una masa de agua dulce o ligeramente salada circula sobre una masa de agua m\u00e1s salada, mezcl\u00e1ndose ligeramente. Son peligrosas para la <a title=\"Navegaci\u00f3n mar\u00edtima\" href=\"\/wiki\/Navegaci%C3%B3n_mar%C3%ADtima\">navegaci\u00f3n<\/a>.<\/li>\n<li><a title=\"Agua de mar\" href=\"\/wiki\/Agua_de_mar\">agua de mar<\/a><\/li>\n<li><a title=\"Salmuera\" href=\"\/wiki\/Salmuera\">salmuera<\/a> - de elevado contenido en sales, especialmente <a title=\"Cloruro de sodio\" href=\"\/wiki\/Cloruro_de_sodio\">cloruro de sodio<\/a>.<\/li>\n<\/ul>\n<\/li>\n<li><strong>seg\u00fan sus usos<\/strong>\n<ul>\n<li><a title=\"Agua entubada\" href=\"\/wiki\/Agua_entubada\">agua entubada<\/a><\/li>\n<li><a title=\"Agua embotellada\" href=\"\/wiki\/Agua_embotellada\">agua embotellada<\/a><\/li>\n<li><a title=\"Agua potable\" href=\"\/wiki\/Agua_potable\">agua potable<\/a> \u2013 la apropiada para el consumo humano, contiene un valor equilibrado de minerales que no son da\u00f1inos para la salud.<\/li>\n<li><a title=\"Agua purificada (a\u00fan no redactado)\" href=\"\/w\/index.php?title=Agua_purificada&amp;action=edit&amp;redlink=1\">agua purificada<\/a> \u2013 corregida en laboratorio o enriquecida con alg\u00fan agente \u2013 Son aguas que han sido tratadas para usos espec\u00edficos en la ciencia o la ingenier\u00eda. Lo habitual son tres tipos:\n<ul>\n<li><a title=\"Agua destilada\" href=\"\/wiki\/Agua_destilada\">agua destilada<\/a><\/li>\n<li>agua de doble <a title=\"Destilaci\u00f3n\" href=\"\/wiki\/Destilaci%C3%B3n\">destilaci\u00f3n<\/a><\/li>\n<li><a title=\"Agua desionizada\" href=\"\/wiki\/Agua_desionizada\">agua desionizada<\/a><\/li>\n<\/ul>\n<\/li>\n<\/ul>\n<\/li>\n<\/ul>\n<ul>\n<li><strong>atendiendo a otras propiedades<\/strong>\n<ul>\n<li><a title=\"Agua blanda\" href=\"\/wiki\/Agua_blanda\">agua blanda<\/a> \u2013 pobre en minerales<\/li>\n<li><a title=\"Agua dura\" href=\"\/wiki\/Agua_dura\">agua dura<\/a> \u2013 de origen subterr\u00e1neo, contiene un elevado valor mineral<\/li>\n<li><a title=\"Agua de cristalizaci\u00f3n\" href=\"\/wiki\/Agua_de_cristalizaci%C3%B3n\">agua de cristalizaci\u00f3n<\/a> \u2014 es la que se encuentra dentro de las redes cristalinas.<\/li>\n<li><a title=\"Hidrato\" href=\"\/wiki\/Hidrato\">hidratos<\/a> \u2014 agua impregnada en otras sustancias qu\u00edmicas<\/li>\n<li><a title=\"Agua pesada\" href=\"\/wiki\/Agua_pesada\">agua pesada<\/a> \u2013 es un agua elaborada con \u00e1tomos pesados de <a title=\"Hidr\u00f3geno\" href=\"\/wiki\/Hidr%C3%B3geno\">hidr\u00f3geno<\/a>-<a title=\"Deuterio\" href=\"\/wiki\/Deuterio\">deuterio<\/a>. En estado natural, forma parte del agua normal en una concentraci\u00f3n muy reducida. Se ha utilizado para la construcci\u00f3n de dispositivos nucleares, como <a title=\"Reactor nuclear\" href=\"\/wiki\/Reactor_nuclear\">reactores<\/a>.<\/li>\n<li>agua de <a title=\"Tritio\" href=\"\/wiki\/Tritio\">tritio<\/a><\/li>\n<li><a title=\"Aguas negras\" href=\"\/wiki\/Aguas_negras\">agua negra<\/a><\/li>\n<li><a title=\"Aguas grises\" href=\"\/wiki\/Aguas_grises\">aguas grises<\/a><\/li>\n<li><a title=\"Agua disf\u00f3rica (a\u00fan no redactado)\" href=\"\/w\/index.php?title=Agua_disf%C3%B3rica&amp;action=edit&amp;redlink=1\">agua disf\u00f3rica<\/a><\/li>\n<\/ul>\n<\/li>\n<\/ul>\n<ul>\n<li><strong>seg\u00fan la <a title=\"Microbiolog\u00eda\" href=\"\/wiki\/Microbiolog%C3%ADa\">microbiolog\u00eda<\/a><\/strong>\n<ul>\n<li><a title=\"Agua potable\" href=\"\/wiki\/Agua_potable\">agua potable<\/a><\/li>\n<li>agua residual<\/li>\n<li><a title=\"Agua lluvia (a\u00fan no redactado)\" href=\"\/w\/index.php?title=Agua_lluvia&amp;action=edit&amp;redlink=1\">agua lluvia<\/a> o <a title=\"Agua de superficie (a\u00fan no redactado)\" href=\"\/w\/index.php?title=Agua_de_superficie&amp;action=edit&amp;redlink=1\">agua de superficie<\/a><\/li>\n<\/ul>\n<\/li>\n<\/ul>\n<ul>\n<li>El agua es tambi\u00e9n protagonista de numerosos ritos <a title=\"Religi\u00f3n\" href=\"\/wiki\/Religi%C3%B3n\">religiosos<\/a>. Se sabe de infinidad de ceremonias ligadas al agua. El <a title=\"Cristianismo\" href=\"\/wiki\/Cristianismo\">cristianismo<\/a>, por ejemplo, ha atribuido tradicionalmente ciertas caracter\u00edsticas al <a title=\"Agua bendita\" href=\"\/wiki\/Agua_bendita\">agua bendita<\/a>. Existen tambi\u00e9n otros tipos de agua que despu\u00e9s de cierto proceso adquieren supuestas propiedades, como el <a title=\"Agua vitalizada\" href=\"\/wiki\/Agua_vitalizada\">agua vitalizada<\/a><\/li>\n<\/ul>\n","protected":false},"excerpt":{"rendered":"<p>El agua (del lat\u00edn aqua) es una sustancia cuya mol\u00e9cula est\u00e1 formada por dos \u00e1tomos de hidr\u00f3geno y uno de ox\u00edgeno (H2O). Es esencial para la supervivencia de todas las formas conocidas de vida. El termino agua, generalmente, se refiere a la sustancia en su estado l\u00edquido, pero la misma puede hallarse en su forma [&hellip;]<\/p>\n","protected":false},"author":2644,"featured_media":0,"parent":112,"menu_order":4,"comment_status":"open","ping_status":"open","template":"","meta":{"footnotes":""},"class_list":["post-133","page","type-page","status-publish","hentry"],"_links":{"self":[{"href":"https:\/\/blog.espol.edu.ec\/lelizald\/wp-json\/wp\/v2\/pages\/133","targetHints":{"allow":["GET"]}}],"collection":[{"href":"https:\/\/blog.espol.edu.ec\/lelizald\/wp-json\/wp\/v2\/pages"}],"about":[{"href":"https:\/\/blog.espol.edu.ec\/lelizald\/wp-json\/wp\/v2\/types\/page"}],"author":[{"embeddable":true,"href":"https:\/\/blog.espol.edu.ec\/lelizald\/wp-json\/wp\/v2\/users\/2644"}],"replies":[{"embeddable":true,"href":"https:\/\/blog.espol.edu.ec\/lelizald\/wp-json\/wp\/v2\/comments?post=133"}],"version-history":[{"count":2,"href":"https:\/\/blog.espol.edu.ec\/lelizald\/wp-json\/wp\/v2\/pages\/133\/revisions"}],"predecessor-version":[{"id":136,"href":"https:\/\/blog.espol.edu.ec\/lelizald\/wp-json\/wp\/v2\/pages\/133\/revisions\/136"}],"up":[{"embeddable":true,"href":"https:\/\/blog.espol.edu.ec\/lelizald\/wp-json\/wp\/v2\/pages\/112"}],"wp:attachment":[{"href":"https:\/\/blog.espol.edu.ec\/lelizald\/wp-json\/wp\/v2\/media?parent=133"}],"curies":[{"name":"wp","href":"https:\/\/api.w.org\/{rel}","templated":true}]}}