{"id":137,"date":"2010-12-15T06:16:06","date_gmt":"2010-12-15T10:16:06","guid":{"rendered":"http:\/\/blog.espol.edu.ec\/lelizald\/?page_id=137"},"modified":"2010-12-15T06:16:06","modified_gmt":"2010-12-15T10:16:06","slug":"aire","status":"publish","type":"page","link":"https:\/\/blog.espol.edu.ec\/lelizald\/educacion-ambiental-ecologica\/aire\/","title":{"rendered":"AIRE"},"content":{"rendered":"<p>Se denomina <strong>aire<\/strong> a la mezcla de <a title=\"Gas\" href=\"\/wiki\/Gas\">gases<\/a> que constituye la <a title=\"Atm\u00f3sfera terrestre\" href=\"\/wiki\/Atm%C3%B3sfera_terrestre\">atm\u00f3sfera terrestre<\/a>, que permanecen alrededor de la <a title=\"Tierra\" href=\"\/wiki\/Tierra\">Tierra<\/a> por la acci\u00f3n de la fuerza de <a title=\"Gravedad\" href=\"\/wiki\/Gravedad\">gravedad<\/a>. El aire es esencial para la vida en el planeta, es particularmente delicado y est\u00e1 compuesto en proporciones ligeramente variables por sustancias tales como el nitr\u00f3geno (78%), ox\u00edgeno (21%), <a title=\"Vapor de agua\" href=\"\/wiki\/Vapor_de_agua\">vapor de agua<\/a> (variable entre 0-7%), <a title=\"Ozono\" href=\"\/wiki\/Ozono\">ozono<\/a>, <a title=\"Di\u00f3xido de carbono\" href=\"\/wiki\/Di%C3%B3xido_de_carbono\">di\u00f3xido de carbono<\/a>, hidr\u00f3geno y algunos <a title=\"Gas noble\" href=\"\/wiki\/Gas_noble\">gases nobles<\/a> como el cript\u00f3n o el <a title=\"Arg\u00f3n\" href=\"\/wiki\/Arg%C3%B3n\">arg\u00f3n<\/a>, es decir, 1% de otras sustancias.<\/p>\n<p style=\"text-align: center\"><strong><em>PROPIEDADES DEL AIRE<\/em><\/strong><\/p>\n<p>La atm\u00f3sfera terrestre se divide en cuatro capas de acuerdo a la <a title=\"Altitud\" href=\"\/wiki\/Altitud\">altitud<\/a>, <a title=\"Temperatura\" href=\"\/wiki\/Temperatura\">temperatura<\/a> y composici\u00f3n del aire: <a title=\"Troposfera\" href=\"\/wiki\/Troposfera\">troposfera<\/a>, <a title=\"Estratosfera\" href=\"\/wiki\/Estratosfera\">estratosfera<\/a>, <a title=\"Mesosfera\" href=\"\/wiki\/Mesosfera\">mesosfera<\/a> y <a title=\"Termosfera\" href=\"\/wiki\/Termosfera\">termosfera<\/a>. La <a title=\"Presi\u00f3n\" href=\"\/wiki\/Presi%C3%B3n\">presi\u00f3n<\/a> o peso del aire disminuye con la altitud.<\/p>\n<p>Las capas m\u00e1s importantes para el an\u00e1lisis de la <a title=\"Contaminaci\u00f3n atmosf\u00e9rica\" href=\"\/wiki\/Contaminaci%C3%B3n_atmosf%C3%A9rica\">contaminaci\u00f3n atmosf\u00e9rica<\/a> son las dos capas m\u00e1s cercanas a la Tierra: la troposfera y la estratosfera. El aire de la <a title=\"Troposfera\" href=\"\/wiki\/Troposfera\">troposfera<\/a> es el que interviene en la <a title=\"Respiraci\u00f3n\" href=\"\/wiki\/Respiraci%C3%B3n\">respiraci\u00f3n<\/a> y est\u00e1 compuesto, aproximadamente, por un 78,08% de nitr\u00f3geno (N<sub>2<\/sub>), un 20,94% de ox\u00edgeno (O<sub>2<\/sub>), un 0,035% de di\u00f3xido de carbono (CO<sub>2<\/sub>) y un 0,93% de gases inertes como el arg\u00f3n y el ne\u00f3n. En esta capa, de 7 km de altura en los polos y de 16 km en los tr\u00f3picos, se encuentran las <a title=\"Nube\" href=\"\/wiki\/Nube\">nubes<\/a> y casi todo el <a title=\"Vapor de agua\" href=\"\/wiki\/Vapor_de_agua\">vapor de agua<\/a>. En esta capa se producen todos los fen\u00f3menos atmosf\u00e9ricos que originan el <a title=\"Clima\" href=\"\/wiki\/Clima\">clima<\/a>. M\u00e1s arriba, aproximadamente a 25 kil\u00f3metros de altura, en la <a title=\"Estratosfera\" href=\"\/wiki\/Estratosfera\">estratosfera<\/a>, se encuentra la importante <a title=\"Capa de ozono\" href=\"\/wiki\/Capa_de_ozono\">capa de ozono<\/a> que protege a la Tierra de los rayos ultravioletas (UV).<\/p>\n<p>En relaci\u00f3n a esto, vale la pena recordar que, en t\u00e9rminos generales, un contaminante es una substancia que est\u00e1 \"fuera de lugar\", y que un buen ejemplo de ello puede ser el caso del gas ozono (O<sub>3<\/sub>). Cuando este gas se encuentra en el aire que se respira, \u00ades decir, bajo los 25 kil\u00f3metros de altura habituales\u00ad, es un contaminante que tiene un efecto da\u00f1ino para la salud, por lo que en esa circunstancia se le conoce como \"ozono troposf\u00e9rico u ozono malo\". Sin embargo, el mismo gas, cuando est\u00e1 en la estratosfera, forma la capa que protege de los rayos ultravioletas del <a title=\"Sol\" href=\"\/wiki\/Sol\">Sol<\/a> a todas las formas de <a title=\"Vida\" href=\"\/wiki\/Vida\">vida<\/a> en la Tierra, por lo cual se le identifica como \"ozono bueno\".<\/p>\n<p><a href=\"http:\/\/blog.espol.edu.ec\/lelizald\/files\/2010\/12\/imagesCAXBAOT4.jpg\"><img loading=\"lazy\" decoding=\"async\" class=\"size-thumbnail wp-image-138 alignleft\" title=\"imagesCAXBAOT4\" src=\"http:\/\/blog.espol.edu.ec\/lelizald\/files\/2010\/12\/imagesCAXBAOT4-150x150.jpg\" alt=\"\" width=\"150\" height=\"150\" \/><\/a><strong><em>COMPOSICION DEL AIRE<\/em><\/strong><\/p>\n<p>El aire esta compuesto principalmente por <a title=\"Nitr\u00f3geno\" href=\"\/wiki\/Nitr%C3%B3geno\">nitr\u00f3geno<\/a>, <a title=\"Ox\u00edgeno\" href=\"\/wiki\/Ox%C3%ADgeno\">ox\u00edgeno<\/a> y <a title=\"Arg\u00f3n\" href=\"\/wiki\/Arg%C3%B3n\">arg\u00f3n<\/a>. El resto de los componentes, entre los cuales se encuentran los <a title=\"Gas de efecto invernadero\" href=\"\/wiki\/Gas_de_efecto_invernadero\">gases de efecto invernadero<\/a>, son el vapor de agua, <a title=\"Di\u00f3xido de carbono\" href=\"\/wiki\/Di%C3%B3xido_de_carbono\">di\u00f3xido de carbono<\/a>, <a title=\"Metano\" href=\"\/wiki\/Metano\">metano<\/a>, oxido nitroso y <a title=\"Ozono\" href=\"\/wiki\/Ozono\">ozono<\/a>, entre otros.<sup><a href=\"#cite_note-0\">[1]<\/a><\/sup> Otro tipo de substancias pueden estar presente en peque\u00f1as cantidades como <a title=\"Polvo\" href=\"\/wiki\/Polvo\">polvo<\/a>, <a title=\"Polen\" href=\"\/wiki\/Polen\">polen<\/a> y esporas, y <a title=\"Ceniza volc\u00e1nica\" href=\"\/wiki\/Ceniza_volc%C3%A1nica\">Ceniza volc\u00e1nica<\/a>. Tambi\u00e9n es detectable la presencia de elementos vertidos a la atm\u00f3sfera en forma de contaminante como el <a title=\"Cloro\" href=\"\/wiki\/Cloro\">cloro<\/a> y sus compuestos, <a title=\"Fl\u00faor\" href=\"\/wiki\/Fl%C3%BAor\">fl\u00faor<\/a>, <a title=\"Mercurio (elemento)\" href=\"\/wiki\/Mercurio_(elemento)\">mercurio<\/a> y compuestos de <a title=\"Azufre\" href=\"\/wiki\/Azufre\">azufre<\/a>.<\/p>\n","protected":false},"excerpt":{"rendered":"<p>Se denomina aire a la mezcla de gases que constituye la atm\u00f3sfera terrestre, que permanecen alrededor de la Tierra por la acci\u00f3n de la fuerza de gravedad. El aire es esencial para la vida en el planeta, es particularmente delicado y est\u00e1 compuesto en proporciones ligeramente variables por sustancias tales como el nitr\u00f3geno (78%), ox\u00edgeno [&hellip;]<\/p>\n","protected":false},"author":2644,"featured_media":0,"parent":112,"menu_order":5,"comment_status":"open","ping_status":"open","template":"","meta":{"footnotes":""},"class_list":["post-137","page","type-page","status-publish","hentry"],"_links":{"self":[{"href":"https:\/\/blog.espol.edu.ec\/lelizald\/wp-json\/wp\/v2\/pages\/137","targetHints":{"allow":["GET"]}}],"collection":[{"href":"https:\/\/blog.espol.edu.ec\/lelizald\/wp-json\/wp\/v2\/pages"}],"about":[{"href":"https:\/\/blog.espol.edu.ec\/lelizald\/wp-json\/wp\/v2\/types\/page"}],"author":[{"embeddable":true,"href":"https:\/\/blog.espol.edu.ec\/lelizald\/wp-json\/wp\/v2\/users\/2644"}],"replies":[{"embeddable":true,"href":"https:\/\/blog.espol.edu.ec\/lelizald\/wp-json\/wp\/v2\/comments?post=137"}],"version-history":[{"count":1,"href":"https:\/\/blog.espol.edu.ec\/lelizald\/wp-json\/wp\/v2\/pages\/137\/revisions"}],"predecessor-version":[{"id":139,"href":"https:\/\/blog.espol.edu.ec\/lelizald\/wp-json\/wp\/v2\/pages\/137\/revisions\/139"}],"up":[{"embeddable":true,"href":"https:\/\/blog.espol.edu.ec\/lelizald\/wp-json\/wp\/v2\/pages\/112"}],"wp:attachment":[{"href":"https:\/\/blog.espol.edu.ec\/lelizald\/wp-json\/wp\/v2\/media?parent=137"}],"curies":[{"name":"wp","href":"https:\/\/api.w.org\/{rel}","templated":true}]}}