{"id":143,"date":"2010-12-15T06:23:04","date_gmt":"2010-12-15T10:23:04","guid":{"rendered":"http:\/\/blog.espol.edu.ec\/lelizald\/?page_id=143"},"modified":"2010-12-15T06:23:04","modified_gmt":"2010-12-15T10:23:04","slug":"energia","status":"publish","type":"page","link":"https:\/\/blog.espol.edu.ec\/lelizald\/energia\/","title":{"rendered":"ENERG\u00cdA"},"content":{"rendered":"<p>El t\u00e9rmino <strong>energ\u00eda<\/strong> (del <a title=\"Idioma griego\" href=\"\/wiki\/Idioma_griego\">griego<\/a> \u1f10\u03bd\u03ad\u03c1\u03b3\u03b5\u03b9\u03b1\/<a title=\"Energeia\" href=\"\/wiki\/Energeia\">energeia<\/a>, actividad, operaci\u00f3n; \u1f10\u03bd\u03b5\u03c1\u03b3\u00f3\u03c2\/energos=<a title=\"Fuerza\" href=\"\/wiki\/Fuerza\">fuerza<\/a> de acci\u00f3n o fuerza <a title=\"Trabajo (f\u00edsica)\" href=\"\/wiki\/Trabajo_(f%C3%ADsica)\">trabajando<\/a>) tiene diversas acepciones y definiciones, relacionadas con la idea de una capacidad para obrar, transformar o poner en <a title=\"Movimiento (f\u00edsica)\" href=\"\/wiki\/Movimiento_(f%C3%ADsica)\">movimiento<\/a>. En <a title=\"F\u00edsica\" href=\"\/wiki\/F%C3%ADsica\">f\u00edsica<\/a>, \u00abenerg\u00eda\u00bb se define como la capacidad para realizar un <a title=\"Trabajo (f\u00edsica)\" href=\"\/wiki\/Trabajo_(f%C3%ADsica)\">trabajo<\/a>. En <a title=\"Tecnolog\u00eda\" href=\"\/wiki\/Tecnolog%C3%ADa\">tecnolog\u00eda<\/a> y <a title=\"Econom\u00eda\" href=\"\/wiki\/Econom%C3%ADa\">econom\u00eda<\/a>, \u00abenerg\u00eda\u00bb se refiere a un <a title=\"Recurso natural\" href=\"\/wiki\/Recurso_natural\">recurso natural<\/a> (incluyendo a su tecnolog\u00eda asociada) para extraerla, transformarla, y luego darle un uso industrial o econ\u00f3mico.<\/p>\n<p><a href=\"http:\/\/blog.espol.edu.ec\/lelizald\/files\/2010\/12\/energia-eolica.jpg\"><img loading=\"lazy\" decoding=\"async\" class=\"aligncenter size-full wp-image-144\" title=\"energia-eolica\" src=\"http:\/\/blog.espol.edu.ec\/lelizald\/files\/2010\/12\/energia-eolica.jpg\" alt=\"\" width=\"400\" height=\"327\" srcset=\"https:\/\/blog.espol.edu.ec\/lelizald\/files\/2010\/12\/energia-eolica.jpg 400w, https:\/\/blog.espol.edu.ec\/lelizald\/files\/2010\/12\/energia-eolica-300x245.jpg 300w\" sizes=\"auto, (max-width: 400px) 100vw, 400px\" \/><\/a><\/p>\n","protected":false},"excerpt":{"rendered":"<p>El t\u00e9rmino energ\u00eda (del griego \u1f10\u03bd\u03ad\u03c1\u03b3\u03b5\u03b9\u03b1\/energeia, actividad, operaci\u00f3n; \u1f10\u03bd\u03b5\u03c1\u03b3\u00f3\u03c2\/energos=fuerza de acci\u00f3n o fuerza trabajando) tiene diversas acepciones y definiciones, relacionadas con la idea de una capacidad para obrar, transformar o poner en movimiento. En f\u00edsica, \u00abenerg\u00eda\u00bb se define como la capacidad para realizar un trabajo. En tecnolog\u00eda y econom\u00eda, \u00abenerg\u00eda\u00bb se refiere a un recurso [&hellip;]<\/p>\n","protected":false},"author":2644,"featured_media":0,"parent":0,"menu_order":0,"comment_status":"open","ping_status":"open","template":"","meta":{"footnotes":""},"class_list":["post-143","page","type-page","status-publish","hentry"],"_links":{"self":[{"href":"https:\/\/blog.espol.edu.ec\/lelizald\/wp-json\/wp\/v2\/pages\/143","targetHints":{"allow":["GET"]}}],"collection":[{"href":"https:\/\/blog.espol.edu.ec\/lelizald\/wp-json\/wp\/v2\/pages"}],"about":[{"href":"https:\/\/blog.espol.edu.ec\/lelizald\/wp-json\/wp\/v2\/types\/page"}],"author":[{"embeddable":true,"href":"https:\/\/blog.espol.edu.ec\/lelizald\/wp-json\/wp\/v2\/users\/2644"}],"replies":[{"embeddable":true,"href":"https:\/\/blog.espol.edu.ec\/lelizald\/wp-json\/wp\/v2\/comments?post=143"}],"version-history":[{"count":1,"href":"https:\/\/blog.espol.edu.ec\/lelizald\/wp-json\/wp\/v2\/pages\/143\/revisions"}],"predecessor-version":[{"id":145,"href":"https:\/\/blog.espol.edu.ec\/lelizald\/wp-json\/wp\/v2\/pages\/143\/revisions\/145"}],"wp:attachment":[{"href":"https:\/\/blog.espol.edu.ec\/lelizald\/wp-json\/wp\/v2\/media?parent=143"}],"curies":[{"name":"wp","href":"https:\/\/api.w.org\/{rel}","templated":true}]}}