{"id":146,"date":"2010-12-15T06:27:32","date_gmt":"2010-12-15T10:27:32","guid":{"rendered":"http:\/\/blog.espol.edu.ec\/lelizald\/?page_id=146"},"modified":"2010-12-15T06:27:58","modified_gmt":"2010-12-15T10:27:58","slug":"desarrollo-sustentable","status":"publish","type":"page","link":"https:\/\/blog.espol.edu.ec\/lelizald\/educacion-ambiental-ecologica\/desarrollo-sustentable\/","title":{"rendered":"DESARROLLO SUSTENTABLE"},"content":{"rendered":"<p>El t\u00e9rmino <strong>desarrollo sostenible<\/strong>, <strong>perdurable<\/strong> o <strong>sustentable<\/strong> se aplica al desarrollo socio-econ\u00f3mico y fue formalizado por primera vez en el documento conocido como <a title=\"Informe Brundtland\" href=\"\/wiki\/Informe_Brundtland\">Informe Brundtland<\/a> (<a title=\"1987\" href=\"\/wiki\/1987\">1987<\/a>), fruto de los trabajos de la Comisi\u00f3n Mundial de Medio Ambiente y Desarrollo de Naciones Unidas, creada en Asamblea de las Naciones Unidas en <a title=\"1983\" href=\"\/wiki\/1983\">1983<\/a>. Dicha definici\u00f3n se asumir\u00eda en el Principio 3.\u00ba de la Declaraci\u00f3n de R\u00edo (1992)<\/p>\n<div>\n<table>\n<tbody>\n<tr>\n<td><em>Satisfacer las necesidades de las generaciones presentes sin comprometer las posibilidades de las del futuro para atender sus propias necesidades<\/em>.<\/td>\n<td><em>Meet the needs of the present generation without compromising the ability of future generations to meet their own needs<\/em>.<\/td>\n<\/tr>\n<\/tbody>\n<\/table>\n<div><a href=\"http:\/\/blog.espol.edu.ec\/lelizald\/files\/2010\/12\/620px-Desarrollo_sostenible_svg.png\"><img loading=\"lazy\" decoding=\"async\" class=\"aligncenter size-full wp-image-147\" title=\"620px-Desarrollo_sostenible_svg\" src=\"http:\/\/blog.espol.edu.ec\/lelizald\/files\/2010\/12\/620px-Desarrollo_sostenible_svg.png\" alt=\"\" width=\"620\" height=\"379\" srcset=\"https:\/\/blog.espol.edu.ec\/lelizald\/files\/2010\/12\/620px-Desarrollo_sostenible_svg.png 620w, https:\/\/blog.espol.edu.ec\/lelizald\/files\/2010\/12\/620px-Desarrollo_sostenible_svg-300x183.png 300w\" sizes=\"auto, (max-width: 620px) 100vw, 620px\" \/><\/a>Informe de la Comisi\u00f3n Mundial sobre el Medio Ambiente y el Desarrollo (Comisi\u00f3n Brundtland): Nuestro Futuro Com\u00fan<\/div>\n<\/div>\n<p>El \u00e1mbito del <strong>desarrollo sostenible<\/strong> puede dividirse conceptualmente en tres partes: <a title=\"Impacto ambiental\" href=\"\/wiki\/Impacto_ambiental\">ambiental<\/a>, <a title=\"Beneficio econ\u00f3mico\" href=\"\/wiki\/Beneficio_econ%C3%B3mico\">econ\u00f3mica<\/a> y <a title=\"Responsabilidad social\" href=\"\/wiki\/Responsabilidad_social\">social<\/a>. Se considera el aspecto social por la relaci\u00f3n entre el <a title=\"Bienestar social\" href=\"\/wiki\/Bienestar_social\">bienestar social<\/a> con el medio ambiente y la bonanza econ\u00f3mica. El <a title=\"Triple resultado\" href=\"\/wiki\/Triple_resultado\">triple resultado<\/a> es un conjunto de indicadores de desempe\u00f1o de una organizaci\u00f3n en las tres \u00e1reas.<\/p>\n<p>Deben satisfacerse las necesidades de la sociedad como alimentaci\u00f3n, ropa, vivienda y trabajo, pues si la pobreza es habitual, el mundo estar\u00e1 encaminado a cat\u00e1strofes de varios tipos, incluidas las ecol\u00f3gicas. Asimismo, el desarrollo y el bienestar social, est\u00e1n limitados por el nivel tecnol\u00f3gico, los recursos del medio ambiente y la capacidad del medio ambiente para absorber los efectos de la actividad humana.<\/p>\n<p>Ante esta situaci\u00f3n, se plantea la posibilidad de mejorar la tecnolog\u00eda y la organizaci\u00f3n social de forma que el medio ambiente pueda recuperarse al mismo ritmo que es afectado por la actividad humana.<\/p>\n","protected":false},"excerpt":{"rendered":"<p>El t\u00e9rmino desarrollo sostenible, perdurable o sustentable se aplica al desarrollo socio-econ\u00f3mico y fue formalizado por primera vez en el documento conocido como Informe Brundtland (1987), fruto de los trabajos de la Comisi\u00f3n Mundial de Medio Ambiente y Desarrollo de Naciones Unidas, creada en Asamblea de las Naciones Unidas en 1983. Dicha definici\u00f3n se asumir\u00eda [&hellip;]<\/p>\n","protected":false},"author":2644,"featured_media":0,"parent":112,"menu_order":8,"comment_status":"open","ping_status":"open","template":"","meta":{"footnotes":""},"class_list":["post-146","page","type-page","status-publish","hentry"],"_links":{"self":[{"href":"https:\/\/blog.espol.edu.ec\/lelizald\/wp-json\/wp\/v2\/pages\/146","targetHints":{"allow":["GET"]}}],"collection":[{"href":"https:\/\/blog.espol.edu.ec\/lelizald\/wp-json\/wp\/v2\/pages"}],"about":[{"href":"https:\/\/blog.espol.edu.ec\/lelizald\/wp-json\/wp\/v2\/types\/page"}],"author":[{"embeddable":true,"href":"https:\/\/blog.espol.edu.ec\/lelizald\/wp-json\/wp\/v2\/users\/2644"}],"replies":[{"embeddable":true,"href":"https:\/\/blog.espol.edu.ec\/lelizald\/wp-json\/wp\/v2\/comments?post=146"}],"version-history":[{"count":2,"href":"https:\/\/blog.espol.edu.ec\/lelizald\/wp-json\/wp\/v2\/pages\/146\/revisions"}],"predecessor-version":[{"id":149,"href":"https:\/\/blog.espol.edu.ec\/lelizald\/wp-json\/wp\/v2\/pages\/146\/revisions\/149"}],"up":[{"embeddable":true,"href":"https:\/\/blog.espol.edu.ec\/lelizald\/wp-json\/wp\/v2\/pages\/112"}],"wp:attachment":[{"href":"https:\/\/blog.espol.edu.ec\/lelizald\/wp-json\/wp\/v2\/media?parent=146"}],"curies":[{"name":"wp","href":"https:\/\/api.w.org\/{rel}","templated":true}]}}