{"id":151,"date":"2010-12-15T06:30:56","date_gmt":"2010-12-15T10:30:56","guid":{"rendered":"http:\/\/blog.espol.edu.ec\/lelizald\/?page_id=151"},"modified":"2010-12-15T06:30:56","modified_gmt":"2010-12-15T10:30:56","slug":"un-desarrollo-economico-y-social-respetuoso-con-el-medio-ambiente","status":"publish","type":"page","link":"https:\/\/blog.espol.edu.ec\/lelizald\/educacion-ambiental-ecologica\/desarrollo-sustentable\/un-desarrollo-economico-y-social-respetuoso-con-el-medio-ambiente\/","title":{"rendered":"Un desarrollo econ\u00f3mico y social respetuoso con el medio ambiente"},"content":{"rendered":"<p>El objetivo del desarrollo sostenible es definir proyectos viables y reconciliar los aspectos <a title=\"Econom\u00eda\" href=\"\/wiki\/Econom%C3%ADa\">econ\u00f3mico<\/a>, <a title=\"Sociedad\" href=\"\/wiki\/Sociedad\">social<\/a>, y <a title=\"Medio ambiente\" href=\"\/wiki\/Medio_ambiente\">ambiental<\/a> de las actividades humanas; \"tres pilares\" que deben tenerse en cuenta por parte de las comunidades, tanto empresas como personas:<\/p>\n<ul>\n<li>Econ\u00f3mico: funcionamiento financiero \"cl\u00e1sico\", pero tambi\u00e9n capacidad para contribuir al desarrollo econ\u00f3mico en el \u00e1mbito de creaci\u00f3n de empresas de todos los niveles.<\/li>\n<\/ul>\n<ul>\n<li>Social: consecuencias sociales de la actividad de la empresa en todos los niveles: los trabajadores (condiciones de trabajo, nivel salarial, etc.), los proveedores, los clientes, las comunidades locales y la sociedad en general, necesidades humanas b\u00e1sicas.<\/li>\n<\/ul>\n<ul>\n<li>Ambiental: compatibilidad entre la actividad social de la empresa y la preservaci\u00f3n de la biodiversidad y de los ecosistemas. Incluye un an\u00e1lisis de los impactos del desarrollo social de las empresas y de sus productos en t\u00e9rminos de flujos, consumo de recursos dif\u00edcil o lentamente renovables, as\u00ed como en t\u00e9rminos de generaci\u00f3n de residuos y emisiones... Este \u00faltimo pilar es necesario para que los otros dos sean estables.<\/li>\n<\/ul>\n","protected":false},"excerpt":{"rendered":"<p>El objetivo del desarrollo sostenible es definir proyectos viables y reconciliar los aspectos econ\u00f3mico, social, y ambiental de las actividades humanas; \"tres pilares\" que deben tenerse en cuenta por parte de las comunidades, tanto empresas como personas: Econ\u00f3mico: funcionamiento financiero \"cl\u00e1sico\", pero tambi\u00e9n capacidad para contribuir al desarrollo econ\u00f3mico en el \u00e1mbito de creaci\u00f3n de [&hellip;]<\/p>\n","protected":false},"author":2644,"featured_media":0,"parent":146,"menu_order":1,"comment_status":"open","ping_status":"open","template":"","meta":{"footnotes":""},"class_list":["post-151","page","type-page","status-publish","hentry"],"_links":{"self":[{"href":"https:\/\/blog.espol.edu.ec\/lelizald\/wp-json\/wp\/v2\/pages\/151","targetHints":{"allow":["GET"]}}],"collection":[{"href":"https:\/\/blog.espol.edu.ec\/lelizald\/wp-json\/wp\/v2\/pages"}],"about":[{"href":"https:\/\/blog.espol.edu.ec\/lelizald\/wp-json\/wp\/v2\/types\/page"}],"author":[{"embeddable":true,"href":"https:\/\/blog.espol.edu.ec\/lelizald\/wp-json\/wp\/v2\/users\/2644"}],"replies":[{"embeddable":true,"href":"https:\/\/blog.espol.edu.ec\/lelizald\/wp-json\/wp\/v2\/comments?post=151"}],"version-history":[{"count":1,"href":"https:\/\/blog.espol.edu.ec\/lelizald\/wp-json\/wp\/v2\/pages\/151\/revisions"}],"predecessor-version":[{"id":152,"href":"https:\/\/blog.espol.edu.ec\/lelizald\/wp-json\/wp\/v2\/pages\/151\/revisions\/152"}],"up":[{"embeddable":true,"href":"https:\/\/blog.espol.edu.ec\/lelizald\/wp-json\/wp\/v2\/pages\/146"}],"wp:attachment":[{"href":"https:\/\/blog.espol.edu.ec\/lelizald\/wp-json\/wp\/v2\/media?parent=151"}],"curies":[{"name":"wp","href":"https:\/\/api.w.org\/{rel}","templated":true}]}}