{"id":153,"date":"2010-12-15T06:32:55","date_gmt":"2010-12-15T10:32:55","guid":{"rendered":"http:\/\/blog.espol.edu.ec\/lelizald\/?page_id=153"},"modified":"2010-12-15T06:33:20","modified_gmt":"2010-12-15T10:33:20","slug":"justificacion-del-desarrollo-sostenible","status":"publish","type":"page","link":"https:\/\/blog.espol.edu.ec\/lelizald\/educacion-ambiental-ecologica\/desarrollo-sustentable\/justificacion-del-desarrollo-sostenible\/","title":{"rendered":"Justificaci\u00f3n del desarrollo sostenible"},"content":{"rendered":"<p><a href=\"http:\/\/blog.espol.edu.ec\/lelizald\/files\/2010\/12\/desarrollo.png\"><img loading=\"lazy\" decoding=\"async\" class=\"alignleft size-medium wp-image-154\" title=\"desarrollo\" src=\"http:\/\/blog.espol.edu.ec\/lelizald\/files\/2010\/12\/desarrollo-300x280.png\" alt=\"\" width=\"300\" height=\"280\" srcset=\"https:\/\/blog.espol.edu.ec\/lelizald\/files\/2010\/12\/desarrollo-300x280.png 300w, https:\/\/blog.espol.edu.ec\/lelizald\/files\/2010\/12\/desarrollo.png 320w\" sizes=\"auto, (max-width: 300px) 100vw, 300px\" \/><\/a>La justificaci\u00f3n del desarrollo sostenible proviene tanto del hecho de tener unos <a title=\"Recurso natural\" href=\"\/wiki\/Recurso_natural\">recursos naturales<\/a> limitados (nutrientes en el <a title=\"Suelo\" href=\"\/wiki\/Suelo\">suelo<\/a>, <a title=\"Agua potable\" href=\"\/wiki\/Agua_potable\">agua potable<\/a>, minerales, etc.), susceptibles de agotarse, como del hecho de que una creciente <a title=\"Actividad econ\u00f3mica\" href=\"\/wiki\/Actividad_econ%C3%B3mica\">actividad econ\u00f3mica<\/a> sin m\u00e1s criterio que el econ\u00f3mico produce, tanto a escala local como planetaria, graves problemas <a title=\"Medio ambiente\" href=\"\/wiki\/Medio_ambiente\">medioambientales<\/a> que pueden llegar a ser irreversibles.<\/p>\n","protected":false},"excerpt":{"rendered":"<p>La justificaci\u00f3n del desarrollo sostenible proviene tanto del hecho de tener unos recursos naturales limitados (nutrientes en el suelo, agua potable, minerales, etc.), susceptibles de agotarse, como del hecho de que una creciente actividad econ\u00f3mica sin m\u00e1s criterio que el econ\u00f3mico produce, tanto a escala local como planetaria, graves problemas medioambientales que pueden llegar a [&hellip;]<\/p>\n","protected":false},"author":2644,"featured_media":0,"parent":146,"menu_order":2,"comment_status":"open","ping_status":"open","template":"","meta":{"footnotes":""},"class_list":["post-153","page","type-page","status-publish","hentry"],"_links":{"self":[{"href":"https:\/\/blog.espol.edu.ec\/lelizald\/wp-json\/wp\/v2\/pages\/153","targetHints":{"allow":["GET"]}}],"collection":[{"href":"https:\/\/blog.espol.edu.ec\/lelizald\/wp-json\/wp\/v2\/pages"}],"about":[{"href":"https:\/\/blog.espol.edu.ec\/lelizald\/wp-json\/wp\/v2\/types\/page"}],"author":[{"embeddable":true,"href":"https:\/\/blog.espol.edu.ec\/lelizald\/wp-json\/wp\/v2\/users\/2644"}],"replies":[{"embeddable":true,"href":"https:\/\/blog.espol.edu.ec\/lelizald\/wp-json\/wp\/v2\/comments?post=153"}],"version-history":[{"count":2,"href":"https:\/\/blog.espol.edu.ec\/lelizald\/wp-json\/wp\/v2\/pages\/153\/revisions"}],"predecessor-version":[{"id":156,"href":"https:\/\/blog.espol.edu.ec\/lelizald\/wp-json\/wp\/v2\/pages\/153\/revisions\/156"}],"up":[{"embeddable":true,"href":"https:\/\/blog.espol.edu.ec\/lelizald\/wp-json\/wp\/v2\/pages\/146"}],"wp:attachment":[{"href":"https:\/\/blog.espol.edu.ec\/lelizald\/wp-json\/wp\/v2\/media?parent=153"}],"curies":[{"name":"wp","href":"https:\/\/api.w.org\/{rel}","templated":true}]}}