{"id":157,"date":"2010-12-15T06:34:18","date_gmt":"2010-12-15T10:34:18","guid":{"rendered":"http:\/\/blog.espol.edu.ec\/lelizald\/?page_id=157"},"modified":"2010-12-15T06:34:18","modified_gmt":"2010-12-15T10:34:18","slug":"condiciones-para-el-desarrollo-sostenible","status":"publish","type":"page","link":"https:\/\/blog.espol.edu.ec\/lelizald\/educacion-ambiental-ecologica\/desarrollo-sustentable\/condiciones-para-el-desarrollo-sostenible\/","title":{"rendered":"Condiciones para el desarrollo sostenible"},"content":{"rendered":"<p>Los l\u00edmites de los recursos naturales sugieren tres reglas b\u00e1sicas en relaci\u00f3n con los ritmos de desarrollo sostenibles.<\/p>\n<ol>\n<li>Ning\u00fan recurso renovable deber\u00e1 utilizarse a un ritmo superior al de su generaci\u00f3n.<\/li>\n<li>Ning\u00fan contaminante deber\u00e1 producirse a un ritmo superior al que pueda ser reciclado, neutralizado o absorbido por el medio ambiente.<\/li>\n<li>Ning\u00fan recurso no renovable deber\u00e1 aprovecharse a mayor velocidad de la necesaria para sustituirlo por un recurso renovable utilizado de manera sostenible.<\/li>\n<\/ol>\n<p>Seg\u00fan algunos autores, estas tres reglas est\u00e1n forzosamente supeditadas a la inexistencia de un crecimiento demogr\u00e1fico.<sup><a href=\"#cite_note-5\">[<\/a><\/sup><\/p>\n","protected":false},"excerpt":{"rendered":"<p>Los l\u00edmites de los recursos naturales sugieren tres reglas b\u00e1sicas en relaci\u00f3n con los ritmos de desarrollo sostenibles. Ning\u00fan recurso renovable deber\u00e1 utilizarse a un ritmo superior al de su generaci\u00f3n. Ning\u00fan contaminante deber\u00e1 producirse a un ritmo superior al que pueda ser reciclado, neutralizado o absorbido por el medio ambiente. Ning\u00fan recurso no renovable [&hellip;]<\/p>\n","protected":false},"author":2644,"featured_media":0,"parent":146,"menu_order":3,"comment_status":"open","ping_status":"open","template":"","meta":{"footnotes":""},"class_list":["post-157","page","type-page","status-publish","hentry"],"_links":{"self":[{"href":"https:\/\/blog.espol.edu.ec\/lelizald\/wp-json\/wp\/v2\/pages\/157","targetHints":{"allow":["GET"]}}],"collection":[{"href":"https:\/\/blog.espol.edu.ec\/lelizald\/wp-json\/wp\/v2\/pages"}],"about":[{"href":"https:\/\/blog.espol.edu.ec\/lelizald\/wp-json\/wp\/v2\/types\/page"}],"author":[{"embeddable":true,"href":"https:\/\/blog.espol.edu.ec\/lelizald\/wp-json\/wp\/v2\/users\/2644"}],"replies":[{"embeddable":true,"href":"https:\/\/blog.espol.edu.ec\/lelizald\/wp-json\/wp\/v2\/comments?post=157"}],"version-history":[{"count":1,"href":"https:\/\/blog.espol.edu.ec\/lelizald\/wp-json\/wp\/v2\/pages\/157\/revisions"}],"predecessor-version":[{"id":158,"href":"https:\/\/blog.espol.edu.ec\/lelizald\/wp-json\/wp\/v2\/pages\/157\/revisions\/158"}],"up":[{"embeddable":true,"href":"https:\/\/blog.espol.edu.ec\/lelizald\/wp-json\/wp\/v2\/pages\/146"}],"wp:attachment":[{"href":"https:\/\/blog.espol.edu.ec\/lelizald\/wp-json\/wp\/v2\/media?parent=157"}],"curies":[{"name":"wp","href":"https:\/\/api.w.org\/{rel}","templated":true}]}}