{"id":159,"date":"2010-12-15T06:35:17","date_gmt":"2010-12-15T10:35:17","guid":{"rendered":"http:\/\/blog.espol.edu.ec\/lelizald\/?page_id=159"},"modified":"2010-12-15T06:35:17","modified_gmt":"2010-12-15T10:35:17","slug":"comision-de-la-onu-para-el-desarrollo-sostenible","status":"publish","type":"page","link":"https:\/\/blog.espol.edu.ec\/lelizald\/educacion-ambiental-ecologica\/desarrollo-sustentable\/comision-de-la-onu-para-el-desarrollo-sostenible\/","title":{"rendered":"Comisi\u00f3n de la ONU para el Desarrollo Sostenible"},"content":{"rendered":"<p>En diciembre de 1992 la <a title=\"Organizaci\u00f3n de las Naciones Unidas\" href=\"\/wiki\/Organizaci%C3%B3n_de_las_Naciones_Unidas\">Organizaci\u00f3n de las Naciones Unidas<\/a> (ONU) decide crear la <strong>Comisi\u00f3n para el Desarrollo Sostenible<\/strong> para asegurar un seguimiento eficaz de la hist\u00f3rica Conferencia de las Naciones Unidas sobre el Medio Ambiente y el Desarrollo de 1992, que se celebr\u00f3 en R\u00edo de Janeiro (Brasil) y que se conoce como <a title=\"Cumbre de la Tierra\" href=\"\/wiki\/Cumbre_de_la_Tierra\">Cumbre de la Tierra<\/a>. Tras esta conferencia, que dur\u00f3 tres meses, los l\u00edderes de los Estados miembros de la ONU aprobaron el <a rel=\"nofollow\" href=\"http:\/\/www.un.org\/esa\/sustdev\/documents\/agenda21\/spanish\/agenda21sptoc.htm\">Programa 21<\/a>, un plan de 300 p\u00e1ginas cuyo objetivo era conseguir el Desarrollo Sostenible. El cap\u00edtulo 36 de este programa est\u00e1 dedicado a la creaci\u00f3n de una Opini\u00f3n P\u00fablica. La Comisi\u00f3n es \u201cun foro excepcional de las Naciones Unidas que re\u00fane a funcionarios p\u00fablicos y representantes de muy diversos sectores de la sociedad civil para analizar y recomendar soluciones que promuevan el Desarrollo Sostenible\u201d.<sup><a href=\"#cite_note-24\">[25]<\/a><\/sup> Por medio de ella, se transmitir\u00e1n a los Estados miembros las directrices a seguir. De entre los temas que trata esta comisi\u00f3n, el que nos interesa en este caso es el de \u201cLa educaci\u00f3n y la conciencia\u201d. Este punto tiene su base en un programa que nace en 1996 y que se ampl\u00eda en 1998.<\/p>\n<p>El comit\u00e9 de expertos de las Naciones Unidas sobre Contabilidad Econ\u00f3mico-Ambiental (UNCEEA) trabaja para hacer del Sistema de Contabilidad Econ\u00f3mico Ambiental (SEEA) un est\u00e1ndar internacional para el a\u00f1o 2010 y a promoverlo para su puesta en pr\u00e1ctica en los diferentes pa\u00edses.<sup><a href=\"#cite_note-25\">[26]<\/a><\/sup><\/p>\n<p>La <a rel=\"nofollow\" href=\"http:\/\/www.un.org\/spanish\/esa\/desa\/\">Comisi\u00f3n de Desarrollo Sostenible<\/a> depende del Departamento de Asuntos Econ\u00f3micos y Sociales de la ONU<\/p>\n","protected":false},"excerpt":{"rendered":"<p>En diciembre de 1992 la Organizaci\u00f3n de las Naciones Unidas (ONU) decide crear la Comisi\u00f3n para el Desarrollo Sostenible para asegurar un seguimiento eficaz de la hist\u00f3rica Conferencia de las Naciones Unidas sobre el Medio Ambiente y el Desarrollo de 1992, que se celebr\u00f3 en R\u00edo de Janeiro (Brasil) y que se conoce como Cumbre [&hellip;]<\/p>\n","protected":false},"author":2644,"featured_media":0,"parent":146,"menu_order":4,"comment_status":"open","ping_status":"open","template":"","meta":{"footnotes":""},"class_list":["post-159","page","type-page","status-publish","hentry"],"_links":{"self":[{"href":"https:\/\/blog.espol.edu.ec\/lelizald\/wp-json\/wp\/v2\/pages\/159","targetHints":{"allow":["GET"]}}],"collection":[{"href":"https:\/\/blog.espol.edu.ec\/lelizald\/wp-json\/wp\/v2\/pages"}],"about":[{"href":"https:\/\/blog.espol.edu.ec\/lelizald\/wp-json\/wp\/v2\/types\/page"}],"author":[{"embeddable":true,"href":"https:\/\/blog.espol.edu.ec\/lelizald\/wp-json\/wp\/v2\/users\/2644"}],"replies":[{"embeddable":true,"href":"https:\/\/blog.espol.edu.ec\/lelizald\/wp-json\/wp\/v2\/comments?post=159"}],"version-history":[{"count":1,"href":"https:\/\/blog.espol.edu.ec\/lelizald\/wp-json\/wp\/v2\/pages\/159\/revisions"}],"predecessor-version":[{"id":160,"href":"https:\/\/blog.espol.edu.ec\/lelizald\/wp-json\/wp\/v2\/pages\/159\/revisions\/160"}],"up":[{"embeddable":true,"href":"https:\/\/blog.espol.edu.ec\/lelizald\/wp-json\/wp\/v2\/pages\/146"}],"wp:attachment":[{"href":"https:\/\/blog.espol.edu.ec\/lelizald\/wp-json\/wp\/v2\/media?parent=159"}],"curies":[{"name":"wp","href":"https:\/\/api.w.org\/{rel}","templated":true}]}}