{"id":161,"date":"2010-12-15T06:38:08","date_gmt":"2010-12-15T10:38:08","guid":{"rendered":"http:\/\/blog.espol.edu.ec\/lelizald\/?page_id=161"},"modified":"2010-12-15T06:38:46","modified_gmt":"2010-12-15T10:38:46","slug":"huella-ecologica","status":"publish","type":"page","link":"https:\/\/blog.espol.edu.ec\/lelizald\/educacion-ambiental-ecologica\/huella-ecologica\/","title":{"rendered":"HUELLA ECOL\u00d3GICA"},"content":{"rendered":"<p>La <strong>huella ecol\u00f3gica<\/strong> es una medida indicadora de la demanda humana que se hace de los ecosistemas del planeta poni\u00e9ndola en relaci\u00f3n con la capacidad ecol\u00f3gica de la Tierra de regenerar sus recursos. Representa \u00abel \u00e1rea de aire o agua ecol\u00f3gicamente productivos (cultivos, pastos, bosques o ecosistemas acu\u00e1ticos) necesarios para generar los recursos necesarios y adem\u00e1s para asimilar los residuos producidos por cada poblaci\u00f3n determinada de acuerdo a su modo de vida en espec\u00edfico, de forma indefinida\u00bb.<sup><a href=\"#cite_note-0\">[1]<\/a><\/sup> El objetivo fundamental de calcular las huellas ecol\u00f3gicas consiste en evaluar el impacto sobre el planeta de un determinado modo o forma de vida y, compararlo con la biocapacidad del planeta. Consecuentemente es un indicador clave para la <a title=\"Sostenibilidad\" href=\"\/wiki\/Sostenibilidad\">sostenibilidad<\/a>.<\/p>\n<p>La ventaja de medir la huella ecol\u00f3gica para entender la apropiaci\u00f3n humana est\u00e1 en aprovechar la habilidad para hacer comparaciones. Es posible comparar, por ejemplo, las emisiones producidas al transportar un bien en particular con la energ\u00eda requerida para el producto sobre la misma escala (hect\u00e1reas).<\/p>\n<p><a href=\"http:\/\/blog.espol.edu.ec\/lelizald\/files\/2010\/12\/basics-overview-510.jpg\"><img loading=\"lazy\" decoding=\"async\" class=\"alignleft size-medium wp-image-162\" title=\"basics-overview-510\" src=\"http:\/\/blog.espol.edu.ec\/lelizald\/files\/2010\/12\/basics-overview-510-300x244.jpg\" alt=\"\" width=\"300\" height=\"244\" srcset=\"https:\/\/blog.espol.edu.ec\/lelizald\/files\/2010\/12\/basics-overview-510-300x244.jpg 300w, https:\/\/blog.espol.edu.ec\/lelizald\/files\/2010\/12\/basics-overview-510.jpg 510w\" sizes=\"auto, (max-width: 300px) 100vw, 300px\" \/><\/a><\/p>\n","protected":false},"excerpt":{"rendered":"<p>La huella ecol\u00f3gica es una medida indicadora de la demanda humana que se hace de los ecosistemas del planeta poni\u00e9ndola en relaci\u00f3n con la capacidad ecol\u00f3gica de la Tierra de regenerar sus recursos. Representa \u00abel \u00e1rea de aire o agua ecol\u00f3gicamente productivos (cultivos, pastos, bosques o ecosistemas acu\u00e1ticos) necesarios para generar los recursos necesarios y [&hellip;]<\/p>\n","protected":false},"author":2644,"featured_media":0,"parent":112,"menu_order":9,"comment_status":"open","ping_status":"open","template":"","meta":{"footnotes":""},"class_list":["post-161","page","type-page","status-publish","hentry"],"_links":{"self":[{"href":"https:\/\/blog.espol.edu.ec\/lelizald\/wp-json\/wp\/v2\/pages\/161","targetHints":{"allow":["GET"]}}],"collection":[{"href":"https:\/\/blog.espol.edu.ec\/lelizald\/wp-json\/wp\/v2\/pages"}],"about":[{"href":"https:\/\/blog.espol.edu.ec\/lelizald\/wp-json\/wp\/v2\/types\/page"}],"author":[{"embeddable":true,"href":"https:\/\/blog.espol.edu.ec\/lelizald\/wp-json\/wp\/v2\/users\/2644"}],"replies":[{"embeddable":true,"href":"https:\/\/blog.espol.edu.ec\/lelizald\/wp-json\/wp\/v2\/comments?post=161"}],"version-history":[{"count":4,"href":"https:\/\/blog.espol.edu.ec\/lelizald\/wp-json\/wp\/v2\/pages\/161\/revisions"}],"predecessor-version":[{"id":166,"href":"https:\/\/blog.espol.edu.ec\/lelizald\/wp-json\/wp\/v2\/pages\/161\/revisions\/166"}],"up":[{"embeddable":true,"href":"https:\/\/blog.espol.edu.ec\/lelizald\/wp-json\/wp\/v2\/pages\/112"}],"wp:attachment":[{"href":"https:\/\/blog.espol.edu.ec\/lelizald\/wp-json\/wp\/v2\/media?parent=161"}],"curies":[{"name":"wp","href":"https:\/\/api.w.org\/{rel}","templated":true}]}}