{"id":167,"date":"2010-12-15T06:44:07","date_gmt":"2010-12-15T10:44:07","guid":{"rendered":"http:\/\/blog.espol.edu.ec\/lelizald\/?page_id=167"},"modified":"2010-12-15T06:44:59","modified_gmt":"2010-12-15T10:44:59","slug":"simbiosis","status":"publish","type":"page","link":"https:\/\/blog.espol.edu.ec\/lelizald\/educacion-ambiental-ecologica\/simbiosis\/","title":{"rendered":"SIMBIOSIS"},"content":{"rendered":"<p>El t\u00e9rmino <strong>simbiosis<\/strong> (del <a title=\"Griego antiguo\" href=\"\/wiki\/Griego_antiguo\">griego<\/a>: \u03c3\u03cd\u03bd syn \"con\"; y \u03b2\u03af\u03c9\u03c3\u03b9\u03c2 biosis \"vivir\") hace referencia a la <a title=\"Interacci\u00f3n biol\u00f3gica\" href=\"\/wiki\/Interacci%C3%B3n_biol%C3%B3gica\">relaci\u00f3n<\/a> estrecha y persistente entre organismos de distintas especies. A los organismos involucrados se les denomina <strong>simbiontes<\/strong>.<\/p>\n<p>El bot\u00e1nico alem\u00e1n <a title=\"Anton de Bary\" href=\"\/wiki\/Anton_de_Bary\">Anton de Bary<\/a> en 1873 (o 1879, seg\u00fan autores) acu\u00f1\u00f3 el t\u00e9rmino \u201csimbiosis\u201d para describir la estrecha relaci\u00f3n de organismos de diferente tipo. Concretamente la defini\u00f3 como \u00abla vida en conjunci\u00f3n de dos organismos disimilares, normalmente en \u00edntima asociaci\u00f3n, y por lo general con efectos ben\u00e9ficos para al menos uno de ellos\u00bb.<sup><a href=\"#cite_note-0\">[1]<\/a><\/sup> La definici\u00f3n de simbiosis se encuentra sometida a debate, y el t\u00e9rmino ha sido aplicado a un amplio rango de interacciones biol\u00f3gicas. Otras fuentes la definen de forma m\u00e1s estrecha, como aquellas relaciones persistentes en las cuales ambos organismos obtienen beneficios, en cuyo caso ser\u00eda sin\u00f3nimo de mutualismo.<\/p>\n<p>La simbiosis suele identificarse con las relaciones simbi\u00f3ticas <a title=\"Mutualismo (biolog\u00eda)\" href=\"\/wiki\/Mutualismo_(biolog%C3%ADa)\">mutualistas<\/a> (aquellas en las que todos los simbiontes salen beneficiados) y por extensi\u00f3n, en <a title=\"Sociolog\u00eda\" href=\"\/wiki\/Sociolog%C3%ADa\">sociolog\u00eda<\/a>, puede referirse a sociedades y colectivos basados en la colectividad y la solidaridad.<\/p>\n<p>La simbiosis puede clasificarse atendiendo a la relaci\u00f3n f\u00edsica entre los organismos participantes: <a title=\"Ectosimbiosis (a\u00fan no redactado)\" href=\"\/w\/index.php?title=Ectosimbiosis&amp;action=edit&amp;redlink=1\">ectosimbiosis<\/a> y <a title=\"Endosimbiosis\" href=\"\/wiki\/Endosimbiosis\">endosimbiosis<\/a>. En la ectosimbiosis, el simbionte vive sobre el cuerpo \u2013en el exterior- del organismo anfitri\u00f3n, incluido el interior de la superficie del recorrido digestivo o el conducto de las <a title=\"Gl\u00e1ndula exocrina\" href=\"\/wiki\/Gl%C3%A1ndula_exocrina\">gl\u00e1ndulas exocrinas<\/a>. En la endosimbiosis, el simbionte vive o bien en el interior de las c\u00e9lulas del anfitri\u00f3n, o bien en el espacio entre \u00e9stas.<\/p>\n<p>Otros contrastes extremos en simbiosis son la diferenciaci\u00f3n entre simbiosis facultativas u obligatorias y la de simbiosis permanentes o temporales.<sup><a href=\"#cite_note-2\">[3]<\/a><\/sup><\/p>\n<p>En cuanto a la transmisi\u00f3n de la simbiosis se puede distinguir entre la transmisi\u00f3n vertical, que es en la que existe una transferencia directa de la infecci\u00f3n desde los organismos anfitriones a su progenie,<sup><a href=\"#cite_note-3\">[4]<\/a><\/sup> y la transmisi\u00f3n horizontal, en la que el simbionte es adquirido del medio ambiente en cada generaci\u00f3n.<sup><a href=\"#cite_note-4\">[5]<\/a><\/sup><\/p>\n<p>Desde una perspectiva de los costes y los beneficios que obtienen cada uno de los participantes, las relaciones simbi\u00f3ticas en la naturaleza pueden clasificarse entre las de mutualismo, comensalismo y parasitismo. En el mutualismo ambas especies se benefician, en el comensalismo la relaci\u00f3n es beneficiosa para una de ellas e indiferente para la otra, y en el parasitismo la relaci\u00f3n es positiva para una aunque perjudicial para la otra.<a href=\"http:\/\/blog.espol.edu.ec\/lelizald\/files\/2010\/12\/250px-Common_clownfish_curves_dnsmpl.jpg\"><img loading=\"lazy\" decoding=\"async\" class=\"aligncenter size-full wp-image-168\" title=\"250px-Common_clownfish_curves_dnsmpl\" src=\"http:\/\/blog.espol.edu.ec\/lelizald\/files\/2010\/12\/250px-Common_clownfish_curves_dnsmpl.jpg\" alt=\"\" width=\"250\" height=\"188\" \/><\/a><\/p>\n","protected":false},"excerpt":{"rendered":"<p>El t\u00e9rmino simbiosis (del griego: \u03c3\u03cd\u03bd syn \"con\"; y \u03b2\u03af\u03c9\u03c3\u03b9\u03c2 biosis \"vivir\") hace referencia a la relaci\u00f3n estrecha y persistente entre organismos de distintas especies. A los organismos involucrados se les denomina simbiontes. El bot\u00e1nico alem\u00e1n Anton de Bary en 1873 (o 1879, seg\u00fan autores) acu\u00f1\u00f3 el t\u00e9rmino \u201csimbiosis\u201d para describir la estrecha relaci\u00f3n de [&hellip;]<\/p>\n","protected":false},"author":2644,"featured_media":0,"parent":112,"menu_order":10,"comment_status":"open","ping_status":"open","template":"","meta":{"footnotes":""},"class_list":["post-167","page","type-page","status-publish","hentry"],"_links":{"self":[{"href":"https:\/\/blog.espol.edu.ec\/lelizald\/wp-json\/wp\/v2\/pages\/167","targetHints":{"allow":["GET"]}}],"collection":[{"href":"https:\/\/blog.espol.edu.ec\/lelizald\/wp-json\/wp\/v2\/pages"}],"about":[{"href":"https:\/\/blog.espol.edu.ec\/lelizald\/wp-json\/wp\/v2\/types\/page"}],"author":[{"embeddable":true,"href":"https:\/\/blog.espol.edu.ec\/lelizald\/wp-json\/wp\/v2\/users\/2644"}],"replies":[{"embeddable":true,"href":"https:\/\/blog.espol.edu.ec\/lelizald\/wp-json\/wp\/v2\/comments?post=167"}],"version-history":[{"count":2,"href":"https:\/\/blog.espol.edu.ec\/lelizald\/wp-json\/wp\/v2\/pages\/167\/revisions"}],"predecessor-version":[{"id":170,"href":"https:\/\/blog.espol.edu.ec\/lelizald\/wp-json\/wp\/v2\/pages\/167\/revisions\/170"}],"up":[{"embeddable":true,"href":"https:\/\/blog.espol.edu.ec\/lelizald\/wp-json\/wp\/v2\/pages\/112"}],"wp:attachment":[{"href":"https:\/\/blog.espol.edu.ec\/lelizald\/wp-json\/wp\/v2\/media?parent=167"}],"curies":[{"name":"wp","href":"https:\/\/api.w.org\/{rel}","templated":true}]}}