{"id":175,"date":"2011-02-10T08:32:23","date_gmt":"2011-02-10T12:32:23","guid":{"rendered":"http:\/\/blog.espol.edu.ec\/lelizald\/?page_id=175"},"modified":"2011-02-10T08:32:23","modified_gmt":"2011-02-10T12:32:23","slug":"el-agua","status":"publish","type":"page","link":"https:\/\/blog.espol.edu.ec\/lelizald\/educacion-ambiental-ecologica\/escuela-particular-%e2%80%9cjose-martil%e2%80%9d\/el-agua\/","title":{"rendered":"El Agua"},"content":{"rendered":"<p>El agua es el principal e imprescindible componente del cuerpo humano. El ser humano no puede estar sin beberla m\u00e1s de cinco o seis d\u00edas sin poner en peligro su vida. El cuerpo humano tiene un 75 % de agua al nacer y cerca del 60 % en la edad adulta. Aproximadamente el 60 % de este agua se encuentra en el interior de las c\u00e9lulas (agua intracelular). El resto (agua extracelular) es la que circula en la sangre y ba\u00f1a los tejidos.<\/p>\n<p>En las reacciones de combusti\u00f3n de los nutrientes que tiene lugar en el interior de las c\u00e9lulas para obtener energ\u00eda se producen peque\u00f1as cantidades de agua. Esta formaci\u00f3n de agua es mayor al oxidar <a href=\"http:\/\/www.aula21.net\/Nutriweb\/grasas.htm#GRASAS\">las grasas<\/a> - 1 gr. de agua por cada gr. de grasa -, que los <a href=\"http:\/\/www.aula21.net\/Nutriweb\/glucidos.htm#Almidones\">almidones<\/a> -0,6 gr. por gr., de almid\u00f3n-. El agua producida en la respiraci\u00f3n celular se llama agua metab\u00f3lica, y es fundamental para los animales adaptados a condiciones des\u00e9rticas. Si los camellos pueden aguantar meses sin beber es porque utilizan el agua producida al quemar la grasa acumulada en sus jorobas. En los seres humanos, la producci\u00f3n de agua metab\u00f3lica con una dieta normal no pasa de los 0,3 litros al d\u00eda.<\/p>\n<p>Como se muestra en la siguiente figura, el organismo pierde agua por distintas v\u00edas. Esta agua ha de ser recuperada compensando las p\u00e9rdidas con la ingesta y evitando as\u00ed la deshidrataci\u00f3n.<\/p>\n<p><strong> <\/strong><\/p>\n<p><a href=\"http:\/\/blog.espol.edu.ec\/lelizald\/files\/2010\/12\/agua-verde.jpg\"><img loading=\"lazy\" decoding=\"async\" class=\"aligncenter size-full wp-image-134\" title=\"agua-verde\" src=\"http:\/\/blog.espol.edu.ec\/lelizald\/files\/2010\/12\/agua-verde.jpg\" alt=\"\" width=\"292\" height=\"300\" \/><\/a><\/p>\n<p><strong><span style=\"text-decoration: underline\"> <\/span><\/strong><\/p>\n","protected":false},"excerpt":{"rendered":"<p>El agua es el principal e imprescindible componente del cuerpo humano. El ser humano no puede estar sin beberla m\u00e1s de cinco o seis d\u00edas sin poner en peligro su vida. El cuerpo humano tiene un 75 % de agua al nacer y cerca del 60 % en la edad adulta. Aproximadamente el 60 % [&hellip;]<\/p>\n","protected":false},"author":2644,"featured_media":0,"parent":173,"menu_order":1,"comment_status":"open","ping_status":"open","template":"","meta":{"footnotes":""},"class_list":["post-175","page","type-page","status-publish","hentry"],"_links":{"self":[{"href":"https:\/\/blog.espol.edu.ec\/lelizald\/wp-json\/wp\/v2\/pages\/175","targetHints":{"allow":["GET"]}}],"collection":[{"href":"https:\/\/blog.espol.edu.ec\/lelizald\/wp-json\/wp\/v2\/pages"}],"about":[{"href":"https:\/\/blog.espol.edu.ec\/lelizald\/wp-json\/wp\/v2\/types\/page"}],"author":[{"embeddable":true,"href":"https:\/\/blog.espol.edu.ec\/lelizald\/wp-json\/wp\/v2\/users\/2644"}],"replies":[{"embeddable":true,"href":"https:\/\/blog.espol.edu.ec\/lelizald\/wp-json\/wp\/v2\/comments?post=175"}],"version-history":[{"count":1,"href":"https:\/\/blog.espol.edu.ec\/lelizald\/wp-json\/wp\/v2\/pages\/175\/revisions"}],"predecessor-version":[{"id":176,"href":"https:\/\/blog.espol.edu.ec\/lelizald\/wp-json\/wp\/v2\/pages\/175\/revisions\/176"}],"up":[{"embeddable":true,"href":"https:\/\/blog.espol.edu.ec\/lelizald\/wp-json\/wp\/v2\/pages\/173"}],"wp:attachment":[{"href":"https:\/\/blog.espol.edu.ec\/lelizald\/wp-json\/wp\/v2\/media?parent=175"}],"curies":[{"name":"wp","href":"https:\/\/api.w.org\/{rel}","templated":true}]}}