{"id":177,"date":"2011-02-10T08:33:27","date_gmt":"2011-02-10T12:33:27","guid":{"rendered":"http:\/\/blog.espol.edu.ec\/lelizald\/educacion-ambiental-ecologica\/escuela-particular-%e2%80%9cjose-martil%e2%80%9d\/el-agua\/metodos-para-el-ahorro-de-agua\/"},"modified":"2011-02-10T08:33:27","modified_gmt":"2011-02-10T12:33:27","slug":"metodos-para-el-ahorro-de-agua","status":"publish","type":"page","link":"https:\/\/blog.espol.edu.ec\/lelizald\/educacion-ambiental-ecologica\/escuela-particular-%e2%80%9cjose-martil%e2%80%9d\/el-agua\/metodos-para-el-ahorro-de-agua\/","title":{"rendered":"M\u00e9todos para el ahorro de agua"},"content":{"rendered":"<p>Si consumimos agua en grandes cantidades durante o despu\u00e9s de las comidas, disminuimos el grado de acidez en el est\u00f3mago al diluir los jugos g\u00e1stricos. Esto puede provocar que los enzimas que requieren un determinado grado de acidez para actuar queden inactivos y la digesti\u00f3n se realice. Los <a href=\"http:\/\/www.aula21.net\/Nutriweb\/proteinas.htm#Las%20enzimas\">enzimas<\/a> que no dejan de actuar por el descenso de la acidez, pierden eficacia al quedar diluidos. Si las bebidas que tomamos con las comidas est\u00e1n fr\u00edas, la temperatura del est\u00f3mago disminuye y la digesti\u00f3n se ralentiza a\u00fan m\u00e1s.<\/p>\n<p>Como norma general, debemos beber en los intervalos entre comidas, entre dos horas despu\u00e9s de comer y media hora antes de la siguiente comida. Est\u00e1 especialmente recomendado beber uno o dos vasos de agua nada m\u00e1s levantarse. As\u00ed conseguimos una mejor hidrataci\u00f3n y activamos los mecanismos de limpieza del organismo.<\/p>\n<p>En la mayor\u00eda de las poblaciones es preferible consumir agua mineral, o de un manantial o fuente de confianza, al agua del grifo.<\/p>\n<ul>\n<li>Instalar dispositivos limitadores de presi\u00f3n, difusores, temporizadores y sistemas monomando, con el fin de disminuir el consumo de agua. Con esta medida se puede llegar a ahorrar una media de 170 litros al mes, e incluso el consumo se reducir\u00e1 en casi un 50%.<\/li>\n<li>Cerrar completamente los grifos despu\u00e9s de su uso. Con esta medida se pueden ahorrar hasta 12 litros de agua por minuto. Por ejemplo, al fregar los platos a mano, es conveniente enjabonar primero, con el grifo cerrado, y aclarar despu\u00e9s, o cerrar el difusor mientras se lavan las manos, la cara o los dientes.<\/li>\n<li>Asegurarse de que los grifos no tengan fugas. Diez gotas de agua por minuto suponen una p\u00e9rdida de 2.000 litros al a\u00f1o. En este sentido, es recomendable comprobar peri\u00f3dicamente el estado de las instalaciones de agua, con el fin de evitar escapes innecesarios, y cerrar la llave de paso en caso de ausentarse del domicilio durante un per\u00edodo de tiempo.<\/li>\n<li>Mientras se espera al agua caliente, recoger en un recipiente el agua fr\u00eda. Dejar un grifo abierto supone perder cada minuto m\u00e1s de 15 litros de agua -en caso de que se trate de agua caliente, esto puede traducirse en seis euros que se van por el desag\u00fce-. Por eso, es muy conveniente que el agua fr\u00eda que se deja correr mientras se espera a la caliente, se recoja en un recipiente y se utilice, por ejemplo, para regar las plantas. Para esta tarea, tambi\u00e9n es recomendable utilizar el agua que sobre de las jarras de las comidas, e incluso, la sobrante de lavar las frutas o las verduras. Tambi\u00e9n es necesario aprovechar el agua a la inversa, es decir, cuando se deja correr el agua para que salga fr\u00eda, por ejemplo, para embotellarla. En este caso, es preferible llenar la botella con agua a la temperatura que sale por el grifo e introducirla en la nevera para que se enfr\u00ede.<\/li>\n<li>No descongelar ni lavar alimentos debajo del grifo. Lo m\u00e1s conveniente es sacar el producto del congelador con el tiempo suficiente para que, a temperatura ambiente o en la propia nevera, puedan descongelarse. Adem\u00e1s, a la hora de lavar alimentos como las frutas, es recomendable no colocarlas debajo del grifo, sino llenar un recipiente y lavarlas en \u00e9l, de forma que se desperdicia menos cantidad de agua. <strong><em>6<\/em><\/strong> No tirar residuos al agua, sobre todo aceite. Lo m\u00e1s acertado para deshacerse del aceite de cocina usado es introducirlo en un recipiente y llevarlo a las plantas de reciclaje especializadas, pero en ning\u00fan caso verterlo por el desag\u00fce del fregadero.<\/li>\n<li>Utilizar los electrodom\u00e9sticos que usen agua siempre a plena carga. Tanto la lavadora como el lavavajillas consumir\u00e1n menos agua si funcionan a su capacidad completa, porque se aprovechar\u00e1 el mismo volumen para una mayor cantidad de ropa. Adem\u00e1s, es muy recomendable colocar dispositivos de seguridad en la manguera de estos aparatos, de forma que, en caso de que esta se rompa, impidan las inundaciones tras cortar el suministro de agua. Es importante conocer el funcionamiento de este tipo de electrodom\u00e9sticos. No obstante, un uso correcto permite ahorrar hasta un 40% del agua que se gastar\u00eda si se lavara a mano. De hecho, es recomendable comprar un electrodom\u00e9stico de clase A, los denominados ecoeficientes, cuyo consumo de agua y energ\u00eda es menor que el resto.<\/li>\n<li>En el ba\u00f1o, son m\u00e1s ecol\u00f3gicas las duchas y las cisternas de doble pulsador. Hasta 150 litros se puede ahorrar cada vez si se cambia el tradicional ba\u00f1o por una ducha, m\u00e1s r\u00e1pida y que permite un menor consumo de agua. Dentro de esta estancia se puede seguir aumentando el ahorro. Por ejemplo, en las cisternas. Colocar un dispositivo de doble pulsador o doble descarga o con capacidad para seis litros de agua permitir\u00e1 reducir a la mitad el consumo. Pero no solo en la actividad diaria del hogar se puede economizar agua y, con ello, reducir los gastos en las facturas. El Ministerio de Medio Ambiente recuerda que, en el tiempo destinado al ocio o a las actividades complementarias de la casa, tambi\u00e9n se puede contribuir a disminuir el consumo.<\/li>\n<li>Reutilizar de un a\u00f1o a otro el agua de la piscina. Si se almacena el agua en un dep\u00f3sito con capacidad suficiente, se puede mantener, con las sustancias qu\u00edmicas necesarias para su conservaci\u00f3n, y se evita un nuevo relleno de la piscina.<\/li>\n<li>Regar el jard\u00edn a trav\u00e9s de m\u00e9todos de aspersi\u00f3n y goteo. De esta forma, sobre todo mediante los sistemas de aspersi\u00f3n en grandes superficies, se puede reducir m\u00e1s el consumo de agua que utilizando otros mecanismos como, por ejemplo, las mangueras.<\/li>\n<li>Lavar el coche con bayeta y esponja. Con esta pr\u00e1ctica se consigue ahorrar gran cantidad de agua que siempre se desperdicia si se usan otros m\u00e9todos de lavado, como los sistemas de presi\u00f3n. De hecho, aunque estos \u00faltimos sean, al parecer, los m\u00e1s eficaces y r\u00e1pidos, la fuerza con la que expulsan el agua provoca desgaste en el firme donde se realiza la actividad.<\/li>\n<\/ul>\n<p><a href=\"http:\/\/www.aula21.net\/Nutriweb\/agua.htm#conceptos\"><\/a><\/p>\n","protected":false},"excerpt":{"rendered":"<p>Si consumimos agua en grandes cantidades durante o despu\u00e9s de las comidas, disminuimos el grado de acidez en el est\u00f3mago al diluir los jugos g\u00e1stricos. Esto puede provocar que los enzimas que requieren un determinado grado de acidez para actuar queden inactivos y la digesti\u00f3n se realice. Los enzimas que no dejan de actuar por [&hellip;]<\/p>\n","protected":false},"author":2644,"featured_media":0,"parent":175,"menu_order":1,"comment_status":"open","ping_status":"open","template":"","meta":{"footnotes":""},"class_list":["post-177","page","type-page","status-publish","hentry"],"_links":{"self":[{"href":"https:\/\/blog.espol.edu.ec\/lelizald\/wp-json\/wp\/v2\/pages\/177","targetHints":{"allow":["GET"]}}],"collection":[{"href":"https:\/\/blog.espol.edu.ec\/lelizald\/wp-json\/wp\/v2\/pages"}],"about":[{"href":"https:\/\/blog.espol.edu.ec\/lelizald\/wp-json\/wp\/v2\/types\/page"}],"author":[{"embeddable":true,"href":"https:\/\/blog.espol.edu.ec\/lelizald\/wp-json\/wp\/v2\/users\/2644"}],"replies":[{"embeddable":true,"href":"https:\/\/blog.espol.edu.ec\/lelizald\/wp-json\/wp\/v2\/comments?post=177"}],"version-history":[{"count":0,"href":"https:\/\/blog.espol.edu.ec\/lelizald\/wp-json\/wp\/v2\/pages\/177\/revisions"}],"up":[{"embeddable":true,"href":"https:\/\/blog.espol.edu.ec\/lelizald\/wp-json\/wp\/v2\/pages\/175"}],"wp:attachment":[{"href":"https:\/\/blog.espol.edu.ec\/lelizald\/wp-json\/wp\/v2\/media?parent=177"}],"curies":[{"name":"wp","href":"https:\/\/api.w.org\/{rel}","templated":true}]}}