{"id":178,"date":"2011-02-10T08:34:15","date_gmt":"2011-02-10T12:34:15","guid":{"rendered":"http:\/\/blog.espol.edu.ec\/lelizald\/?page_id=178"},"modified":"2011-02-10T08:34:15","modified_gmt":"2011-02-10T12:34:15","slug":"contaminacion-del-agua","status":"publish","type":"page","link":"https:\/\/blog.espol.edu.ec\/lelizald\/educacion-ambiental-ecologica\/escuela-particular-%e2%80%9cjose-martil%e2%80%9d\/el-agua\/contaminacion-del-agua\/","title":{"rendered":"Contaminaci\u00f3n del Agua"},"content":{"rendered":"<p>Los r\u00edos, lagos y mares recogen, desde tiempos inmemoriales, las <strong>basuras<\/strong> producidas por la actividad humana.<\/p>\n<p>El ciclo natural del agua tiene una gran capacidad de <strong>purificaci\u00f3n.<\/strong> Pero esta misma facilidad de regeneraci\u00f3n del agua, y su aparente abundancia, hace que sea el vertedero habitual en el que arrojamos los residuos producidos por nuestras actividades. Pesticidas, desechos qu\u00edmicos, metales pesados, residuos radiactivos, etc., se encuentran, en cantidades mayores o menores, al analizar las aguas de los m\u00e1s remotos lugares del mundo. Muchas aguas est\u00e1n contaminadas hasta el punto de hacerlas peligrosas para la salud humana, y da\u00f1inas para la vida.<\/p>\n<p>La degradaci\u00f3n de las aguas viene de antiguo y en algunos lugares, como la desembocadura del Nilo, hay niveles altos de contaminaci\u00f3n desde hace siglos; pero ha sido en este siglo cuando se ha extendido este problema a r\u00edos y mares de todo el mundo.<\/p>\n<p>Primero fueron los r\u00edos, las zonas portuarias de las grandes ciudades y las zonas industriales las que se convirtieron en sucias cloacas, cargadas de productos qu\u00edmicos, espumas y toda clase de contaminantes. Con la industrializaci\u00f3n y el desarrollo econ\u00f3mico este problema se ha ido trasladando a los pa\u00edses en v\u00edas de desarrollo, a la vez que en los pa\u00edses desarrollados se produc\u00edan importantes mejoras.<\/p>\n","protected":false},"excerpt":{"rendered":"<p>Los r\u00edos, lagos y mares recogen, desde tiempos inmemoriales, las basuras producidas por la actividad humana. El ciclo natural del agua tiene una gran capacidad de purificaci\u00f3n. Pero esta misma facilidad de regeneraci\u00f3n del agua, y su aparente abundancia, hace que sea el vertedero habitual en el que arrojamos los residuos producidos por nuestras actividades. [&hellip;]<\/p>\n","protected":false},"author":2644,"featured_media":0,"parent":175,"menu_order":2,"comment_status":"open","ping_status":"open","template":"","meta":{"footnotes":""},"class_list":["post-178","page","type-page","status-publish","hentry"],"_links":{"self":[{"href":"https:\/\/blog.espol.edu.ec\/lelizald\/wp-json\/wp\/v2\/pages\/178","targetHints":{"allow":["GET"]}}],"collection":[{"href":"https:\/\/blog.espol.edu.ec\/lelizald\/wp-json\/wp\/v2\/pages"}],"about":[{"href":"https:\/\/blog.espol.edu.ec\/lelizald\/wp-json\/wp\/v2\/types\/page"}],"author":[{"embeddable":true,"href":"https:\/\/blog.espol.edu.ec\/lelizald\/wp-json\/wp\/v2\/users\/2644"}],"replies":[{"embeddable":true,"href":"https:\/\/blog.espol.edu.ec\/lelizald\/wp-json\/wp\/v2\/comments?post=178"}],"version-history":[{"count":1,"href":"https:\/\/blog.espol.edu.ec\/lelizald\/wp-json\/wp\/v2\/pages\/178\/revisions"}],"predecessor-version":[{"id":179,"href":"https:\/\/blog.espol.edu.ec\/lelizald\/wp-json\/wp\/v2\/pages\/178\/revisions\/179"}],"up":[{"embeddable":true,"href":"https:\/\/blog.espol.edu.ec\/lelizald\/wp-json\/wp\/v2\/pages\/175"}],"wp:attachment":[{"href":"https:\/\/blog.espol.edu.ec\/lelizald\/wp-json\/wp\/v2\/media?parent=178"}],"curies":[{"name":"wp","href":"https:\/\/api.w.org\/{rel}","templated":true}]}}