{"id":182,"date":"2011-02-10T08:38:23","date_gmt":"2011-02-10T12:38:23","guid":{"rendered":"http:\/\/blog.espol.edu.ec\/lelizald\/?page_id=182"},"modified":"2011-02-10T08:38:23","modified_gmt":"2011-02-10T12:38:23","slug":"los-bosques","status":"publish","type":"page","link":"https:\/\/blog.espol.edu.ec\/lelizald\/educacion-ambiental-ecologica\/escuela-particular-%e2%80%9cjose-martil%e2%80%9d\/los-bosques\/","title":{"rendered":"Los Bosques"},"content":{"rendered":"<p><a href=\"http:\/\/blog.espol.edu.ec\/lelizald\/files\/2011\/02\/bosques.jpg\"><img loading=\"lazy\" decoding=\"async\" class=\"aligncenter size-medium wp-image-183\" title=\"bosques\" src=\"http:\/\/blog.espol.edu.ec\/lelizald\/files\/2011\/02\/bosques-300x225.jpg\" alt=\"\" width=\"300\" height=\"225\" srcset=\"https:\/\/blog.espol.edu.ec\/lelizald\/files\/2011\/02\/bosques-300x225.jpg 300w, https:\/\/blog.espol.edu.ec\/lelizald\/files\/2011\/02\/bosques.jpg 500w\" sizes=\"auto, (max-width: 300px) 100vw, 300px\" \/><\/a><\/p>\n<p>Seg\u00fan estimaciones de la FAO (Organizaci\u00f3n de las Naciones Unidas para la Agricultura y la Alimentaci\u00f3n), la superficie actual de los bosques representa un 25% de la superficie total de las tierras emergidas del planeta (aproximadamente unos 3,400 millones de hect\u00e1reas de bosque). M\u00e1s de la mitad de la cubierta arb\u00f3rea del mundo se encuentra en pa\u00edses en desarrollo, que tienen una tasa anual de p\u00e9rdida forestal de 0.65%. Por otra parte, los bosques est\u00e1n en plena expansi\u00f3n en los pa\u00edses m\u00e1s ricos, sea como consecuencia de las repoblaciones comerciales, sea por el abandono y reforestaci\u00f3n natural de antiguas superficies agr\u00edcolas. Un an\u00e1lisis superficial de estos datos parecer\u00eda indicar que, de forma general, los pa\u00edses m\u00e1s ricos conservan mejor los bosques que los pa\u00edses pobres. Sin embargo, un an\u00e1lisis m\u00e1s detallado indica que esto no es exactamente as\u00ed.<\/p>\n<p>Es cierto que los pa\u00edses ricos conservan mejor sus bosques. Por razones estrat\u00e9gicas o de mercado, algunos pa\u00edses ricos prefieren consumir madera y pasta de celulosa procedente de otros pa\u00edses antes que agotar sus propios recursos forestales. De este modo, los pa\u00edses ricos son los principales importadores de madera de los pa\u00edses tropicales. Adem\u00e1s, son los principales impulsores de proyectos agropecuarios (ganader\u00eda extensiva) y de infraestructuras (por ejemplo: grandes centrales hidroel\u00e9ctricas y carreteras) en los pa\u00edses pobres, que muchas veces provocan la destrucci\u00f3n de grandes superficies forestales. As\u00ed pues, se podr\u00eda decir que las econom\u00edas de los pa\u00edses desarrollados son las que m\u00e1s bosques consumen en el mundo.<\/p>\n<p>No obstante, la pobreza tambi\u00e9n es una gran consumidora de \u00e1rboles. En gran parte de las zonas rurales de los pa\u00edses tropicales, la le\u00f1a es a\u00fan la principal fuente de combustible. Adem\u00e1s, la ancestral estrategia de agricultura de subsistencia denominada \"<em>roza, tumba y quema<\/em>\" todav\u00eda persiste, a pesar de que ya existen conocimientos y tecnolog\u00eda suficientes para el desarrollo de una agricultura m\u00e1s rentable en suelos tropicales, que no precisa de una b\u00fasqueda casi permanente de nuevas tierras f\u00e9rtiles.<\/p>\n","protected":false},"excerpt":{"rendered":"<p>Seg\u00fan estimaciones de la FAO (Organizaci\u00f3n de las Naciones Unidas para la Agricultura y la Alimentaci\u00f3n), la superficie actual de los bosques representa un 25% de la superficie total de las tierras emergidas del planeta (aproximadamente unos 3,400 millones de hect\u00e1reas de bosque). M\u00e1s de la mitad de la cubierta arb\u00f3rea del mundo se encuentra [&hellip;]<\/p>\n","protected":false},"author":2644,"featured_media":0,"parent":173,"menu_order":2,"comment_status":"open","ping_status":"open","template":"","meta":{"footnotes":""},"class_list":["post-182","page","type-page","status-publish","hentry"],"_links":{"self":[{"href":"https:\/\/blog.espol.edu.ec\/lelizald\/wp-json\/wp\/v2\/pages\/182","targetHints":{"allow":["GET"]}}],"collection":[{"href":"https:\/\/blog.espol.edu.ec\/lelizald\/wp-json\/wp\/v2\/pages"}],"about":[{"href":"https:\/\/blog.espol.edu.ec\/lelizald\/wp-json\/wp\/v2\/types\/page"}],"author":[{"embeddable":true,"href":"https:\/\/blog.espol.edu.ec\/lelizald\/wp-json\/wp\/v2\/users\/2644"}],"replies":[{"embeddable":true,"href":"https:\/\/blog.espol.edu.ec\/lelizald\/wp-json\/wp\/v2\/comments?post=182"}],"version-history":[{"count":1,"href":"https:\/\/blog.espol.edu.ec\/lelizald\/wp-json\/wp\/v2\/pages\/182\/revisions"}],"predecessor-version":[{"id":184,"href":"https:\/\/blog.espol.edu.ec\/lelizald\/wp-json\/wp\/v2\/pages\/182\/revisions\/184"}],"up":[{"embeddable":true,"href":"https:\/\/blog.espol.edu.ec\/lelizald\/wp-json\/wp\/v2\/pages\/173"}],"wp:attachment":[{"href":"https:\/\/blog.espol.edu.ec\/lelizald\/wp-json\/wp\/v2\/media?parent=182"}],"curies":[{"name":"wp","href":"https:\/\/api.w.org\/{rel}","templated":true}]}}