{"id":186,"date":"2011-02-10T08:43:19","date_gmt":"2011-02-10T12:43:19","guid":{"rendered":"http:\/\/blog.espol.edu.ec\/lelizald\/?page_id=186"},"modified":"2011-02-10T08:43:49","modified_gmt":"2011-02-10T12:43:49","slug":"reserva-nacional-yasuni-itt","status":"publish","type":"page","link":"https:\/\/blog.espol.edu.ec\/lelizald\/educacion-ambiental-ecologica\/escuela-particular-%e2%80%9cjose-martil%e2%80%9d\/los-bosques\/reserva-nacional-yasuni-itt\/","title":{"rendered":"Reserva Nacional Yasun\u00ed ITT"},"content":{"rendered":"<p><a href=\"http:\/\/blog.espol.edu.ec\/lelizald\/files\/2011\/02\/yasun\u00ed9.jpg\"><img loading=\"lazy\" decoding=\"async\" class=\"aligncenter size-medium wp-image-187\" title=\"yasun\u00ed9\" src=\"http:\/\/blog.espol.edu.ec\/lelizald\/files\/2011\/02\/yasun\u00ed9-300x225.jpg\" alt=\"\" width=\"300\" height=\"225\" srcset=\"https:\/\/blog.espol.edu.ec\/lelizald\/files\/2011\/02\/yasun\u00ed9-300x225.jpg 300w, https:\/\/blog.espol.edu.ec\/lelizald\/files\/2011\/02\/yasun\u00ed9-1024x768.jpg 1024w, https:\/\/blog.espol.edu.ec\/lelizald\/files\/2011\/02\/yasun\u00ed9.jpg 1600w\" sizes=\"auto, (max-width: 300px) 100vw, 300px\" \/><\/a><\/p>\n<table border=\"0\" cellpadding=\"0\">\n<tbody>\n<tr>\n<td width=\"100%\"><\/td>\n<\/tr>\n<\/tbody>\n<\/table>\n<table border=\"0\" cellpadding=\"0\">\n<tbody>\n<tr>\n<td valign=\"top\">El <strong>Parque   Nacional Yasun\u00ed<\/strong> es un parque nacional ecuatoriano que se extiende sobre un \u00e1rea de   9820 kil\u00f3metros cuadrados en las provincias de Pastaza, de   Napo y Orellana entre el r\u00edo Napo y el r\u00edo Curaray en plena cuenca amaz\u00f3nica a unos   250 kil\u00f3metros al sureste de Quito. El parque,   fundamentalmente selv\u00e1tico, fue designado por la UNESCO en 1989 como una reserva de la   biosfera y es parte del territorio donde se encuentra ubicado el   pueblo Huaorani. Dos facciones huao, los tagaeri y taromenane,   son grupos   no contactados.<\/p>\n<p>El PNY est\u00e1 situado en \u00e1reas de las   subcuencas de los r\u00edos Tiputini, Yasun\u00ed, Nashi\u00f1o, Cononaco y Curaray,   tributarios del r\u00edo Napo, quien a la vez desemboca en el Amazonas. El Parque   tiene forma de herradura y comprende desde la zona sur del R\u00edo Napo y norte   del R\u00edo Curaray, extendi\u00e9ndose por la cuenca media del R\u00edo Tivacuno<sup>[1]<\/sup> Seg\u00fan un reciente estudio<sup>[2]<\/sup> el Parque Nacional Yasun\u00ed y la   zona ampliada subyacente se consideran la zona m\u00e1s biodiversa del planeta por su riqueza   en anfibios, aves, mam\u00edferos y plantas. Este parque cuenta con mas especies   de animales por hectarea que toda Europa junta.<\/p>\n<p>El t\u00e9rmino Yasuni, sin conocer su origen   ling\u00fc\u00edstico, significa \"tierra sagrada\" como es interpretado de   manera general por comunidades de la zona.<\/p>\n<p>Cabe resaltar que la zona amaz\u00f3nica   ecuatoriana es rica en yacimientos de petr\u00f3leo y que la econom\u00eda   petrolera es el pilar sobre el que se sotiene la econom\u00eda del   Estado ecuatoriano desde la d\u00e9cada de 1970. Ante esto, en el a\u00f1o 1998 el gobierno de Jamil Mahuad declar\u00f3 la zona sur de PNY zona   intangible, para proteger a los pueblos no contactados y preservar   la reserva de la biosfera lejos de los campos petroleros. Desde el a\u00f1o 2007 alrededor del PNY se ha formulado una propuesta denominada Iniciativa ITT para mantener el crudo bajo   tierra aplicando un tipo de compensaci\u00f3n econ\u00f3mica internacional, la que no   ha podido concretarse.<\/td>\n<\/tr>\n<\/tbody>\n<\/table>\n<p><strong> <\/strong><\/p>\n","protected":false},"excerpt":{"rendered":"<p>El Parque Nacional Yasun\u00ed es un parque nacional ecuatoriano que se extiende sobre un \u00e1rea de 9820 kil\u00f3metros cuadrados en las provincias de Pastaza, de Napo y Orellana entre el r\u00edo Napo y el r\u00edo Curaray en plena cuenca amaz\u00f3nica a unos 250 kil\u00f3metros al sureste de Quito. El parque, fundamentalmente selv\u00e1tico, fue designado por [&hellip;]<\/p>\n","protected":false},"author":2644,"featured_media":0,"parent":182,"menu_order":2,"comment_status":"open","ping_status":"open","template":"","meta":{"footnotes":""},"class_list":["post-186","page","type-page","status-publish","hentry"],"_links":{"self":[{"href":"https:\/\/blog.espol.edu.ec\/lelizald\/wp-json\/wp\/v2\/pages\/186","targetHints":{"allow":["GET"]}}],"collection":[{"href":"https:\/\/blog.espol.edu.ec\/lelizald\/wp-json\/wp\/v2\/pages"}],"about":[{"href":"https:\/\/blog.espol.edu.ec\/lelizald\/wp-json\/wp\/v2\/types\/page"}],"author":[{"embeddable":true,"href":"https:\/\/blog.espol.edu.ec\/lelizald\/wp-json\/wp\/v2\/users\/2644"}],"replies":[{"embeddable":true,"href":"https:\/\/blog.espol.edu.ec\/lelizald\/wp-json\/wp\/v2\/comments?post=186"}],"version-history":[{"count":2,"href":"https:\/\/blog.espol.edu.ec\/lelizald\/wp-json\/wp\/v2\/pages\/186\/revisions"}],"predecessor-version":[{"id":189,"href":"https:\/\/blog.espol.edu.ec\/lelizald\/wp-json\/wp\/v2\/pages\/186\/revisions\/189"}],"up":[{"embeddable":true,"href":"https:\/\/blog.espol.edu.ec\/lelizald\/wp-json\/wp\/v2\/pages\/182"}],"wp:attachment":[{"href":"https:\/\/blog.espol.edu.ec\/lelizald\/wp-json\/wp\/v2\/media?parent=186"}],"curies":[{"name":"wp","href":"https:\/\/api.w.org\/{rel}","templated":true}]}}