{"id":190,"date":"2011-02-10T08:44:31","date_gmt":"2011-02-10T12:44:31","guid":{"rendered":"http:\/\/blog.espol.edu.ec\/lelizald\/educacion-ambiental-ecologica\/escuela-particular-%e2%80%9cjose-martil%e2%80%9d\/ahorro-de-energia-electrica\/"},"modified":"2011-02-10T08:44:31","modified_gmt":"2011-02-10T12:44:31","slug":"ahorro-de-energia-electrica","status":"publish","type":"page","link":"https:\/\/blog.espol.edu.ec\/lelizald\/educacion-ambiental-ecologica\/escuela-particular-%e2%80%9cjose-martil%e2%80%9d\/ahorro-de-energia-electrica\/","title":{"rendered":"Ahorro de Energ\u00eda El\u00e9ctrica"},"content":{"rendered":"<p><a href=\"http:\/\/es.wikipedia.org\/wiki\/Archivo:Passivhaus_Darmstadt_Kranichstein_Fruehling_2006.JPG\"><\/a>Por Eficiencia energ\u00e9tica se entiende la obtenci\u00f3n de un resultado (un determinado proceso,la obtenci\u00f3n de un producto, la realizaci\u00f3n de un servicio, etc) minimizando el consumo de energ\u00eda. Asimismo eficiencia energ\u00e9tica hace refe rencia a todas las acciones que tienden a reducir el consumo de energ\u00eda.<\/p>\n<p>La eficiencia energ\u00e9tica debe conducir a obtener el mismo resultado anterior, manteniendo o mejorando su calidad, pero con un menor consumo de <a title=\"Energ\u00eda\" href=\"http:\/\/es.wikipedia.org\/wiki\/Energ%C3%ADa\">energ\u00eda<\/a>. Por ello no debe confundirse con el ahorro de energ\u00eda o la reducci\u00f3n del consumo. El servicio prestado por la energ\u00eda debe mantenerse o mejorarse.<\/p>\n<p>Para conocer la eficiencia energ\u00e9tica de por ejemplo equipos, procesos o servicios, se utilizan indicadores de eficiencia o consumos espec\u00edficos.<\/p>\n<p>Un indicador de eficiencia energ\u00e9tica es la relaci\u00f3n entre un cantidad de energ\u00eda, de producto, de servicio o valor y la <a title=\"Energ\u00eda\" href=\"http:\/\/es.wikipedia.org\/wiki\/Energ%C3%ADa\">energ\u00eda<\/a> consumida para proveerlo. Un indicador de consumo espec\u00edfico de energ\u00eda es el inverso de lo anterior, es decir el consumo de energ\u00eda por cada unidad de producto, proceso o valor. Estos permiten realizar comparaciones con otras alternativas o ver la evoluci\u00f3n en el tiempo.<\/p>\n<p><strong>LAMPARAS DE BAJO CONSUMO<\/strong><\/p>\n<ul>\n<li>Sustituya      focos comunes y l\u00e1mparas fluorescentes por focos y l\u00e1mparas ahorradoras de      bajo consumo<\/li>\n<li>Estos      le dar\u00e1n el mismo nivel de iluminaci\u00f3n, duran 10 veces m\u00e1s y consumen 4      veces menos energ\u00eda que los comunes.<\/li>\n<li>Ya      los encuentra en el comercio local, apague las luces que no est\u00e1      necesitando.<\/li>\n<\/ul>\n<p><strong>EL REFRIGERADOR<\/strong><strong> <\/strong><\/p>\n<ul>\n<li>El refrigerador es uno de los principales consumidores de electricidad en el hogar.<\/li>\n<li>Instale su refrigerador lejos de fuentes de calor como estufas, calentadores, ventanas por donde entra el sol, etc.<\/li>\n<li>Evite escapes de fr\u00edo abriendo la puerta lo menos posible, guardando o sacando todo de una vez y manteniendo el sello en buen estado. Para verificarlo coloque un papel sobre la puerta y el cuerpo del refrigerador, si se desliza el papel al halarlo hay \u00a0que cambiar el sello pues este defecto hace que el consumo de energ\u00eda sea mayor.<\/li>\n<li>Cuide la correcta posici\u00f3n del termostato, f\u00edjelo entre 2 y 3, con esto tendr\u00e1 el enfriamiento adecuado.<\/li>\n<li>No guarde en su refrigerador alimentos que a\u00fan est\u00e9n est\u00e1n calientes. Antes deje que se enfr\u00eden al natural.<\/li>\n<li>Evite evaporaciones y malos olores tapando todos los l\u00edquidos que guarde.<\/li>\n<li>Descong\u00e9lelo regularmente.<\/li>\n<\/ul>\n<p><strong>APARATOS DE ENTRETENIMIENTO <\/strong><\/p>\n<ul>\n<li>Evite que equipos de sonido, televisores, VHS,\u00a0 juegos de video, etc., est\u00e9n encendidos cuando nadie los est\u00e1 oyendo o los est\u00e9 viendo.<\/li>\n<li>En la sala de televisi\u00f3n es recomendable tener bajos niveles de luz, as\u00ed se evita el reflejo en la pantalla y se ahorra energ\u00eda.<\/li>\n<\/ul>\n<p><strong>LA LAVADORA <\/strong><\/p>\n<ul>\n<li>No      lave ropa en peque\u00f1as porciones o pieza por pieza, j\u00fantela y cargue su      lavadora con el m\u00e1ximo posible.<\/li>\n<li>Disminuya      as\u00ed el n\u00famero de veces que lava en la semana<\/li>\n<\/ul>\n<p><strong>LA PLANCHA <\/strong><\/p>\n<ul>\n<li>Planche la mayor cantidad de ropa cada vez.<\/li>\n<li>Evite planchar varias veces por semana.<\/li>\n<li>Cuando vaya a planchar, comience planchando la ropa m\u00e1s suave que es la que requiere menos calor.<\/li>\n<li>Deje la ropa pesada por \u00faltimo que es la que requiere m\u00e1s calor.<\/li>\n<li>Nunca deje la plancha conectada innecesariamente.<\/li>\n<\/ul>\n<p><strong> <\/strong><\/p>\n<p><strong>HORNO ELECTRICO DE MICROONDA Y TOSTADORA DE PAN <\/strong><\/p>\n<ul>\n<li>Mant\u00e9ngalos siempre limpios, sin residuos; as\u00ed le durar\u00e1n m\u00e1s y le consumen menos electricidad.<\/li>\n<li>Util\u00edcelos a temperaturas adecuadas para que no consuman energ\u00eda el\u00e9ctrica adicional innecesariamente.<\/li>\n<\/ul>\n<p><strong>ILUMINACION ORNAMENTAL O DECORATIVA <\/strong><\/p>\n<ul>\n<li>Si por razones      ornamentales o decorativas no puede sustituir los focos incandescentes      comunes por los de bajo consumo, instale atenuadores o <em>\"dimmer\" <\/em>que reducir\u00e1n el nivel de la iluminaci\u00f3n a su gusto y le permitir\u00e1      ahorrar energ\u00eda el\u00e9ctrica<em> <\/em><\/li>\n<\/ul>\n<p><strong> <\/strong><\/p>\n<p><strong>PINTURA EN EL INTERIOR DE LA CASA <\/strong><\/p>\n<ul>\n<li>Pinte su casa con colores claros en paredes y techos. Esto le permitir\u00e1 tener una mejor iluminaci\u00f3n.<\/li>\n<li>Use cortinas de colores claros que permitan el paso de la luz del sol. \u00a0Siempre que pueda abra puertas y ventanas.<\/li>\n<li>Prefiera la luz de sol.<\/li>\n<\/ul>\n<p><strong> <\/strong><\/p>\n<p><strong>LA INSTALACION ELECTRICA <\/strong><\/p>\n<ul>\n<li>Verifique      que su instalaci\u00f3n el\u00e9ctrica no tenga \"fugas\", es decir,      alambres con el forro da\u00f1ado o conexiones en mal estado y haciendo      contacto con la estructura de la casa.<\/li>\n<li>Para      ello desconecte todos los aparatos el\u00e9ctricos y apague todas las luces.      Vea que el disco de su contador de energ\u00eda no gira. Si con todo      desconectado a\u00fan gira, haga revisar su instalaci\u00f3n.<\/li>\n<\/ul>\n<p><strong>AIRE ACONDICIONADO, REGULADOR DE TEMPERATURA EN OFICINAS <\/strong><\/p>\n<ul>\n<li>Mantenga      el termostato o regulador de temperatura del aire acondicionado de su      oficina en \"<strong><em>low<\/em><\/strong>\" (bajo) en lugares frescos y en      \"<strong><em>medio<\/em><\/strong>\" en lugares calientes.<\/li>\n<li>Si      tiene indicador de temperatura p\u00f3ngalo en 18 \u00baC (65 \u00baF) en d\u00edas y lugares      frescos, y en 25 \u00baC (78 \u00baF) en d\u00edas y lugares m\u00e1s calientes.<\/li>\n<li>Cierre      sus puertas y ventanas cuando use su acondicionador de aire.<\/li>\n<li>Limpie      los filtros por lo menos una vez al mes.<\/li>\n<li>Cuando      salga de su habitaci\u00f3n apague su aire acondicionado.<\/li>\n<li>Compre      su aparato de aire acondicionado de acuerdo a su necesidad. Seg\u00fan el      tama\u00f1o de su oficina o sala.<\/li>\n<\/ul>\n","protected":false},"excerpt":{"rendered":"<p>Por Eficiencia energ\u00e9tica se entiende la obtenci\u00f3n de un resultado (un determinado proceso,la obtenci\u00f3n de un producto, la realizaci\u00f3n de un servicio, etc) minimizando el consumo de energ\u00eda. Asimismo eficiencia energ\u00e9tica hace refe rencia a todas las acciones que tienden a reducir el consumo de energ\u00eda. La eficiencia energ\u00e9tica debe conducir a obtener el mismo [&hellip;]<\/p>\n","protected":false},"author":2644,"featured_media":0,"parent":173,"menu_order":3,"comment_status":"open","ping_status":"open","template":"","meta":{"footnotes":""},"class_list":["post-190","page","type-page","status-publish","hentry"],"_links":{"self":[{"href":"https:\/\/blog.espol.edu.ec\/lelizald\/wp-json\/wp\/v2\/pages\/190","targetHints":{"allow":["GET"]}}],"collection":[{"href":"https:\/\/blog.espol.edu.ec\/lelizald\/wp-json\/wp\/v2\/pages"}],"about":[{"href":"https:\/\/blog.espol.edu.ec\/lelizald\/wp-json\/wp\/v2\/types\/page"}],"author":[{"embeddable":true,"href":"https:\/\/blog.espol.edu.ec\/lelizald\/wp-json\/wp\/v2\/users\/2644"}],"replies":[{"embeddable":true,"href":"https:\/\/blog.espol.edu.ec\/lelizald\/wp-json\/wp\/v2\/comments?post=190"}],"version-history":[{"count":0,"href":"https:\/\/blog.espol.edu.ec\/lelizald\/wp-json\/wp\/v2\/pages\/190\/revisions"}],"up":[{"embeddable":true,"href":"https:\/\/blog.espol.edu.ec\/lelizald\/wp-json\/wp\/v2\/pages\/173"}],"wp:attachment":[{"href":"https:\/\/blog.espol.edu.ec\/lelizald\/wp-json\/wp\/v2\/media?parent=190"}],"curies":[{"name":"wp","href":"https:\/\/api.w.org\/{rel}","templated":true}]}}