{"id":191,"date":"2011-02-10T08:45:09","date_gmt":"2011-02-10T12:45:09","guid":{"rendered":"http:\/\/blog.espol.edu.ec\/lelizald\/educacion-ambiental-ecologica\/escuela-particular-%e2%80%9cjose-martil%e2%80%9d\/correcto-manejo-de-la-basura\/"},"modified":"2011-02-10T08:45:09","modified_gmt":"2011-02-10T12:45:09","slug":"correcto-manejo-de-la-basura","status":"publish","type":"page","link":"https:\/\/blog.espol.edu.ec\/lelizald\/educacion-ambiental-ecologica\/escuela-particular-%e2%80%9cjose-martil%e2%80%9d\/correcto-manejo-de-la-basura\/","title":{"rendered":"Correcto Manejo de la Basura"},"content":{"rendered":"<p>Las tecnolog\u00edas ambientales actuales tienden a imitar la eficiencia de la naturaleza al utilizar a la basura como una materia prima para generar energ\u00eda u otros satisfactores, minimizando as\u00ed el gasto de energ\u00eda y agua, as\u00ed como la generaci\u00f3n de contaminantes. Adem\u00e1s, tales procesos deben de ser rentables.<\/p>\n<p><strong>LAS TRES R: REDUCIR, REUTILIZAR, RECICLAR y EVITAR.<br \/>\n<\/strong><br \/>\nSi queremos aire limpio, bosques llenos de animales, plantas y mares habitados por ballenas y otros seres vivos que son fuente de alimento para muchas especies, incluido el ser humano, tenemos que cumplir la ley de las 3 \u201cR\u201d: Reducir, Reutilizar y Reciclar. Y no olvides la \u201cE\u201d de Evitar. <strong> <\/strong><\/p>\n<table border=\"1\" cellpadding=\"0\" width=\"100%\">\n<tbody>\n<tr>\n<td width=\"22%\"><\/td>\n<td width=\"78%\">Para darle un respiro a nuestro planeta tenemos   que reducir la cantidad de productos que consumimos. No olvides que para   fabricar todo lo que utilizamos necesitamos materias primas, agua, energ\u00eda,   minerales \u2026 que pueden agotarse o tardar much\u00edsimo tiempo en renovarse.<\/td>\n<\/tr>\n<tr>\n<td width=\"22%\"><\/td>\n<td width=\"78%\">Cuantos m\u00e1s objetos volvamos a utilizar menos   basura produciremos y menos recursos tendremos que gastar. -Reciclar. Se   trata de volver a utilizar materiales - como el papel o el vidrio - para   fabricar de nuevo productos parecidos - folios, botellas, etc.<\/td>\n<\/tr>\n<tr>\n<td width=\"22%\"><\/td>\n<td width=\"78%\">Esta \u201cR\u201d (Reciclar) debe ser la \u00faltima que   pongamos en marcha. Por delante deben ir las otras dos (Reducir y   Reutilizar).<br \/>\nEl papel y el cart\u00f3n, el vidrio y los restos de comida o materia org\u00e1nica   pueden reciclarse sin problemas. Para esto, hay que separar cada residuo en   diferentes contenedores como los que ya tenemos en las calles de los pueblos   o las ciudades en color azul - para el papel - o en color verde - para el   vidrio -. \u00a1Ahora nos faltan los de la materia org\u00e1nica!.<\/td>\n<\/tr>\n<tr>\n<td width=\"22%\">&lt;<\/td>\n<td width=\"78%\">Evitar: si dejamos de comprar y utilizar este   tipo de productos da\u00f1inos para el medio ambiente y empezamos a pedir productos   que respeten m\u00e1s la naturaleza, consuman menos energ\u00eda y puedan reutilizarse   o reciclarse, la industria y los comerciantes tendr\u00e1n que empezar a cambiar.   \u00a1En nuestra mano est\u00e1 conseguirlo!.<\/td>\n<\/tr>\n<\/tbody>\n<\/table>\n<p><strong> <\/strong><\/p>\n<p><strong>Para Reducir<\/strong>:<\/p>\n<ol>\n<li>Elige los productos      que tengan menos envoltorios y, sobre todo, los que utilicen materiales      reciclables.<\/li>\n<li>Usa menos bolsas de      pl\u00e1stico para la compra. Ll\u00e9vate siempre una de tela o el carrito de la      compra.<\/li>\n<li>Reduce el consumo      de energ\u00eda: apaga la televisi\u00f3n cuando no la est\u00e9s viendo y las luces      cuando no las necesites, utiliza bombillas de bajo consumo en casa o en tu      centro escolar; usa la bicicleta y el transporte p\u00fablico.<\/li>\n<li>Reduce el consumo      de productos t\u00f3xicos y contaminantes como las pilas - Reduce el consumo de      agua.\u00a0El agua no es un juguete: es un tesoro que todos tenemos que      cuidar.<\/li>\n<\/ol>\n<p><strong>Para Reutilizar<\/strong>:<\/p>\n<ol>\n<li>Compra las bebidas      en botellas de vidrio retornable (son las que se devuelven a la tienda      para rellenar otra vez). Si no las encuentras, pide en tu tienda o      supermercado que las utilicen.<\/li>\n<li>Utiliza las hojas      de papel por las dos caras.<\/li>\n<li>Si tienes algo de      ropa que ya no usas, puedes d\u00e1rsela a alguien conocido, m\u00e1s peque\u00f1o que t\u00fa      o que la necesite.<\/li>\n<\/ol>\n<p><strong>Para Reciclar:<\/strong><\/p>\n<ol>\n<li>Lleva a los      contenedores el papel usado y compra papel reciclado.<\/li>\n<li>Compra las bebidas      en envase de cristal y si no es retornable deposita la botella o el frasco      vac\u00edo en el contenedor de vidrio.<\/li>\n<\/ol>\n","protected":false},"excerpt":{"rendered":"<p>Las tecnolog\u00edas ambientales actuales tienden a imitar la eficiencia de la naturaleza al utilizar a la basura como una materia prima para generar energ\u00eda u otros satisfactores, minimizando as\u00ed el gasto de energ\u00eda y agua, as\u00ed como la generaci\u00f3n de contaminantes. Adem\u00e1s, tales procesos deben de ser rentables. LAS TRES R: REDUCIR, REUTILIZAR, RECICLAR y [&hellip;]<\/p>\n","protected":false},"author":2644,"featured_media":0,"parent":173,"menu_order":4,"comment_status":"open","ping_status":"open","template":"","meta":{"footnotes":""},"class_list":["post-191","page","type-page","status-publish","hentry"],"_links":{"self":[{"href":"https:\/\/blog.espol.edu.ec\/lelizald\/wp-json\/wp\/v2\/pages\/191","targetHints":{"allow":["GET"]}}],"collection":[{"href":"https:\/\/blog.espol.edu.ec\/lelizald\/wp-json\/wp\/v2\/pages"}],"about":[{"href":"https:\/\/blog.espol.edu.ec\/lelizald\/wp-json\/wp\/v2\/types\/page"}],"author":[{"embeddable":true,"href":"https:\/\/blog.espol.edu.ec\/lelizald\/wp-json\/wp\/v2\/users\/2644"}],"replies":[{"embeddable":true,"href":"https:\/\/blog.espol.edu.ec\/lelizald\/wp-json\/wp\/v2\/comments?post=191"}],"version-history":[{"count":0,"href":"https:\/\/blog.espol.edu.ec\/lelizald\/wp-json\/wp\/v2\/pages\/191\/revisions"}],"up":[{"embeddable":true,"href":"https:\/\/blog.espol.edu.ec\/lelizald\/wp-json\/wp\/v2\/pages\/173"}],"wp:attachment":[{"href":"https:\/\/blog.espol.edu.ec\/lelizald\/wp-json\/wp\/v2\/media?parent=191"}],"curies":[{"name":"wp","href":"https:\/\/api.w.org\/{rel}","templated":true}]}}