{"id":51,"date":"2009-07-05T08:56:47","date_gmt":"2009-07-05T12:56:47","guid":{"rendered":"http:\/\/blog.espol.edu.ec\/lelizald\/?page_id=51"},"modified":"2009-07-05T09:11:21","modified_gmt":"2009-07-05T13:11:21","slug":"sistemas-operativos","status":"publish","type":"page","link":"https:\/\/blog.espol.edu.ec\/lelizald\/actualidad-informatica\/sistemas-operativos\/","title":{"rendered":"1.Sistemas Operativos"},"content":{"rendered":"<p>Un sistema operativo es un software de sistema, es decir, un conjunto de programas de computaci\u00f3n destinados a realizar muchas tareas entre las que destaca la administraci\u00f3n eficaz de sus recursos.<br \/>\nLos sistemas operativos, en su condici\u00f3n de capa software que posibilitan y simplifica el manejo de la computadora, desempe\u00f1an una serie de funciones b\u00e1sicas esenciales para la gesti\u00f3n del equipo.<br \/>\n<img loading=\"lazy\" decoding=\"async\" src=\"http:\/\/blog.espol.edu.ec\/lelizald\/files\/2009\/07\/amiga-os1-300x214.jpg\" alt=\"amiga-os1\" width=\"300\" height=\"214\" class=\"aligncenter size-medium wp-image-62\" srcset=\"https:\/\/blog.espol.edu.ec\/lelizald\/files\/2009\/07\/amiga-os1-300x214.jpg 300w, https:\/\/blog.espol.edu.ec\/lelizald\/files\/2009\/07\/amiga-os1-1024x731.jpg 1024w, https:\/\/blog.espol.edu.ec\/lelizald\/files\/2009\/07\/amiga-os1.jpg 1290w\" sizes=\"auto, (max-width: 300px) 100vw, 300px\" \/><\/p>\n","protected":false},"excerpt":{"rendered":"<p>Un sistema operativo es un software de sistema, es decir, un conjunto de programas de computaci\u00f3n destinados a realizar muchas tareas entre las que destaca la administraci\u00f3n eficaz de sus recursos. Los sistemas operativos, en su condici\u00f3n de capa software que posibilitan y simplifica el manejo de la computadora, desempe\u00f1an una serie de funciones b\u00e1sicas [&hellip;]<\/p>\n","protected":false},"author":2644,"featured_media":0,"parent":48,"menu_order":1,"comment_status":"open","ping_status":"open","template":"","meta":{"footnotes":""},"class_list":["post-51","page","type-page","status-publish","hentry"],"_links":{"self":[{"href":"https:\/\/blog.espol.edu.ec\/lelizald\/wp-json\/wp\/v2\/pages\/51","targetHints":{"allow":["GET"]}}],"collection":[{"href":"https:\/\/blog.espol.edu.ec\/lelizald\/wp-json\/wp\/v2\/pages"}],"about":[{"href":"https:\/\/blog.espol.edu.ec\/lelizald\/wp-json\/wp\/v2\/types\/page"}],"author":[{"embeddable":true,"href":"https:\/\/blog.espol.edu.ec\/lelizald\/wp-json\/wp\/v2\/users\/2644"}],"replies":[{"embeddable":true,"href":"https:\/\/blog.espol.edu.ec\/lelizald\/wp-json\/wp\/v2\/comments?post=51"}],"version-history":[{"count":8,"href":"https:\/\/blog.espol.edu.ec\/lelizald\/wp-json\/wp\/v2\/pages\/51\/revisions"}],"predecessor-version":[{"id":61,"href":"https:\/\/blog.espol.edu.ec\/lelizald\/wp-json\/wp\/v2\/pages\/51\/revisions\/61"}],"up":[{"embeddable":true,"href":"https:\/\/blog.espol.edu.ec\/lelizald\/wp-json\/wp\/v2\/pages\/48"}],"wp:attachment":[{"href":"https:\/\/blog.espol.edu.ec\/lelizald\/wp-json\/wp\/v2\/media?parent=51"}],"curies":[{"name":"wp","href":"https:\/\/api.w.org\/{rel}","templated":true}]}}