{"id":53,"date":"2009-07-05T09:00:22","date_gmt":"2009-07-05T13:00:22","guid":{"rendered":"http:\/\/blog.espol.edu.ec\/lelizald\/?page_id=53"},"modified":"2009-07-05T09:14:52","modified_gmt":"2009-07-05T13:14:52","slug":"generalidades","status":"publish","type":"page","link":"https:\/\/blog.espol.edu.ec\/lelizald\/actualidad-informatica\/sistemas-operativos\/generalidades\/","title":{"rendered":"1.1Generalidades"},"content":{"rendered":"<p>Los sistemas operativos, en su condici\u00f3n de capa software que posibilitan y simplifica el manejo de la computadora, desempe\u00f1an una serie de funciones b\u00e1sicas esenciales para la gesti\u00f3n del equipo. Entre las m\u00e1s destacables, cada una ejercida por un componente interno (m\u00f3dulo en n\u00facleos monol\u00edticos y servidor en micron\u00facleos), podemos rese\u00f1ar las siguientes:<br \/>\n\u2022\tProporcionar m\u00e1s comodidad en el uso de un computador.<br \/>\n\u2022\tGestionar de manera eficiente los recursos del equipo, ejecutando servicios para los procesos (programas)<br \/>\n\u2022\tBrindar una interfaz al usuario, ejecutando instrucciones (comandos).<br \/>\n\u2022\tPermitir que los cambios debidos al desarrollo del propio SO se puedan realizar sin interferir con los servicios que ya se prestaban (evolutividad).<br \/>\nUn sistema operativo desempe\u00f1a 5 funciones b\u00e1sicas en la operaci\u00f3n de un sistema inform\u00e1tico: suministro de interfaz al usuario, administraci\u00f3n de recursos, administraci\u00f3n de archivos, administraci\u00f3n de tareas y servicio de soporte y utilidades.<\/p>\n<p><img loading=\"lazy\" decoding=\"async\" src=\"http:\/\/blog.espol.edu.ec\/lelizald\/files\/2009\/07\/i10-300x269.jpg\" alt=\"i10\" width=\"300\" height=\"269\" class=\"aligncenter size-medium wp-image-64\" srcset=\"https:\/\/blog.espol.edu.ec\/lelizald\/files\/2009\/07\/i10-300x269.jpg 300w, https:\/\/blog.espol.edu.ec\/lelizald\/files\/2009\/07\/i10.jpg 338w\" sizes=\"auto, (max-width: 300px) 100vw, 300px\" \/><\/p>\n","protected":false},"excerpt":{"rendered":"<p>Los sistemas operativos, en su condici\u00f3n de capa software que posibilitan y simplifica el manejo de la computadora, desempe\u00f1an una serie de funciones b\u00e1sicas esenciales para la gesti\u00f3n del equipo. Entre las m\u00e1s destacables, cada una ejercida por un componente interno (m\u00f3dulo en n\u00facleos monol\u00edticos y servidor en micron\u00facleos), podemos rese\u00f1ar las siguientes: \u2022 Proporcionar [&hellip;]<\/p>\n","protected":false},"author":2644,"featured_media":0,"parent":51,"menu_order":1,"comment_status":"open","ping_status":"open","template":"","meta":{"footnotes":""},"class_list":["post-53","page","type-page","status-publish","hentry"],"_links":{"self":[{"href":"https:\/\/blog.espol.edu.ec\/lelizald\/wp-json\/wp\/v2\/pages\/53","targetHints":{"allow":["GET"]}}],"collection":[{"href":"https:\/\/blog.espol.edu.ec\/lelizald\/wp-json\/wp\/v2\/pages"}],"about":[{"href":"https:\/\/blog.espol.edu.ec\/lelizald\/wp-json\/wp\/v2\/types\/page"}],"author":[{"embeddable":true,"href":"https:\/\/blog.espol.edu.ec\/lelizald\/wp-json\/wp\/v2\/users\/2644"}],"replies":[{"embeddable":true,"href":"https:\/\/blog.espol.edu.ec\/lelizald\/wp-json\/wp\/v2\/comments?post=53"}],"version-history":[{"count":5,"href":"https:\/\/blog.espol.edu.ec\/lelizald\/wp-json\/wp\/v2\/pages\/53\/revisions"}],"predecessor-version":[{"id":68,"href":"https:\/\/blog.espol.edu.ec\/lelizald\/wp-json\/wp\/v2\/pages\/53\/revisions\/68"}],"up":[{"embeddable":true,"href":"https:\/\/blog.espol.edu.ec\/lelizald\/wp-json\/wp\/v2\/pages\/51"}],"wp:attachment":[{"href":"https:\/\/blog.espol.edu.ec\/lelizald\/wp-json\/wp\/v2\/media?parent=53"}],"curies":[{"name":"wp","href":"https:\/\/api.w.org\/{rel}","templated":true}]}}