{"id":69,"date":"2009-07-05T09:18:36","date_gmt":"2009-07-05T13:18:36","guid":{"rendered":"http:\/\/blog.espol.edu.ec\/lelizald\/?page_id=69"},"modified":"2009-07-05T11:34:04","modified_gmt":"2009-07-05T15:34:04","slug":"12tipos","status":"publish","type":"page","link":"https:\/\/blog.espol.edu.ec\/lelizald\/actualidad-informatica\/sistemas-operativos\/12tipos\/","title":{"rendered":"1.2Tipos"},"content":{"rendered":"<p><em><strong>Seg\u00fan su intefaz:<\/strong><\/em><br \/>\n* Interfaz de L\u00ednea de Comandos: DOS, MS-DOS...<br \/>\n* Interfaz Gr\u00e1fica del Usuario: Windows, Mac OS X...<\/p>\n<p><em><strong>Seg\u00fan el n\u00famero de usuario:<\/strong><\/em><br \/>\n* Sistemas Operativos Monousuario<br \/>\n* Sistemas Operativos Multiusuario<\/p>\n<p><em><strong>Seg\u00fan el n\u00famero de tareas:<\/strong><\/em><br \/>\n* Sistemas Operativos de multiprogramaci\u00f3n (o Sistemas Operativos de multitarea)<br \/>\n* Sistemas Operativos Monotareas<\/p>\n<p><em><strong>Seg\u00fan el n\u00famero de procesadores:<\/strong><\/em><br \/>\n* Uniproceso<br \/>\n* Multiproceso<br \/>\n<em><br \/>\n<strong>Seg\u00fan su localizaci\u00f3n o forma de ofrecer sus Servicios:<\/strong><\/em><br \/>\n* Sistemas operativos integrados (embedded): Windows CE, Pocket PC OS y Palm OS<br \/>\n* Sistemas operativos de red<br \/>\n* Sistemas operativos distribuidos<br \/>\n* Sistemas operativos stand-alone o que trabajan en una \u00fanica computadora<br \/>\n* Sistemas Operativos por lotes<br \/>\n* Sistemas Operativos de tiempo real<br \/>\n* Sistemas Operativos de tiempo compartido<br \/>\n* Sistemas Operativos paralelos <\/p>\n<p><img loading=\"lazy\" decoding=\"async\" src=\"http:\/\/blog.espol.edu.ec\/lelizald\/files\/2009\/07\/windows_xp_logo-300x219.jpg\" alt=\"windows_xp_logo\" width=\"300\" height=\"219\" class=\"alignright size-medium wp-image-70\" srcset=\"https:\/\/blog.espol.edu.ec\/lelizald\/files\/2009\/07\/windows_xp_logo-300x219.jpg 300w, https:\/\/blog.espol.edu.ec\/lelizald\/files\/2009\/07\/windows_xp_logo.jpg 450w\" sizes=\"auto, (max-width: 300px) 100vw, 300px\" \/><\/p>\n","protected":false},"excerpt":{"rendered":"<p>Seg\u00fan su intefaz: * Interfaz de L\u00ednea de Comandos: DOS, MS-DOS... * Interfaz Gr\u00e1fica del Usuario: Windows, Mac OS X... Seg\u00fan el n\u00famero de usuario: * Sistemas Operativos Monousuario * Sistemas Operativos Multiusuario Seg\u00fan el n\u00famero de tareas: * Sistemas Operativos de multiprogramaci\u00f3n (o Sistemas Operativos de multitarea) * Sistemas Operativos Monotareas Seg\u00fan el n\u00famero [&hellip;]<\/p>\n","protected":false},"author":2644,"featured_media":0,"parent":51,"menu_order":2,"comment_status":"open","ping_status":"open","template":"","meta":{"footnotes":""},"class_list":["post-69","page","type-page","status-publish","hentry"],"_links":{"self":[{"href":"https:\/\/blog.espol.edu.ec\/lelizald\/wp-json\/wp\/v2\/pages\/69","targetHints":{"allow":["GET"]}}],"collection":[{"href":"https:\/\/blog.espol.edu.ec\/lelizald\/wp-json\/wp\/v2\/pages"}],"about":[{"href":"https:\/\/blog.espol.edu.ec\/lelizald\/wp-json\/wp\/v2\/types\/page"}],"author":[{"embeddable":true,"href":"https:\/\/blog.espol.edu.ec\/lelizald\/wp-json\/wp\/v2\/users\/2644"}],"replies":[{"embeddable":true,"href":"https:\/\/blog.espol.edu.ec\/lelizald\/wp-json\/wp\/v2\/comments?post=69"}],"version-history":[{"count":4,"href":"https:\/\/blog.espol.edu.ec\/lelizald\/wp-json\/wp\/v2\/pages\/69\/revisions"}],"predecessor-version":[{"id":110,"href":"https:\/\/blog.espol.edu.ec\/lelizald\/wp-json\/wp\/v2\/pages\/69\/revisions\/110"}],"up":[{"embeddable":true,"href":"https:\/\/blog.espol.edu.ec\/lelizald\/wp-json\/wp\/v2\/pages\/51"}],"wp:attachment":[{"href":"https:\/\/blog.espol.edu.ec\/lelizald\/wp-json\/wp\/v2\/media?parent=69"}],"curies":[{"name":"wp","href":"https:\/\/api.w.org\/{rel}","templated":true}]}}