{"id":72,"date":"2009-07-05T09:20:43","date_gmt":"2009-07-05T13:20:43","guid":{"rendered":"http:\/\/blog.espol.edu.ec\/lelizald\/?page_id=72"},"modified":"2009-07-05T09:25:49","modified_gmt":"2009-07-05T13:25:49","slug":"sistema-de-archivos-fat32-y-ntfs","status":"publish","type":"page","link":"https:\/\/blog.espol.edu.ec\/lelizald\/actualidad-informatica\/sistema-de-archivos-fat32-y-ntfs\/","title":{"rendered":"2.Sistema de Archivos FAT32 y NTFS"},"content":{"rendered":"<p>\u2022\tFAT32.- FAT(File Allocation Table) es un sistema de archivos desarrollado para MS-DOS, Se utiliza como mecanismo de intercambio de datos entre sistemas operativos distintos que coexisten en el mismo computador, lo que se conoce como entorno multiarranque. Tambi\u00e9n se utiliza en tarjetas de memoria y dispositivos similares.<br \/>\nEl tama\u00f1o m\u00e1ximo de un archivo en FAT32 es 4 gigabytes, lo que resulta engorroso para aplicaciones de captura y edici\u00f3n de video, ya que los archivos generados por \u00e9stas superan f\u00e1cilmente ese l\u00edmite.<\/p>\n<p>\u2022\tNTFS.- (New Technology File System) es un sistema de archivos dise\u00f1ado espec\u00edficamente para Windows NT (incluyendo las versiones Windows 2000, Windows 2003, Windows XP y Windows Vista), con el objetivo de crear un sistema de archivos eficiente, robusto y con seguridad incorporada desde su base. NTFS permite definir el tama\u00f1o del cl\u00faster, a partir de 512 bytes (tama\u00f1o m\u00ednimo de un sector) de forma independiente al tama\u00f1o de la partici\u00f3n.<\/p>\n<p><img loading=\"lazy\" decoding=\"async\" src=\"http:\/\/blog.espol.edu.ec\/lelizald\/files\/2009\/07\/ntfs-11.jpg\" alt=\"ntfs-11\" width=\"300\" height=\"225\" class=\"aligncenter size-full wp-image-78\" \/><\/p>\n","protected":false},"excerpt":{"rendered":"<p>\u2022 FAT32.- FAT(File Allocation Table) es un sistema de archivos desarrollado para MS-DOS, Se utiliza como mecanismo de intercambio de datos entre sistemas operativos distintos que coexisten en el mismo computador, lo que se conoce como entorno multiarranque. Tambi\u00e9n se utiliza en tarjetas de memoria y dispositivos similares. El tama\u00f1o m\u00e1ximo de un archivo en [&hellip;]<\/p>\n","protected":false},"author":2644,"featured_media":0,"parent":48,"menu_order":2,"comment_status":"open","ping_status":"open","template":"","meta":{"footnotes":""},"class_list":["post-72","page","type-page","status-publish","hentry"],"_links":{"self":[{"href":"https:\/\/blog.espol.edu.ec\/lelizald\/wp-json\/wp\/v2\/pages\/72","targetHints":{"allow":["GET"]}}],"collection":[{"href":"https:\/\/blog.espol.edu.ec\/lelizald\/wp-json\/wp\/v2\/pages"}],"about":[{"href":"https:\/\/blog.espol.edu.ec\/lelizald\/wp-json\/wp\/v2\/types\/page"}],"author":[{"embeddable":true,"href":"https:\/\/blog.espol.edu.ec\/lelizald\/wp-json\/wp\/v2\/users\/2644"}],"replies":[{"embeddable":true,"href":"https:\/\/blog.espol.edu.ec\/lelizald\/wp-json\/wp\/v2\/comments?post=72"}],"version-history":[{"count":4,"href":"https:\/\/blog.espol.edu.ec\/lelizald\/wp-json\/wp\/v2\/pages\/72\/revisions"}],"predecessor-version":[{"id":80,"href":"https:\/\/blog.espol.edu.ec\/lelizald\/wp-json\/wp\/v2\/pages\/72\/revisions\/80"}],"up":[{"embeddable":true,"href":"https:\/\/blog.espol.edu.ec\/lelizald\/wp-json\/wp\/v2\/pages\/48"}],"wp:attachment":[{"href":"https:\/\/blog.espol.edu.ec\/lelizald\/wp-json\/wp\/v2\/media?parent=72"}],"curies":[{"name":"wp","href":"https:\/\/api.w.org\/{rel}","templated":true}]}}