{"id":81,"date":"2009-07-05T09:31:51","date_gmt":"2009-07-05T13:31:51","guid":{"rendered":"http:\/\/blog.espol.edu.ec\/lelizald\/?page_id=81"},"modified":"2009-07-05T09:31:51","modified_gmt":"2009-07-05T13:31:51","slug":"3virus-informaticos-y-otros-agentes-daninos","status":"publish","type":"page","link":"https:\/\/blog.espol.edu.ec\/lelizald\/actualidad-informatica\/3virus-informaticos-y-otros-agentes-daninos\/","title":{"rendered":"3.Virus Inform\u00e1ticos y otros Agentes Da\u00f1inos"},"content":{"rendered":"<p>Los virus inform\u00e1ticos son peque\u00f1os programas de software dise\u00f1ados para propagarse de un equipo a otro y para interferir en el funcionamiento del equipo.<\/p>\n<p>Un virus puede da\u00f1ar o eliminar datos del equipo, usar el programa de correo electr\u00f3nico para propagarse a otros equipos o incluso borrar todo el contenido del disco duro. <\/p>\n<p><img loading=\"lazy\" decoding=\"async\" src=\"http:\/\/blog.espol.edu.ec\/lelizald\/files\/2009\/07\/virus-informatico-300x218.jpg\" alt=\"virus-informatico\" width=\"300\" height=\"218\" class=\"aligncenter size-medium wp-image-82\" srcset=\"https:\/\/blog.espol.edu.ec\/lelizald\/files\/2009\/07\/virus-informatico-300x218.jpg 300w, https:\/\/blog.espol.edu.ec\/lelizald\/files\/2009\/07\/virus-informatico.jpg 433w\" sizes=\"auto, (max-width: 300px) 100vw, 300px\" \/><\/p>\n","protected":false},"excerpt":{"rendered":"<p>Los virus inform\u00e1ticos son peque\u00f1os programas de software dise\u00f1ados para propagarse de un equipo a otro y para interferir en el funcionamiento del equipo. Un virus puede da\u00f1ar o eliminar datos del equipo, usar el programa de correo electr\u00f3nico para propagarse a otros equipos o incluso borrar todo el contenido del disco duro.<\/p>\n","protected":false},"author":2644,"featured_media":0,"parent":48,"menu_order":3,"comment_status":"open","ping_status":"open","template":"","meta":{"footnotes":""},"class_list":["post-81","page","type-page","status-publish","hentry"],"_links":{"self":[{"href":"https:\/\/blog.espol.edu.ec\/lelizald\/wp-json\/wp\/v2\/pages\/81","targetHints":{"allow":["GET"]}}],"collection":[{"href":"https:\/\/blog.espol.edu.ec\/lelizald\/wp-json\/wp\/v2\/pages"}],"about":[{"href":"https:\/\/blog.espol.edu.ec\/lelizald\/wp-json\/wp\/v2\/types\/page"}],"author":[{"embeddable":true,"href":"https:\/\/blog.espol.edu.ec\/lelizald\/wp-json\/wp\/v2\/users\/2644"}],"replies":[{"embeddable":true,"href":"https:\/\/blog.espol.edu.ec\/lelizald\/wp-json\/wp\/v2\/comments?post=81"}],"version-history":[{"count":1,"href":"https:\/\/blog.espol.edu.ec\/lelizald\/wp-json\/wp\/v2\/pages\/81\/revisions"}],"predecessor-version":[{"id":83,"href":"https:\/\/blog.espol.edu.ec\/lelizald\/wp-json\/wp\/v2\/pages\/81\/revisions\/83"}],"up":[{"embeddable":true,"href":"https:\/\/blog.espol.edu.ec\/lelizald\/wp-json\/wp\/v2\/pages\/48"}],"wp:attachment":[{"href":"https:\/\/blog.espol.edu.ec\/lelizald\/wp-json\/wp\/v2\/media?parent=81"}],"curies":[{"name":"wp","href":"https:\/\/api.w.org\/{rel}","templated":true}]}}