{"id":10,"date":"2016-11-08T20:47:00","date_gmt":"2016-11-08T20:47:00","guid":{"rendered":"http:\/\/blog.espol.edu.ec\/leoenmen\/?page_id=10"},"modified":"2016-11-15T20:28:37","modified_gmt":"2016-11-15T20:28:37","slug":"league-of-legends","status":"publish","type":"page","link":"https:\/\/blog.espol.edu.ec\/leoenmen\/league-of-legends\/","title":{"rendered":"LEAGUE OF LEGENDS"},"content":{"rendered":"<p><i><b>League of Legends<\/b><\/i> (tambi\u00e9n conocido por sus siglas <i><b>LoL<\/b><\/i>) es un videojuego de g\u00e9nero <i><a title=\"Multiplayer online battle arena\" href=\"https:\/\/es.wikipedia.org\/wiki\/Multiplayer_online_battle_arena\">multiplayer online battle arena<\/a><\/i> (MOBA) desarrollado por <a title=\"Riot Games\" href=\"https:\/\/es.wikipedia.org\/wiki\/Riot_Games\">Riot Games<\/a> para <a title=\"Microsoft Windows\" href=\"https:\/\/es.wikipedia.org\/wiki\/Microsoft_Windows\">Microsoft Windows<\/a> y <a class=\"mw-redirect\" title=\"OS X\" href=\"https:\/\/es.wikipedia.org\/wiki\/OS_X\">OS X<\/a>. En un principio los <a title=\"Servidor\" href=\"https:\/\/es.wikipedia.org\/wiki\/Servidor\">servidores<\/a> estaban alojados en la empresa <a class=\"mw-redirect\" title=\"GOA\" href=\"https:\/\/es.wikipedia.org\/wiki\/GOA\">GOA<\/a> y hace poco se anunci\u00f3 su venta a la empresa china <a title=\"Tencent Holdings\" href=\"https:\/\/es.wikipedia.org\/wiki\/Tencent_Holdings\">Tencent Holdings Limited<\/a>. El juego fue dise\u00f1ado para el sistema operativo Microsoft Windows y lanzaron una beta para OS X dejando al poco tiempo el proyecto de lado.<sup id=\"cite_ref-2\" class=\"reference\"><a href=\"https:\/\/es.wikipedia.org\/wiki\/League_of_Legends#cite_note-2\">2<\/a><\/sup>Esta beta ha sido mejorada por parte de usuarios del juego, haciendo posible jugar a una versi\u00f3n actualizada de <i>League of Legends<\/i>.<\/p>\n<p>En octubre de 2012, contaba con 70 millones de jugadores registrados.<sup id=\"cite_ref-3\" class=\"reference\"><a href=\"https:\/\/es.wikipedia.org\/wiki\/League_of_Legends#cite_note-3\">3<\/a><\/sup> Para marzo de 2013 se registr\u00f3 un pico de 5 millones de jugadores conectados al mismo tiempo en todo el mundo.<sup id=\"cite_ref-4\" class=\"reference\"><a href=\"https:\/\/es.wikipedia.org\/wiki\/League_of_Legends#cite_note-4\">4<\/a><\/sup> Es un juego de alta competitividad siendo uno de los juegos m\u00e1s populares de los <a title=\"Deportes electr\u00f3nicos\" href=\"https:\/\/es.wikipedia.org\/wiki\/Deportes_electr%C3%B3nicos\">deportes electr\u00f3nicos<\/a> (<i>e-sports<\/i>).<sup id=\"cite_ref-5\" class=\"reference\"><a href=\"https:\/\/es.wikipedia.org\/wiki\/League_of_Legends#cite_note-5\">5<\/a><\/sup><\/p>\n<p>El juego est\u00e1 inspirado en el popular mapa personalizado del <a class=\"mw-redirect\" title=\"Warcraft III\" href=\"https:\/\/es.wikipedia.org\/wiki\/Warcraft_III\">Warcraft III<\/a>, <a title=\"Defense of the Ancients\" href=\"https:\/\/es.wikipedia.org\/wiki\/Defense_of_the_Ancients\">Defense of the Ancients: Allstars<\/a> (abreviado normalmente con las siglas DotA) dise\u00f1ado por <a class=\"new\" title=\"Steve Feak (a\u00fan no redactado)\" href=\"https:\/\/es.wikipedia.org\/w\/index.php?title=Steve_Feak&amp;action=edit&amp;redlink=1\">Steve \u00abGuinsoo\u00bb Feak<\/a> y <a class=\"new\" title=\"Steve Mescon (a\u00fan no redactado)\" href=\"https:\/\/es.wikipedia.org\/w\/index.php?title=Steve_Mescon&amp;action=edit&amp;redlink=1\">Steve \u00abPenDragon\u00bb Mescon<\/a>, el cual a su vez est\u00e1 basado en el escenario de <a title=\"StarCraft\" href=\"https:\/\/es.wikipedia.org\/wiki\/StarCraft\">StarCraft<\/a> \u00abAeon of Strife\u00bb.<sup id=\"cite_ref-6\" class=\"reference\"><a href=\"https:\/\/es.wikipedia.org\/wiki\/League_of_Legends#cite_note-6\">6<\/a><\/sup><\/p>\n<h3><span id=\"General\" class=\"mw-headline\">General<\/span><\/h3>\n<p>Los jugadores (llamados \u00abinvocadores\u00bb) se enfrentan entre ellos dividi\u00e9ndose en 2 equipos de 3 o 5 jugadores cada uno, dependiendo si el modo de juego es 3\u00a0vs.\u00a03 en el escenario <i>El Bosque Retorcido<\/i> o 5\u00a0vs\u00a05 en los escenarios <i>El Abismo de los Lamentos<\/i> y <i>La Grieta del Invocador<\/i>, siendo este \u00faltimo mapa el m\u00e1s famoso y considerado el est\u00e1ndar en el juego competitivo.<sup id=\"cite_ref-7\" class=\"reference\"><a href=\"https:\/\/es.wikipedia.org\/wiki\/League_of_Legends#cite_note-7\">7<\/a><\/sup> Antes de empezar la partida, los jugadores deben escoger un personaje (llamado \u00abcampe\u00f3n\u00bb) durante la fase de \u00abselecci\u00f3n de campe\u00f3n\u00bb, con el cual jugar\u00e1n toda la partida hasta su conclusi\u00f3n. Desde noviembre de 2015, hay 129 campeones disponibles,<sup id=\"cite_ref-8\" class=\"reference\"><a href=\"https:\/\/es.wikipedia.org\/wiki\/League_of_Legends#cite_note-8\">8<\/a><\/sup> pero aproximadamente cada dos meses introducen uno nuevo al juego, siendo el \u00faltimo a introducir, Jhin.<sup id=\"cite_ref-9\" class=\"reference\"><a href=\"https:\/\/es.wikipedia.org\/wiki\/League_of_Legends#cite_note-9\">9<\/a><\/sup><\/p>\n<p>Una vez terminada la fase de selecci\u00f3n de campe\u00f3n la partida propiamente empieza. Los jugadores de cada equipo aparecen en su respectiva \u00e1rea del mapa, dentro de su base, situadas ambas diametralmente opuestas. Es en la base de cada equipo donde se encuentra su nexo. El objetivo del juego, y lo que determina el equipo ganador, es destruir el nexo del equipo rival. En todos los escenarios, a excepci\u00f3n de Dominion (modo de juego que consist\u00eda en capturar objetivos, este fue removido del juego el 22 de febrero de 2016 por su falta de popularidad) previamente es necesario acceder a la base enemiga eliminando sus inhibidores que a la vez son protegidos por torretas distribuidas a lo largo de las l\u00edneas. En el <i>El Abismo de los Lamentos<\/i> hay una sola l\u00ednea hacia la base enemiga, en <i>El Bosque Retorcido<\/i> son dos l\u00edneas y en <i>La Grieta del Invocador<\/i> (siendo el escenario principal de <i>League of Legends<\/i>) son tres l\u00edneas: calle superior, calle central y calle inferior (llamados en <a title=\"Idioma ingl\u00e9s\" href=\"https:\/\/es.wikipedia.org\/wiki\/Idioma_ingl%C3%A9s\">ingl\u00e9s<\/a> <i>top<\/i>, <i>mid<\/i> y <i>bot<\/i>, respectivamente).<\/p>\n<p>En cada base aparecen cada 30 segundos oleadas de s\u00fabditos, <a title=\"Personaje no jugador\" href=\"https:\/\/es.wikipedia.org\/wiki\/Personaje_no_jugador\">personajes no jugadores<\/a> de inferior ataque y vida, los cuales avanzan por las l\u00edneas apoyando los asedios. En la jungla (secciones que no forman parte ni de las bases ni de los carriles) hay criaturas neutrales que se mueven poco o nada de su posici\u00f3n y que aparecen y reaparecen cada cierto tiempo, algunos de los cuales ofrecen bonificaciones (<i>buffs<\/i> en <a title=\"Idioma ingl\u00e9s\" href=\"https:\/\/es.wikipedia.org\/wiki\/Idioma_ingl%C3%A9s\">ingl\u00e9s<\/a>) temporales o permanentes. Cada jugador puede matar s\u00fabditos, torretas y campeones enemigos, as\u00ed como criaturas neutrales, para obtener oro y experiencia (<i><a title=\"Granjero (videojuegos)\" href=\"https:\/\/es.wikipedia.org\/wiki\/Granjero_(videojuegos)\">farm<\/a><\/i> en ingl\u00e9s). Con el oro se compran objetos para aumentar estad\u00edsticas (ataque, defensa, vida, etc.) y con los niveles se mejoran las habilidades del campe\u00f3n.<\/p>\n<p>En las partidas de 5\u00a0vs.\u00a05, pasados 20 minutos de partida, es posible realizar una rendici\u00f3n. Cualquier jugador puede iniciar la votaci\u00f3n (tom\u00e1ndose como un voto a favor) y al terminar la misma el 70% del equipo debe estar de acuerdo (4 jugadores de 5). Si una petici\u00f3n de rendici\u00f3n ha sido rechazada se deben esperar 3 minutos para poder pedir otra; mientras que si la rendici\u00f3n ha sido aprobada, el nexo propio se autodestruye, acabando as\u00ed la partida en una derrota.<\/p>\n<h3><span id=\"Mapas_del_juego\" class=\"mw-headline\">Mapas del juego<\/span><\/h3>\n<p>League of Legends contiene cuatro mapas principales o \u00abCampos de Justicia\u00bb, cada uno con diferentes terrenos, objetivos y condiciones de victoria, as\u00ed como varios \u00abobjetos\u00bb y \u00abhechizos de invocador\u00bb.<\/p>\n<div class=\"thumb tright\">\n<div class=\"thumbinner\"><a class=\"image\" href=\"https:\/\/commons.wikimedia.org\/wiki\/File:SummonersRift-norsk-forklaring.gif\"><img loading=\"lazy\" decoding=\"async\" class=\"thumbimage\" src=\"https:\/\/upload.wikimedia.org\/wikipedia\/commons\/thumb\/3\/35\/SummonersRift-norsk-forklaring.gif\/243px-SummonersRift-norsk-forklaring.gif\" alt=\"Imagen de el mapa de la Grieta del Invocador en la que se pueden distinguir las calles: top, mid y bot, y que son atravesadas por un r\u00edo. En la esquina inferior derecha se puede ver la base del equipo azul y en el lado contrario la base del equipo rojo.\" width=\"243\" height=\"258\" \/><\/a><\/p>\n<div class=\"thumbcaption\">\n<div class=\"magnify\"><\/div>\n<p>Imagen de el mapa de la Grieta del Invocador en la que se pueden distinguir las calles y las bases de ambos equipos.<\/p><\/div>\n<\/div>\n<\/div>\n<ul>\n<li><b>Grieta del Invocador.<\/b> Dos equipos de cinco integrantes compiten con el objetivo de destruir el nexo del equipo rival en un mapa de tres carriles. Tambi\u00e9n hay una jungla con varios sitios o \u00abcampamentos\u00bb con monstruos que otorgan poderes adicionales para quien los caza.<\/li>\n<li><b>Bosque Retorcido.<\/b> Dos equipos de tres integrantes compiten con el objetivo de destruir el nexo del equipo rival en un mapa de dos carriles. Hay una jungla con algunos campamentos de criaturas que puedes matar.<\/li>\n<li><b>Abismo de los Lamentos<\/b>.<\/li>\n<li><b>Cicatriz de Cristal<\/b>.<\/li>\n<\/ul>\n<h3><span id=\"Modos_de_juego\" class=\"mw-headline\">Modos de juego<\/span><\/h3>\n<p>El juego actualmente se puede jugar en los siguienets modos:<\/p>\n<ul>\n<li><b>Tutorial.<\/b> Explica los controles y objetivos del juego para los jugadores principiantes.<\/li>\n<li><b>Cooperativo vs. IA:<\/b> Los jugadores compiten contra un equipo formado por <a title=\"Bot\" href=\"https:\/\/es.wikipedia.org\/wiki\/Bot\">bots<\/a> (personajes controlados por la computadora).<\/li>\n<li><b>ARAM.<\/b> (Siglas de <i>All Random, All Mid<\/i>, \u00abtodos aleatorios, todos centro\u00bb en espa\u00f1ol.) Dos equipos de cinco integrantes compiten con el objetivo de destruir el nexo del equipo rival en un mapa de un solo carril. La selecci\u00f3n de campe\u00f3n es aleatoria y por lo tanto puede presentarse un desequilibrio entre bandos.<sup id=\"cite_ref-10\" class=\"reference\"><a href=\"https:\/\/es.wikipedia.org\/wiki\/League_of_Legends#cite_note-10\">10<\/a><\/sup><\/li>\n<li><b>Modo personalizado<\/b>. Permite a los jugadores crear manualmente y unirse a sesiones de juegos personalizados.<\/li>\n<li><b>Clasificatorias<\/b>. S\u00f3lo disponible para los jugadores de m\u00e1ximo nivel (actualmente nivel 30). Este modo de juego presenta caracter\u00edsticas especiales, por ejemplo, al finalizar cada partida se dan o quitan puntos de liga a los jugadores, clasific\u00e1ndolos en un rango en l\u00ednea (de inferior a superior nivel: <a title=\"Bronce\" href=\"https:\/\/es.wikipedia.org\/wiki\/Bronce\">bronce<\/a>, <a title=\"Plata\" href=\"https:\/\/es.wikipedia.org\/wiki\/Plata\">plata<\/a>, <a title=\"Oro\" href=\"https:\/\/es.wikipedia.org\/wiki\/Oro\">oro<\/a>, <a title=\"Platino\" href=\"https:\/\/es.wikipedia.org\/wiki\/Platino\">platino<\/a>, <a title=\"Diamante\" href=\"https:\/\/es.wikipedia.org\/wiki\/Diamante\">diamante<\/a>, maestro y retador). Adem\u00e1s, cada equipo puede bloquear a tres campeones, ver los campeones que est\u00e1 seleccionando el equipo rival (siendo las selecciones por turnos) y no se permiten repetir campeones. \u00c9ste es el modo de juego usado en competiciones profesionales.<\/li>\n<\/ul>\n<p>Los objetos a comprar durante la partida y los hechizos de invocador disponibles var\u00edan de un mapa a otro, as\u00ed como las caracter\u00edsticas de la jungla.<\/p>\n<p>El sistema de emparejamiento determina a qui\u00e9nes se enfrentar\u00e1 un determinado jugador, sobre la base de las estad\u00edsticas de tal jugador (partidas ganadas y partidas perdidas). El emparejamiento tambi\u00e9n toma en cuenta la estad\u00edstica media de los jugadores del equipo.<\/p>\n<h3><span id=\"Campeones_y_su_posici.C3.B3n_en_el_juego\" class=\"mw-headline\">Campeones y su posici\u00f3n en el juego<\/span><\/h3>\n<div class=\"thumb tright\">\n<div class=\"thumbinner\"><a class=\"image\" href=\"https:\/\/commons.wikimedia.org\/wiki\/File:Anime_Expo_2015_-_Jinx.jpg\"><img loading=\"lazy\" decoding=\"async\" class=\"thumbimage\" src=\"https:\/\/upload.wikimedia.org\/wikipedia\/commons\/thumb\/b\/b8\/Anime_Expo_2015_-_Jinx.jpg\/200px-Anime_Expo_2015_-_Jinx.jpg\" alt=\"\" width=\"200\" height=\"300\" \/><\/a><\/p>\n<div class=\"thumbcaption\">\n<div class=\"magnify\"><\/div>\n<p>Anime Expo 2015: <i><a title=\"Cosplay\" href=\"https:\/\/es.wikipedia.org\/wiki\/Cosplay\">cosplayer<\/a><\/i> de <i>Jinx<\/i>, una de las tiradoras del juego.<\/div>\n<\/div>\n<\/div>\n<p>Cada campe\u00f3n (personaje del juego) tiene habilidades y caracter\u00edsticas y clases definidas por el juego, como en un <a title=\"Juego de rol\" href=\"https:\/\/es.wikipedia.org\/wiki\/Juego_de_rol\">juego de rol<\/a>. Son seis clases de campeones:<\/p>\n<ul>\n<li><b>Luchador o bruiser<\/b>. Especializado en combate cercano. Combinan objetos de da\u00f1o con objetos de aguante. Tambi\u00e9n se los conoce como \"offtanks\"<\/li>\n<li><b>Tirador, marksman<\/b>. Especializado en ataque a distancia. Popularmente conocido como \"AD Carry\" del ingl\u00e9s <i>attack damage carry<\/i> o carreador de da\u00f1o de ataque.<\/li>\n<li><b>Mago<\/b>. Especializado en habilidades y da\u00f1o m\u00e1gico. Popularmente conocido como \"AP Carry\" del ingl\u00e9s <i>ability power carry<\/i> o carreador de poder de habilidad.<\/li>\n<li><b>Asesino<\/b>. Especializado en eliminar al jugador m\u00e1s importante del equipo enemigo (aunque ello suponga morir \u00e9l tambi\u00e9n)<\/li>\n<li><b>Tanque<\/b>. Especializado en resistencia. Su misi\u00f3n es absorber la mayor cantidad de da\u00f1o posible e iniciar las peleas.<\/li>\n<li><b><i>Support<\/i> (Soporte)<\/b>. Especializado en apoyar a su equipo y aportar visi\u00f3n en el mapa mediante guardianes de visi\u00f3n (<i>wards<\/i>).<\/li>\n<\/ul>\n<p>Un campe\u00f3n puede tener m\u00e1s de un rol, para as\u00ed complementar su equipo y aunque cada campe\u00f3n ya tiene su rol predefinido, dependiendo de sus caracter\u00edsticas pueden usarse en diferentes posiciones de juego.<\/p>\n<p>Las posiciones de juego es el carril al que ir\u00e1 un jugador con su campe\u00f3n. En La Grieta del Invocador, el escenario m\u00e1s com\u00fan, las posiciones son:<\/p>\n<ul>\n<li><b>Carril superior<\/b>. Donde usualmente juega el luchador o un tanque para complementar al equipo. Tambi\u00e9n se suelen ver magos o incluso asesinos por temas de composici\u00f3n de equipo.<\/li>\n<li><b>Jungla<\/b>. Es la zona de criaturas neutrales entre los carriles. La clase del campe\u00f3n en la jungla puede ser muy diversa, siempre que resista los ataques de las criaturas neutrales y sea eficiente asaltando carriles por sorpresa, por lo que suele jugarse un asesino resistente o un guerrero con buen movimiento.<\/li>\n<li><b>Carril central<\/b>. Es el carril rodeado por la jungla y camino m\u00e1s corto hacia la base enemiga, por lo que puede recibir gran cantidad de asaltos para asegurar una victoria r\u00e1pida. Por ello usualmente se juega un mago que, por el da\u00f1o m\u00e1gico, puede responder a un ataque sorpresa, defender bajo torreta usando un asesino y cuando tiene ventaja asistir el ataque en otra l\u00ednea; tambi\u00e9n se juegan asesinos para perjudicar al mago y atacar otras l\u00edneas.<\/li>\n<li><b>Carril inferior<\/b>. Es el carril cercano al <a title=\"Drag\u00f3n\" href=\"https:\/\/es.wikipedia.org\/wiki\/Drag%C3%B3n\">drag\u00f3n<\/a>, una criatura neutral en la jungla que da beneficios a todo el equipo que lo mata. Dado que el drag\u00f3n es un objetivo de equipo, en el carril inferior se juegan con dos personajes: el tirador, quien proporciona el da\u00f1o a distancia para el equipo, y el <i>support<\/i> (soporte), para apoyar al tirador, ya que \u00e9ste suele ser poco resistente y es importante mantenerlo con vida.<\/li>\n<\/ul>\n<p>Las caracter\u00edsticas de cada campe\u00f3n:<\/p>\n<ul>\n<li><b>Vida<\/b>. Es un valor que inicia lleno y al llegar a 0 muere el personaje, teniendo que esperar un tiempo para reaparecer en base.<\/li>\n<li><b>Man\u00e1<\/b>. Valor que se gasta usando las habilidades del campe\u00f3n. Algunos personajes en su lugar tienen energ\u00eda (que aumenta r\u00e1pidamente, pero no es potenciable), furia (que aumenta peleando y no es potenciable), otras medidas con din\u00e1micas espec\u00edficas o ninguna medida para las habilidades.<\/li>\n<li><b>Regeneraci\u00f3n de vida<\/b>. Cantidad de vida que recupera un campe\u00f3n con el paso del tiempo cuando est\u00e1 herido.<\/li>\n<li><b>Regeneraci\u00f3n de man\u00e1<\/b>. Cantidad de man\u00e1 que aumenta con el tiempo hasta llegar al m\u00e1ximo. Si el campe\u00f3n no tiene man\u00e1 no tiene regeneraci\u00f3n de man\u00e1.<\/li>\n<li><b>Da\u00f1o de ataque<\/b>. Ataque f\u00edsico b\u00e1sico que provoca un campe\u00f3n al enemigo.<\/li>\n<li><b>Velocidad de ataque<\/b>. Ataques b\u00e1sicos por segundo que puede dar sin pausas.<\/li>\n<li><b>Armadura<\/b>. Da\u00f1o f\u00edsico que resiste constantemente el personaje.<\/li>\n<li><b>Resistencia m\u00e1gica<\/b>. Da\u00f1o m\u00e1gico que resiste constantemente el personaje.<\/li>\n<li><b>Velocidad de movimiento<\/b>. Rapidez con la que te desplazas por el mapa.<\/li>\n<\/ul>\n<p>Las caracter\u00edsticas pueden aumentarse con runas y maestr\u00edas antes de iniciar la partida. Durante la partida se ven modificadas con objetos propios, aliados y enemigos, adem\u00e1s de que mejoran subiendo de nivel.<\/p>\n<h3><span id=\"Objetos_y_habilidades\" class=\"mw-headline\">Objetos y habilidades<\/span><\/h3>\n<p>El oro es \u00fanico en la partida y se usa para comprar objetos. Los objetos tienen nombres y formas simb\u00f3licas para recordarlos f\u00e1cilmente. Pueden ser objetos de efecto pasivo (constante), consumibles o activos, que afectan a las caracter\u00edsticas del campe\u00f3n.<\/p>\n<p>Cada campe\u00f3n tiene sus propias habilidades, que generalmente se activan predeterminadamente con las teclas <span class=\"keyboard-key\">Q<\/span>, <span class=\"keyboard-key\">W<\/span>, <span class=\"keyboard-key\">E<\/span> y <span class=\"keyboard-key\">R<\/span>, llam\u00e1ndose \u00e9sta la \u00faltima la \u00abhabilidad definitiva\u00bb, siendo usualmente la m\u00e1s poderosa o la m\u00e1s caracter\u00edstica de un campe\u00f3n. Cada habilidad tiene su propia din\u00e1mica, pero generalmente gastan man\u00e1, tras usarse tienen un periodo de enfriamiento (un tiempo que debe transcurrir antes de poder volver a usarse) y entre ellas se distribuyen los puntos de mejora, los cuales se ganan cuando el campe\u00f3n sube de nivel.<\/p>\n<p>Similares a las habilidades, est\u00e1n los hechizos de invocador, dos hechizos que seleccionan antes de que inicie la partida. Estos hechizos no gastan man\u00e1, pero tienen periodo de enfriamiento m\u00e1s prolongado.<\/p>\n<h3><span id=\"Maestr.C3.ADas_y_runas\" class=\"mw-headline\">Maestr\u00edas y runas<\/span><\/h3>\n<p>Las maestr\u00edas son puntos que se ganan cuando un invocador sube de nivel. Los puntos se distribuyen en tres \u00e1rboles de beneficios personales: Ferocidad, Astucia y Valor. Dado que el mayor nivel de invocador que se puede conseguir en el juego es de 30, esa misma cantidad de puntos de maestr\u00eda es lo que se puede conseguir. Se pueden crear varias p\u00e1ginas de maestr\u00edas para usar la m\u00e1s adecuada a la situaci\u00f3n que se presente (posici\u00f3n y rol elegidos, composici\u00f3n de equipo o respuesta a la composici\u00f3n rival) y cada en cada p\u00e1gina se colocan todos los puntos de maestr\u00eda que tenga el jugador.<\/p>\n<p>Las runas son beneficios adicionales que se adquieren en la tienda y luego se colocan en p\u00e1ginas para poder elegir antes de una partida. Se clasifican en 9 marcas (ofensivas), 9 sellos (defensivas), 9 glifos (magia) y 3 quintaesencias (utilidad) por p\u00e1gina. Afectan de misma manera que las maestr\u00edas en el juego.<\/p>\n<h3><span id=\"Dinero\" class=\"mw-headline\">Dinero<\/span><\/h3>\n<p>El juego maneja dos tipos de moneda:<\/p>\n<ul>\n<li><b>Puntos de Influencia (PI)<\/b>. Puntos que se ganan jugando partidas. Con ellos se pueden desbloquear campeones, adquirir runas, etc.<\/li>\n<li><b>Riot Points (RP)<\/b>. Puntos que se compran a Riot Games con <a class=\"mw-redirect\" title=\"Microtransacciones\" href=\"https:\/\/es.wikipedia.org\/wiki\/Microtransacciones\">microtransacciones<\/a>. Con ellos se adquiere todo lo que se puede adquirir con <i>PI<\/i>(Puntos de Influencia) menos las runas, adem\u00e1s de aspectos, cromas y dar regalos a otro jugador.<\/li>\n<\/ul>\n<p>&nbsp;<\/p>\n","protected":false},"excerpt":{"rendered":"<p>League of Legends (tambi\u00e9n conocido por sus siglas LoL) es un videojuego de g\u00e9nero multiplayer online battle arena (MOBA) desarrollado por Riot Games para Microsoft Windows y OS X. En un principio los servidores estaban alojados en la empresa GOA y hace poco se anunci\u00f3 su venta a la empresa china Tencent Holdings Limited. El [&hellip;]<\/p>\n","protected":false},"author":10729,"featured_media":0,"parent":0,"menu_order":0,"comment_status":"closed","ping_status":"closed","template":"","meta":{"footnotes":""},"class_list":["post-10","page","type-page","status-publish","hentry"],"_links":{"self":[{"href":"https:\/\/blog.espol.edu.ec\/leoenmen\/wp-json\/wp\/v2\/pages\/10","targetHints":{"allow":["GET"]}}],"collection":[{"href":"https:\/\/blog.espol.edu.ec\/leoenmen\/wp-json\/wp\/v2\/pages"}],"about":[{"href":"https:\/\/blog.espol.edu.ec\/leoenmen\/wp-json\/wp\/v2\/types\/page"}],"author":[{"embeddable":true,"href":"https:\/\/blog.espol.edu.ec\/leoenmen\/wp-json\/wp\/v2\/users\/10729"}],"replies":[{"embeddable":true,"href":"https:\/\/blog.espol.edu.ec\/leoenmen\/wp-json\/wp\/v2\/comments?post=10"}],"version-history":[{"count":3,"href":"https:\/\/blog.espol.edu.ec\/leoenmen\/wp-json\/wp\/v2\/pages\/10\/revisions"}],"predecessor-version":[{"id":71,"href":"https:\/\/blog.espol.edu.ec\/leoenmen\/wp-json\/wp\/v2\/pages\/10\/revisions\/71"}],"wp:attachment":[{"href":"https:\/\/blog.espol.edu.ec\/leoenmen\/wp-json\/wp\/v2\/media?parent=10"}],"curies":[{"name":"wp","href":"https:\/\/api.w.org\/{rel}","templated":true}]}}