{"id":22,"date":"2016-11-08T21:23:28","date_gmt":"2016-11-08T21:23:28","guid":{"rendered":"http:\/\/blog.espol.edu.ec\/leoenmen\/?page_id=22"},"modified":"2016-11-15T20:20:00","modified_gmt":"2016-11-15T20:20:00","slug":"gta","status":"publish","type":"page","link":"https:\/\/blog.espol.edu.ec\/leoenmen\/gta\/","title":{"rendered":"GTA"},"content":{"rendered":"<p>Grand Thetf Auto es un juego de la franquicia de Rockstar, en el cual esta la esencia del mundo de la criminalistica.<\/p>\n<p><i><b>Grand Theft Auto V<\/b><\/i> (abreviado como <i><b>GTA V<\/b><\/i> o <i><b>GTA 5<\/b><\/i>) es un <a title=\"Videojuego de acci\u00f3n-aventura\" href=\"https:\/\/es.wikipedia.org\/wiki\/Videojuego_de_acci%C3%B3n-aventura\">videojuego de acci\u00f3n-aventura<\/a> de <a class=\"mw-redirect\" title=\"Mundo abierto\" href=\"https:\/\/es.wikipedia.org\/wiki\/Mundo_abierto\">mundo abierto<\/a> desarrollado por la compa\u00f1\u00eda brit\u00e1nica <a title=\"Rockstar North\" href=\"https:\/\/es.wikipedia.org\/wiki\/Rockstar_North\">Rockstar North<\/a>y distribuido por <a title=\"Rockstar Games\" href=\"https:\/\/es.wikipedia.org\/wiki\/Rockstar_Games\">Rockstar Games<\/a>. Fue lanzado el 17 de septiembre de 2013 para las consolas <a title=\"PlayStation 3\" href=\"https:\/\/es.wikipedia.org\/wiki\/PlayStation_3\">PlayStation 3<\/a> y <a title=\"Xbox 360\" href=\"https:\/\/es.wikipedia.org\/wiki\/Xbox_360\">Xbox 360<\/a>.Posteriormente, fue lanzado para las consolas de nueva generaci\u00f3n <a title=\"PlayStation 4\" href=\"https:\/\/es.wikipedia.org\/wiki\/PlayStation_4\">PlayStation 4<\/a> y <a title=\"Xbox One\" href=\"https:\/\/es.wikipedia.org\/wiki\/Xbox_One\">Xbox One<\/a> el 18 de noviembre de 2014 y finalmente para <a title=\"Microsoft Windows\" href=\"https:\/\/es.wikipedia.org\/wiki\/Microsoft_Windows\">Microsoft Windows<\/a> el 14 de abril de 2015. Se trat\u00f3 del primer gran t\u00edtulo en la serie <i><a title=\"Grand Theft Auto\" href=\"https:\/\/es.wikipedia.org\/wiki\/Grand_Theft_Auto\">Grand Theft Auto<\/a><\/i> desde que se estrenara <i><a title=\"Grand Theft Auto IV\" href=\"https:\/\/es.wikipedia.org\/wiki\/Grand_Theft_Auto_IV\">Grand Theft Auto IV<\/a><\/i> en 2008, el cual estren\u00f3 la \u00abera HD\u00bb de la mencionada serie de videojuegos.<\/p>\n<p>La primera informaci\u00f3n fue revelada por Rockstar Games el 25 de octubre de 2011 en la red social <a title=\"Twitter\" href=\"https:\/\/es.wikipedia.org\/wiki\/Twitter\">Twitter<\/a>.<sup id=\"cite_ref-7\" class=\"reference\"><a href=\"https:\/\/es.wikipedia.org\/wiki\/Grand_Theft_Auto_V#cite_note-7\">7<\/a><\/sup> El juego est\u00e1 ambientado en la ciudad ficticia de <a title=\"Los Santos (San Andreas)\" href=\"https:\/\/es.wikipedia.org\/wiki\/Los_Santos_(San_Andreas)\">Los Santos<\/a>, as\u00ed como en las zonas que la rodean, basada en la ciudad de <a title=\"Los \u00c1ngeles\" href=\"https:\/\/es.wikipedia.org\/wiki\/Los_%C3%81ngeles\">Los \u00c1ngeles<\/a> y el <a title=\"Sur de California\" href=\"https:\/\/es.wikipedia.org\/wiki\/Sur_de_California\">sur de California<\/a>.La ciudad tambi\u00e9n era la ambientaci\u00f3n del anterior juego <a title=\"Grand Theft Auto: San Andreas\" href=\"https:\/\/es.wikipedia.org\/wiki\/Grand_Theft_Auto:_San_Andreas\">GTA:San Andreas<\/a>. Por primera vez el juego se centrar\u00eda en tres personajes distintos en vez de uno solo: Michael, <a title=\"Trevor Philips\" href=\"https:\/\/es.wikipedia.org\/wiki\/Trevor_Philips\">Trevor<\/a> y Franklin, adem\u00e1s del personaje que el jugador utiliza en el modo online. El tr\u00e1iler de estreno de <i>Grand Theft Auto V<\/i> se dio a conocer el 2 de noviembre de 2011.<\/p>\n<p>Es el segundo juego m\u00e1s caro de la historia, con un gasto de 265 millones de <a class=\"mw-redirect\" title=\"D\u00f3lar de los Estados Unidos\" href=\"https:\/\/es.wikipedia.org\/wiki\/D%C3%B3lar_de_los_Estados_Unidos\">d\u00f3lares<\/a>, superando a su antecesor <i><a title=\"Grand Theft Auto IV\" href=\"https:\/\/es.wikipedia.org\/wiki\/Grand_Theft_Auto_IV\">GTA IV<\/a><\/i> \u2014100 millones de d\u00f3lares\u2014 y siendo superado s\u00f3lo por <a title=\"Destiny (videojuego)\" href=\"https:\/\/es.wikipedia.org\/wiki\/Destiny_(videojuego)\">Destiny<\/a>. Sin embargo, <i>Grand Theft Auto V<\/i> recaud\u00f3 800 millones de d\u00f3lares en las primeras 24 horas de su estreno,lo que lo convirti\u00f3 en el videojuego que m\u00e1s dinero hab\u00eda recaudado en menos tiempo de toda la historia. <i>Grand Theft Auto V<\/i>, hab\u00eda recaudado en 3 d\u00edas un monto r\u00e9cord de 1000 millones de d\u00f3lares en ventas.<\/p>\n<p>SINOPSIS<\/p>\n<p><i><b>Grand Theft Auto V<\/b><\/i> (abreviado como <i><b>GTA V<\/b><\/i> o <i><b>GTA 5<\/b><\/i>) es un <a title=\"Videojuego de acci\u00f3n-aventura\" href=\"https:\/\/es.wikipedia.org\/wiki\/Videojuego_de_acci%C3%B3n-aventura\">videojuego de acci\u00f3n-aventura<\/a> de <a class=\"mw-redirect\" title=\"Mundo abierto\" href=\"https:\/\/es.wikipedia.org\/wiki\/Mundo_abierto\">mundo abierto<\/a> desarrollado por la compa\u00f1\u00eda brit\u00e1nica <a title=\"Rockstar North\" href=\"https:\/\/es.wikipedia.org\/wiki\/Rockstar_North\">Rockstar North<\/a>y distribuido por <a title=\"Rockstar Games\" href=\"https:\/\/es.wikipedia.org\/wiki\/Rockstar_Games\">Rockstar Games<\/a>. Fue lanzado el 17 de septiembre de 2013 para las consolas <a title=\"PlayStation 3\" href=\"https:\/\/es.wikipedia.org\/wiki\/PlayStation_3\">PlayStation 3<\/a> y <a title=\"Xbox 360\" href=\"https:\/\/es.wikipedia.org\/wiki\/Xbox_360\">Xbox 360<\/a>.<sup id=\"cite_ref-september_5-0\" class=\"reference\"><a href=\"https:\/\/es.wikipedia.org\/wiki\/Grand_Theft_Auto_V#cite_note-september-5\">5<\/a><\/sup> Posteriormente, fue lanzado para las consolas de nueva generaci\u00f3n <a title=\"PlayStation 4\" href=\"https:\/\/es.wikipedia.org\/wiki\/PlayStation_4\">PlayStation 4<\/a> y <a title=\"Xbox One\" href=\"https:\/\/es.wikipedia.org\/wiki\/Xbox_One\">Xbox One<\/a> el 18 de noviembre de 2014 y finalmente para <a title=\"Microsoft Windows\" href=\"https:\/\/es.wikipedia.org\/wiki\/Microsoft_Windows\">Microsoft Windows<\/a> el 14 de abril de 2015. Se trat\u00f3 del primer gran t\u00edtulo en la serie <i><a title=\"Grand Theft Auto\" href=\"https:\/\/es.wikipedia.org\/wiki\/Grand_Theft_Auto\">Grand Theft Auto<\/a><\/i> desde que se estrenara <i><a title=\"Grand Theft Auto IV\" href=\"https:\/\/es.wikipedia.org\/wiki\/Grand_Theft_Auto_IV\">Grand Theft Auto IV<\/a><\/i> en 2008, el cual estren\u00f3 la \u00abera HD\u00bb de la mencionada serie de videojuegos.<sup id=\"cite_ref-6\" class=\"reference\"><a href=\"https:\/\/es.wikipedia.org\/wiki\/Grand_Theft_Auto_V#cite_note-6\">6<\/a><\/sup><\/p>\n<p>La primera informaci\u00f3n fue revelada por Rockstar Games el 25 de octubre de 2011 en la red social <a title=\"Twitter\" href=\"https:\/\/es.wikipedia.org\/wiki\/Twitter\">Twitter<\/a>.<sup id=\"cite_ref-7\" class=\"reference\"><a href=\"https:\/\/es.wikipedia.org\/wiki\/Grand_Theft_Auto_V#cite_note-7\">7<\/a><\/sup> El juego est\u00e1 ambientado en la ciudad ficticia de <a title=\"Los Santos (San Andreas)\" href=\"https:\/\/es.wikipedia.org\/wiki\/Los_Santos_(San_Andreas)\">Los Santos<\/a>, as\u00ed como en las zonas que la rodean, basada en la ciudad de <a title=\"Los \u00c1ngeles\" href=\"https:\/\/es.wikipedia.org\/wiki\/Los_%C3%81ngeles\">Los \u00c1ngeles<\/a> y el <a title=\"Sur de California\" href=\"https:\/\/es.wikipedia.org\/wiki\/Sur_de_California\">sur de California<\/a>.La ciudad tambi\u00e9n era la ambientaci\u00f3n del anterior juego <a title=\"Grand Theft Auto: San Andreas\" href=\"https:\/\/es.wikipedia.org\/wiki\/Grand_Theft_Auto:_San_Andreas\">GTA:San Andreas<\/a>. Por primera vez el juego se centrar\u00eda en tres personajes distintos en vez de uno solo: Michael, <a title=\"Trevor Philips\" href=\"https:\/\/es.wikipedia.org\/wiki\/Trevor_Philips\">Trevor<\/a> y Franklin, adem\u00e1s del personaje que el jugador utiliza en el modo online. El tr\u00e1iler de estreno de <i>Grand Theft Auto V<\/i> se dio a conocer el 2 de noviembre de 2011.<sup id=\"cite_ref-trailer1_8-0\" class=\"reference\"><a href=\"https:\/\/es.wikipedia.org\/wiki\/Grand_Theft_Auto_V#cite_note-trailer1-8\">8<\/a><\/sup><\/p>\n<p>Es el segundo juego m\u00e1s caro de la historia, con un gasto de 265 millones de <a class=\"mw-redirect\" title=\"D\u00f3lar de los Estados Unidos\" href=\"https:\/\/es.wikipedia.org\/wiki\/D%C3%B3lar_de_los_Estados_Unidos\">d\u00f3lares<\/a>, superando a su antecesor <i><a title=\"Grand Theft Auto IV\" href=\"https:\/\/es.wikipedia.org\/wiki\/Grand_Theft_Auto_IV\">GTA IV<\/a><\/i> \u2014100 millones de d\u00f3lares\u2014 y siendo superado s\u00f3lo por <a title=\"Destiny (videojuego)\" href=\"https:\/\/es.wikipedia.org\/wiki\/Destiny_(videojuego)\">Destiny<\/a>. Sin embargo, <i>Grand Theft Auto V<\/i> recaud\u00f3 800 millones de d\u00f3lares en las primeras 24 horas de su estreno,<sup id=\"cite_ref-lanacion_9-0\" class=\"reference\"><a href=\"https:\/\/es.wikipedia.org\/wiki\/Grand_Theft_Auto_V#cite_note-lanacion-9\">9<\/a><\/sup> lo que lo convirti\u00f3 en el videojuego que m\u00e1s dinero hab\u00eda recaudado en menos tiempo de toda la historia. <i>Grand Theft Auto V<\/i>, hab\u00eda recaudado en 3 d\u00edas un monto r\u00e9cord de 1000 millones de d\u00f3lares en ventas.<sup id=\"cite_ref-lanacion_9-1\" class=\"reference\"><a href=\"https:\/\/es.wikipedia.org\/wiki\/Grand_Theft_Auto_V#cite_note-lanacion-9\">9<\/a><\/sup><\/p>\n","protected":false},"excerpt":{"rendered":"<p>Grand Thetf Auto es un juego de la franquicia de Rockstar, en el cual esta la esencia del mundo de la criminalistica. Grand Theft Auto V (abreviado como GTA V o GTA 5) es un videojuego de acci\u00f3n-aventura de mundo abierto desarrollado por la compa\u00f1\u00eda brit\u00e1nica Rockstar Northy distribuido por Rockstar Games. Fue lanzado el [&hellip;]<\/p>\n","protected":false},"author":10729,"featured_media":42,"parent":0,"menu_order":0,"comment_status":"closed","ping_status":"closed","template":"","meta":{"footnotes":""},"class_list":["post-22","page","type-page","status-publish","has-post-thumbnail","hentry"],"_links":{"self":[{"href":"https:\/\/blog.espol.edu.ec\/leoenmen\/wp-json\/wp\/v2\/pages\/22","targetHints":{"allow":["GET"]}}],"collection":[{"href":"https:\/\/blog.espol.edu.ec\/leoenmen\/wp-json\/wp\/v2\/pages"}],"about":[{"href":"https:\/\/blog.espol.edu.ec\/leoenmen\/wp-json\/wp\/v2\/types\/page"}],"author":[{"embeddable":true,"href":"https:\/\/blog.espol.edu.ec\/leoenmen\/wp-json\/wp\/v2\/users\/10729"}],"replies":[{"embeddable":true,"href":"https:\/\/blog.espol.edu.ec\/leoenmen\/wp-json\/wp\/v2\/comments?post=22"}],"version-history":[{"count":3,"href":"https:\/\/blog.espol.edu.ec\/leoenmen\/wp-json\/wp\/v2\/pages\/22\/revisions"}],"predecessor-version":[{"id":66,"href":"https:\/\/blog.espol.edu.ec\/leoenmen\/wp-json\/wp\/v2\/pages\/22\/revisions\/66"}],"wp:featuredmedia":[{"embeddable":true,"href":"https:\/\/blog.espol.edu.ec\/leoenmen\/wp-json\/wp\/v2\/media\/42"}],"wp:attachment":[{"href":"https:\/\/blog.espol.edu.ec\/leoenmen\/wp-json\/wp\/v2\/media?parent=22"}],"curies":[{"name":"wp","href":"https:\/\/api.w.org\/{rel}","templated":true}]}}