{"id":67,"date":"2016-11-15T20:25:18","date_gmt":"2016-11-15T20:25:18","guid":{"rendered":"http:\/\/blog.espol.edu.ec\/leoenmen\/?page_id=67"},"modified":"2016-11-15T20:25:18","modified_gmt":"2016-11-15T20:25:18","slug":"fifa","status":"publish","type":"page","link":"https:\/\/blog.espol.edu.ec\/leoenmen\/fifa\/","title":{"rendered":"FIFA"},"content":{"rendered":"<p><b>FIFA 17<\/b> es un <a class=\"mw-redirect\" title=\"Videojuego de deporte\" href=\"https:\/\/es.wikipedia.org\/wiki\/Videojuego_de_deporte\">videojuego de f\u00fatbol<\/a> desarrollado por <a title=\"EA Canada\" href=\"https:\/\/es.wikipedia.org\/wiki\/EA_Canada\">EA Canada<\/a> y publicado por <a title=\"EA Sports\" href=\"https:\/\/es.wikipedia.org\/wiki\/EA_Sports\">EA Sports<\/a>. Es el 24.\u00ba de la <a title=\"FIFA (serie)\" href=\"https:\/\/es.wikipedia.org\/wiki\/FIFA_(serie)\">serie<\/a> y sali\u00f3 a la venta el <a title=\"27 de septiembre\" href=\"https:\/\/es.wikipedia.org\/wiki\/27_de_septiembre\">28 de septiembre<\/a> del 2016 en Norteam\u00e9rica y el 29 de septiembre para el resto del mundo.<sup id=\"cite_ref-2\" class=\"reference\"><a href=\"https:\/\/es.wikipedia.org\/wiki\/FIFA_17#cite_note-2\">2<\/a><\/sup> Este ser\u00e1 el primer juego de la <a title=\"FIFA (serie)\" href=\"https:\/\/es.wikipedia.org\/wiki\/FIFA_(serie)\">FIFA<\/a> en la serie en emplear el motor de juego <a title=\"Frostbite\" href=\"https:\/\/es.wikipedia.org\/wiki\/Frostbite\">Frostbite<\/a>.<sup id=\"cite_ref-3\" class=\"reference\"><a href=\"https:\/\/es.wikipedia.org\/wiki\/FIFA_17#cite_note-3\">3<\/a><\/sup>Adem\u00e1s, este ser\u00e1 el primer videojuego de la <a title=\"FIFA (serie)\" href=\"https:\/\/es.wikipedia.org\/wiki\/FIFA_(serie)\">serie<\/a> que tendr\u00e1 la aparici\u00f3n e interacci\u00f3n de <a title=\"Entrenador\" href=\"https:\/\/es.wikipedia.org\/wiki\/Entrenador\">entrenadores<\/a> de f\u00fatbol.<sup id=\"cite_ref-4\" class=\"reference\"><a href=\"https:\/\/es.wikipedia.org\/wiki\/FIFA_17#cite_note-4\">4<\/a><\/sup> El 21 de julio de 2016, <a title=\"Marco Reus\" href=\"https:\/\/es.wikipedia.org\/wiki\/Marco_Reus\">Marco Reus<\/a> fue elegido para ser la imagen de la portada oficial del videojuego.<sup id=\"cite_ref-5\" class=\"reference\"><a href=\"https:\/\/es.wikipedia.org\/wiki\/FIFA_17#cite_note-5\">5<\/a><\/sup><\/p>\n<p>&nbsp;<\/p>\n<p>En este nuevo modo de juego, se podr\u00e1 jugar con el personaje Alex Hunter, joven de 17 a\u00f1os con talento para el f\u00fatbol. Se podr\u00e1 controlar su carrera y llegar a jugar en cualquier equipo de la <a title=\"Premier League\" href=\"https:\/\/es.wikipedia.org\/wiki\/Premier_League\">Premier League<\/a>. \u00c9ste modo de juego, fue anunciado el d\u00eda <a title=\"12 de junio\" href=\"https:\/\/es.wikipedia.org\/wiki\/12_de_junio\">12 de junio<\/a> de <a title=\"2016\" href=\"https:\/\/es.wikipedia.org\/wiki\/2016\">2016<\/a>, en el canal oficial de <a title=\"EA Sports\" href=\"https:\/\/es.wikipedia.org\/wiki\/EA_Sports\">EA Sports<\/a> en <a title=\"YouTube\" href=\"https:\/\/es.wikipedia.org\/wiki\/YouTube\">YouTube<\/a>.<sup id=\"cite_ref-6\" class=\"reference\"><a href=\"https:\/\/es.wikipedia.org\/wiki\/FIFA_17#cite_note-6\">6<\/a><\/sup><\/p>\n<p><a title=\"EA Sports\" href=\"https:\/\/es.wikipedia.org\/wiki\/EA_Sports\">EA Sports<\/a> confirmo que este nuevo modo de juego no se incluira en <a title=\"PlayStation 3\" href=\"https:\/\/es.wikipedia.org\/wiki\/PlayStation_3\">PlayStation 3<\/a> y <a title=\"Xbox 360\" href=\"https:\/\/es.wikipedia.org\/wiki\/Xbox_360\">Xbox 360<\/a> debido a las limitaciones t\u00e9cnicas.<sup id=\"cite_ref-7\" class=\"reference\"><a href=\"https:\/\/es.wikipedia.org\/wiki\/FIFA_17#cite_note-7\">7<\/a><\/sup><\/p>\n<p>El 23 de junio de 2016, EA Sports anunci\u00f3 que la <a title=\"J1 League\" href=\"https:\/\/es.wikipedia.org\/wiki\/J1_League\">J1 League<\/a> y la <a title=\"Copa J. League\" href=\"https:\/\/es.wikipedia.org\/wiki\/Copa_J._League\">Copa J. League<\/a> de <a title=\"Jap\u00f3n\" href=\"https:\/\/es.wikipedia.org\/wiki\/Jap%C3%B3n\">Jap\u00f3n<\/a>, se integrar\u00e1n al juego por primera vez en su historia y adem\u00e1s, se incorporar\u00e1 el <a title=\"Estadio de F\u00fatbol de Suita\" href=\"https:\/\/es.wikipedia.org\/wiki\/Estadio_de_F%C3%BAtbol_de_Suita\">Estadio de Suita<\/a> (nuevo estadio del club <a title=\"Gamba Osaka\" href=\"https:\/\/es.wikipedia.org\/wiki\/Gamba_Osaka\">Gamba Osaka<\/a>), como nuevo estadio licenciado del juego.<sup id=\"cite_ref-8\" class=\"reference\"><a href=\"https:\/\/es.wikipedia.org\/wiki\/FIFA_17#cite_note-8\">8<\/a><\/sup><\/p>\n<p>El 1 de septiembre del 2016, EA Sports confirm\u00f3 el regreso del Campeonato Brasile\u00f1o de Serie A en el modo carrera, pero solo con 18 de los 20 equipos que conforman la liga ya que Corinthians y Flamengo son exclusivos de Konami, mas 5 equipos que se encuentran en la Serie B estar\u00e1n disponibles en el apartado \"Resto del mundo\".<sup id=\"cite_ref-9\" class=\"reference\"><a href=\"https:\/\/es.wikipedia.org\/wiki\/FIFA_17#cite_note-9\">9<\/a><\/sup><\/p>\n<p>&nbsp;<\/p>\n<p>&nbsp;<\/p>\n<p>MODOS DE JUEGO Y ACTUALIZACIONES<\/p>\n<p><b>1.01<\/b><\/p>\n<ul>\n<li>Mejora de la estabilidad del modo Ultimate Team<\/li>\n<li>Mejora de la estabilidad en los modos offline<\/li>\n<li>Mejora del rendimiento en los modos offline<\/li>\n<li>Mejora del rendimiento en los modos online<\/li>\n<li>Volver a calibrar la frecuencia de las lesiones<\/li>\n<li>La actualizaci\u00f3n de los jugadores en 2D<\/li>\n<\/ul>\n<p><b>1.02<\/b><sup id=\"cite_ref-15\" class=\"reference\"><a href=\"https:\/\/es.wikipedia.org\/wiki\/FIFA_17#cite_note-15\">15<\/a><\/sup><br \/>\n<b>Jugabilidad<\/b><\/p>\n<ul>\n<li>Momento en que la cancelaci\u00f3n de un partido, se quedaba est\u00e1tico<\/li>\n<li>Momento en que la tanda de penales, deber\u00eda haber terminado antes<\/li>\n<li>Aumento en la tendencia de la CPU, para atacar directamente<\/li>\n<li>Problema de los jugadores, al momento de hacer una habilidad con el bal\u00f3n<\/li>\n<li>Aumento de las posibilidades de error de los cruces terrestres (triple pulsaci\u00f3n).<\/li>\n<li>Mejoramiento en la f\u00edsica del bal\u00f3n, al momento de pegar al poste, se pierde mucha velocidad<\/li>\n<li>La posici\u00f3n de los porteros, en los tiros de esquina<\/li>\n<li>Mejoras hechas a los jugadores, al momento de un tiro de esquina<\/li>\n<li>Problema cuando un jugador, al momento de controlar el bal\u00f3n, remata a la porter\u00eda<\/li>\n<li>Mejoras t\u00e1cticas en los tiros de esquina<\/li>\n<li>Mejoras en las celebraciones, al momento de elegir una<\/li>\n<li>Escenas en donde se lesiona un jugador se pueden saltar<\/li>\n<li>Mejora la capacidad de respuesta, en el momento de hacer un tiro<\/li>\n<li>Peque\u00f1a mejora al momento de que el bal\u00f3n, es enviado por alto<\/li>\n<\/ul>\n<p><b>Clubes PRO<\/b><\/p>\n<ul>\n<li>El aumento de la experiencia requerida, para las calificaciones totales m\u00e1s altas en los clubes Pro.<\/li>\n<li>Se ha resuelto un problema, por el que los rasgos faciales personalizadas de un jugador, no se muestran correctamente en el juego.<\/li>\n<\/ul>\n<p><b>Ultimate Team<\/b><\/p>\n<ul>\n<li>Dificultad para un solo jugador de FUT por defecto, ya no la configuraci\u00f3n de la CPU.<\/li>\n<li>Se ha resuelto un problema por el que el jugador, se ve obligado a sustituir a un jugador lesionado, en partidas en l\u00ednea FUT.<\/li>\n<li>Se ha corregido el tiro y cruce en las t\u00e1cticas personalizadas<\/li>\n<\/ul>\n<p><b>Modo Carrera<\/b><\/p>\n<ul>\n<li>Se ha corregido el momento en que el CPU, deja en la banca de suplentes a jugadores estrellas<\/li>\n<\/ul>\n<p><b>Visuales<\/b><\/p>\n<ul>\n<li>Marcadores oficiales de la Premier League<\/li>\n<li>Actualizaci\u00f3n en los escudos, indumentaria, nombre, pancartas y banderas de los equipos V\u00e9lez Sarsfield y Tigre de Argentina.<\/li>\n<li>El portero ahora celebra correctamente, despu\u00e9s de parar un penal<\/li>\n<li>Se ha resuelto un problema por el que el kit seleccionado, no es el que se utiliza en el juego.<\/li>\n<li>El tiempo de demora entre el juego de habilidad y el partido<\/li>\n<li>Problema al exhalar de los jugadores, cuando el clima es invernal<\/li>\n<\/ul>\n","protected":false},"excerpt":{"rendered":"<p>FIFA 17 es un videojuego de f\u00fatbol desarrollado por EA Canada y publicado por EA Sports. Es el 24.\u00ba de la serie y sali\u00f3 a la venta el 28 de septiembre del 2016 en Norteam\u00e9rica y el 29 de septiembre para el resto del mundo.2 Este ser\u00e1 el primer juego de la FIFA en la [&hellip;]<\/p>\n","protected":false},"author":10729,"featured_media":39,"parent":0,"menu_order":0,"comment_status":"closed","ping_status":"closed","template":"","meta":{"footnotes":""},"class_list":["post-67","page","type-page","status-publish","has-post-thumbnail","hentry"],"_links":{"self":[{"href":"https:\/\/blog.espol.edu.ec\/leoenmen\/wp-json\/wp\/v2\/pages\/67","targetHints":{"allow":["GET"]}}],"collection":[{"href":"https:\/\/blog.espol.edu.ec\/leoenmen\/wp-json\/wp\/v2\/pages"}],"about":[{"href":"https:\/\/blog.espol.edu.ec\/leoenmen\/wp-json\/wp\/v2\/types\/page"}],"author":[{"embeddable":true,"href":"https:\/\/blog.espol.edu.ec\/leoenmen\/wp-json\/wp\/v2\/users\/10729"}],"replies":[{"embeddable":true,"href":"https:\/\/blog.espol.edu.ec\/leoenmen\/wp-json\/wp\/v2\/comments?post=67"}],"version-history":[{"count":1,"href":"https:\/\/blog.espol.edu.ec\/leoenmen\/wp-json\/wp\/v2\/pages\/67\/revisions"}],"predecessor-version":[{"id":68,"href":"https:\/\/blog.espol.edu.ec\/leoenmen\/wp-json\/wp\/v2\/pages\/67\/revisions\/68"}],"wp:featuredmedia":[{"embeddable":true,"href":"https:\/\/blog.espol.edu.ec\/leoenmen\/wp-json\/wp\/v2\/media\/39"}],"wp:attachment":[{"href":"https:\/\/blog.espol.edu.ec\/leoenmen\/wp-json\/wp\/v2\/media?parent=67"}],"curies":[{"name":"wp","href":"https:\/\/api.w.org\/{rel}","templated":true}]}}