{"id":8,"date":"2016-11-08T20:46:34","date_gmt":"2016-11-08T20:46:34","guid":{"rendered":"http:\/\/blog.espol.edu.ec\/leoenmen\/?page_id=8"},"modified":"2016-11-15T20:26:59","modified_gmt":"2016-11-15T20:26:59","slug":"battlefield","status":"publish","type":"page","link":"https:\/\/blog.espol.edu.ec\/leoenmen\/battlefield\/","title":{"rendered":"BATTLEFIELD"},"content":{"rendered":"<p>La franquicia <i><b>Battlefield<\/b><\/i> es una serie de videojuegos del g\u00e9nero <a title=\"Videojuego de disparos en primera persona\" href=\"https:\/\/es.wikipedia.org\/wiki\/Videojuego_de_disparos_en_primera_persona\">FPS<\/a>. Desarrollado por la compa\u00f1\u00eda <a title=\"EA Digital Illusions CE\" href=\"https:\/\/es.wikipedia.org\/wiki\/EA_Digital_Illusions_CE\">EA Digital Illusions CE<\/a> y distribuido por <a title=\"Electronic Arts\" href=\"https:\/\/es.wikipedia.org\/wiki\/Electronic_Arts\">Electronic Arts<\/a>. Los juegos se centran en el combate por equipos en grandes mapas, haciendo \u00e9nfasis en el trabajo en equipo, tanto de infanter\u00eda como de veh\u00edculos de tierra, aire y agua. La franquicia es reconocida por concentrarse principalmente en los aspectos multijugador de sus t\u00edtulos.<\/p>\n<p>&nbsp;<\/p>\n<p>El primer juego de la serie fue <i><a title=\"Battlefield 1942\" href=\"https:\/\/es.wikipedia.org\/wiki\/Battlefield_1942\">Battlefield 1942<\/a><\/i>,<sup id=\"cite_ref-1\" class=\"reference\"><a href=\"https:\/\/es.wikipedia.org\/wiki\/Battlefield_(serie)#cite_note-1\">1<\/a><\/sup> fue publicado el 1 de junio de 2002 utilizando el motor gr\u00e1fico Refractor, ambientado en la <a title=\"Segunda Guerra Mundial\" href=\"https:\/\/es.wikipedia.org\/wiki\/Segunda_Guerra_Mundial\">Segunda Guerra Mundial<\/a>, introdujo el modo de juego \"Conquista\" en el cual los jugadores luchaban en equipos por el control de \"puntos de control\" o \"banderas\". Para este juego se presentaron posteriormente dos paquetes de expansi\u00f3n: <i>Battlefield 1942: The Road to Rome<\/i>, que agreg\u00f3 como facci\u00f3n a Italia y la muy cuestionada Battlefield 1942: Secret Weapons of WWII, que introdujo armas y veh\u00edculos presuntos de haber estado en fase de pruebas y poco usados durante la guerra.<\/p>\n<p>El siguiente fue <i><a title=\"Battlefield Vietnam\" href=\"https:\/\/es.wikipedia.org\/wiki\/Battlefield_Vietnam\">Battlefield Vietnam<\/a><\/i>, \u00e9ste ambientado, como su nombre indica, en la <a title=\"Guerra de Vietnam\" href=\"https:\/\/es.wikipedia.org\/wiki\/Guerra_de_Vietnam\">Guerra de Vietnam<\/a>. Se bas\u00f3 en una versi\u00f3n mejorada del motor Refractor.<\/p>\n<p>En el a\u00f1o 2005 fue lanzado <i><a title=\"Battlefield 2\" href=\"https:\/\/es.wikipedia.org\/wiki\/Battlefield_2\">Battlefield 2<\/a><\/i>,<sup id=\"cite_ref-2\" class=\"reference\"><a href=\"https:\/\/es.wikipedia.org\/wiki\/Battlefield_(serie)#cite_note-2\">2<\/a><\/sup> ambientado en tiempo presente en una guerra ficticia entre <a title=\"Estados Unidos\" href=\"https:\/\/es.wikipedia.org\/wiki\/Estados_Unidos\">Estados Unidos<\/a>, <a class=\"mw-redirect\" title=\"China\" href=\"https:\/\/es.wikipedia.org\/wiki\/China\">China<\/a> y la ficticia Coalici\u00f3n de Oriente Medio (<i>MEC<\/i> por sus siglas en Ingl\u00e9s). Fue un gran \u00e9xito comercial, vendiendo m\u00e1s de 2.250.000 copias para julio de 2006. Recibi\u00f3 grandes cr\u00edticas positivas, con una puntuaci\u00f3n promedio del 91%. Fueron lanzados un <a title=\"Paquete de software\" href=\"https:\/\/es.wikipedia.org\/wiki\/Paquete_de_software\">paquete<\/a> de expansi\u00f3n, <a title=\"Battlefield 2\" href=\"https:\/\/es.wikipedia.org\/wiki\/Battlefield_2#Expansi.C3.B3n\">Special Forces<\/a>, que introdujo grandes a\u00f1adidos al juego, como los mapas nocturnos, seis facciones nuevas y distintos equipamientos; adem\u00e1s se lanzaron dos <i><a title=\"Battlefield 2\" href=\"https:\/\/es.wikipedia.org\/wiki\/Battlefield_2#.22Booster_Packs.22\">Booster Packs<\/a><\/i>: <i>Euro Force<\/i> y <i>Armored Fury<\/i> (ambos incluidos de forma gratuita con el parche de la versi\u00f3n 1.5) que agregaron al juego base una facci\u00f3n, la Uni\u00f3n Europea, y grandes mapas y nuevos veh\u00edculos. Una versi\u00f3n llamada <a title=\"Battlefield 2: Modern Combat\" href=\"https:\/\/es.wikipedia.org\/wiki\/Battlefield_2:_Modern_Combat\">Battlefield 2: Modern Combat<\/a> fue lanzada las plataformas <a title=\"Xbox\" href=\"https:\/\/es.wikipedia.org\/wiki\/Xbox\">Xbox<\/a>, <a title=\"PlayStation 2\" href=\"https:\/\/es.wikipedia.org\/wiki\/PlayStation_2\">PlayStation 2<\/a> y <a class=\"mw-redirect\" title=\"Xbox360\" href=\"https:\/\/es.wikipedia.org\/wiki\/Xbox360\">Xbox360<\/a>, que contaba con un mejor modo de un jugador pero inferior en el modo multijugador.<\/p>\n<p>En 2006 <a title=\"Electronic Arts\" href=\"https:\/\/es.wikipedia.org\/wiki\/Electronic_Arts\">EA<\/a> lanz\u00f3 <i><a title=\"Battlefield 2142\" href=\"https:\/\/es.wikipedia.org\/wiki\/Battlefield_2142\">Battlefield 2142<\/a><\/i>,<sup id=\"cite_ref-3\" class=\"reference\"><a href=\"https:\/\/es.wikipedia.org\/wiki\/Battlefield_(serie)#cite_note-3\">3<\/a><\/sup> ambientado en una era glacial en el siglo 22. Aunque gr\u00e1ficamente similar a <i>Battlefield 2<\/i>, introdujo una gran variedad de elementos al juego as\u00ed como un modo de juego en el que combaten dos naves \"Titan\". Fue lanzada para este juego una expansi\u00f3n, <a title=\"Battlefield 2142\" href=\"https:\/\/es.wikipedia.org\/wiki\/Battlefield_2142#Expansiones_.28Booster_Packs.29\">Northern Strike<\/a>, que actualmente se encuentra incluida de forma gratuita en el parche de la versi\u00f3n 1.51. Esta expansi\u00f3n incluye nuevos mapas, armas, objetos y un nuevo modo de juego.<\/p>\n<p>En 2008 fue lanzado <i><a title=\"Battlefield: Bad Company\" href=\"https:\/\/es.wikipedia.org\/wiki\/Battlefield:_Bad_Company\">Battlefield: Bad Company<\/a><\/i>,<sup id=\"cite_ref-4\" class=\"reference\"><a href=\"https:\/\/es.wikipedia.org\/wiki\/Battlefield_(serie)#cite_note-4\">4<\/a><\/sup> a diferencia de los t\u00edtulos anteriores, \u00e9ste fue lanzado exclusivamente para <a title=\"Xbox 360\" href=\"https:\/\/es.wikipedia.org\/wiki\/Xbox_360\">Xbox 360<\/a> y <a title=\"PlayStation 3\" href=\"https:\/\/es.wikipedia.org\/wiki\/PlayStation_3\">PlayStation 3<\/a>. Este introdujo grandes cambios a la saga, al utilizar el motor gr\u00e1fico <i><a title=\"Frostbite\" href=\"https:\/\/es.wikipedia.org\/wiki\/Frostbite\">Frostbite<\/a><\/i>. Este nuevo motor gr\u00e1fico permite al jugador destruir estructuras como edificios, \u00e1rboles y otros, dando un entorno mucho m\u00e1s realista y mayores posibilidades de juego.<\/p>\n<p>En 2009 <a title=\"Electronic Arts\" href=\"https:\/\/es.wikipedia.org\/wiki\/Electronic_Arts\">EA<\/a> lanz\u00f3 <a title=\"Battlefield Heroes\" href=\"https:\/\/es.wikipedia.org\/wiki\/Battlefield_Heroes\">Battlefield Heroes<\/a>,<sup id=\"cite_ref-5\" class=\"reference\"><a href=\"https:\/\/es.wikipedia.org\/wiki\/Battlefield_(serie)#cite_note-5\">5<\/a><\/sup> un juego del tipo \"Juega Gratis\"(<i>Play 4 Free<\/i> en ingl\u00e9s). A diferencia de todos los anteriores, \u00e9ste se presenta en tercera persona, con dise\u00f1o caricaturesco y c\u00f3mico, parecido a los dibujos animados. Ese mismo a\u00f1o se present\u00f3 <i>Battlefield 1943<\/i>,<sup id=\"cite_ref-6\" class=\"reference\"><a href=\"https:\/\/es.wikipedia.org\/wiki\/Battlefield_(serie)#cite_note-6\">6<\/a><\/sup> una adaptaci\u00f3n de <i><a title=\"Battlefield 1942\" href=\"https:\/\/es.wikipedia.org\/wiki\/Battlefield_1942\">Battlefield 1942<\/a><\/i>, pero solo con los mapas correspondientes al conflicto b\u00e9lico en el Oc\u00e9ano Pac\u00edfico. Est\u00e1 disponible para <a title=\"Xbox 360\" href=\"https:\/\/es.wikipedia.org\/wiki\/Xbox_360\">Xbox 360<\/a> y <a title=\"PlayStation 3\" href=\"https:\/\/es.wikipedia.org\/wiki\/PlayStation_3\">PlayStation 3<\/a>, su versi\u00f3n para PC fue demorada en un principio y posteriormente cancelada.<\/p>\n<p>En 2010 fue lanzada la secuela de <i>Battlefield: Bad Company<\/i> llamada <i><a title=\"Battlefield: Bad Company 2\" href=\"https:\/\/es.wikipedia.org\/wiki\/Battlefield:_Bad_Company_2\">Battlefield: Bad Company 2<\/a><\/i>.<sup id=\"cite_ref-7\" class=\"reference\"><a href=\"https:\/\/es.wikipedia.org\/wiki\/Battlefield_(serie)#cite_note-7\">7<\/a><\/sup> \u00c9sta implement\u00f3 la versi\u00f3n 1.5 del motor <i>Frostbite<\/i>, lo que le permiti\u00f3 tener a\u00fan mayor destructibilidad del ambiente, al punto de que edificios enteros puedan ser derrumbados. A diferencia de su predecesor, \u00e9ste s\u00ed fue lanzado para PC, lo que le vali\u00f3 mayor \u00e9xito que <i>Bad Company<\/i>. La secuela recibi\u00f3 luego una expansi\u00f3n llamada <i>Battlefield: Bad Company 2 Vietnam<\/i>. Tambi\u00e9n en 2010 fue lanzado el segundo juego del tipo <i>Play 4 Free<\/i>, <i>Battlefield Play4free<\/i>. Al igual que su predecesor, <i>Heroes<\/i>, este tambi\u00e9n es gratuito, pero se presenta en primera persona y no contiene el elemento caricaturesco, sino que posee mapas de <i>Battlefield 2<\/i> adaptados y algunos nuevos.<\/p>\n<p>El 25 de octubre de 2011 fue lanzado <a title=\"Battlefield 3\" href=\"https:\/\/es.wikipedia.org\/wiki\/Battlefield_3\">Battlefield 3<\/a>, secuela de <i>Battlefield 2<\/i>, utilizando el nuevo motor gr\u00e1fico <a title=\"Frostbite\" href=\"https:\/\/es.wikipedia.org\/wiki\/Frostbite\">Frostbite 2<\/a>. Adem\u00e1s de poseer una gran calidad gr\u00e1fica, reincorpor\u00f3 algunos elementos que fueron eliminados a partir de <i>Bad Company<\/i>, como la habilidad de ponerse cuerpo a tierra y los aviones en el modo multijugador. Una gran innovaci\u00f3n en <i>Battlefield 3<\/i> es el sistema de estad\u00edsticas, buscador de servidores y amigos de <i>Battlelog<\/i>. Fueron posteriormente lanzados cinco paquetes de expansi\u00f3n, <a title=\"Battlefield 3\" href=\"https:\/\/es.wikipedia.org\/wiki\/Battlefield_3#Expansiones_y_DLC\">Back to Karkand<\/a> (incluye cuatro mapas de <i>Battlefield 2<\/i>), <a title=\"Battlefield 3\" href=\"https:\/\/es.wikipedia.org\/wiki\/Battlefield_3#Expansiones_y_DLC\">Close Quarters<\/a> (orientada al combate cerrado puramente de infanter\u00eda), <a title=\"Battlefield 3\" href=\"https:\/\/es.wikipedia.org\/wiki\/Battlefield_3#Expansiones_y_DLC\">Armored Kill<\/a> (orientado al combate entre blindados y grandes mapas), <a title=\"Battlefield 3\" href=\"https:\/\/es.wikipedia.org\/wiki\/Battlefield_3#Expansiones_y_DLC\">Aftermath<\/a> (ambientado en la ciudad de <a title=\"Teher\u00e1n\" href=\"https:\/\/es.wikipedia.org\/wiki\/Teher%C3%A1n\">Teher\u00e1n<\/a> arrasada por un terremoto) y una \u00faltima entrega llamada <a title=\"Battlefield 3\" href=\"https:\/\/es.wikipedia.org\/wiki\/Battlefield_3#Expansiones_y_DLC\">End Game<\/a> (orientado a batallas a\u00e9reas y cooperaci\u00f3n entre jugadores).<\/p>\n<p>El 17 de julio de 2012 se anunci\u00f3 en la p\u00e1gina web de EA que quienes reserven <a title=\"Medal of Honor: Warfighter\" href=\"https:\/\/es.wikipedia.org\/wiki\/Medal_of_Honor:_Warfighter\">Medal of Honor: Warfighter<\/a> se les otorgar\u00e1 un c\u00f3digo para la Beta exclusiva de Battlefield 4 en alg\u00fan momento de 2013. Aparentemente, Battlefield 4 fue lanzado para las <a title=\"Videoconsolas de octava generaci\u00f3n\" href=\"https:\/\/es.wikipedia.org\/wiki\/Videoconsolas_de_octava_generaci%C3%B3n\">Consolas de siguiente generaci\u00f3n<\/a>, para <a title=\"PlayStation 4\" href=\"https:\/\/es.wikipedia.org\/wiki\/PlayStation_4\">PlayStation 4<\/a>, <a title=\"Wii U\" href=\"https:\/\/es.wikipedia.org\/wiki\/Wii_U\">Wii U<\/a> o la <a title=\"Xbox One\" href=\"https:\/\/es.wikipedia.org\/wiki\/Xbox_One\">Xbox One<\/a> y para ordenador. Sin embargo la nueva entrega fue lanzada en octubre de 2013 para las consolas PlayStation 3, PlayStation 4, Xbox 360, Xbox One y el ordenador. Battlefield 4 implemento un nuevo motor gr\u00e1fico, <a title=\"Frostbite\" href=\"https:\/\/es.wikipedia.org\/wiki\/Frostbite\">Frostbite 3<\/a>. Despu\u00e9s de la salida del videojuego, se lanzaron cinco DLCs, siendo \u00e9stos; Battlefield 4: China Rising, Battlefield 4: Naval Strike, Battlefield 4: Second Assault, Battlefield 4: Dragon`s Teeth y Battlefield 4: Final Stand.<\/p>\n<p>En honor al d\u00e9cimo aniversario de la franquicia, EA y <a title=\"EA Digital Illusions CE\" href=\"https:\/\/es.wikipedia.org\/wiki\/EA_Digital_Illusions_CE\">DICE<\/a> lanzaron una versi\u00f3n gratuita del juego original de la franquicia, <i>Battlefield 1942<\/i>. Esta versi\u00f3n posee las mismas caracter\u00edsticas que la original, pero no se puede jugar en servidores previos a este nuevo lanzamiento debido a ciertas modificaciones que tuvieron que hacerse al juego para poder ser distribuido digital y gratuitamente.<\/p>\n<p>En mayo del 2014 fue anunciado <a title=\"Battlefield: Hardline\" href=\"https:\/\/es.wikipedia.org\/wiki\/Battlefield:_Hardline\">Battlefield: Hardline<\/a>. Esta nueva entrega, abandona la tem\u00e1tica militar para enfoncarse en una tem\u00e1tica policial. El juego se enfonca por primera vez en un ambiente puramente urbano, en el cual los jugadores pueden formar parte de dos equipos distintos; uno es un equipo de ladrones que deben cometer distintos tipos de robos; mientras que el segundo equipo, son unidades especiales de la policia, que deben evitar los sucesivos robos. El juego estaba previsto para octubre de ese mismo a\u00f1o. Sin embargo, durante la Beta del juego para las plataformas <a title=\"PlayStation 4\" href=\"https:\/\/es.wikipedia.org\/wiki\/PlayStation_4\">PlayStation 4<\/a> y <a title=\"Computadora personal\" href=\"https:\/\/es.wikipedia.org\/wiki\/Computadora_personal\">PC<\/a> que inicio en junio y termino julio , muchos jugadores criticaron negativamente algunos aspectos, por lo que la compa\u00f1\u00eda decidi\u00f3 atrasarlo hasta principios de 2015.Finalmente el videojuego fue lanzado el 18 de marzo de 2015, para las Plataformas <a title=\"Xbox One\" href=\"https:\/\/es.wikipedia.org\/wiki\/Xbox_One\">Xbox One<\/a>, <a title=\"Xbox 360\" href=\"https:\/\/es.wikipedia.org\/wiki\/Xbox_360\">Xbox 360<\/a>, <a title=\"PlayStation 3\" href=\"https:\/\/es.wikipedia.org\/wiki\/PlayStation_3\">PlayStation 3<\/a>, <a title=\"PlayStation 4\" href=\"https:\/\/es.wikipedia.org\/wiki\/PlayStation_4\">PlayStation 4<\/a> y PC<\/p>\n<p>El 6 de mayo de 2016, <a title=\"Battlefield 1\" href=\"https:\/\/es.wikipedia.org\/wiki\/Battlefield_1\">Battlefield 1<\/a> fue confirmado oficialmente por Electronic Arts. Es el primer t\u00edtulo de la serie ambientado durante la <a title=\"Primera Guerra Mundial\" href=\"https:\/\/es.wikipedia.org\/wiki\/Primera_Guerra_Mundial\">Primera Guerra Mundial<\/a>.<\/p>\n<p>&nbsp;<\/p>\n<p>El primer y m\u00e1s com\u00fan modo de juego en toda la serie <i>Battlefield<\/i> es <i>Conquista<\/i>. Consiste en dos equipos que se enfrentan por el control de puntos de control o \"banderas\", las mismas se <i>capturan<\/i> manteni\u00e9ndose cerca de ellas hasta que su bandera cambie a la propia.<\/p>\n<p>A medida que fueron lanzados m\u00e1s t\u00edtulos, la cantidad de modos de juego fue aumentando. Caben destacar:<\/p>\n<ul>\n<li><i><b>Rush<\/b><\/i> o <b>asalto<\/b>: Un equipo, denominado <i>atacante<\/i> debe colocar cargas explosivas en dos objetivos predeterminados. Cuando estos son destruidos se avanza a la siguiente fase donde se realiza lo mismo. El equipo defensor debe defender los objetivos hasta que los puntos enemigos lleguen a cero.<\/li>\n<li><i><b>Conquest Assault<\/b><\/i> o <b>Asalto Conquista<\/b>: La partida comienza con un equipo en posesi\u00f3n de todas las banderas y el equipo enemigo debe capturarlas para vencer.<\/li>\n<\/ul>\n","protected":false},"excerpt":{"rendered":"<p>La franquicia Battlefield es una serie de videojuegos del g\u00e9nero FPS. Desarrollado por la compa\u00f1\u00eda EA Digital Illusions CE y distribuido por Electronic Arts. Los juegos se centran en el combate por equipos en grandes mapas, haciendo \u00e9nfasis en el trabajo en equipo, tanto de infanter\u00eda como de veh\u00edculos de tierra, aire y agua. La [&hellip;]<\/p>\n","protected":false},"author":10729,"featured_media":40,"parent":0,"menu_order":0,"comment_status":"closed","ping_status":"closed","template":"","meta":{"footnotes":""},"class_list":["post-8","page","type-page","status-publish","has-post-thumbnail","hentry"],"_links":{"self":[{"href":"https:\/\/blog.espol.edu.ec\/leoenmen\/wp-json\/wp\/v2\/pages\/8","targetHints":{"allow":["GET"]}}],"collection":[{"href":"https:\/\/blog.espol.edu.ec\/leoenmen\/wp-json\/wp\/v2\/pages"}],"about":[{"href":"https:\/\/blog.espol.edu.ec\/leoenmen\/wp-json\/wp\/v2\/types\/page"}],"author":[{"embeddable":true,"href":"https:\/\/blog.espol.edu.ec\/leoenmen\/wp-json\/wp\/v2\/users\/10729"}],"replies":[{"embeddable":true,"href":"https:\/\/blog.espol.edu.ec\/leoenmen\/wp-json\/wp\/v2\/comments?post=8"}],"version-history":[{"count":2,"href":"https:\/\/blog.espol.edu.ec\/leoenmen\/wp-json\/wp\/v2\/pages\/8\/revisions"}],"predecessor-version":[{"id":69,"href":"https:\/\/blog.espol.edu.ec\/leoenmen\/wp-json\/wp\/v2\/pages\/8\/revisions\/69"}],"wp:featuredmedia":[{"embeddable":true,"href":"https:\/\/blog.espol.edu.ec\/leoenmen\/wp-json\/wp\/v2\/media\/40"}],"wp:attachment":[{"href":"https:\/\/blog.espol.edu.ec\/leoenmen\/wp-json\/wp\/v2\/media?parent=8"}],"curies":[{"name":"wp","href":"https:\/\/api.w.org\/{rel}","templated":true}]}}