{"id":18,"date":"2016-05-30T22:44:57","date_gmt":"2016-05-30T22:44:57","guid":{"rendered":"http:\/\/blog.espol.edu.ec\/lesjcald\/?page_id=18"},"modified":"2016-06-01T23:09:21","modified_gmt":"2016-06-01T23:09:21","slug":"ciudad-otavalo","status":"publish","type":"page","link":"https:\/\/blog.espol.edu.ec\/lesjcald\/ciudad-otavalo\/","title":{"rendered":"Acerca de"},"content":{"rendered":"<p><em><b>Imbabura<\/b> es una provincia de la Sierra Norte de Ecuador, conocida como la <b>\"Provincia de los Lagos\"<\/b> por la cantidad de lagos grandes que se encuentran dentro de la provincia, como son el lago San Pablo y las lagunas de Cuicocha, Yahuarcocha <img loading=\"lazy\" decoding=\"async\" class=\"size-medium wp-image-24 alignleft\" src=\"http:\/\/blog.espol.edu.ec\/lesjcald\/files\/2016\/05\/otavalo_imbabura-300x201.jpg\" alt=\"otavalo_imbabura\" width=\"300\" height=\"201\" srcset=\"https:\/\/blog.espol.edu.ec\/lesjcald\/files\/2016\/05\/otavalo_imbabura-300x201.jpg 300w, https:\/\/blog.espol.edu.ec\/lesjcald\/files\/2016\/05\/otavalo_imbabura-768x514.jpg 768w, https:\/\/blog.espol.edu.ec\/lesjcald\/files\/2016\/05\/otavalo_imbabura-1024x686.jpg 1024w, https:\/\/blog.espol.edu.ec\/lesjcald\/files\/2016\/05\/otavalo_imbabura.jpg 1440w\" sizes=\"auto, (max-width: 300px) 100vw, 300px\" \/>(\"lago de sangre\") y Puruhanta en Pimampiro, as\u00ed como otros menores: laguna San Marcos, lagunas de Pi\u00f1\u00e1n, lagos de Mojanda y Laguna Negra entre Sigsipamba y Monte. La capital de la provincia es Ibarra y las principales ciudades son Cotacachi, Otavalo, Atuntaqui, Pimampiro y Urcuqui.<br \/>\n<\/em><\/p>\n<p><em>Aparte de sus lagos, la provincia tiene muchos otros puntos de inter\u00e9s, por ejemplo los volcanes Imbabura y Cotacachi. La provincia tambi\u00e9n es conocida por sus contrastes poblacionales es as\u00ed que la poblaci\u00f3n est\u00e1 marcada por diferentes factores demogr\u00e1ficos, adem\u00e1s desde siempre ha sido n\u00facleo de artesan\u00edas y cultura. Adem\u00e1s tiene dos zonas clim\u00e1ticas: la primera c\u00e1lida y seca o estepa, conocida como la Hoya del Chota donde tambi\u00e9n se encuentra la capital Ecuador y las c\u00e1lidas subtropical andina, conocidas como la zona de Intag y la\u00a0de Lita (l\u00edmite con la provincia de Esmeraldas). Imbabura tiene una poblaci\u00f3n de 398244 habitantes, seg\u00fan los datos del INEC (2010).<\/em><\/p>\n<p><em>Seg\u00fan el \u00faltimo ordenamiento territorial, la provincia de Imbabura pertenece a la Regi\u00f3n Norte\u00a0(Ecuador)comprendida tambi\u00e9n por las provincias de Carchi, Sucumbios y Esmeraldas. La capital, Ibarra, es a su vez capital de la provincia y de la regi\u00f3n.<br \/>\n<\/em><\/p>\n<form id=\"vozme_form_66f4241bf91dc2f4746f86a7851678ef\" method=\"post\" name=\"vozme_form_66f4241bf91dc2f4746f86a7851678ef\" target=\"66f4241bf91dc2f4746f86a7851678ef\" action=\"http:\/\/vozme.com\/text2voice.php\"><input name=\"text\" type=\"hidden\" value=\"Acerca de. Imbabura es una provincia de la Sierra Norte de Ecuador, conocida como la &quot;Provincia de los Lagos&quot; por la cantidad de lagos grandes que se encuentran dentro de la provincia, como son el lago San Pablo y las lagunas de Cuicocha, Yahuarcocha (&quot;lago de sangre&quot;) y Puruhanta en Pimampiro, as\u00ed como otros menores: laguna San Marcos, lagunas de Pi\u00f1\u00e1n, lagos de Mojanda y Laguna Negra entre Sigsipamba y Monte. La capital de la provincia es Ibarra y las principales ciudades son Cotacachi, Otavalo, Atuntaqui, Pimampiro y Urcuqui.\n\nAparte de sus lagos, la provincia tiene muchos otros puntos de inter\u00e9s, por ejemplo los volcanes Imbabura y Cotacachi. La provincia tambi\u00e9n es conocida por sus contrastes poblacionales es as\u00ed que la poblaci\u00f3n est\u00e1 marcada por diferentes factores demogr\u00e1ficos, adem\u00e1s desde siempre ha sido n\u00facleo de artesan\u00edas y cultura. Adem\u00e1s tiene dos zonas clim\u00e1ticas: la primera c\u00e1lida y seca o estepa, conocida como la Hoya del Chota donde tambi\u00e9n se encuentra la capital Ecuador y las c\u00e1lidas subtropical andina, conocidas como la zona de Intag y la\u00a0de Lita (l\u00edmite con la provincia de Esmeraldas). Imbabura tiene una poblaci\u00f3n de 398244 habitantes, seg\u00fan los datos del INEC (2010).\nSeg\u00fan el \u00faltimo ordenamiento territorial, la provincia de Imbabura pertenece a la Regi\u00f3n Norte\u00a0(Ecuador)comprendida tambi\u00e9n por las provincias de Carchi, Sucumbios y Esmeraldas. La capital, Ibarra, es a su vez capital de la provincia y de la regi\u00f3n.\n\n\" \/><input name=\"lang\" type=\"hidden\" value=\"en\" \/><input name=\"gn\" type=\"hidden\" value=\"ml\" \/><input type=\"hidden\" id=\"interface\" name=\"interface\" value=\"full\" \/>\n\t\t\t<div style=\"margin-left:40%;\">\n\t\t\t\n\t\t\t\t<input style=\"float:left;\" type=\"image\" width=\"40\" height=\"40\" src=\"http:\/\/blog.espol.edu.ec\/lesjcald\/wp-content\/plugins\/vozme\/img\/megaphone40x40w.gif\" alt=\"Hear this post\" onclick=\"window.open('', '66f4241bf91dc2f4746f86a7851678ef', 'width=600,height=370,scrollbars=yes,location=yes,menubar=yes,resizable=yes,status=yes,toolbar=yes');\">\n\t\t\t\t<div style=\"margin-left:48px; text-align:left;\"><a style=\"font-size:12px;\" href=\"javascript:void(0);\" onclick=\"window.open('', '66f4241bf91dc2f4746f86a7851678ef', 'width=600,height=370,scrollbars=yes,location=yes,menubar=yes,resizable=yes,status=yes,toolbar=yes'); document.getElementById('vozme_form_66f4241bf91dc2f4746f86a7851678ef').submit();\">Hear<br\/>this post<\/a><\/div>\n\t\t\t<\/div><\/form>","protected":false},"excerpt":{"rendered":"<p>Imbabura es una provincia de la Sierra Norte de Ecuador, conocida como la \"Provincia de los Lagos\" por la cantidad de lagos grandes que se encuentran dentro de la provincia, como son el lago San Pablo y las lagunas de Cuicocha, Yahuarcocha (\"lago de sangre\") y Puruhanta en Pimampiro, as\u00ed como otros menores: laguna San [&hellip;]<\/p>\n","protected":false},"author":10362,"featured_media":0,"parent":0,"menu_order":0,"comment_status":"closed","ping_status":"closed","template":"","meta":{"footnotes":""},"class_list":["post-18","page","type-page","status-publish","hentry"],"_links":{"self":[{"href":"https:\/\/blog.espol.edu.ec\/lesjcald\/wp-json\/wp\/v2\/pages\/18","targetHints":{"allow":["GET"]}}],"collection":[{"href":"https:\/\/blog.espol.edu.ec\/lesjcald\/wp-json\/wp\/v2\/pages"}],"about":[{"href":"https:\/\/blog.espol.edu.ec\/lesjcald\/wp-json\/wp\/v2\/types\/page"}],"author":[{"embeddable":true,"href":"https:\/\/blog.espol.edu.ec\/lesjcald\/wp-json\/wp\/v2\/users\/10362"}],"replies":[{"embeddable":true,"href":"https:\/\/blog.espol.edu.ec\/lesjcald\/wp-json\/wp\/v2\/comments?post=18"}],"version-history":[{"count":5,"href":"https:\/\/blog.espol.edu.ec\/lesjcald\/wp-json\/wp\/v2\/pages\/18\/revisions"}],"predecessor-version":[{"id":25,"href":"https:\/\/blog.espol.edu.ec\/lesjcald\/wp-json\/wp\/v2\/pages\/18\/revisions\/25"}],"wp:attachment":[{"href":"https:\/\/blog.espol.edu.ec\/lesjcald\/wp-json\/wp\/v2\/media?parent=18"}],"curies":[{"name":"wp","href":"https:\/\/api.w.org\/{rel}","templated":true}]}}