{"id":31,"date":"2016-06-01T23:52:04","date_gmt":"2016-06-01T23:52:04","guid":{"rendered":"http:\/\/blog.espol.edu.ec\/lesjcald\/?page_id=31"},"modified":"2016-06-02T00:30:00","modified_gmt":"2016-06-02T00:30:00","slug":"lugares-turisticos","status":"publish","type":"page","link":"https:\/\/blog.espol.edu.ec\/lesjcald\/lugares-turisticos\/","title":{"rendered":"Lugares Tur\u00edsticos"},"content":{"rendered":"<h1 style=\"text-align: center\"><strong><em>Cascada de Peguche, Otaval<\/em><\/strong><strong><em>o<\/em><\/strong><\/h1>\n<h1><strong><em><img loading=\"lazy\" decoding=\"async\" class=\" wp-image-32 aligncenter\" src=\"http:\/\/blog.espol.edu.ec\/lesjcald\/files\/2016\/06\/6223850123_cd385c4542_b-300x199.jpg\" alt=\"6223850123_cd385c4542_b\" width=\"375\" height=\"249\" srcset=\"https:\/\/blog.espol.edu.ec\/lesjcald\/files\/2016\/06\/6223850123_cd385c4542_b-300x199.jpg 300w, https:\/\/blog.espol.edu.ec\/lesjcald\/files\/2016\/06\/6223850123_cd385c4542_b-768x510.jpg 768w, https:\/\/blog.espol.edu.ec\/lesjcald\/files\/2016\/06\/6223850123_cd385c4542_b.jpg 1024w\" sizes=\"auto, (max-width: 375px) 100vw, 375px\" \/><\/em><\/strong><\/h1>\n<p style=\"text-align: justify\">Ubicada en la comunidad de Peguche, a tan s\u00f3lo 5 minutos al noroeste de la ciudad de Otavalo. La Cascada de \u00a0Peguche \u00a0es un hermoso salto de agua de 18 m de altura, formada por las aguas del r\u00edo del mismo nombre, que nace en el lago San Pablo.\u00a0 La cascada es uno de los atractivos tur\u00edsticos m\u00e1s importantes de Otavalo. Debido a su cercan\u00eda y f\u00e1cil acceso, varios turistas y visitantes acuden al sector para conocerla y disfrutar de un paisaje \u00fanico.<\/p>\n<h1 style=\"text-align: center\"><strong><em>Termas Chachimbiro<\/em><\/strong><\/h1>\n<h1 style=\"text-align: center\"><strong><em><img loading=\"lazy\" decoding=\"async\" class=\"size-medium wp-image-36 aligncenter\" src=\"http:\/\/blog.espol.edu.ec\/lesjcald\/files\/2016\/06\/IMG_6131-300x200.jpg\" alt=\"IMG_6131\" width=\"300\" height=\"200\" srcset=\"https:\/\/blog.espol.edu.ec\/lesjcald\/files\/2016\/06\/IMG_6131-300x200.jpg 300w, https:\/\/blog.espol.edu.ec\/lesjcald\/files\/2016\/06\/IMG_6131.jpg 640w\" sizes=\"auto, (max-width: 300px) 100vw, 300px\" \/><\/em><\/strong><\/h1>\n<p style=\"text-align: justify\">Cortinas de vapor se levantan desde los pliegues nororientales del volc\u00e1n Cotacachi. Es la huella que dejan las aguas termales que avanzan como una serpiente desde las vertientes de los cerros Pucar\u00e1 y Huada. El sonoro riachuelo, recalentado en las entra\u00f1as mismas de la tierra se abre paso a 55\u00ba C. por la planicie espinosa de la monta\u00f1a.<\/p>\n<p style=\"text-align: justify\">El agua cae, limpia y pura para alimentar las piscinas del complejo recreacional levantado en el coraz\u00f3n de la microcuenca de Chachimbiro. Este maravilloso para\u00edso est\u00e1 cubierto por una alfombra vegetal que contrasta con el panorama des\u00e9rtico de los alrededores.<\/p>\n<p><b>Ubicaci\u00f3n<\/b><br \/>\nUbicada 6 kil\u00f3metros al Sur Oeste de Tumbabiro y custodiado por el volc\u00e1n Cotacachi y el cerro Yanahurco.<\/p>\n<p><b>Clima<\/b><br \/>\nEl clima es c\u00e1lido seco con una temperatura promedia entre 20\u00ba y 22\u00ba C. se refresca peri\u00f3dicamente con las r\u00e1fagas de viento que llegan desde las monta\u00f1as.<\/p>\n<p><img loading=\"lazy\" decoding=\"async\" class=\"alignleft\" src=\"http:\/\/www.viajandox.com\/imbabura\/termas-chachimbiro-urcuqui3.jpg\" alt=\"\" width=\"206\" height=\"138\" border=\"0\" hspace=\"8\" \/><\/p>\n<p style=\"text-align: center\"><strong>Biodiversidad<\/strong><\/p>\n<p style=\"text-align: justify\">En los alrededores de la terma existen \u00e1rboles de quishuar, chol\u00e1n, el pumamaqui que son f\u00e1ciles de observar. En total existen 70 especies de plantas catalogadas. En las inmediaciones de la terma se pueden observar curiquingues, t\u00f3rtolas, quindes. Son identificadas.<\/p>\n<p><img loading=\"lazy\" decoding=\"async\" class=\"alignleft\" src=\"http:\/\/www.viajandox.com\/imbabura\/termas-chachimbiro-urcuqui4.jpg\" alt=\"\" width=\"217\" height=\"147\" border=\"0\" hspace=\"8\" \/><\/p>\n<p style=\"text-align: center\"><strong>Atractivos<\/strong><\/p>\n<p style=\"text-align: justify\">\u2022 <i><b>\u00c1rea Recreativa<\/b><\/i>: Esta \u00e1rea consta de juegos y piscinas para ni\u00f1os, tobog\u00e1n y piscinas de recreaci\u00f3n, sal\u00f3n de juegos, discoteca y karaoke bar, barromasaje, turco natural, paseos a caballo, senderos ecol\u00f3gicos, pesca deportiva y tarabita para el deleite de quienes la visiten.<\/p>\n<p>\u2022 <i><b>\u00c1rea de Agro ecolog\u00eda y educaci\u00f3n Ambiental<\/b><\/i>: Esta \u00e1rea esta compuesta por las zonas de Agricultura ecol\u00f3gica como horticultura y cultivos asociados. Zona de Apicultura y piscicultura, zona de Cunicultura o y Viveros de especies nativas.<\/p>\n<h1 style=\"text-align: center\"><strong><em>Ciudad de Otavalo<\/em><\/strong><\/h1>\n<p style=\"text-align: justify\">Otavalo se encuentra ubicado en la provincia de Imbabura, a 110 Km al norte de la ciudad de Quito\u00a0 y a 2530 metros sobre el nivel del mar. Cuenta con una enorme riqueza cultural en la que sus habitantes mantienen su identidad, fortalecida por mitos, leyendas, costumbres y tradiciones. Actualmente Otavalo es uno de los destinos tur\u00edsticos m\u00e1s importantes del Ecuador, rodeado de monta\u00f1as, lagunas, r\u00edos, quebradas y vertientes hacen de esta peque\u00f1a ciudad un para\u00edso al que siempre se vuelve. La ciudad de Otavalo es reconocida mundialmente por el famoso mercado ind\u00edgena de artesan\u00edas, donde se puede encontrar millones de art\u00edculos hechos a mano, en algod\u00f3n, lana, cuero, madera, cer\u00e1mica, etc<img decoding=\"async\" src=\"http:\/\/govacationsgo.com\/wp-content\/uploads\/2016\/05\/Plaza-de-los-Ponchos.jpg\" alt=\"\" \/><\/p>\n<h1 style=\"text-align: center\"><strong><em>Parque\u00a0<\/em><\/strong><b><i>C\u00f3ndor<\/i><\/b><\/h1>\n<p>Uno de los objetivos del parque es \u201cContribuir a la protecci\u00f3n, rescate, rehabilitaci\u00f3n y posible reintroducci\u00f3n del C\u00f3ndor Andino, b\u00fahos y aves rapaces a su h\u00e1bitat e incentivar su investigaci\u00f3n cient\u00edfica\u201d.Ninguna de las aves que llegan al parque a sido tomada directamente de la naturaleza, son rescatadas de ambientes inadecuados donadas o llegan por medio del Ministerio del Ambiente.<\/p>\n<p><b>Ubicaci\u00f3n<\/b><br \/>\nUbicado en Curi Loma, se ingresa por la Panamericana, a la altura de la gasolinera a la entrada de Otavalo, avanzando hasta la calle Piedrahita en la ciudad de Otavalo; 5 Km de camino, perfectamente se\u00f1alizado nos lleva hasta la entrada misma del parque.<\/p>\n<p><img decoding=\"async\" class=\"aligncenter\" src=\"http:\/\/viajesyprecios.com\/wp-content\/gallery\/parque-condor\/parque-img_8584.jpg\" alt=\"\" \/><\/p>\n<h1 style=\"text-align: center\"><strong><em>Tren Ecuador<\/em><\/strong><\/h1>\n<p>Tren Ecuador tiene en Imbabura una de sus rutas m\u00e1s bellas, atravesando t\u00faneles y puentes de v\u00e9rtigo en el Tren de la Libertad, que recorre gran parte de la regi\u00f3n desde Otavalo hasta Salinas.<\/p>\n<p>La ruta tendr\u00e1 salidas especiales el lunes 8 y martes 9 para que nadie se quede sin subir al tren, por lo que sumando las salidas habituales de los viernes, s\u00e1bados y domingos, m\u00e1s de 360 turistas podr\u00e1n subirse al tren durante el feriado de carnaval.<\/p>\n<p>Por esta raz\u00f3n, la gerente de la Filial Norte de Ferrocarriles del Ecuador, Mayra Maya, acompa\u00f1\u00f3 en una rueda de prensa en el GAD de la ciudad de Ibarra a autoridades de los diferentes gobiernos regionales, locales e instituciones tur\u00edsticas p\u00fablicas y privadas para presentar todas las actividades especiales en torno al Carnaval.<\/p>\n<p>El Tren de la Libertad ofrece a los visitantes de la regi\u00f3n una forma diferente de conocer los incre\u00edbles paisajes de la zona desde una perspectiva \u00fanica, sumergi\u00e9ndose al mismo tiempo en la historia y la cultura ind\u00edgena y afroamericana, a trav\u00e9s de los numerosos emprendimientos que ofrecen demostraciones culturales y gastron\u00f3micas en las diferentes paradas de la ruta.<\/p>\n<p><img decoding=\"async\" class=\"aligncenter\" src=\"http:\/\/3.bp.blogspot.com\/-zN69gm2wl7Y\/VcOzoR7hQDI\/AAAAAAAAQxo\/PTSTekLvx-I\/s1600\/Turismo-en-Ecuador-Viaje-turistico-en-Tren-Tour-tren-de-los-Lagos.jpg\" alt=\"\" \/><\/p>\n<h1 style=\"text-align: center\"><strong><em>Yachay Ciudad del Conocimiento<\/em><\/strong><\/h1>\n<p style=\"text-align: justify\">Ciudad planificada para la innovaci\u00f3n tecnol\u00f3gica y negocios\u00a0intensivos en conocimiento, donde se combinan las mejores\u00a0ideas, talento humano e infraestructura de punta, que generan\u00a0las aplicaciones cient\u00edficas de nivel mundial necesarias para\u00a0alcanzar el buen vivir.<\/p>\n<p style=\"text-align: justify\">Dentro de la ciudad se implementar\u00e1\u00a0y vincular\u00e1 la Primera Universidad de Investigaci\u00f3n de\u00a0Tecnolog\u00eda Experimental, con los institutos p\u00fablicos y privados\u00a0de investigaci\u00f3n, los centros de transferencia tecnol\u00f3gica,\u00a0las empresas de alta tecnolog\u00eda y la comunidad agr\u00edcola y\u00a0agro industrial del Ecuador, configurando de esta manera el primer hub del conocimiento de Am\u00e9rica Latina.<\/p>\n<p><img decoding=\"async\" class=\"aligncenter\" src=\"http:\/\/multimedia.ecuavisa.com\/sites\/default\/files\/fotos\/2015\/08\/04-08-2015-yachay.jpg\" alt=\"\" \/><\/p>\n<p style=\"text-align: center\">\n<form id=\"vozme_form_0d9fdae907cbb71aa2d109efd71cf791\" method=\"post\" name=\"vozme_form_0d9fdae907cbb71aa2d109efd71cf791\" target=\"0d9fdae907cbb71aa2d109efd71cf791\" action=\"http:\/\/vozme.com\/text2voice.php\"><input name=\"text\" type=\"hidden\" value=\"Lugares Tur\u00edsticos. Cascada de Peguche, Otavalo\n\nUbicada en la comunidad de Peguche, a tan s\u00f3lo 5 minutos al noroeste de la ciudad de Otavalo. La Cascada de \u00a0Peguche \u00a0es un hermoso salto de agua de 18 m de altura, formada por las aguas del r\u00edo del mismo nombre, que nace en el lago San Pablo.\u00a0 La cascada es uno de los atractivos tur\u00edsticos m\u00e1s importantes de Otavalo. Debido a su cercan\u00eda y f\u00e1cil acceso, varios turistas y visitantes acuden al sector para conocerla y disfrutar de un paisaje \u00fanico.\nTermas Chachimbiro\n\nCortinas de vapor se levantan desde los pliegues nororientales del volc\u00e1n Cotacachi. Es la huella que dejan las aguas termales que avanzan como una serpiente desde las vertientes de los cerros Pucar\u00e1 y Huada. El sonoro riachuelo, recalentado en las entra\u00f1as mismas de la tierra se abre paso a 55\u00ba C. por la planicie espinosa de la monta\u00f1a.\nEl agua cae, limpia y pura para alimentar las piscinas del complejo recreacional levantado en el coraz\u00f3n de la microcuenca de Chachimbiro. Este maravilloso para\u00edso est\u00e1 cubierto por una alfombra vegetal que contrasta con el panorama des\u00e9rtico de los alrededores.\nUbicaci\u00f3n\nUbicada 6 kil\u00f3metros al Sur Oeste de Tumbabiro y custodiado por el volc\u00e1n Cotacachi y el cerro Yanahurco.\nClima\nEl clima es c\u00e1lido seco con una temperatura promedia entre 20\u00ba y 22\u00ba C. se refresca peri\u00f3dicamente con las r\u00e1fagas de viento que llegan desde las monta\u00f1as.\n\nBiodiversidad\nEn los alrededores de la terma existen \u00e1rboles de quishuar, chol\u00e1n, el pumamaqui que son f\u00e1ciles de observar. En total existen 70 especies de plantas catalogadas. En las inmediaciones de la terma se pueden observar curiquingues, t\u00f3rtolas, quindes. Son identificadas.\n\nAtractivos\n\u2022 \u00c1rea Recreativa: Esta \u00e1rea consta de juegos y piscinas para ni\u00f1os, tobog\u00e1n y piscinas de recreaci\u00f3n, sal\u00f3n de juegos, discoteca y karaoke bar, barromasaje, turco natural, paseos a caballo, senderos ecol\u00f3gicos, pesca deportiva y tarabita para el deleite de quienes la visiten.\n\u2022 \u00c1rea de Agro ecolog\u00eda y educaci\u00f3n Ambiental: Esta \u00e1rea esta compuesta por las zonas de Agricultura ecol\u00f3gica como horticultura y cultivos asociados. Zona de Apicultura y piscicultura, zona de Cunicultura o y Viveros de especies nativas.\nCiudad de Otavalo\nOtavalo se encuentra ubicado en la provincia de Imbabura, a 110 Km al norte de la ciudad de Quito\u00a0 y a 2530 metros sobre el nivel del mar. Cuenta con una enorme riqueza cultural en la que sus habitantes mantienen su identidad, fortalecida por mitos, leyendas, costumbres y tradiciones. Actualmente Otavalo es uno de los destinos tur\u00edsticos m\u00e1s importantes del Ecuador, rodeado de monta\u00f1as, lagunas, r\u00edos, quebradas y vertientes hacen de esta peque\u00f1a ciudad un para\u00edso al que siempre se vuelve. La ciudad de Otavalo es reconocida mundialmente por el famoso mercado ind\u00edgena de artesan\u00edas, donde se puede encontrar millones de art\u00edculos hechos a mano, en algod\u00f3n, lana, cuero, madera, cer\u00e1mica, etc\nParque\u00a0C\u00f3ndor\nUno de los objetivos del parque es \u201cContribuir a la protecci\u00f3n, rescate, rehabilitaci\u00f3n y posible reintroducci\u00f3n del C\u00f3ndor Andino, b\u00fahos y aves rapaces a su h\u00e1bitat e incentivar su investigaci\u00f3n cient\u00edfica\u201d.Ninguna de las aves que llegan al parque a sido tomada directamente de la naturaleza, son rescatadas de ambientes inadecuados donadas o llegan por medio del Ministerio del Ambiente.\nUbicaci\u00f3n\nUbicado en Curi Loma, se ingresa por la Panamericana, a la altura de la gasolinera a la entrada de Otavalo, avanzando hasta la calle Piedrahita en la ciudad de Otavalo; 5 Km de camino, perfectamente se\u00f1alizado nos lleva hasta la entrada misma del parque.\n\nTren Ecuador\nTren Ecuador tiene en Imbabura una de sus rutas m\u00e1s bellas, atravesando t\u00faneles y puentes de v\u00e9rtigo en el Tren de la Libertad, que recorre gran parte de la regi\u00f3n desde Otavalo hasta Salinas.\nLa ruta tendr\u00e1 salidas especiales el lunes 8 y martes 9 para que nadie se quede sin subir al tren, por lo que sumando las salidas habituales de los viernes, s\u00e1bados y domingos, m\u00e1s de 360 turistas podr\u00e1n subirse al tren durante el feriado de carnaval.\nPor esta raz\u00f3n, la gerente de la Filial Norte de Ferrocarriles del Ecuador, Mayra Maya, acompa\u00f1\u00f3 en una rueda de prensa en el GAD de la ciudad de Ibarra a autoridades de los diferentes gobiernos regionales, locales e instituciones tur\u00edsticas p\u00fablicas y privadas para presentar todas las actividades especiales en torno al Carnaval.\nEl Tren de la Libertad ofrece a los visitantes de la regi\u00f3n una forma diferente de conocer los incre\u00edbles paisajes de la zona desde una perspectiva \u00fanica, sumergi\u00e9ndose al mismo tiempo en la historia y la cultura ind\u00edgena y afroamericana, a trav\u00e9s de los numerosos emprendimientos que ofrecen demostraciones culturales y gastron\u00f3micas en las diferentes paradas de la ruta.\n\nYachay Ciudad del Conocimiento\nCiudad planificada para la innovaci\u00f3n tecnol\u00f3gica y negocios\u00a0intensivos en conocimiento, donde se combinan las mejores\u00a0ideas, talento humano e infraestructura de punta, que generan\u00a0las aplicaciones cient\u00edficas de nivel mundial necesarias para\u00a0alcanzar el buen vivir.\nDentro de la ciudad se implementar\u00e1\u00a0y vincular\u00e1 la Primera Universidad de Investigaci\u00f3n de\u00a0Tecnolog\u00eda Experimental, con los institutos p\u00fablicos y privados\u00a0de investigaci\u00f3n, los centros de transferencia tecnol\u00f3gica,\u00a0las empresas de alta tecnolog\u00eda y la comunidad agr\u00edcola y\u00a0agro industrial del Ecuador, configurando de esta manera el primer hub del conocimiento de Am\u00e9rica Latina.\n\n\n\" \/><input name=\"lang\" type=\"hidden\" value=\"en\" \/><input name=\"gn\" type=\"hidden\" value=\"ml\" \/><input type=\"hidden\" id=\"interface\" name=\"interface\" value=\"full\" \/>\n\t\t\t<div style=\"margin-left:40%;\">\n\t\t\t\n\t\t\t\t<input style=\"float:left;\" type=\"image\" width=\"40\" height=\"40\" src=\"http:\/\/blog.espol.edu.ec\/lesjcald\/wp-content\/plugins\/vozme\/img\/megaphone40x40w.gif\" alt=\"Hear this post\" onclick=\"window.open('', '0d9fdae907cbb71aa2d109efd71cf791', 'width=600,height=370,scrollbars=yes,location=yes,menubar=yes,resizable=yes,status=yes,toolbar=yes');\">\n\t\t\t\t<div style=\"margin-left:48px; text-align:left;\"><a style=\"font-size:12px;\" href=\"javascript:void(0);\" onclick=\"window.open('', '0d9fdae907cbb71aa2d109efd71cf791', 'width=600,height=370,scrollbars=yes,location=yes,menubar=yes,resizable=yes,status=yes,toolbar=yes'); document.getElementById('vozme_form_0d9fdae907cbb71aa2d109efd71cf791').submit();\">Hear<br\/>this post<\/a><\/div>\n\t\t\t<\/div><\/form>","protected":false},"excerpt":{"rendered":"<p>Cascada de Peguche, Otavalo Ubicada en la comunidad de Peguche, a tan s\u00f3lo 5 minutos al noroeste de la ciudad de Otavalo. La Cascada de \u00a0Peguche \u00a0es un hermoso salto de agua de 18 m de altura, formada por las aguas del r\u00edo del mismo nombre, que nace en el lago San Pablo.\u00a0 La cascada [&hellip;]<\/p>\n","protected":false},"author":10362,"featured_media":0,"parent":0,"menu_order":0,"comment_status":"closed","ping_status":"closed","template":"","meta":{"footnotes":""},"class_list":["post-31","page","type-page","status-publish","hentry"],"_links":{"self":[{"href":"https:\/\/blog.espol.edu.ec\/lesjcald\/wp-json\/wp\/v2\/pages\/31","targetHints":{"allow":["GET"]}}],"collection":[{"href":"https:\/\/blog.espol.edu.ec\/lesjcald\/wp-json\/wp\/v2\/pages"}],"about":[{"href":"https:\/\/blog.espol.edu.ec\/lesjcald\/wp-json\/wp\/v2\/types\/page"}],"author":[{"embeddable":true,"href":"https:\/\/blog.espol.edu.ec\/lesjcald\/wp-json\/wp\/v2\/users\/10362"}],"replies":[{"embeddable":true,"href":"https:\/\/blog.espol.edu.ec\/lesjcald\/wp-json\/wp\/v2\/comments?post=31"}],"version-history":[{"count":4,"href":"https:\/\/blog.espol.edu.ec\/lesjcald\/wp-json\/wp\/v2\/pages\/31\/revisions"}],"predecessor-version":[{"id":38,"href":"https:\/\/blog.espol.edu.ec\/lesjcald\/wp-json\/wp\/v2\/pages\/31\/revisions\/38"}],"wp:attachment":[{"href":"https:\/\/blog.espol.edu.ec\/lesjcald\/wp-json\/wp\/v2\/media?parent=31"}],"curies":[{"name":"wp","href":"https:\/\/api.w.org\/{rel}","templated":true}]}}