{"id":39,"date":"2016-06-02T01:00:42","date_gmt":"2016-06-02T01:00:42","guid":{"rendered":"http:\/\/blog.espol.edu.ec\/lesjcald\/?page_id=39"},"modified":"2016-06-02T01:00:42","modified_gmt":"2016-06-02T01:00:42","slug":"lagos-y-lagunas","status":"publish","type":"page","link":"https:\/\/blog.espol.edu.ec\/lesjcald\/lagos-y-lagunas\/","title":{"rendered":"Lagos y Lagunas"},"content":{"rendered":"<h2>San Pablo<\/h2>\n<div id=\"attachment_2877\" class=\"wp-caption aligncenter\"><a href=\"http:\/\/www.surtrek.org\/blog\/wp-content\/uploads\/2014\/08\/lagos-san-pablo.jpg\"><img loading=\"lazy\" decoding=\"async\" class=\"size-medium wp-image-2877\" src=\"http:\/\/www.surtrek.org\/blog\/wp-content\/uploads\/2014\/08\/lagos-san-pablo-531x360.jpg\" alt=\"El lago San Pablo es el m\u00e1s extenso de la provincia.\" width=\"531\" height=\"360\" \/><\/a><\/p>\n<p class=\"wp-caption-text\">El lago San Pablo es el m\u00e1s extenso de la provincia.<\/p>\n<\/div>\n<p>El lago <strong>San Pablo<\/strong> se encuentra a 4 kil\u00f3metros de la ciudad de <a href=\"http:\/\/www.visitotavalo.com\/\" target=\"_blank\"><strong>Otavalo<\/strong><\/a> y es el lago m\u00e1s grande de la provincia: un \u00f3valo de 3,5 por 2,2 kil\u00f3metros de extensi\u00f3n y una profundidad de 83 metros. Alrededor de este lago est\u00e1n ubicadas varias comunidades de ind\u00edgenas y, por las ma\u00f1anas, es posible mirar c\u00f3mo ellos salen a pescar, algunos en canoas de totora, que es una planta muy com\u00fan alrededor del lago. En las inmediaciones del lago San Pablo encontrar\u00e1 tambi\u00e9n<strong>numerosas hoster\u00edas<\/strong>, en las que podr\u00e1 disfrutar de un c\u00f3modo hospedaje y deportes acu\u00e1ticos como kayak, o dar un paseo por el lago en peque\u00f1os botes o en canoas. Aqu\u00ed es muy popular una competencia anual de nataci\u00f3n que consiste en atravesar el lago.<\/p>\n<h2>Cuicocha<\/h2>\n<div id=\"attachment_2878\" class=\"wp-caption aligncenter\"><a href=\"http:\/\/www.surtrek.org\/blog\/wp-content\/uploads\/2014\/08\/lagos-cuicocha.jpg\"><img loading=\"lazy\" decoding=\"async\" class=\"size-medium wp-image-2878\" src=\"http:\/\/www.surtrek.org\/blog\/wp-content\/uploads\/2014\/08\/lagos-cuicocha-539x360.jpg\" alt=\"Los islotes de Cuicocha son uno de sus atractivos.\" width=\"539\" height=\"360\" \/><\/a><\/p>\n<p class=\"wp-caption-text\">Los islotes de Cuicocha son uno de sus atractivos.<\/p>\n<\/div>\n<p>La <strong>laguna de Cuicocha<\/strong> se encuentra a 14 kil\u00f3metros de Otavalo y a 12 kil\u00f3metros del pueblo de<a href=\"http:\/\/www.cotacachi.gob.ec\/index.php?option=com_content&amp;view=article&amp;id=80&amp;Itemid=80\" target=\"_blank\"><strong>Cotacachi<\/strong><\/a> (famoso por la elaboraci\u00f3n de art\u00edculos de cuero). Esta laguna de origen volc\u00e1nico <strong>es un cr\u00e1ter,<\/strong> que en el medio cuenta con dos peque\u00f1os islotes separados por un canal. La traves\u00eda en lancha por la laguna, que lleva a cruzar el canal, es una actividad muy interesante, pues durante el camino el gu\u00eda le contar\u00e1 la historia de la laguna, y sobre la flora y fauna de la reserva. La laguna Cuicocha pertenece a la <a href=\"http:\/\/www.ambiente.gob.ec\/reserva-ecologica-cotacachi-cayapas\/\" target=\"_blank\"><strong>reserva Cotacachi-Cayapas<\/strong><\/a> y a su alrededor se pueden hacer caminatas.<\/p>\n<p>&nbsp;<\/p>\n<h2>Yaguarcocha<\/h2>\n<div id=\"attachment_2879\" class=\"wp-caption aligncenter\"><a href=\"http:\/\/www.surtrek.org\/blog\/wp-content\/uploads\/2014\/08\/lagos-yahuarcocha.jpg\"><img loading=\"lazy\" decoding=\"async\" class=\" wp-image-2879\" src=\"http:\/\/www.surtrek.org\/blog\/wp-content\/uploads\/2014\/08\/lagos-yahuarcocha-479x360.jpg\" alt=\"Laguna Yahuarcocha (Foto:  https:\/\/www.flickr.com\/photos\/leicamini\/7769271640)\" width=\"534\" height=\"360\" \/><\/a><\/p>\n<p class=\"wp-caption-text\">Laguna Yahuarcocha<\/p>\n<\/div>\n<p>La laguna <strong>Yahuarcocha<\/strong> se encuentra a 4 kil\u00f3metros de <a href=\"http:\/\/www.ibarra.gob.ec\/\" target=\"_blank\">Ibarra, la capital de la provincia,<\/a> y su nombre en quichua significa \u2018laguna de sangre\u2019, pues en 1436 en sus orillas se llev\u00f3 a cabo una batalla entre los incas y los caranquis que ti\u00f1\u00f3 a las aguas de rojo. Esta laguna de <strong>257 hect\u00e1reas<\/strong>es una de las m\u00e1s grandes de la provincia y un gran atractivo tur\u00edstico para propios y extra\u00f1os. En la orilla de esta laguna se encuentra un aut\u00f3dromo, en el que se llevan a cabo varias competencias internacionales.<\/p>\n<p>&nbsp;<\/p>\n<h2>Mojanda<\/h2>\n<div id=\"attachment_2880\" class=\"wp-caption aligncenter\"><a href=\"http:\/\/www.surtrek.org\/blog\/wp-content\/uploads\/2014\/08\/lagos-mojanda.jpg\"><img loading=\"lazy\" decoding=\"async\" class=\"size-medium wp-image-2880\" src=\"http:\/\/www.surtrek.org\/blog\/wp-content\/uploads\/2014\/08\/lagos-mojanda-574x360.jpg\" alt=\"Las lagunas de Mojanda est\u00e1n rodeadas de pajonales (Foto: https:\/\/www.flickr.com\/photos\/davidrombaut\/1419061552)\" width=\"574\" height=\"360\" \/><\/a><\/p>\n<p class=\"wp-caption-text\">Las lagunas de Mojanda est\u00e1n rodeadas de pajonales<\/p>\n<\/div>\n<p>Las <strong>tres lagunas de Mojanda<\/strong> (Caricocha, Huarmicocha y Yanacocha) son un complejo lacustre que se encuentra a 17 kil\u00f3metros de Otavalo. Estas lagunas se encuentran rodeadas de un hermoso entorno de pajonales, que las hacen muy atractivas. Es posible hacer varias caminatas por los senderos de las lagunas de Mojanda, e incluso se puede subir al monte <a href=\"http:\/\/www.hoy.com.ec\/noticias-ecuador\/mojanda-la-belleza-hace-olvidar-el-frio-250411.html\" target=\"_blank\"><strong>Fuya Fuya<\/strong><\/a>.<\/p>\n<p>&nbsp;<\/p>\n<h2>Pi\u00f1\u00e1n<\/h2>\n<div id=\"attachment_2881\" class=\"wp-caption aligncenter\"><a href=\"http:\/\/www.surtrek.org\/blog\/wp-content\/uploads\/2014\/08\/lagos-pi%C3%B1%C3%A1n.jpg\"><img loading=\"lazy\" decoding=\"async\" class=\"size-medium wp-image-2881\" src=\"http:\/\/www.surtrek.org\/blog\/wp-content\/uploads\/2014\/08\/lagos-pi%C3%B1%C3%A1n-537x360.jpg\" alt=\"Paisaje andino de Pi\u00f1\u00e1n (Foto: https:\/\/www.flickr.com\/photos\/ivanca42\/5316628272)\" width=\"537\" height=\"360\" \/><\/a><\/p>\n<p class=\"wp-caption-text\">Paisaje andino de Pi\u00f1\u00e1n<\/p>\n<\/div>\n<p>El complejo de lagunas de <a href=\"http:\/\/www.surtrek.org\/blog\/pinan\/\" target=\"_blank\"><strong>Pi\u00f1\u00e1n<\/strong><\/a> tambi\u00e9n es un gran atractivo de la \u2018provincia de los lagos\u2019, y se ubica a 65 kil\u00f3metros de Cotacachi. En este complejo sobresalen las lagunas Donoso y Yanacocha, y, dependiendo de las lluvias, pueden observarse otras tantas lagunas peque\u00f1as. Estos espejos de agua est\u00e1n rodeados de pajonales y el paisaje andino que ofrecen es muy bonito. En este complejo se pueden hacer caminatas, pesca deportiva y tomar fotograf\u00edas.<br \/>\nSin duda la \u2018provincia de los lagos\u2019 es muy atractiva para quienes visitan Ecuador, no solo por la variedad de lagos y lagunas, sino por toda la cultura que se desarrolla alrededor de ellas y por los incre\u00edbles paisajes que encontrar\u00e1.<\/p>\n<form id=\"vozme_form_1ce210a7436f458b2bef71b68f9d779d\" method=\"post\" name=\"vozme_form_1ce210a7436f458b2bef71b68f9d779d\" target=\"1ce210a7436f458b2bef71b68f9d779d\" action=\"http:\/\/vozme.com\/text2voice.php\"><input name=\"text\" type=\"hidden\" value=\"Lagos y Lagunas. San Pablo\n\nEl lago San Pablo es el m\u00e1s extenso de la provincia.\n\nEl lago San Pablo se encuentra a 4 kil\u00f3metros de la ciudad de Otavalo y es el lago m\u00e1s grande de la provincia: un \u00f3valo de 3,5 por 2,2 kil\u00f3metros de extensi\u00f3n y una profundidad de 83 metros. Alrededor de este lago est\u00e1n ubicadas varias comunidades de ind\u00edgenas y, por las ma\u00f1anas, es posible mirar c\u00f3mo ellos salen a pescar, algunos en canoas de totora, que es una planta muy com\u00fan alrededor del lago. En las inmediaciones del lago San Pablo encontrar\u00e1 tambi\u00e9nnumerosas hoster\u00edas, en las que podr\u00e1 disfrutar de un c\u00f3modo hospedaje y deportes acu\u00e1ticos como kayak, o dar un paseo por el lago en peque\u00f1os botes o en canoas. Aqu\u00ed es muy popular una competencia anual de nataci\u00f3n que consiste en atravesar el lago.\nCuicocha\n\nLos islotes de Cuicocha son uno de sus atractivos.\n\nLa laguna de Cuicocha se encuentra a 14 kil\u00f3metros de Otavalo y a 12 kil\u00f3metros del pueblo deCotacachi (famoso por la elaboraci\u00f3n de art\u00edculos de cuero). Esta laguna de origen volc\u00e1nico es un cr\u00e1ter, que en el medio cuenta con dos peque\u00f1os islotes separados por un canal. La traves\u00eda en lancha por la laguna, que lleva a cruzar el canal, es una actividad muy interesante, pues durante el camino el gu\u00eda le contar\u00e1 la historia de la laguna, y sobre la flora y fauna de la reserva. La laguna Cuicocha pertenece a la reserva Cotacachi-Cayapas y a su alrededor se pueden hacer caminatas.\n&nbsp;\nYaguarcocha\n\nLaguna Yahuarcocha\n\nLa laguna Yahuarcocha se encuentra a 4 kil\u00f3metros de Ibarra, la capital de la provincia, y su nombre en quichua significa \u2018laguna de sangre\u2019, pues en 1436 en sus orillas se llev\u00f3 a cabo una batalla entre los incas y los caranquis que ti\u00f1\u00f3 a las aguas de rojo. Esta laguna de 257 hect\u00e1reases una de las m\u00e1s grandes de la provincia y un gran atractivo tur\u00edstico para propios y extra\u00f1os. En la orilla de esta laguna se encuentra un aut\u00f3dromo, en el que se llevan a cabo varias competencias internacionales.\n&nbsp;\nMojanda\n\nLas lagunas de Mojanda est\u00e1n rodeadas de pajonales\n\nLas tres lagunas de Mojanda (Caricocha, Huarmicocha y Yanacocha) son un complejo lacustre que se encuentra a 17 kil\u00f3metros de Otavalo. Estas lagunas se encuentran rodeadas de un hermoso entorno de pajonales, que las hacen muy atractivas. Es posible hacer varias caminatas por los senderos de las lagunas de Mojanda, e incluso se puede subir al monte Fuya Fuya.\n&nbsp;\nPi\u00f1\u00e1n\n\nPaisaje andino de Pi\u00f1\u00e1n\n\nEl complejo de lagunas de Pi\u00f1\u00e1n tambi\u00e9n es un gran atractivo de la \u2018provincia de los lagos\u2019, y se ubica a 65 kil\u00f3metros de Cotacachi. En este complejo sobresalen las lagunas Donoso y Yanacocha, y, dependiendo de las lluvias, pueden observarse otras tantas lagunas peque\u00f1as. Estos espejos de agua est\u00e1n rodeados de pajonales y el paisaje andino que ofrecen es muy bonito. En este complejo se pueden hacer caminatas, pesca deportiva y tomar fotograf\u00edas.\nSin duda la \u2018provincia de los lagos\u2019 es muy atractiva para quienes visitan Ecuador, no solo por la variedad de lagos y lagunas, sino por toda la cultura que se desarrolla alrededor de ellas y por los incre\u00edbles paisajes que encontrar\u00e1.\n\" \/><input name=\"lang\" type=\"hidden\" value=\"en\" \/><input name=\"gn\" type=\"hidden\" value=\"ml\" \/><input type=\"hidden\" id=\"interface\" name=\"interface\" value=\"full\" \/>\n\t\t\t<div style=\"margin-left:40%;\">\n\t\t\t\n\t\t\t\t<input style=\"float:left;\" type=\"image\" width=\"40\" height=\"40\" src=\"http:\/\/blog.espol.edu.ec\/lesjcald\/wp-content\/plugins\/vozme\/img\/megaphone40x40w.gif\" alt=\"Hear this post\" onclick=\"window.open('', '1ce210a7436f458b2bef71b68f9d779d', 'width=600,height=370,scrollbars=yes,location=yes,menubar=yes,resizable=yes,status=yes,toolbar=yes');\">\n\t\t\t\t<div style=\"margin-left:48px; text-align:left;\"><a style=\"font-size:12px;\" href=\"javascript:void(0);\" onclick=\"window.open('', '1ce210a7436f458b2bef71b68f9d779d', 'width=600,height=370,scrollbars=yes,location=yes,menubar=yes,resizable=yes,status=yes,toolbar=yes'); document.getElementById('vozme_form_1ce210a7436f458b2bef71b68f9d779d').submit();\">Hear<br\/>this post<\/a><\/div>\n\t\t\t<\/div><\/form>","protected":false},"excerpt":{"rendered":"<p>San Pablo El lago San Pablo es el m\u00e1s extenso de la provincia. El lago San Pablo se encuentra a 4 kil\u00f3metros de la ciudad de Otavalo y es el lago m\u00e1s grande de la provincia: un \u00f3valo de 3,5 por 2,2 kil\u00f3metros de extensi\u00f3n y una profundidad de 83 metros. Alrededor de este lago [&hellip;]<\/p>\n","protected":false},"author":10362,"featured_media":0,"parent":0,"menu_order":0,"comment_status":"closed","ping_status":"closed","template":"","meta":{"footnotes":""},"class_list":["post-39","page","type-page","status-publish","hentry"],"_links":{"self":[{"href":"https:\/\/blog.espol.edu.ec\/lesjcald\/wp-json\/wp\/v2\/pages\/39","targetHints":{"allow":["GET"]}}],"collection":[{"href":"https:\/\/blog.espol.edu.ec\/lesjcald\/wp-json\/wp\/v2\/pages"}],"about":[{"href":"https:\/\/blog.espol.edu.ec\/lesjcald\/wp-json\/wp\/v2\/types\/page"}],"author":[{"embeddable":true,"href":"https:\/\/blog.espol.edu.ec\/lesjcald\/wp-json\/wp\/v2\/users\/10362"}],"replies":[{"embeddable":true,"href":"https:\/\/blog.espol.edu.ec\/lesjcald\/wp-json\/wp\/v2\/comments?post=39"}],"version-history":[{"count":1,"href":"https:\/\/blog.espol.edu.ec\/lesjcald\/wp-json\/wp\/v2\/pages\/39\/revisions"}],"predecessor-version":[{"id":40,"href":"https:\/\/blog.espol.edu.ec\/lesjcald\/wp-json\/wp\/v2\/pages\/39\/revisions\/40"}],"wp:attachment":[{"href":"https:\/\/blog.espol.edu.ec\/lesjcald\/wp-json\/wp\/v2\/media?parent=39"}],"curies":[{"name":"wp","href":"https:\/\/api.w.org\/{rel}","templated":true}]}}