{"id":1,"date":"2008-10-20T12:33:48","date_gmt":"2008-10-20T16:33:48","guid":{"rendered":""},"modified":"2015-03-27T15:42:37","modified_gmt":"2015-03-27T14:42:37","slug":"about","status":"publish","type":"page","link":"https:\/\/blog.espol.edu.ec\/lespin\/about\/","title":{"rendered":"Acerca de"},"content":{"rendered":"<p>Me gradu\u00e9 en la ESPOL en el 2010 como Ingeniera en Ciencias Computacionales con especializaci\u00f3n es Sistemas Tecnol\u00f3gicos.<\/p>\n<p>&nbsp;<\/p>\n","protected":false},"excerpt":{"rendered":"<p>Me gradu\u00e9 en la ESPOL en el 2010 como Ingeniera en Ciencias Computacionales con especializaci\u00f3n es Sistemas Tecnol\u00f3gicos. &nbsp;<\/p>\n","protected":false},"author":131,"featured_media":0,"parent":0,"menu_order":0,"comment_status":"open","ping_status":"open","template":"","meta":{"footnotes":""},"class_list":["post-1","page","type-page","status-publish","hentry"],"_links":{"self":[{"href":"https:\/\/blog.espol.edu.ec\/lespin\/wp-json\/wp\/v2\/pages\/1","targetHints":{"allow":["GET"]}}],"collection":[{"href":"https:\/\/blog.espol.edu.ec\/lespin\/wp-json\/wp\/v2\/pages"}],"about":[{"href":"https:\/\/blog.espol.edu.ec\/lespin\/wp-json\/wp\/v2\/types\/page"}],"author":[{"embeddable":true,"href":"https:\/\/blog.espol.edu.ec\/lespin\/wp-json\/wp\/v2\/users\/131"}],"replies":[{"embeddable":true,"href":"https:\/\/blog.espol.edu.ec\/lespin\/wp-json\/wp\/v2\/comments?post=1"}],"version-history":[{"count":5,"href":"https:\/\/blog.espol.edu.ec\/lespin\/wp-json\/wp\/v2\/pages\/1\/revisions"}],"predecessor-version":[{"id":92,"href":"https:\/\/blog.espol.edu.ec\/lespin\/wp-json\/wp\/v2\/pages\/1\/revisions\/92"}],"wp:attachment":[{"href":"https:\/\/blog.espol.edu.ec\/lespin\/wp-json\/wp\/v2\/media?parent=1"}],"curies":[{"name":"wp","href":"https:\/\/api.w.org\/{rel}","templated":true}]}}