{"id":14,"date":"2015-07-02T13:25:36","date_gmt":"2015-07-02T13:25:36","guid":{"rendered":"http:\/\/blog.espol.edu.ec\/lexguerrero\/?page_id=14"},"modified":"2015-07-02T13:25:36","modified_gmt":"2015-07-02T13:25:36","slug":"la-gira-de-kiss-llega-a-barcelona-y-madrid","status":"publish","type":"page","link":"https:\/\/blog.espol.edu.ec\/lexguerrero\/la-gira-de-kiss-llega-a-barcelona-y-madrid\/","title":{"rendered":"La gira de Kiss llega a Barcelona y Madrid"},"content":{"rendered":"<div class=\"cab-articulo estirar\">\n<div class=\"texto\">\n<div class=\"entradilla\">La banda de rock Kiss contin\u00faa con su gira de 40 aniversario, llega este domingo a Barcelona, en una primera actuaci\u00f3n que tendr\u00e1 su continuaci\u00f3n el lunes en Madrid.<\/div>\n<\/div>\n<\/div>\n<div class=\"cuerpo-articulo\">\n<div class=\"contenedor-foto\">\n<div class=\"foto\"><img decoding=\"async\" src=\"http:\/\/images.lainformacion.com\/cms\/la-gira-de-kiss-llega-a-barcelona-y-madrid\/2015\/6\/21\/KiGMtqgRFubkdSfX1fjlQ2.jpg?width=642&amp;height=482&amp;type=height\" alt=\"\" \/><\/div>\n<div class=\"fuente-foto\">La gira de Kiss llega a Barcelona y Madrid<\/div>\n<div class=\"fuente-foto\"><\/div>\n<\/div>\n<div class=\"art-dcha\">\n<p>La banda de rock Kiss contin\u00faa con su gira de 40 aniversario, llega este domingo a <a href=\"http:\/\/noticias.lainformacion.com\/barcelona\/barcelona\/L_ORSySpeW3B5Uatqg2vuKw1\/\">Barcelona<\/a>, en una primera actuaci\u00f3n que tendr\u00e1 su continuaci\u00f3n el lunes en <a href=\"http:\/\/noticias.lainformacion.com\/madrid\/madrid\/L_V6pVQ0Y7PHwLQ8yeeERSc7\/\">Madrid<\/a>.<\/p>\n<p>Concretamente, Kiss act\u00faan este domingo 21 de junio en el Palau Sant Jordi de Barcelona y el lunes en el BarclayCard Center (antiguo Palacio de los Deportes) de Madrid.<\/p>\n<p>Conocidos por sus elaborados y espectaculares shows, Kiss tiene previsto dar a los fans la experiencia de un \u00faltimo concierto con la m\u00e1s impresionante producci\u00f3n de iluminaci\u00f3n y sonido unida a la pirotecnia m\u00e1s grande de su historia.<\/p>\n<p>Con 28 \u00e1lbums de oro en <a href=\"http:\/\/noticias.lainformacion.com\/america\/estados-unidos\/L_hCy212p2RfF3S8NZUO12D2\/\">Estados Unidos<\/a> as\u00ed como 40 millones de \u00e1lbumes vendidos s\u00f3lo en aquel pa\u00eds, <a href=\"http:\/\/noticias.lainformacion.com\/gene-simmons\/P_EK4kZyOS5gR8VyfVDAeR62\/\">Gene Simmons<\/a> y <a href=\"http:\/\/noticias.lainformacion.com\/paul-stanley\/P_ArQ307u2LFr94aIOVKNZc1\/\">Paul Stanley<\/a>, junto con <a href=\"http:\/\/noticias.lainformacion.com\/tommy-thayer\/P_FYDem8vnuQaT7JuVyT6fR3\/\">Tommy Thayer<\/a> (guitarrista) y <a href=\"http:\/\/noticias.lainformacion.com\/eric-singer\/P_gZAOas6ViumAtlPMPYIEg2\/\">Eric Singer<\/a> (bater\u00eda) han hecho crecer su legado a\u00f1o tras a\u00f1o. De hecho, Kiss est\u00e1 considerada como una de las bandas de rock and roll m\u00e1s influyentes de todos los tiempos.<\/p>\n<\/div>\n<\/div>\n","protected":false},"excerpt":{"rendered":"<p>La banda de rock Kiss contin\u00faa con su gira de 40 aniversario, llega este domingo a Barcelona, en una primera actuaci\u00f3n que tendr\u00e1 su continuaci\u00f3n el lunes en Madrid. La gira de Kiss llega a Barcelona y Madrid La banda &hellip; <a href=\"https:\/\/blog.espol.edu.ec\/lexguerrero\/la-gira-de-kiss-llega-a-barcelona-y-madrid\/\">Sigue leyendo <span class=\"meta-nav\">&rarr;<\/span><\/a><\/p>\n","protected":false},"author":9798,"featured_media":15,"parent":0,"menu_order":0,"comment_status":"open","ping_status":"open","template":"sidebar-page.php","meta":{"footnotes":""},"class_list":["post-14","page","type-page","status-publish","has-post-thumbnail","hentry"],"_links":{"self":[{"href":"https:\/\/blog.espol.edu.ec\/lexguerrero\/wp-json\/wp\/v2\/pages\/14","targetHints":{"allow":["GET"]}}],"collection":[{"href":"https:\/\/blog.espol.edu.ec\/lexguerrero\/wp-json\/wp\/v2\/pages"}],"about":[{"href":"https:\/\/blog.espol.edu.ec\/lexguerrero\/wp-json\/wp\/v2\/types\/page"}],"author":[{"embeddable":true,"href":"https:\/\/blog.espol.edu.ec\/lexguerrero\/wp-json\/wp\/v2\/users\/9798"}],"replies":[{"embeddable":true,"href":"https:\/\/blog.espol.edu.ec\/lexguerrero\/wp-json\/wp\/v2\/comments?post=14"}],"version-history":[{"count":1,"href":"https:\/\/blog.espol.edu.ec\/lexguerrero\/wp-json\/wp\/v2\/pages\/14\/revisions"}],"predecessor-version":[{"id":16,"href":"https:\/\/blog.espol.edu.ec\/lexguerrero\/wp-json\/wp\/v2\/pages\/14\/revisions\/16"}],"wp:featuredmedia":[{"embeddable":true,"href":"https:\/\/blog.espol.edu.ec\/lexguerrero\/wp-json\/wp\/v2\/media\/15"}],"wp:attachment":[{"href":"https:\/\/blog.espol.edu.ec\/lexguerrero\/wp-json\/wp\/v2\/media?parent=14"}],"curies":[{"name":"wp","href":"https:\/\/api.w.org\/{rel}","templated":true}]}}