{"id":17,"date":"2015-07-02T13:27:50","date_gmt":"2015-07-02T13:27:50","guid":{"rendered":"http:\/\/blog.espol.edu.ec\/lexguerrero\/?page_id=17"},"modified":"2015-07-02T13:27:50","modified_gmt":"2015-07-02T13:27:50","slug":"marilyn-manson-trabaja-en-un-disco-acustico-con-jonathan-davis-de-korn","status":"publish","type":"page","link":"https:\/\/blog.espol.edu.ec\/lexguerrero\/marilyn-manson-trabaja-en-un-disco-acustico-con-jonathan-davis-de-korn\/","title":{"rendered":"Marilyn Manson trabaja en un disco ac\u00fastico con Jonathan Davis de Korn"},"content":{"rendered":"<div class=\"cab-articulo estirar\">\n<div class=\"texto\">\n<h1>El rockero estadounidense Marilyn Manson ha desvelado que est\u00e1 trabajando en un proyecto ac\u00fastico con sonidos de blues sure\u00f1o, tal y como detalla The Pulse of Radio.<\/h1>\n<\/div>\n<\/div>\n<div class=\"cuerpo-articulo\">\n<div class=\"art-dcha\">\n<div class=\"relac\">\n<div class=\"temas-relacionados-articulo estirar\"><\/div>\n<\/div>\n<p>MADRID, 30 (EUROPA PRESS)<\/p>\n<p>El rockero estadounidense <a href=\"http:\/\/noticias.lainformacion.com\/marilyn-manson\/P_HXyik8QHAm8zhWGucThHl7\/\">Marilyn Manson<\/a> ha desvelado que est\u00e1 trabajando en un proyecto ac\u00fastico con sonidos de blues sure\u00f1o, tal y como detalla The Pulse of Radio.<\/p>\n<p>En una conversaci\u00f3n con fans en Reddit, Manson ha revelado que desde principios de este mes est\u00e1 trabajando en algo \"completamente inesperado\".<\/p>\n<p>\"No s\u00e9 en qu\u00e9 se convertir\u00e1. En algo de ello estar\u00e1 Jonathan Davis, creo, porque \u00e9l planea hacer algo similar. Algo que pueda cruzar las fronteras y sonar m\u00e1s sure\u00f1o\", ha avanzado.<\/p>\n<p>Manson ha recordado que grab\u00f3 en 1995 su EP Smells like children en Mississippi, que es \"de donde viene el blues, as\u00ed que puede haber algo m\u00e1s de blues ac\u00fastico en el futuro\". \"Me gusta su crudeza\", ha apostillado.<\/p>\n<\/div>\n<\/div>\n","protected":false},"excerpt":{"rendered":"<p>El rockero estadounidense Marilyn Manson ha desvelado que est\u00e1 trabajando en un proyecto ac\u00fastico con sonidos de blues sure\u00f1o, tal y como detalla The Pulse of Radio. MADRID, 30 (EUROPA PRESS) El rockero estadounidense Marilyn Manson ha desvelado que est\u00e1 &hellip; <a href=\"https:\/\/blog.espol.edu.ec\/lexguerrero\/marilyn-manson-trabaja-en-un-disco-acustico-con-jonathan-davis-de-korn\/\">Sigue leyendo <span class=\"meta-nav\">&rarr;<\/span><\/a><\/p>\n","protected":false},"author":9798,"featured_media":0,"parent":0,"menu_order":0,"comment_status":"open","ping_status":"open","template":"","meta":{"footnotes":""},"class_list":["post-17","page","type-page","status-publish","hentry"],"_links":{"self":[{"href":"https:\/\/blog.espol.edu.ec\/lexguerrero\/wp-json\/wp\/v2\/pages\/17","targetHints":{"allow":["GET"]}}],"collection":[{"href":"https:\/\/blog.espol.edu.ec\/lexguerrero\/wp-json\/wp\/v2\/pages"}],"about":[{"href":"https:\/\/blog.espol.edu.ec\/lexguerrero\/wp-json\/wp\/v2\/types\/page"}],"author":[{"embeddable":true,"href":"https:\/\/blog.espol.edu.ec\/lexguerrero\/wp-json\/wp\/v2\/users\/9798"}],"replies":[{"embeddable":true,"href":"https:\/\/blog.espol.edu.ec\/lexguerrero\/wp-json\/wp\/v2\/comments?post=17"}],"version-history":[{"count":1,"href":"https:\/\/blog.espol.edu.ec\/lexguerrero\/wp-json\/wp\/v2\/pages\/17\/revisions"}],"predecessor-version":[{"id":18,"href":"https:\/\/blog.espol.edu.ec\/lexguerrero\/wp-json\/wp\/v2\/pages\/17\/revisions\/18"}],"wp:attachment":[{"href":"https:\/\/blog.espol.edu.ec\/lexguerrero\/wp-json\/wp\/v2\/media?parent=17"}],"curies":[{"name":"wp","href":"https:\/\/api.w.org\/{rel}","templated":true}]}}