{"id":19,"date":"2015-07-02T13:30:15","date_gmt":"2015-07-02T13:30:15","guid":{"rendered":"http:\/\/blog.espol.edu.ec\/lexguerrero\/?page_id=19"},"modified":"2015-07-02T13:31:39","modified_gmt":"2015-07-02T13:31:39","slug":"deep-purple-lanzara-dos-discos-en-directo","status":"publish","type":"page","link":"https:\/\/blog.espol.edu.ec\/lexguerrero\/deep-purple-lanzara-dos-discos-en-directo\/","title":{"rendered":"DEEP PURPLE lanzar\u00e1 dos discos en directo."},"content":{"rendered":"<p><img decoding=\"async\" src=\"http:\/\/www.metaltotal.com\/fotos\/deep-purple-2013.jpg\" alt=\"Deep Purple 2013\" \/><\/p>\n<p>Los veteranos de <b>DEEP PURPLE<\/b> lanzar\u00e1n el 28 de agosto dos discos en directo, \"From The Setting Sun... (In Wacken)\" y \"... To The Rising sun (In Tokyo)\". Estos \u00e1lbumes estar\u00e1n disponibles en 2CD+DVD, DVD, Blu-ray (Tokyo), Blu-ray 3D (Wacken) y 3 LP Gatefold.<\/p>\n<p>\"From The Setting Sun... (In Wacken)\" fue grabado por nueva c\u00e1maras de alta definici\u00f3n en el Wacken Open Air Festival de 2013. Esta ser\u00e1 la primera vez que la banda lanza una de sus actuaciones en Blu-ray 3D, mientras \"...To The Rising (In Tokyo)\" muestra un registro realizado con doce c\u00e1maras HD en el Nippon Budokan de Tokyo en abril de 2014.<\/p>\n<p>La mezcla ha sido hecha en Hamburgo, Alemania por Eike Freese y Alex Dietz (<b>HEAVEN SHALL BURN<\/b>) bajo la supervisi\u00f3n del bajista Roger Glover.<\/p>\n","protected":false},"excerpt":{"rendered":"<p>Los veteranos de DEEP PURPLE lanzar\u00e1n el 28 de agosto dos discos en directo, \"From The Setting Sun... (In Wacken)\" y \"... To The Rising sun (In Tokyo)\". Estos \u00e1lbumes estar\u00e1n disponibles en 2CD+DVD, DVD, Blu-ray (Tokyo), Blu-ray 3D (Wacken) &hellip; <a href=\"https:\/\/blog.espol.edu.ec\/lexguerrero\/deep-purple-lanzara-dos-discos-en-directo\/\">Sigue leyendo <span class=\"meta-nav\">&rarr;<\/span><\/a><\/p>\n","protected":false},"author":9798,"featured_media":23,"parent":0,"menu_order":0,"comment_status":"open","ping_status":"open","template":"","meta":{"footnotes":""},"class_list":["post-19","page","type-page","status-publish","has-post-thumbnail","hentry"],"_links":{"self":[{"href":"https:\/\/blog.espol.edu.ec\/lexguerrero\/wp-json\/wp\/v2\/pages\/19","targetHints":{"allow":["GET"]}}],"collection":[{"href":"https:\/\/blog.espol.edu.ec\/lexguerrero\/wp-json\/wp\/v2\/pages"}],"about":[{"href":"https:\/\/blog.espol.edu.ec\/lexguerrero\/wp-json\/wp\/v2\/types\/page"}],"author":[{"embeddable":true,"href":"https:\/\/blog.espol.edu.ec\/lexguerrero\/wp-json\/wp\/v2\/users\/9798"}],"replies":[{"embeddable":true,"href":"https:\/\/blog.espol.edu.ec\/lexguerrero\/wp-json\/wp\/v2\/comments?post=19"}],"version-history":[{"count":1,"href":"https:\/\/blog.espol.edu.ec\/lexguerrero\/wp-json\/wp\/v2\/pages\/19\/revisions"}],"predecessor-version":[{"id":21,"href":"https:\/\/blog.espol.edu.ec\/lexguerrero\/wp-json\/wp\/v2\/pages\/19\/revisions\/21"}],"wp:featuredmedia":[{"embeddable":true,"href":"https:\/\/blog.espol.edu.ec\/lexguerrero\/wp-json\/wp\/v2\/media\/23"}],"wp:attachment":[{"href":"https:\/\/blog.espol.edu.ec\/lexguerrero\/wp-json\/wp\/v2\/media?parent=19"}],"curies":[{"name":"wp","href":"https:\/\/api.w.org\/{rel}","templated":true}]}}