{"id":2,"date":"2015-06-11T19:07:42","date_gmt":"2015-06-11T19:07:42","guid":{"rendered":"http:\/\/blog.espol.edu.ec\/lexguerrero\/?page_id=2"},"modified":"2015-07-02T13:22:48","modified_gmt":"2015-07-02T13:22:48","slug":"kurtcobain","status":"publish","type":"page","link":"https:\/\/blog.espol.edu.ec\/lexguerrero\/kurtcobain\/","title":{"rendered":"Fue asesinado Kurt Cobain? El filme 'Soaked in Bleach' dice que s\u00ed y apunta a Courtney Love"},"content":{"rendered":"<p><img decoding=\"async\" src=\"http:\/\/images.lainformacion.com\/cms\/trailer-del-primer-documental-autorizado-sobre-kurt-cobian-que-se-estrenara-en-cines-de-toda-espana\/2015\/3\/11\/IuMIiW78VdGozvhIlkck21.jpg?width=642&amp;height=482&amp;type=height\" alt=\"\" \/><\/p>\n<p>sigue dando que hablar. Al estreno de un documental<strong>\"Cobain: Montage of Heck\"<\/strong>, que mostraba su vida desde ni\u00f1o hasta el fin de su carrera con <a href=\"http:\/\/noticias.lainformacion.com\/nirvana\/P_fzqLemVHtt5KmnxeZmGh24\/\">Nirvana<\/a>, y que se convirti\u00f3 en un \u00e9xito para <a href=\"http:\/\/noticias.lainformacion.com\/hbo\/E_eh1QHQx8w8ILNOPcTxQWE6\/\">HBO<\/a>logrando una taquilla de m\u00e1s de 107.000 d\u00f3lares durante un fin de semana en solo tres cines en EEUU, se a\u00f1ade ahora <strong>\"Soaked in Bleach\"<\/strong>, filme que nuevamente se sumerge en la posibilidad que el m\u00fasico no acabara muerto por un suicidio, sino por un homicidio encargado por su esposa, <strong><a href=\"http:\/\/noticias.lainformacion.com\/courtney-love\/P_s1a6mHGIKJO5iYt9ztqvt6\/\">Courtney Love<\/a><\/strong>.<\/p>\n<p>Dirigia \u00a0por<strong> Benjamin Statle<\/strong>, la pel\u00edcula revela los hechos detr\u00e1s de la muerte de<strong> Kurt Cobain<\/strong> vistos a trav\u00e9s de los ojos de <strong>Tom Grant<\/strong>, el investigador privado que fue contratado por<strong> Courtney Love<\/strong> en 1994 para localizar a su marido desaparecido (Kurt Cobain), unos d\u00edas antes de que su cuerpo difunto fuese encontrado en su casa de <a href=\"http:\/\/noticias.lainformacion.com\/washington-estado\/seattle\/L_xeJ7px0Zszzby1CVab2o53\/\">Seattle<\/a>. La muerte de Cobain fue declarada como suicidio por la polic\u00eda, pero las dudas han circulado durante veinte a\u00f1os en cuanto a la legitimidad de esta decisi\u00f3n, sobre todo debido a la labor del Sr. Grant, detective ex Sheriff del Condado de Los \u00c1ngeles, quien realiz\u00f3 su propia investigaci\u00f3n. La pel\u00edcula apunta a Courtney Love como la persona que estuvo detr\u00e1s de la muerte de su marido y la reacci\u00f3n de esta no se ha hecho esperar.<\/p>\n<p>Los abogados de Courtney Love ya han tomado cartas en el asunto y se han puesto en contacto con los distribuidores para detener la exhibici\u00f3n del filme, \u00a0se\u00f1alando que \"el documental muestra una <strong>teor\u00eda conspiratoria<\/strong>, desacreditando y acusando a Love de provocar la muerte de su marido Kurt Cobain.<\/p>\n<p>\"A Courtney Love y sus abogados claramente no les agrada que el documental presente un caso convincente que pueda reabrir la investigaci\u00f3n sobre la muerte de Kurt\", afirman en la productora del filme, acusando la maniobra de \"boicot\".<\/p>\n<p>Tras la muerte de Cobain, <strong>la polic\u00eda determin\u00f3 que el d\u00eda 5 de abril el m\u00fasico hab\u00eda atentado contra su vida<\/strong> dispar\u00e1ndose una escopeta y escribiendo una nota donde daba a entender sus razones. Tiempo despu\u00e9s comenzaron a aparecer<strong> rumores que culpaban a Courtney Love<\/strong>de su muerte, debido a que Cobain deseaba separarse de ella y de esta forma, no obtendr\u00eda toda la fortuna adquirida tras su mete\u00f3rico \u00e9xito con Nirvana.<\/p>\n<p>Fue as\u00ed como en 1999<strong> el cineasta Nick Broomfield present\u00f3 el documental \"Kurt &amp; Courtney\"<\/strong>, que mostraba la tormentosa relaci\u00f3n entre la pareja y los esfuerzos de <strong>Broomfield<\/strong> por entrevistar y mostrar pruebas concretas. En ellas destaca la versi\u00f3n del padre de Love que acusaba a su hija; el ya mencionado detective quien aseguraba que la cantidad de hero\u00edna incapacitar\u00eda a Cobain para sostener un arma y dispararse; y que las \u00faltimas l\u00edneas de la nota suicida podr\u00edan haber sido a\u00f1adidas posteriormente, ya que<strong> la original daba a entender que Cobain dejar\u00eda Nirvana<\/strong>.<\/p>\n<p>Adem\u00e1s, la prueba m\u00e1s inquietante la muestra \"El Duce\", el estrafalario vocalista de<strong> The Mentors<\/strong>, un grupo de metal-punk conocido por sus letras violentas y sexistas, quien afirmaba que<strong> Love le ofreci\u00f3 50 mil d\u00f3lares por asesinar a Cobain, pero se neg\u00f3 a hacerlo<\/strong>. D\u00edas despu\u00e9s de dar la entrevista, muri\u00f3 atropellado borracho por un tren.<\/p>\n<div id=\"amg_videointext\"><\/div>\n<p>El filme finaliza con el boicot al documental en su estreno en el Festival de <a href=\"http:\/\/noticias.lainformacion.com\/arte-cultura-y-espectaculos\/cine\/\">Cine<\/a> de Sundance, amenazando con represalias legales por parte de Courtney Love.<\/p>\n<p>En un texto para <strong><a href=\"http:\/\/thetalkhouse.com\/music\/talks\/buzz-osborne-the-melvins-talks\/\">The Talkhouse<\/a><\/strong>, <strong>Buzz Osborne<\/strong>\u00a0(guitarrista, vocalista y compositor de <strong>The Melvins<\/strong>) dijo en su d\u00eda que \u00a0que el 90% del aclamado documental <em><a href=\"http:\/\/marvin.com.mx\/musica\/noticias-de-musica\/observa-el-primer-adelanto-del-documental-kurt-cobain-montage-heck\/76414\">Kurt Cobain: Montage of Heck<\/a><\/em> era una \u201cpura mentira\u201d.<\/p>\n<p><strong>La polic\u00eda de Seattle volvi\u00f3 a examinar en 2014<\/strong> y resolvi\u00f3 de nuevo que la muerte hab\u00eda sido debida a un suicidio. Los productores de la pel\u00edcula han declarado a la web especializada en cine <a href=\"http:\/\/deadline.com\/2015\/06\/courtney-love-cease-and-desist-soaked-in-bleach-kurt-cobain-documentary-1201445904\/\"><strong>Deadline<\/strong> <\/a>que se han sentido molestos al enterarse de que los abogados de Courtney Love han enviado cartas amenazantes a las salas de cine en todo el pa\u00eds donde la pel\u00edcula documental \u00a0se proyect\u00f3 el pasado 11 de junio.<br \/>\n<strong>\u201cLa pel\u00edcula examina los hechos bien documentados que rodean la muerte de Kurt Cobain<\/strong> .La mayor parte de las opiniones y teor\u00edas presentadas en la pel\u00edcula provienen directamente de los hechos recogidos por Tom Grant. Lo que debe hacer Courtney, se\u00f1alan los creadores de la pel\u00edcula \u00a0es \u00a0respetar la Primera Enmienda y dejar que la gente decida por s\u00ed misma.<\/p>\n<h2 class=\"ladillo\">El pensamiento de un mito, en frases<\/h2>\n<p><strong>1.<\/strong>\"Me gusta ver prejuicios ante la gente con prejuicios\"<\/p>\n<p><strong>2.<\/strong>\"El aut\u00e9ntico amigo es el que sabe todo sobre ti y sigue siendo tu amigo\".<\/p>\n<p><strong>3.<\/strong>\"Soy un hombre sin vida, pero que ama a la m\u00fasica\".<\/p>\n<p><strong>4.<\/strong>\"Admiro a la gente que vive sin problemas, que mira el mundo con despreocupaci\u00f3n. A diferencia de ellos, yo sufro m\u00e1s de la cuenta\".<\/p>\n<p><strong>5.<\/strong>\"No quiero que mi hija crezca para que alg\u00fan d\u00eda sea maltratada por sus compa\u00f1eros de colegio... No quiero que la gente le diga en la calle que sus padres eran un desastre\".<\/p>\n<p><strong>6.<\/strong>\"Necesito volver a sentirme algo drogado para sentir el entusiasmo que sent\u00eda de ni\u00f1o\".<\/p>\n<p><strong>7.<\/strong>\"Ellos se r\u00eden de m\u00ed por ser diferente, yo me r\u00edo de todos por ser iguales\"<\/p>\n<p><strong>8.<\/strong>\"Pasaron a\u00f1os hasta darme cuenta que el divorcio de mis padres no hab\u00eda sido mi culpa\".<\/p>\n<p><strong>9.<\/strong>\"Tocar frente a un grupo de gente que reaccione bien es la mejor cosa del mundo\".<\/p>\n<p><strong>10.<\/strong>\"Siempre tratamos de consumar algo nuevo con cada canci\u00f3n y siempre nos atrajo la idea de que cada canci\u00f3n sonara como si la hubiera compuesto un grupo diferente\".<\/p>\n<p><strong>11.\u00a0<\/strong>\"Las drogas destruyen tu memoria y tu propio respeto. No son buenas pero no pienso ir ahora predicando contra ellas\".<\/p>\n<p><strong>12.<\/strong> \"Mis canciones siempre han contenido temas frustrantes, relaciones que he tenido en mi vida\".<\/p>\n<p><strong>13.<\/strong> \"La droga es una parte de mi vida de la que no estoy nada orgulloso. Es tan poderosa como el diablo\".<\/p>\n<p><strong>14.<\/strong> \"Prefiero ser el peor de los mejores que el mejor de los peores\".<\/p>\n<p><strong>15.<\/strong> \"Me siento como una marioneta insensible antes de salir al escenario. El hecho es que no puedo mentir a ninguno de ustedes, pues no ser\u00eda justo ni para ustedes ni para m\u00ed\"<\/p>\n<p><strong>16.<\/strong> \"Cuando era chico so\u00f1aba con ser lo que hago ahora, y ahora que cumpl\u00ed mi sue\u00f1o me doy cuenta que no es tan f\u00e1cil ni tan fant\u00e1stico como pensaba\"<\/p>\n<p><strong>17.<\/strong> \"Prefiero que la gente me odie por ser quien soy a que me ame por lo que no soy.\"<\/p>\n<p><strong>18.<\/strong> \"A veces siento como si la gente quisiera que me muriera para que as\u00ed se cumpliera la cl\u00e1sica historia del rock.\"<\/p>\n<p><strong>19.<\/strong> \"No hay nada peor que la fama, que miles de gentes hablen de ti como si fueras una puta\".<\/p>\n<p><strong>20.<\/strong> \"Ser el n\u00famero uno es lo mismo que ser el n\u00famero diecis\u00e9is, s\u00f3lo que hay m\u00e1s gente bes\u00e1ndote el culo \".<\/p>\n<p><strong>21.<\/strong> \"Mi coraz\u00f3n esta roto, pero tengo pegamento\".<\/p>\n<p><strong>22.<\/strong> \u201cEs mejor quemarse que disolverse\u201d<\/p>\n<p><strong>23.<\/strong> \"Pienso que la vida solo dura hasta los 27 y la juventud junto con la vida tambi\u00e9n\"<\/p>\n<p><strong>24.<\/strong> \"Tengo miedo de morir ahora porque no quiero dejar a mi mujer ni a mi hija\".<\/p>\n<p><strong>25. <\/strong>\"Si odias a las mujeres y si odias a los homosexuales, no vengas a nuestros conciertos\".<\/p>\n<p><strong>26.<\/strong>\"Creo que puedo, s\u00e9 que puedo\".<\/p>\n<p><strong>27.<\/strong> \"Form\u00e9 Nirvana porque no pod\u00eda hacer ninguna otra cosa que no fuera tener un grupo de Rock, ni siquiera me gustaba el deporte, asi que una banda era la \u00faltima oportunidad para poder tener alguna oportunidad a nivel social\".<\/p>\n<p><strong>28.<\/strong> \"<a href=\"http:\/\/noticias.lainformacion.com\/escocia\/aberdeen\/L_KrgvBsYCTy3MfsCVCU48Z1\/\">Aberdeen<\/a> era una ciudad totalmente aislada, un lugar que pon\u00eda los pelos de punta, s\u00f3lo ten\u00edas que salir de ah\u00ed para que se te abrieran los ojos, la gente era tan cuadrada, \u00bfC\u00f3mo no \u00edbamos a ser diferentes a ellos?\".<\/p>\n<p><strong>29.<\/strong> \"Cuando ten\u00eda 9 a\u00f1os sent\u00ed que pod\u00eda llegar a ser una estrella de Rock, un astronauta o el presidente\".<\/p>\n<p><strong>30.<\/strong> \"Todas mis letras han sido pedazos de poes\u00eda y los pedazos de poes\u00eda se toman de poemas que com\u00fanmente no tienen significado en el primer momento\"<\/p>\n<p><strong>31.<\/strong> \"No s\u00e9 donde voy, no s\u00e9, solo s\u00e9 que aqu\u00ed no puedo estar\".<\/p>\n<p><strong>32.<\/strong> \"Mis primeras canciones estaban llenas de rabia, a medida que pasaba el tiempo fueron adquiriendo un tono m\u00e1s optimista y poco a poco fueron virando hacia el pop, sobre todo a medida que yo me iba sintiendo m\u00e1s feliz\"<\/p>\n<p><strong>33.<\/strong> \"Yo era agresivo, b\u00e1sicamente. Eleg\u00ed vivir la vida de un recluta solitario. No conviv\u00ed con nadie porque no pod\u00eda soportar la estupidez.\"<\/p>\n<p><strong>34.<\/strong> \"Siempre quise ser \u00e9l. Estaba tan enamorado de Los Beatles, vest\u00eda como <a href=\"http:\/\/noticias.lainformacion.com\/john-lennon\/P_Ck6Gan4UBKDjCojiS4Wsr1\/\">John Lennon<\/a> y fing\u00eda tocar la guitarra y tener mini-conciertos de los Beatles para mi familia\"<\/p>\n<p><strong>35<\/strong>. \"Era tal el aislamiento en Aberdeen que el primer disco punk que escuch\u00e9 fue el Sandinista! de <a href=\"http:\/\/noticias.lainformacion.com\/the-clash\/P_txzuTVwAERTrfCDCEJxBe5\/\">The Clash<\/a>, esto era m\u00e1s pesado que los Beatles. Pens\u00e9, Jesucristo, si esto es el punk no quiero conocerlo\" .<\/p>\n<p><strong>36.<\/strong> \"Ojal\u00e1 hubiera asistido a clases sobre c\u00f3mo ser una estrella de rock. Me pod\u00eda haber preparado para esto\".<\/p>\n<p><strong>37. <\/strong>\"Si no hubi\u00e9ramos formado este grupo, supongo que estar\u00edamos haciendo lo que el resto de la gente hace en el sitio donde crecimos; talar arboles, beber, tener sexo, hablar de sexo y beber un poco m\u00e1s\".<\/p>\n<p><strong>38.<\/strong> \"Estoy arrepentido de haber hecho el Unplugged, cambiamos todo nuestro estilo por unos cuantos d\u00f3lares, si pudiese volver al pasado intentar\u00eda cambiar muchas cosas, entre ellas el Unplugged\".<\/p>\n<p><strong>39.<\/strong> \"No culpo al t\u00edpico punk rocker de 17 a\u00f1os que me llama vendido, pero ver\u00e1 que cuando crezca hay m\u00e1s cosas que vivir de su integridad punk\".<\/p>\n<p><strong>40.<\/strong> \"Desear ser otra persona es desperdiciar a la persona que eres\".<\/p>\n<p><strong>41.<\/strong> \u201cLas estrellas est\u00e1n ah\u00ed s\u00f3lo debes mirarlas\u201d<\/p>\n<p><strong>42.<\/strong> \u201cSo\u00f1aba con ser una estrella del pop desde los 12 a\u00f1os\u201d<\/p>\n<p><strong>43.<\/strong> \u201cEn mi esp\u00edritu soy gay, podr\u00eda ser homosexual, pero me siento mas atra\u00eddo por Courtney que por cualquier otra persona en el mundo.<\/p>\n<p><strong>44.<\/strong> \u201cSoy peor en lo que mejor hago y por eso me siento bendecido\u201d.<\/p>\n<p><strong>45<\/strong>. \u201cNadie muere virgen... La vida nos jode a todos\u201d.<\/p>\n","protected":false},"excerpt":{"rendered":"<p>sigue dando que hablar. Al estreno de un documental\"Cobain: Montage of Heck\", que mostraba su vida desde ni\u00f1o hasta el fin de su carrera con Nirvana, y que se convirti\u00f3 en un \u00e9xito para HBOlogrando una taquilla de m\u00e1s de &hellip; <a href=\"https:\/\/blog.espol.edu.ec\/lexguerrero\/kurtcobain\/\">Sigue leyendo <span class=\"meta-nav\">&rarr;<\/span><\/a><\/p>\n","protected":false},"author":9798,"featured_media":12,"parent":0,"menu_order":0,"comment_status":"open","ping_status":"open","template":"","meta":{"footnotes":""},"class_list":["post-2","page","type-page","status-publish","has-post-thumbnail","hentry"],"_links":{"self":[{"href":"https:\/\/blog.espol.edu.ec\/lexguerrero\/wp-json\/wp\/v2\/pages\/2","targetHints":{"allow":["GET"]}}],"collection":[{"href":"https:\/\/blog.espol.edu.ec\/lexguerrero\/wp-json\/wp\/v2\/pages"}],"about":[{"href":"https:\/\/blog.espol.edu.ec\/lexguerrero\/wp-json\/wp\/v2\/types\/page"}],"author":[{"embeddable":true,"href":"https:\/\/blog.espol.edu.ec\/lexguerrero\/wp-json\/wp\/v2\/users\/9798"}],"replies":[{"embeddable":true,"href":"https:\/\/blog.espol.edu.ec\/lexguerrero\/wp-json\/wp\/v2\/comments?post=2"}],"version-history":[{"count":2,"href":"https:\/\/blog.espol.edu.ec\/lexguerrero\/wp-json\/wp\/v2\/pages\/2\/revisions"}],"predecessor-version":[{"id":13,"href":"https:\/\/blog.espol.edu.ec\/lexguerrero\/wp-json\/wp\/v2\/pages\/2\/revisions\/13"}],"wp:featuredmedia":[{"embeddable":true,"href":"https:\/\/blog.espol.edu.ec\/lexguerrero\/wp-json\/wp\/v2\/media\/12"}],"wp:attachment":[{"href":"https:\/\/blog.espol.edu.ec\/lexguerrero\/wp-json\/wp\/v2\/media?parent=2"}],"curies":[{"name":"wp","href":"https:\/\/api.w.org\/{rel}","templated":true}]}}