{"id":13,"date":"2013-11-05T19:12:55","date_gmt":"2013-11-05T19:12:55","guid":{"rendered":"http:\/\/blog.espol.edu.ec\/lfalava\/?page_id=13"},"modified":"2013-11-22T00:10:35","modified_gmt":"2013-11-22T00:10:35","slug":"power-point","status":"publish","type":"page","link":"https:\/\/blog.espol.edu.ec\/lfalava\/power-point\/","title":{"rendered":"Documentos"},"content":{"rendered":"<blockquote>\n<h1>Bater\u00eda en general (INGLES)<\/h1>\n<\/blockquote>\n<p><iframe loading=\"lazy\" src=\"http:\/\/www.slideshare.net\/slideshow\/embed_code\/395087\" height=\"356\" width=\"427\" allowfullscreen=\"\" frameborder=\"0\"><\/iframe><\/p>\n<div style=\"margin-bottom: 5px\"><strong> <a title=\"Fundamentals Of Speech Drum Set\" href=\"https:\/\/www.slideshare.net\/guest6b77da\/fundamentals-of-speech-drum-set\" target=\"_blank\">Fundamentals Of Speech Drum Set<\/a> <\/strong> from <strong>Luis Alava<\/strong><\/div>\n<blockquote>\n<h1 style=\"margin-bottom: 5px\">Introducci\u00f3n a la Bater\u00eda<\/h1>\n<\/blockquote>\n<p><iframe loading=\"lazy\" src=\"http:\/\/www.slideshare.net\/slideshow\/embed_code\/9492039\" height=\"356\" width=\"427\" allowfullscreen=\"\" frameborder=\"0\"><\/iframe><\/p>\n<div style=\"margin-bottom: 5px\"><strong> <a title=\"Introduccion al mundo del baterista, lecciones b\u00e1sicas\" href=\"https:\/\/www.slideshare.net\/SebaARG\/introduccion-al-mundo-del-baterista-lecciones-bsicas\" target=\"_blank\">Introduccion al mundo del baterista, lecciones b\u00e1sicas<\/a> <\/strong> from<strong> Luis Alava<\/strong><\/div>\n","protected":false},"excerpt":{"rendered":"<p>Bater\u00eda en general (INGLES) Fundamentals Of Speech Drum Set from Luis Alava Introducci\u00f3n a la Bater\u00eda Introduccion al mundo del baterista, lecciones b\u00e1sicas from Luis Alava<\/p>\n","protected":false},"author":8870,"featured_media":0,"parent":0,"menu_order":0,"comment_status":"open","ping_status":"open","template":"","meta":{"footnotes":""},"class_list":["post-13","page","type-page","status-publish","hentry"],"_links":{"self":[{"href":"https:\/\/blog.espol.edu.ec\/lfalava\/wp-json\/wp\/v2\/pages\/13","targetHints":{"allow":["GET"]}}],"collection":[{"href":"https:\/\/blog.espol.edu.ec\/lfalava\/wp-json\/wp\/v2\/pages"}],"about":[{"href":"https:\/\/blog.espol.edu.ec\/lfalava\/wp-json\/wp\/v2\/types\/page"}],"author":[{"embeddable":true,"href":"https:\/\/blog.espol.edu.ec\/lfalava\/wp-json\/wp\/v2\/users\/8870"}],"replies":[{"embeddable":true,"href":"https:\/\/blog.espol.edu.ec\/lfalava\/wp-json\/wp\/v2\/comments?post=13"}],"version-history":[{"count":4,"href":"https:\/\/blog.espol.edu.ec\/lfalava\/wp-json\/wp\/v2\/pages\/13\/revisions"}],"predecessor-version":[{"id":39,"href":"https:\/\/blog.espol.edu.ec\/lfalava\/wp-json\/wp\/v2\/pages\/13\/revisions\/39"}],"wp:attachment":[{"href":"https:\/\/blog.espol.edu.ec\/lfalava\/wp-json\/wp\/v2\/media?parent=13"}],"curies":[{"name":"wp","href":"https:\/\/api.w.org\/{rel}","templated":true}]}}