{"id":6,"date":"2013-11-05T18:44:15","date_gmt":"2013-11-05T18:44:15","guid":{"rendered":"http:\/\/blog.espol.edu.ec\/lfalava\/?page_id=6"},"modified":"2013-11-06T18:58:42","modified_gmt":"2013-11-06T18:58:42","slug":"biografia-artistica","status":"publish","type":"page","link":"https:\/\/blog.espol.edu.ec\/lfalava\/biografia-artistica\/","title":{"rendered":"Biograf\u00eda Art\u00edstica"},"content":{"rendered":"<p style=\"text-align: center\">Luis Fernando Alava<\/p>\n<p style=\"text-align: left\">Mi vida art\u00edstica como baterista comenz\u00f3 aproximadamente hace dos a\u00f1os, en la creaci\u00f3n del grupo de m\u00fasica de mi colegio en el cual inicie tocando la flauta dulce. Despu\u00e9s de un tiempo necesitaban alguien que toque el bombo y decid\u00ed hacerlo por mi amor a la percusi\u00f3n.<br \/>\nVer una bater\u00eda sin ser usada me motivo a averiguar en Youtube\u00ae como aprender a tocar bater\u00eda. Despu\u00e9s de muchas pr\u00e1cticas con almohadas intente hacerlo con una bater\u00eda real.<br \/>\nMi profesor vio mis ganas y me confi\u00f3 la bater\u00eda del colegio y comenze a tocar poco a poco. Despu\u00e9s de haberme presentado en representaci\u00f3n del colegio llego el tiempo de mi graduaci\u00f3n y por lo ta\u00f1o ten\u00eda que alejarme de la m\u00fasica, Pero mis ganas de seguir en la m\u00fasica y la percusi\u00f3n me llevaron a visitar los ensayos de grupo CHUMICHASQUI el cual pertenec\u00eda mi profesor, despu\u00e9s de varios ensayos y de presentaciones asistidas comenc\u00e9 a acompa\u00f1arlos con bombo hasta que se dio la oportunidad de presentarme con ellos. Despu\u00e9s de esta presentaci\u00f3n me volv\u00ed integrante de este grandioso grupo.<br \/>\nActualmente soy el baterista y percusionista del grupo CHUMICHASQUI, en el cual tuve la oportunidad de viajar a Per\u00fa. Ya tengo dos a\u00f1os de que toco bater\u00eda y estoy contento con mi desarrollo...<\/p>\n","protected":false},"excerpt":{"rendered":"<p>Luis Fernando Alava Mi vida art\u00edstica como baterista comenz\u00f3 aproximadamente hace dos a\u00f1os, en la creaci\u00f3n del grupo de m\u00fasica de mi colegio en el cual inicie tocando la flauta dulce. Despu\u00e9s de un tiempo necesitaban alguien que toque el bombo y decid\u00ed hacerlo por mi amor a la percusi\u00f3n. Ver una bater\u00eda sin ser [&hellip;]<\/p>\n","protected":false},"author":8870,"featured_media":0,"parent":0,"menu_order":0,"comment_status":"open","ping_status":"open","template":"","meta":{"footnotes":""},"class_list":["post-6","page","type-page","status-publish","hentry"],"_links":{"self":[{"href":"https:\/\/blog.espol.edu.ec\/lfalava\/wp-json\/wp\/v2\/pages\/6","targetHints":{"allow":["GET"]}}],"collection":[{"href":"https:\/\/blog.espol.edu.ec\/lfalava\/wp-json\/wp\/v2\/pages"}],"about":[{"href":"https:\/\/blog.espol.edu.ec\/lfalava\/wp-json\/wp\/v2\/types\/page"}],"author":[{"embeddable":true,"href":"https:\/\/blog.espol.edu.ec\/lfalava\/wp-json\/wp\/v2\/users\/8870"}],"replies":[{"embeddable":true,"href":"https:\/\/blog.espol.edu.ec\/lfalava\/wp-json\/wp\/v2\/comments?post=6"}],"version-history":[{"count":5,"href":"https:\/\/blog.espol.edu.ec\/lfalava\/wp-json\/wp\/v2\/pages\/6\/revisions"}],"predecessor-version":[{"id":18,"href":"https:\/\/blog.espol.edu.ec\/lfalava\/wp-json\/wp\/v2\/pages\/6\/revisions\/18"}],"wp:attachment":[{"href":"https:\/\/blog.espol.edu.ec\/lfalava\/wp-json\/wp\/v2\/media?parent=6"}],"curies":[{"name":"wp","href":"https:\/\/api.w.org\/{rel}","templated":true}]}}