{"id":14,"date":"2009-10-28T17:14:02","date_gmt":"2009-10-28T22:14:02","guid":{"rendered":"http:\/\/blog.espol.edu.ec\/lfcastil\/?page_id=14"},"modified":"2009-11-23T12:50:37","modified_gmt":"2009-11-23T17:50:37","slug":"vacaciones-en-la-playa","status":"publish","type":"page","link":"https:\/\/blog.espol.edu.ec\/lfcastil\/vacaciones-en-la-playa\/","title":{"rendered":"BALONCESTO"},"content":{"rendered":"<p><img loading=\"lazy\" decoding=\"async\" class=\"aligncenter size-full wp-image-23\" src=\"http:\/\/blog.espol.edu.ec\/lfcastil\/files\/2009\/10\/michael_jordan_2.jpg\" alt=\"Baloncesto\" width=\"1024\" height=\"768\" srcset=\"https:\/\/blog.espol.edu.ec\/lfcastil\/files\/2009\/10\/michael_jordan_2.jpg 1024w, https:\/\/blog.espol.edu.ec\/lfcastil\/files\/2009\/10\/michael_jordan_2-300x225.jpg 300w\" sizes=\"auto, (max-width: 1024px) 100vw, 1024px\" \/><\/p>\n<p style=\"text-align: center\"><strong>HISTORIA DEL BALONCESTO<\/strong><\/p>\n<p style=\"text-align: justify\">El baloncesto naci\u00f3 como una respuesta a la necesidad de realizar alguna actividad deportiva durante el invierno en el norte de <span style=\"color: #000000\"><a title=\"Estados Unidos\" href=\"http:\/\/es.wikipedia.org\/wiki\/Estados_Unidos\">Estados Unidos<\/a>. <\/span>Al profesor de la Universidad de Springfield (Massachusetts), James Naismith (un profesor canadiense) le fue encargada la misi\u00f3n, en 1891, de idear un deporte que se pudiera jugar bajo techo, pues los inviernos en esa zona dificultaban la realizaci\u00f3n de alguna actividad al aire libre. James Naismith analiz\u00f3 las actividades deportivas que se practicaban en la \u00e9poca, cuya caracter\u00edstica predominante era la fuerza o el contacto f\u00edsico, y pens\u00f3 en algo suficientemente activo, que requiriese m\u00e1s destreza que fuerza y que no tuviese mucho contacto f\u00edsico. El <a title=\"Canad\u00e1\" href=\"http:\/\/es.wikipedia.org\/wiki\/Canad%C3%A1\">canadiense<\/a> record\u00f3 un antiguo juego de su infancia denominado \"duck on a rock\" (|pato sobre una roca), que consist\u00eda en intentar alcanzar un objeto colocado sobre una roca lanz\u00e1ndole una piedra. Naismith pidi\u00f3 al encargado del colegio unas cajas de 50 cm. de di\u00e1metro pero lo \u00fanico que le consigui\u00f3 fueron unas canastas de Prunus persica|melocotones, que mand\u00f3 colgar en las barandillas de la galer\u00eda superior que rodeaba el gimnasio, a una altura determinada.<\/p>\n<p style=\"text-align: justify\"><a title=\"James Naismith\" href=\"http:\/\/es.wikipedia.org\/wiki\/James_Naismith\">James Naismith<\/a> dise\u00f1\u00f3 un conjunto de trece reglas para el incipiente deporte. \u00c9stas eran:<\/p>\n<ol style=\"text-align: justify\">\n<li>El bal\u00f3n puede ser lanzado en cualquier direcci\u00f3n con una o ambas manos.<\/li>\n<li>El bal\u00f3n puede ser golpeado en cualquier direcci\u00f3n con una o ambas manos, pero nunca con el pu\u00f1o.<\/li>\n<li>Un jugador no puede correr con el bal\u00f3n. El jugador debe lanzarlo desde el lugar donde lo toma.<\/li>\n<li>El bal\u00f3n debe ser sujetado con o entre las manos. Los brazos o el cuerpo no pueden usarse para sujetarlo.<\/li>\n<li>No se permite cargar con el hombro, agarrar, empujar, golpear o zancadillear a un oponente. La primera infracci\u00f3n a esta norma por cualquier persona contar\u00e1 como una falta, la segunda lo descalificar\u00e1 hasta que se consiga una canasta, o, si hay una evidente intenci\u00f3n de causar una lesi\u00f3n, durante el resto del partido. No se permitir\u00e1 la sustituci\u00f3n del infractor.<\/li>\n<li>Se considerar\u00e1 falta golpear el bal\u00f3n con el pu\u00f1o, las violaciones de las reglas 3 y 4, y lo descrito en la regla 5.<\/li>\n<li>Si un equipo hace tres faltas consecutivas (sin que el oponente haya hecho ninguna en ese intervalo), se contar\u00e1 un punto para sus contrarios.<\/li>\n<li>Los puntos se conseguir\u00e1n cuando el bal\u00f3n es lanzado o golpeado desde la pista, cae dentro de la canasta y se queda all\u00ed. Si el bal\u00f3n se queda en el borde y un contrario mueve la cesta, contar\u00e1 como un punto.<\/li>\n<li>Cuando el bal\u00f3n sale fuera de banda, ser\u00e1 lanzado dentro del campo y jugado por la primera persona en tocarlo. En caso de duda, el \u00e1rbitro lanzar\u00e1 el bal\u00f3n en l\u00ednea recta hacia el campo. El que saca dispone de cinco Segundo|segundos. Si tarda m\u00e1s, el bal\u00f3n pasa al oponente.<\/li>\n<li>El \u00e1rbitro auxiliar, \"<em>umpire<\/em>\", sancionar\u00e1 a los jugadores y anotar\u00e1 las faltas, avisar\u00e1 adem\u00e1s al \"<em>referee<\/em>\" (\u00e1rbitro principal, v\u00e9ase siguiente punto) cuando un equipo cometa tres faltas consecutivas. Tendr\u00e1 poder para descalificar a los jugadores conforme a la regla 5.<\/li>\n<li>El \u00e1rbitro principal, \"<em>referee<\/em>\", jugar\u00e1 el bal\u00f3n y decide cuando est\u00e1 en juego, dentro del campo o fuera, a qui\u00e9n pertenece, y llevar\u00e1 el tiempo. Decidir\u00e1 cuando se consigue un punto, llevar\u00e1 el marcador y cualquier otra tarea propia de un \u00e1rbitro.<\/li>\n<li>El tiempo ser\u00e1 de dos mitades de 15 minutos con un descanso de 5 minutos entre ambas.<\/li>\n<li>El equipo que consiga m\u00e1s puntos ser\u00e1 el vencedor.<\/li>\n<\/ol>\n<p style=\"text-align: justify\">El baloncesto femenino comenz\u00f3 en 1892, en el Smith College, cuando Senda Berenson, una profesora de educaci\u00f3n f\u00edsica, modific\u00f3 las reglas de Naismith para adaptarlas a las necesidades de las mujeres.<\/p>\n<p style=\"text-align: justify\">Como Naismith ten\u00eda 18 alumnos, decidi\u00f3 que los equipos estuviesen formados por 9 jugadores cada uno. Con el paso del tiempo, este n\u00famero se redujo primero a 7, y luego al actual de 5 jugadores.<\/p>\n<p style=\"text-align: justify\">El tablero surgi\u00f3 para evitar que los seguidores situados en la galer\u00eda donde colgaban las cestas, pudieran entorpecer la entrada del bal\u00f3n. Con el paso del tiempo las cestas de melocotones se convirtieron en aros met\u00e1licos con una red sin agujeros hasta llegar a la red actual.<\/p>\n<p style=\"text-align: justify\">El baloncesto fue un deporte de exhibici\u00f3n en los Juegos Ol\u00edmpicos de 1928 y Juegos Ol\u00edmpicos de 1932|1932, alcanzando la categor\u00eda ol\u00edmpica en los Juegos Ol\u00edmpicos de 1936. Aqu\u00ed Naismith tuvo la oportunidad de ver como su creaci\u00f3n era convertida en categor\u00eda ol\u00edmpica, cuando fue acompa\u00f1ado por Adolf Hitler en el palco de honor, en Alemania. El baloncesto femenino debi\u00f3 esperar hasta 1976 para su admisi\u00f3n como deporte ol\u00edmpico.<\/p>\n<p style=\"text-align: justify\">El juego gust\u00f3 y se estableci\u00f3 pronto en Estados Unido. M\u00e9xico, fue donde primero se introdujo por motivos geogr\u00e1ficos. A Europa, lleg\u00f3 de la mano de las sedes de YMCA a Par\u00eds. Pero no fue hasta la primera guerra mundial que cogi\u00f3 gran impulso, sobre todo gracias a los soldados estadounidenses que jugaban en sus ratos libres.<\/p>\n<p style=\"text-align: justify\">El baloncesto en la actualidad cuenta con una gran difusi\u00f3n en diferentes pa\u00edses de todo el mundo, siendo uno de los deportes con m\u00e1s participantes y competiciones regulares en distintas zonas y pa\u00edses del mundo. En Estados Unidos, se disputa la National Basketball Association|NBA, considerada la mejor competici\u00f3n mundial de baloncesto de clubes.<\/p>\n<p style=\"text-align: justify\">La l\u00ednea de tres puntos (triple), se prob\u00f3 en Estados Unidos en 1933. Sin embargo, no ser\u00eda adoptada por la American Basketball Association|ABA hasta el a\u00f1o 1968, llegando a la National Basketball Association|NBA en la temporada 1979-80 de la NBA|temporada 1979-80. En el baloncesto FIBA habr\u00eda que esperar hasta 1984 para que formara parte de su reglamento.<\/p>\n","protected":false},"excerpt":{"rendered":"<p>HISTORIA DEL BALONCESTO El baloncesto naci\u00f3 como una respuesta a la necesidad de realizar alguna actividad deportiva durante el invierno en el norte de Estados Unidos. Al profesor de la Universidad de Springfield (Massachusetts), James Naismith (un profesor canadiense) le fue encargada la misi\u00f3n, en 1891, de idear un deporte que se pudiera jugar bajo [&hellip;]<\/p>\n","protected":false},"author":3205,"featured_media":0,"parent":0,"menu_order":0,"comment_status":"open","ping_status":"open","template":"","meta":{"footnotes":""},"class_list":["post-14","page","type-page","status-publish","hentry"],"_links":{"self":[{"href":"https:\/\/blog.espol.edu.ec\/lfcastil\/wp-json\/wp\/v2\/pages\/14","targetHints":{"allow":["GET"]}}],"collection":[{"href":"https:\/\/blog.espol.edu.ec\/lfcastil\/wp-json\/wp\/v2\/pages"}],"about":[{"href":"https:\/\/blog.espol.edu.ec\/lfcastil\/wp-json\/wp\/v2\/types\/page"}],"author":[{"embeddable":true,"href":"https:\/\/blog.espol.edu.ec\/lfcastil\/wp-json\/wp\/v2\/users\/3205"}],"replies":[{"embeddable":true,"href":"https:\/\/blog.espol.edu.ec\/lfcastil\/wp-json\/wp\/v2\/comments?post=14"}],"version-history":[{"count":9,"href":"https:\/\/blog.espol.edu.ec\/lfcastil\/wp-json\/wp\/v2\/pages\/14\/revisions"}],"predecessor-version":[{"id":40,"href":"https:\/\/blog.espol.edu.ec\/lfcastil\/wp-json\/wp\/v2\/pages\/14\/revisions\/40"}],"wp:attachment":[{"href":"https:\/\/blog.espol.edu.ec\/lfcastil\/wp-json\/wp\/v2\/media?parent=14"}],"curies":[{"name":"wp","href":"https:\/\/api.w.org\/{rel}","templated":true}]}}