{"id":230,"date":"2009-08-10T10:30:44","date_gmt":"2009-08-10T15:30:44","guid":{"rendered":"http:\/\/blog.espol.edu.ec\/lg1491\/?page_id=230"},"modified":"2009-08-10T21:31:38","modified_gmt":"2009-08-11T02:31:38","slug":"%c2%a1%c2%a1-flash-movil","status":"publish","type":"page","link":"https:\/\/blog.espol.edu.ec\/lg1491\/%c2%a1%c2%a1-flash-movil\/","title":{"rendered":"\u00a1\u00a1.. FlAsH mOvIl ..!!"},"content":{"rendered":"<p>Hola\u00a0 todos..\u00a0 pos aqui estoy de nuevo con una publicacion muy bueno espero les guste y les sirva de mucho..!!\u00a0Aqui les<\/p>\n<p>indico lo que deben hacer para flashear un celular, pero antes de eso les indicare en consiste esto de flashear un\u00a0movil.<\/p>\n<h1><span style=\"text-decoration: underline\"><span style=\"color: #800000\">Como Flashear un Movil...?!?!?<\/span><\/span><\/h1>\n<p><strong><\/strong><\/p>\n<p style=\"text-align: justify\"><strong><\/strong><\/p>\n<p style=\"text-align: justify\"><span style=\"color: #008000\"><strong><\/strong><\/span><\/p>\n<p><span style=\"color: #008000\"><strong><span style=\"color: #008000\"><strong><img loading=\"lazy\" decoding=\"async\" class=\"alignleft size-thumbnail wp-image-232\" src=\"http:\/\/blog.espol.edu.ec\/lg1491\/files\/2009\/08\/cell-149x150.jpg\" alt=\"cell\" width=\"149\" height=\"150\" \/><\/strong><\/span>Bueno\u00a0Flashear es simplemente cambiarle el firmware interno, en este caso, de tu equipo celular. Esto nos deja con la duda, \u00bfQu\u00e9 es el firmware? Pues es el sistema que controla la electr\u00f3nica de nuestro equipo celular. Esto comprende en funcionamiento electr\u00f3nico de nuestro equipo, la interfaz gr\u00e1fica, etc.<\/strong><\/span><\/p>\n<p><span style=\"color: #008000\"><strong>El Flasheo es la modificaci\u00f3n de este \"sistema\" para obtener o aprovechar opciones que nos han sido bloqueadas por el fabricante, ya sea por cuesti\u00f3n de dise\u00f1o o qui\u00e9n sabe. O simplemente potenciar otras (como subirle el volumen al altavoz, darle m\u00e1s brillo a la pantalla, cambiar la interfaz gr\u00e1fica del celular, etc.) <\/strong><\/span><\/p>\n<p><span style=\"color: #008000\"><strong><!--more--><br \/>\n<\/strong><\/span><\/p>\n<p><span style=\"color: #008000\"><strong>Adem\u00e1s de cosas muy importantes como:<\/strong><\/span><\/p>\n<p><span style=\"color: #008000\"><strong>-Actualizar tu equipo al \u00faltimo sistema.<br \/>\n-Corregir errores (bugs).<br \/>\n-Agregar <\/strong><\/span><a href=\"http:\/\/www.arenamovil.com\/menus-flash-para-sony-ericsson\/\" target=\"_blank\"><span style=\"color: #008000\"><strong>Men\u00fas Flash<\/strong><\/span><\/a><span style=\"color: #008000\"><strong>.<br \/>\n-Cambiar la publicidad que viene en los celulares!!!!!!<br \/>\n-Etc\u00e9tera.<\/strong><\/span><\/p>\n<p><span style=\"color: #008000\"><span style=\"color: #000000\">Bueno una vez que tenemos entendido lo que significa flashear un movil procedere a explicarl paso paso como hacerlo:<\/span><\/span><\/p>\n<h2><strong><span style=\"font-family: mceinline\">Requisitos antes de flashear<\/span><\/strong><\/h2>\n<pre><span style=\"color: #000000\">1. Tener la bateria con carga completa\u00a0\r\n2. Tener cable usb fiable para hacer el flasheo\u00a0\r\n3. Conectar por los puertos de atras de la m\u00e1q el cable usb\u00a0<\/span><\/pre>\n<h2><span style=\"color: #008000\"><span style=\"color: #000000\"><span style=\"color: #ff0000\">\u00bfQue puede salir mal en un flasheo? <\/span><\/span><\/span><\/h2>\n<pre><span style=\"color: #008000\"><span style=\"color: #000000\">Que se muera el celular por:\u00a0\r\n1. Que se corte la luz\u00a0\r\n2. Que tengas un cable defectuoso\u00a0\r\n3. Que hayas conectado por el puerto de adelante\u00a0\r\n4. Que se te reinicie la m\u00e1quina en el medio del flasheo\u00a0\r\n5. Que desconectes el cable usb en medio del flasheo\u00a0\r\n6. Que le hayas querido meter un flash de tu celular no compatible\u00a0\r\n7. Lo que se te ocurra\u00a0<\/span><\/span><\/pre>\n<h2><span style=\"color: #008000\"><span style=\"color: #000000\"><span style=\"color: #ff0000\">Comenzando a flashear: <\/span><\/span><\/span><\/h2>\n<pre><span style=\"color: #008000\"><span style=\"color: #000000\">Si ya nos hemos asegurado de que la bateria este totalmente cargada, procedemos a apagar el<\/span><\/span><\/pre>\n<pre><span style=\"color: #008000\"><span style=\"color: #000000\"> celular<\/span><\/span><span style=\"color: #008000\"><span style=\"color: #000000\"> y:\u00a0*Conectar el cable usb al celular y a la pc (por los puertos de atr\u00e1s)<\/span><\/span><\/pre>\n<pre><span style=\"color: #008000\"><span style=\"color: #000000\"><span style=\"text-decoration: underline\"><span style=\"color: #0000ff\">DRIVER USB<\/span><\/span><span style=\"text-decoration: underline\"><span style=\"color: #0000ff\">\u00a0http:\/\/www.megaupload.com\/?d=73U8DVME<\/span><\/span>\u00a0\r\n*Abrir el RSD Lite (se supone que lo tenemos instalado)<span style=\"text-decoration: underline\"><span style=\"color: #0000ff\">http:\/\/www.megaupload.com\/?d=BYUERV68<\/span><\/span>\u00a0\r\n*Prender el celular en modo flash de la siguiente manera (el celular siempre apagado):\u00a0\r\n-Presionar asterisco\u00a0\r\n-Presionar numeral sin soltar asterisco\u00a0\r\n-Presionar el boton rojo (prw) sin soltar numeral y asterisco, en resumen *+#+prw\u00a0\r\nUna vez que el celular prende en modo flash muestra la siguiente informacion:\u00a0<\/span><\/span><\/pre>\n<p><span style=\"color: #008000\"><span style=\"color: #000000\">Boot Loader<br \/>\n0C.A1<br \/>\nSW version:<br \/>\nR452GL8_G_08.0<br \/>\n0.05R <\/span><\/span><\/p>\n<p>Ok to Program<br \/>\nUSB<br \/>\nTransfer Mode<\/p>\n<p>Ya conectado y todo listo procedemos a los siguientes pasos: <span style=\"font-size: small;color: #000000;font-family: Calibri\"> <\/span><\/p>\n<p><span style=\"color: #008000\"><span style=\"font-size: 13pt;color: black;font-family: &quot;Lucida Grande&quot;,&quot;serif&amp;quot\">Esta ultima parte [USB TRANSFER MODE] puede variar si hemos conectado o no<\/span><\/span><\/p>\n<p><span style=\"color: #008000\"><span style=\"font-size: 13pt;color: black;font-family: &quot;Lucida Grande&quot;,&quot;serif&amp;quot\"> el cable USB<\/span><span style=\"font-size: 13pt;color: black;font-family: &quot;Lucida Grande&quot;,&quot;serif&amp;quot\"> <\/span><\/span><\/p>\n<p><span style=\"color: #008000\"><span style=\"font-size: 13pt;color: black;font-family: &quot;Lucida Grande&quot;,&quot;serif&amp;quot\"><img loading=\"lazy\" decoding=\"async\" class=\"aligncenter size-full wp-image-237\" src=\"http:\/\/blog.espol.edu.ec\/lg1491\/files\/2009\/08\/11.jpg\" alt=\"11\" width=\"707\" height=\"520\" \/><\/span><\/span><\/p>\n<p>1. Este paso ya lo hemos hecho, por lo que el programa nos esta indicando que es un \"telefono cualquiera\", es decir, no le importara el modelo, solo flasheara el equipo.<br \/>\n2. Hacemos click en los tres puntitos [...]<br \/>\n3. Procedemos a buscar nuestro flash y\/o monsterpack (ver primera p\u00e1gina de este post para los monterpack's)<br \/>\n4. Damos click Start para comenzar el flasheo (tomarse un buen calmante o una taza de te de tilo )<\/p>\n<p><img loading=\"lazy\" decoding=\"async\" class=\"aligncenter size-full wp-image-241\" src=\"http:\/\/blog.espol.edu.ec\/lg1491\/files\/2009\/08\/22.jpg\" alt=\"22\" width=\"706\" height=\"516\" \/><\/p>\n<p>Durante este proceso, puede observarse que el flash y\/o monsterpack esta siendo descompilado. (por medio de la carpeta donde esta el flash y\/o mp)<\/p>\n<p>Cuando termina de preparar el monsterpack y al celular, verdaderamente comienza el proceso de flasheo.<\/p>\n<p><img loading=\"lazy\" decoding=\"async\" class=\"aligncenter size-full wp-image-245\" src=\"http:\/\/blog.espol.edu.ec\/lg1491\/files\/2009\/08\/31.jpg\" alt=\"31\" width=\"714\" height=\"516\" \/><\/p>\n<p>Durante esta etapa, pueden distraerse, pero no tarda mas de 10 minutos en flashear.<\/p>\n<p>Cuando el programa termina de mandarle el flash comienza la verificacion de los checksum (coherencias) dentro del flash ya instalado:<\/p>\n<p><img loading=\"lazy\" decoding=\"async\" class=\"aligncenter size-full wp-image-246\" src=\"http:\/\/blog.espol.edu.ec\/lg1491\/files\/2009\/08\/4.jpg\" alt=\"4\" width=\"712\" height=\"524\" \/><\/p>\n<p>Cuando termine de verificar el programa se empieza a recargar el telefono (o a reiniciar):<\/p>\n<p><img loading=\"lazy\" decoding=\"async\" class=\"aligncenter size-full wp-image-248\" src=\"http:\/\/blog.espol.edu.ec\/lg1491\/files\/2009\/08\/5.jpg\" alt=\"5\" width=\"713\" height=\"516\" \/> Si es que todo ha salido bien, muestra la siguiente imagen, y desde aqu\u00ed puedes tranquilizarte y dejar de sudar:<\/p>\n<p><img loading=\"lazy\" decoding=\"async\" class=\"size-full wp-image-250 alignnone\" src=\"http:\/\/blog.espol.edu.ec\/lg1491\/files\/2009\/08\/61.jpg\" alt=\"61\" width=\"713\" height=\"519\" \/><\/p>\n<h2><span style=\"color: #ff0000\">Recomendaciones: <\/span><\/h2>\n<pre><span style=\"color: #000000\">Siempre metanle monsterpack a sus celulares que hayan sido probados\u00a0\r\nNunca le metan un flash de una compa\u00f1ia a un celular de otra compa\u00f1ia.<\/span><\/pre>\n<p>Hasta\u00a0aqui llega mi publicacion espero que les guste hasta la proxima..!!!<\/p>\n","protected":false},"excerpt":{"rendered":"<p>Hola\u00a0 todos..\u00a0 pos aqui estoy de nuevo con una publicacion muy bueno espero les guste y les sirva de mucho..!!\u00a0Aqui les indico lo que deben hacer para flashear un celular, pero antes de eso les indicare en consiste esto de flashear un\u00a0movil. Como Flashear un Movil...?!?!? Bueno\u00a0Flashear es simplemente cambiarle el firmware interno, en este [&hellip;]<\/p>\n","protected":false},"author":2227,"featured_media":0,"parent":0,"menu_order":0,"comment_status":"open","ping_status":"open","template":"","meta":{"footnotes":""},"class_list":["post-230","page","type-page","status-publish","hentry"],"_links":{"self":[{"href":"https:\/\/blog.espol.edu.ec\/lg1491\/wp-json\/wp\/v2\/pages\/230","targetHints":{"allow":["GET"]}}],"collection":[{"href":"https:\/\/blog.espol.edu.ec\/lg1491\/wp-json\/wp\/v2\/pages"}],"about":[{"href":"https:\/\/blog.espol.edu.ec\/lg1491\/wp-json\/wp\/v2\/types\/page"}],"author":[{"embeddable":true,"href":"https:\/\/blog.espol.edu.ec\/lg1491\/wp-json\/wp\/v2\/users\/2227"}],"replies":[{"embeddable":true,"href":"https:\/\/blog.espol.edu.ec\/lg1491\/wp-json\/wp\/v2\/comments?post=230"}],"version-history":[{"count":21,"href":"https:\/\/blog.espol.edu.ec\/lg1491\/wp-json\/wp\/v2\/pages\/230\/revisions"}],"predecessor-version":[{"id":261,"href":"https:\/\/blog.espol.edu.ec\/lg1491\/wp-json\/wp\/v2\/pages\/230\/revisions\/261"}],"wp:attachment":[{"href":"https:\/\/blog.espol.edu.ec\/lg1491\/wp-json\/wp\/v2\/media?parent=230"}],"curies":[{"name":"wp","href":"https:\/\/api.w.org\/{rel}","templated":true}]}}