{"id":364,"date":"2009-08-25T15:34:53","date_gmt":"2009-08-25T20:34:53","guid":{"rendered":"http:\/\/blog.espol.edu.ec\/lg1491\/?page_id=364"},"modified":"2009-08-25T15:34:53","modified_gmt":"2009-08-25T20:34:53","slug":"nokia-morph","status":"publish","type":"page","link":"https:\/\/blog.espol.edu.ec\/lg1491\/nokia-morph\/","title":{"rendered":"\"NoKiA MoRpH\""},"content":{"rendered":"<h2><span style=\"color: #ff0000\">\"El dispositivo del futuro\"<\/span><\/h2>\n<p>\u00a0<\/p>\n<p><span style=\"color: #ff0000\"><\/span>\u00a0<\/p>\n<h2 class=\"blogContenido\">\n<h5><span style=\"color: #000000\">Si bien el futuro inmediato de los m\u00f3viles est\u00e1 en <\/span><span style=\"color: #000000\">Android<\/span><span style=\"color: #000000\">, una plataforma abierta, el futuro de los <\/span><span style=\"color: #000000\">dispositivos m\u00f3viles<\/span><span style=\"color: #000000\"> lo tiene Nokia entre sus manos.<br \/>\nSe llama <strong>Morph<\/strong> y de ser desarrollado y comercialmente viable dentro de los pr\u00f3ximos 3 o 4 a\u00f1os podr\u00eda significar una verdadera re-definici\u00f3n del concepto m\u00f3vil. Utiliza <\/span><span style=\"color: #000000\">nanotecnolog\u00eda<\/span><span style=\"color: #000000\">, se recarga con la luz del sol, es maleable, su hiperhidrofobia lo libera de la suciedad y puede actuar como celular, PC m\u00f3vil y c\u00e1mara.<br \/>\nEl video explicativo es maravilloso tanto en forma como en fondo. <\/span><\/h5>\n<\/h2>\n<h2><object width=\"425\" height=\"344\" data=\"http:\/\/www.youtube.com\/v\/IX-gTobCJHs&amp;hl=en&amp;fs=1&amp;color1=0x3a3a3a&amp;color2=0x999999\" type=\"application\/x-shockwave-flash\"><param name=\"allowFullScreen\" value=\"true\" \/><param name=\"allowscriptaccess\" value=\"always\" \/><param name=\"src\" value=\"http:\/\/www.youtube.com\/v\/IX-gTobCJHs&amp;hl=en&amp;fs=1&amp;color1=0x3a3a3a&amp;color2=0x999999\" \/><param name=\"allowfullscreen\" value=\"true\" \/><\/object><\/h2>\n<h5 style=\"text-align: justify\"><span style=\"color: #000000\">Pareciera sacado verdaderamente de un libro de ciencia ficci\u00f3n, pero no. Morph y todos esos dispositivos que nos promete la nanotecnolog\u00eda podr\u00edan ser una realidad en un plazo mediano.<br \/>\n<\/span><span style=\"color: #000000\">\u00a0<\/span><\/h5>\n","protected":false},"excerpt":{"rendered":"<p>\"El dispositivo del futuro\" \u00a0 \u00a0 Si bien el futuro inmediato de los m\u00f3viles est\u00e1 en Android, una plataforma abierta, el futuro de los dispositivos m\u00f3viles lo tiene Nokia entre sus manos. Se llama Morph y de ser desarrollado y comercialmente viable dentro de los pr\u00f3ximos 3 o 4 a\u00f1os podr\u00eda significar una verdadera re-definici\u00f3n [&hellip;]<\/p>\n","protected":false},"author":2227,"featured_media":0,"parent":0,"menu_order":0,"comment_status":"open","ping_status":"open","template":"","meta":{"footnotes":""},"class_list":["post-364","page","type-page","status-publish","hentry"],"_links":{"self":[{"href":"https:\/\/blog.espol.edu.ec\/lg1491\/wp-json\/wp\/v2\/pages\/364","targetHints":{"allow":["GET"]}}],"collection":[{"href":"https:\/\/blog.espol.edu.ec\/lg1491\/wp-json\/wp\/v2\/pages"}],"about":[{"href":"https:\/\/blog.espol.edu.ec\/lg1491\/wp-json\/wp\/v2\/types\/page"}],"author":[{"embeddable":true,"href":"https:\/\/blog.espol.edu.ec\/lg1491\/wp-json\/wp\/v2\/users\/2227"}],"replies":[{"embeddable":true,"href":"https:\/\/blog.espol.edu.ec\/lg1491\/wp-json\/wp\/v2\/comments?post=364"}],"version-history":[{"count":7,"href":"https:\/\/blog.espol.edu.ec\/lg1491\/wp-json\/wp\/v2\/pages\/364\/revisions"}],"predecessor-version":[{"id":371,"href":"https:\/\/blog.espol.edu.ec\/lg1491\/wp-json\/wp\/v2\/pages\/364\/revisions\/371"}],"wp:attachment":[{"href":"https:\/\/blog.espol.edu.ec\/lg1491\/wp-json\/wp\/v2\/media?parent=364"}],"curies":[{"name":"wp","href":"https:\/\/api.w.org\/{rel}","templated":true}]}}