{"id":1970,"date":"2010-09-09T12:16:28","date_gmt":"2010-09-09T16:16:28","guid":{"rendered":"http:\/\/blog.espol.edu.ec\/lgrodrig\/?page_id=1970"},"modified":"2010-10-08T11:12:26","modified_gmt":"2010-10-08T15:12:26","slug":"moussa-ag-assarid-entrevista-azul","status":"publish","type":"page","link":"https:\/\/blog.espol.edu.ec\/lgrodrig\/recordando\/moussa-ag-assarid-entrevista-azul\/","title":{"rendered":"MOUSSA AG ASSARID - Entrevista azul"},"content":{"rendered":"<p><strong><a href=\"http:\/\/blog.espol.edu.ec\/lgrodrig\/files\/2010\/09\/hombre-azul.gif\"><img loading=\"lazy\" decoding=\"async\" class=\"aligncenter size-full wp-image-1971\" title=\"hombre azul\" src=\"http:\/\/blog.espol.edu.ec\/lgrodrig\/files\/2010\/09\/hombre-azul.gif\" alt=\"\" width=\"406\" height=\"450\" srcset=\"https:\/\/blog.espol.edu.ec\/lgrodrig\/files\/2010\/09\/hombre-azul.gif 406w, https:\/\/blog.espol.edu.ec\/lgrodrig\/files\/2010\/09\/hombre-azul-270x300.jpg 270w\" sizes=\"auto, (max-width: 406px) 100vw, 406px\" \/><\/a><\/strong><\/p>\n<p><strong> <\/strong><\/p>\n<h1 style=\"text-align: center\"><span style=\"color: #0f40ef\"><strong><strong>Una\u00a0preciosa entrevista <\/strong><\/strong><\/span><\/h1>\n<h1 style=\"text-align: center\"><span style=\"color: #0f40ef\"><strong><strong>a<\/strong><\/strong><\/span><\/h1>\n<h1 style=\"text-align: center\"><span style=\"color: #0f40ef\"><strong><strong>MOUSSA AG ASSARID<\/strong><\/strong><\/span><\/h1>\n<h2 style=\"text-align: justify\">No se mi edad. Nac\u00ed en el desierto del Sahara, en un campamento n\u00f3mada tuareg entre Tombuct\u00fa y Gao, al norte de Mali. He sido pastor de los camellos, cabras, corderos y vacas de mi padre. Hoy estudio Gesti\u00f3n en la Universidad Montpellier. Estoy soltero. Defiendo a los pastores tuareg. Soy musulm\u00e1n, sin fanatismo.<\/h2>\n<h1><span style=\"color: #0f40ef\"><strong>- \u00a1Qu\u00e9 turbante tan hermoso...!<\/strong><\/span><\/h1>\n<h2 style=\"text-align: justify\">- Es una fina tela de algod\u00f3n: permite tapar la cara en el desierto cuando se levanta arena, y a la vez seguir viendo y respirando a su trav\u00e9s.<\/h2>\n<h1><span style=\"color: #0f40ef\"><strong>- Es de un azul bell\u00edsimo...<\/strong><\/span><strong> <\/strong><\/h1>\n<h2 style=\"text-align: justify\">- A los tuareg nos llamaban los hombres azules por esto: la tela desti\u00f1e algo y nuestra piel toma tintes azulados...<\/h2>\n<p style=\"text-align: justify\">\n<h1><span style=\"color: #0f40ef\"><strong>- \u00bfC\u00f3mo elaboran ese intenso azul a\u00f1il?<\/strong><\/span><strong> <\/strong><\/h1>\n<h2 style=\"text-align: justify\">- Con una planta llamada \u00edndigo, mezclada con otros pigmentos naturales. El azul, para los tuareg, es el color del mundo.<\/h2>\n<p style=\"text-align: justify\">\n<h1><span style=\"color: #0f40ef\"><strong>- \u00bfPor qu\u00e9?<\/strong><\/span><\/h1>\n<h2 style=\"text-align: justify\"><span style=\"color: #000000\">- Es el color dominante: el del cielo, el techo de nuestra casa.<\/span><\/h2>\n<p style=\"text-align: justify\">\n<h1><span style=\"color: #3366ff\"><strong>- \u00bfQui\u00e9nes son los tuareg?<\/strong><\/span><strong> <\/strong><\/h1>\n<h2 style=\"text-align: justify\">- Tuareg significa \"abandonados\", porque somos un viejo pueblo n\u00f3mada del desierto, solitario, orgulloso: \"Se\u00f1ores del Desierto\", nos llaman. Nuestra etnia es la amazigh (bereber), y nuestro alfabeto, el tifinagh.<\/h2>\n<h1><span style=\"color: #3366ff\"><strong>- \u00bfCu\u00e1ntos son?<\/strong><\/span><\/h1>\n<h2 style=\"text-align: justify\">- Unos tres millones, y la mayor\u00eda todav\u00eda n\u00f3madas. Pero la poblaci\u00f3n decrece... \"\u00a1Hace falta que un pueblo desaparezca para que sepamos que exist\u00eda!\", denunciaba una vez un sabio: yo lucho por preservar este pueblo.<\/h2>\n<h1><span style=\"color: #3366ff\"><strong>- \u00bfA qu\u00e9 se dedican?<\/strong><\/span><strong> <\/strong><\/h1>\n<h2 style=\"text-align: justify\">- Pastoreamos reba\u00f1os de camellos, cabras, corderos, vacas y asnos en un reino de infinito y de silencio...<\/h2>\n<h1><span style=\"color: #3366ff\"><strong>- \u00bfDe verdad tan silencioso es el desierto?<\/strong><\/span><\/h1>\n<h2 style=\"text-align: justify\">- Si est\u00e1s a solas en aquel silencio, oyes el latido de tu propio coraz\u00f3n. No hay mejor lugar para hallarse a uno mismo.<\/h2>\n<p style=\"text-align: justify\">\n<h1><strong><span style=\"color: #3366ff\">- \u00bfQu\u00e9 recuerdos de su ni\u00f1ez en el desierto conserva con mayor nitidez?<\/span><\/strong><\/h1>\n<h1><strong> <\/strong><\/h1>\n<p style=\"text-align: justify\"><strong> <\/strong><\/p>\n<h2 style=\"text-align: justify\">- Me despierto con el sol. Ah\u00ed est\u00e1n las cabras de mi padre. Ellas nos dan leche y carne, nosotros las llevamos a donde hay agua y hierba... As\u00ed hizo mi bisabuelo, y mi abuelo, y mi padre... Y yo. \u00a1No hab\u00eda otra cosa en el mundo m\u00e1s que eso, y yo era muy feliz en \u00e9l!<\/h2>\n<h1><span style=\"color: #3366ff\"><strong>- \u00bfS\u00ed? No parece muy estimulante. ..<\/strong><\/span><\/h1>\n<h2 style=\"text-align: justify\">- Mucho. A los siete a\u00f1os ya te dejan alejarte del campamento, para lo que te ense\u00f1an las cosas importantes: a olisquear el aire, escuchar, aguzar la vista, orientarte por el sol y las estrellas... Y a dejarte llevar por el camello, si te pierdes: te llevar\u00e1 a donde hay agua.<\/h2>\n<h1><span style=\"color: #3366ff\"><strong>- Saber eso es valioso, sin duda...<\/strong><\/span><\/h1>\n<h2 style=\"text-align: justify\">- All\u00ed todo es simple y profundo. Hay muy pocas cosas, \u00a1y cada una tiene enorme valor!<\/h2>\n<h1 style=\"text-align: justify\"><span style=\"color: #3366ff\"><strong>- Entonces este mundo y aqu\u00e9l son muy diferentes, \u00bfno?<\/strong><\/span><\/h1>\n<h2 style=\"text-align: justify\">- All\u00ed, cada peque\u00f1a cosa proporciona felicidad. Cada roce es valioso. \u00a1Sentimos una enorme alegr\u00eda por el simple hecho de tocarnos, de estar juntos! All\u00ed nadie sue\u00f1a con llegar a ser, \u00a1porque cada uno ya es!<\/h2>\n<h1 style=\"text-align: justify\"><span style=\"color: #3366ff\"><strong>- \u00bfQu\u00e9 es lo que m\u00e1s le choc\u00f3 en su primer viaje a Europa?<\/strong><\/span><\/h1>\n<h1><strong> <\/strong><\/h1>\n<h2 style=\"text-align: justify\"><strong> <\/strong><br \/>\n- Vi correr a la gente por el aeropuerto.. . \u00a1En el desierto s\u00f3lo se corre si viene una tormenta de arena! Me asust\u00e9, claro...<\/h2>\n<h1 style=\"text-align: justify\"><span style=\"color: #3366ff\"><strong>- S\u00f3lo iban a buscar las maletas, ja, ja...<\/strong><\/span><\/h1>\n<h2 style=\"text-align: justify\">- S\u00ed, era eso. Tambi\u00e9n vi carteles de chicas desnudas: \u00bfpor qu\u00e9 esa falta de respeto hacia la mujer?, me pregunt\u00e9... Despu\u00e9s, en el hotel Ibis, vi el primer grifo de mi vida: vi correr el agua... y sent\u00ed ganas de llorar.<\/h2>\n<h1><span style=\"color: #3366ff\"><strong>- Qu\u00e9 abundancia, qu\u00e9 derroche, \u00bfno?<\/strong><\/span><strong> <\/strong><\/h1>\n<h2 style=\"text-align: justify\">- \u00a1Todos los d\u00edas de mi vida hab\u00edan consistido en buscar agua! Cuando veo las fuentes de adorno aqu\u00ed y all\u00e1, a\u00fan sigo sintiendo dentro un dolor tan inmenso...<\/h2>\n<h1><span style=\"color: #3366ff\"><strong>- \u00bfTanto como eso?<\/strong><\/span><strong> <\/strong><\/h1>\n<h2 style=\"text-align: justify\">- S\u00ed. A principios de los 90 hubo una gran sequ\u00eda, murieron los animales, ca\u00edmos enfermos... Yo tendr\u00eda unos doce a\u00f1os, y mi madre muri\u00f3... \u00a1Ella lo era todo para m\u00ed! Me contaba historias y me ense\u00f1\u00f3 a contarlas bien. Me ense\u00f1\u00f3 a ser yo mismo.<\/h2>\n<h1><span style=\"color: #3366ff\"><strong>- \u00bfQu\u00e9 pas\u00f3 con su familia?<\/strong><\/span><strong> <\/strong><\/h1>\n<h2 style=\"text-align: justify\">- Convenc\u00ed a mi padre de que me dejase ir a la escuela. Casi cada d\u00eda yo caminaba quince kil\u00f3metros. Hasta que el maestro me dej\u00f3 una cama para dormir, y una se\u00f1ora me daba de comer al pasar ante su casa... Entend\u00ed: mi madre estaba ayud\u00e1ndome...<\/h2>\n<h1><span style=\"color: #3366ff\"> <\/span><\/h1>\n<h1><span style=\"color: #3366ff\"><strong>- \u00bfDe d\u00f3nde sali\u00f3 esa pasi\u00f3n por la escuela?<\/strong><\/span><\/h1>\n<h2 style=\"text-align: justify\">- De que un par de a\u00f1os antes hab\u00eda pasado por el campamento el rally Par\u00eds-Dakar, y a una periodista se le cay\u00f3 un libro de la mochila. Lo recog\u00ed y se lo di. Me lo regal\u00f3 y me habl\u00f3 de aquel libro: <strong>El Principito.<\/strong> Y yo me promet\u00ed que un d\u00eda ser\u00eda capaz de leerlo...<\/h2>\n<h1 style=\"text-align: justify\"><span style=\"color: #3366ff\"><strong>- Y lo logr\u00f3.<\/strong><\/span><\/h1>\n<h2 style=\"text-align: justify\">- S\u00ed. Y as\u00ed fue como logr\u00e9 una beca para estudiar en Francia.<\/h2>\n<h1 style=\"text-align: justify\"><span style=\"color: #3366ff\"><strong>- \u00a1Un tuareg en la universidad. ..!<\/strong><\/span> <strong> <\/strong><\/h1>\n<h2 style=\"text-align: justify\">- Ah, lo que m\u00e1s a\u00f1oro aqu\u00ed es la leche de camella... Y el fuego de le\u00f1a. Y caminar descalzo sobre la arena c\u00e1lida. Y las estrellas: all\u00ed las miramos cada noche, y cada estrella es distinta de otra, como es distinta cada cabra... Aqu\u00ed, por la noche, mir\u00e1is la tele.<\/h2>\n<h1><span style=\"color: #3366ff\"><strong>- S\u00ed... \u00bfQu\u00e9 es lo que peor le parece de aqu\u00ed?<\/strong><\/span><\/h1>\n<h2 style=\"text-align: justify\">- Ten\u00e9is de todo, pero no os basta. Os quej\u00e1is. \u00a1En Francia se pasan la vida quej\u00e1ndose! Os encaden\u00e1is de por vida a un banco, y hay ansia de poseer, frenes\u00ed, prisa... En el desierto no hay atascos, \u00bfy sabe por qu\u00e9? \u00a1Porque all\u00ed nadie quiere adelantar a nadie!<\/h2>\n<h1 style=\"text-align: justify\"><strong><span style=\"color: #3366ff\">- Rel\u00e1teme un momento de felicidad intensa en su lejano desierto.<\/span><\/strong><\/h1>\n<h1><strong> <\/strong><\/h1>\n<h2 style=\"text-align: justify\"><strong> <\/strong><br \/>\n- Es cada d\u00eda, dos horas antes de la puesta del sol: baja el calor, y el fr\u00edo no ha llegado, y hombres y animales regresan lentamente al campamento y sus perfiles se recortan en un cielo rosa, azul, rojo, amarillo, verde...<\/h2>\n<h1 style=\"text-align: justify\"><span style=\"color: #3366ff\"><strong>- Fascinante, desde luego...<\/strong><\/span><\/h1>\n<h2 style=\"text-align: justify\">- Es un momento m\u00e1gico... Entramos todos en la tienda y hervimos t\u00e9. Sentados, en silencio, escuchamos el hervor... La calma nos invade a todos: los latidos del coraz\u00f3n se acompasan al pot-pot del hervor...<\/h2>\n<h1 style=\"text-align: justify\"><span style=\"color: #3366ff\"><strong>- Qu\u00e9 paz...<\/strong><\/span><strong> <\/strong><\/h1>\n<h2 style=\"text-align: justify\"><strong>- Aqu\u00ed ten\u00e9is reloj, all\u00ed tenemos tiempo.<\/strong><\/h2>\n<p><strong><span style=\"color: #0000ff\">Tomado de una mail recibido.-<\/span><\/strong><\/p>\n","protected":false},"excerpt":{"rendered":"<p>Una\u00a0preciosa entrevista a MOUSSA AG ASSARID No se mi edad. Nac\u00ed en el desierto del Sahara, en un campamento n\u00f3mada tuareg entre Tombuct\u00fa y Gao, al norte de Mali. He sido pastor de los camellos, cabras, corderos y vacas de mi padre. Hoy estudio Gesti\u00f3n en la Universidad Montpellier. Estoy soltero. Defiendo a los pastores [&hellip;]<\/p>\n","protected":false},"author":247,"featured_media":0,"parent":237,"menu_order":4,"comment_status":"open","ping_status":"open","template":"","meta":{"footnotes":""},"class_list":["post-1970","page","type-page","status-publish","hentry"],"aioseo_notices":[],"_links":{"self":[{"href":"https:\/\/blog.espol.edu.ec\/lgrodrig\/wp-json\/wp\/v2\/pages\/1970","targetHints":{"allow":["GET"]}}],"collection":[{"href":"https:\/\/blog.espol.edu.ec\/lgrodrig\/wp-json\/wp\/v2\/pages"}],"about":[{"href":"https:\/\/blog.espol.edu.ec\/lgrodrig\/wp-json\/wp\/v2\/types\/page"}],"author":[{"embeddable":true,"href":"https:\/\/blog.espol.edu.ec\/lgrodrig\/wp-json\/wp\/v2\/users\/247"}],"replies":[{"embeddable":true,"href":"https:\/\/blog.espol.edu.ec\/lgrodrig\/wp-json\/wp\/v2\/comments?post=1970"}],"version-history":[{"count":8,"href":"https:\/\/blog.espol.edu.ec\/lgrodrig\/wp-json\/wp\/v2\/pages\/1970\/revisions"}],"predecessor-version":[{"id":2033,"href":"https:\/\/blog.espol.edu.ec\/lgrodrig\/wp-json\/wp\/v2\/pages\/1970\/revisions\/2033"}],"up":[{"embeddable":true,"href":"https:\/\/blog.espol.edu.ec\/lgrodrig\/wp-json\/wp\/v2\/pages\/237"}],"wp:attachment":[{"href":"https:\/\/blog.espol.edu.ec\/lgrodrig\/wp-json\/wp\/v2\/media?parent=1970"}],"curies":[{"name":"wp","href":"https:\/\/api.w.org\/{rel}","templated":true}]}}