{"id":2025,"date":"2010-10-08T10:58:49","date_gmt":"2010-10-08T14:58:49","guid":{"rendered":"http:\/\/blog.espol.edu.ec\/lgrodrig\/?page_id=2025"},"modified":"2010-10-08T11:17:32","modified_gmt":"2010-10-08T15:17:32","slug":"entrevista-a-la-escritora-luz-gabriela-rodriguez","status":"publish","type":"page","link":"https:\/\/blog.espol.edu.ec\/lgrodrig\/biografia\/entrevista-a-la-escritora-luz-gabriela-rodriguez\/","title":{"rendered":"Entrevista a la escritora Luz Gabriela Rodr\u00edguez"},"content":{"rendered":"<p style=\"text-align: justify\"><span style=\"color: #3366ff\"><a href=\"http:\/\/blog.espol.edu.ec\/lgrodrig\/files\/2010\/10\/foto-lgrm.jpg\"><img loading=\"lazy\" decoding=\"async\" class=\"alignleft size-medium wp-image-2036\" title=\"foto lgrm\" src=\"http:\/\/blog.espol.edu.ec\/lgrodrig\/files\/2010\/10\/foto-lgrm-203x300.jpg\" alt=\"\" width=\"203\" height=\"300\" srcset=\"https:\/\/blog.espol.edu.ec\/lgrodrig\/files\/2010\/10\/foto-lgrm-203x300.jpg 203w, https:\/\/blog.espol.edu.ec\/lgrodrig\/files\/2010\/10\/foto-lgrm.jpg 437w\" sizes=\"auto, (max-width: 203px) 100vw, 203px\" \/><\/a><span style=\"color: #666699\">Una entrevista exclusiva con la escritora ecuatoriana <strong>Luz Gabriela Rodr\u00edguez<\/strong>, que est\u00e1 preparando una novela titulada <strong><em>Me llaman Magdalena \u2013 De nombres raros<\/em><\/strong>. En su blog se podr\u00e1 tener m\u00e1s informaci\u00f3n acerca de esta autora y de sus obras.<\/span><\/span><\/p>\n<p style=\"text-align: justify\"><span style=\"color: #666699\"><strong>\u00bfPor qu\u00e9 y para qu\u00e9 escribe Luz Gabriela?<\/strong><\/span><\/p>\n<p style=\"text-align: justify\"><span style=\"color: #666699\">Escribo porque hacerlo es parte esencial de m\u00ed ser y lo hago para sentirme en l\u00ednea \u00a0recta con mi vocaci\u00f3n.<\/span><\/p>\n<p style=\"text-align: justify\"><span style=\"color: #666699\"><strong>\u00bfC\u00f3mo descubriste tu vocaci\u00f3n?<\/strong><\/span><\/p>\n<p style=\"text-align: justify\"><span style=\"color: #666699\">Comenc\u00e9 a escribir desde los 12 a\u00f1os, creo que\u00a0 lo hered\u00e9 de mi padre. Descubrir situaciones especiales en lo sencillo y escribirlo me fue dando la pauta. M\u00e1s tarde cuando pase por situaciones especiales de la vida lo hice parte de m\u00ed y aqu\u00ed estoy.<\/span><\/p>\n<p style=\"text-align: justify\"><span style=\"color: #666699\"><strong>\u00bfCu\u00e1l es tu libro favorito o de cabecera?<\/strong><\/span><\/p>\n<p style=\"text-align: justify\"><span style=\"color: #666699\">Depende que est\u00e9 leyendo, siempre estoy descubriendo un autor interesante, pero si vamos a hablar de favoritos, cito a Vargas Vila, Alicia Y\u00e1nez, Xavier Velasco\u2026<\/span><\/p>\n<p style=\"text-align: justify\"><span style=\"color: #666699\"><strong>\u00bfQu\u00e9 tipo de m\u00fasica prefieres?<\/strong><\/span><\/p>\n<p style=\"text-align: justify\"><span style=\"color: #666699\">Instrumental,\u00a0 r\u00edtmica, rom\u00e1ntica, un poco de cada una o un momento especial para cada una, pero prevalece la instrumentada.<\/span><\/p>\n<p style=\"text-align: justify\"><span style=\"color: #666699\"><strong>\u00bfVives la soledad del escritor?<\/strong><\/span><\/p>\n<p style=\"text-align: justify\"><span style=\"color: #666699\">Escribir es un acto de soledad f\u00edsica, usualmente estoy rodeada de los personajes, especialmente del protagonista.<\/span><\/p>\n<p style=\"text-align: justify\"><span style=\"color: #666699\"><strong>\u00bfEscribir te da satisfacci\u00f3n?<\/strong><\/span><\/p>\n<p style=\"text-align: justify\"><span style=\"color: #666699\">Si, por supuesto que s\u00ed. Muchas satisfacciones personales, sue\u00f1os realizados; a\u00fan hay mucho camino por andar\u2026<\/span><\/p>\n<p style=\"text-align: justify\"><span style=\"color: #666699\"><strong>Tus planes a corto plazo<\/strong><\/span><\/p>\n<p style=\"text-align: justify\"><span style=\"color: #666699\">Publicar mi novela. Actualmente est\u00e1 siendo considerada por dos entes diferentes. Jam\u00e1s me apresuro, las cosas llegan paso a paso. Orden divino.<\/span><\/p>\n<p style=\"text-align: justify\"><span style=\"color: #666699\"><strong>\u00bfQu\u00e9 se puede conocer de Luz Gabriela a trav\u00e9s de sus libros?<\/strong><\/span><\/p>\n<p style=\"text-align: justify\"><span style=\"color: #666699\">Mis sue\u00f1os, la imaginaci\u00f3n, la vida, lo cotidiano. Nada es mi vida y todo nace de m\u00ed. \u00bfC\u00f3mo la ve?<\/span><\/p>\n<p style=\"text-align: justify\"><span style=\"color: #666699\"><strong>Un mensaje <\/strong><\/span><\/p>\n<p style=\"text-align: justify\"><span style=\"color: #666699\">El mejor de mis saludos y el deseo que desarrollemos paciencia, constancia y disciplina. Para alcanzar las metas, \u00a0hay que desearlo con el coraz\u00f3n y vivirlo junto a los sue\u00f1os...<\/span><\/p>\n","protected":false},"excerpt":{"rendered":"<p>Una entrevista exclusiva con la escritora ecuatoriana Luz Gabriela Rodr\u00edguez, que est\u00e1 preparando una novela titulada Me llaman Magdalena \u2013 De nombres raros. En su blog se podr\u00e1 tener m\u00e1s informaci\u00f3n acerca de esta autora y de sus obras. \u00bfPor qu\u00e9 y para qu\u00e9 escribe Luz Gabriela? Escribo porque hacerlo es parte esencial de m\u00ed [&hellip;]<\/p>\n","protected":false},"author":247,"featured_media":0,"parent":242,"menu_order":2,"comment_status":"open","ping_status":"open","template":"","meta":{"footnotes":""},"class_list":["post-2025","page","type-page","status-publish","hentry"],"aioseo_notices":[],"_links":{"self":[{"href":"https:\/\/blog.espol.edu.ec\/lgrodrig\/wp-json\/wp\/v2\/pages\/2025","targetHints":{"allow":["GET"]}}],"collection":[{"href":"https:\/\/blog.espol.edu.ec\/lgrodrig\/wp-json\/wp\/v2\/pages"}],"about":[{"href":"https:\/\/blog.espol.edu.ec\/lgrodrig\/wp-json\/wp\/v2\/types\/page"}],"author":[{"embeddable":true,"href":"https:\/\/blog.espol.edu.ec\/lgrodrig\/wp-json\/wp\/v2\/users\/247"}],"replies":[{"embeddable":true,"href":"https:\/\/blog.espol.edu.ec\/lgrodrig\/wp-json\/wp\/v2\/comments?post=2025"}],"version-history":[{"count":8,"href":"https:\/\/blog.espol.edu.ec\/lgrodrig\/wp-json\/wp\/v2\/pages\/2025\/revisions"}],"predecessor-version":[{"id":2027,"href":"https:\/\/blog.espol.edu.ec\/lgrodrig\/wp-json\/wp\/v2\/pages\/2025\/revisions\/2027"}],"up":[{"embeddable":true,"href":"https:\/\/blog.espol.edu.ec\/lgrodrig\/wp-json\/wp\/v2\/pages\/242"}],"wp:attachment":[{"href":"https:\/\/blog.espol.edu.ec\/lgrodrig\/wp-json\/wp\/v2\/media?parent=2025"}],"curies":[{"name":"wp","href":"https:\/\/api.w.org\/{rel}","templated":true}]}}