{"id":242,"date":"2017-10-26T19:31:11","date_gmt":"2017-10-26T23:31:11","guid":{"rendered":"http:\/\/blog.espol.edu.ec\/lgrodrig\/?page_id=242"},"modified":"2017-10-26T20:46:18","modified_gmt":"2017-10-27T00:46:18","slug":"biografia","status":"publish","type":"page","link":"https:\/\/blog.espol.edu.ec\/lgrodrig\/biografia\/","title":{"rendered":"1. Biograf\u00eda"},"content":{"rendered":"<p style=\"text-align: justify\"><strong><em><img loading=\"lazy\" decoding=\"async\" class=\"alignright size-medium wp-image-246\" src=\"http:\/\/blog.espol.edu.ec\/lgrodrig\/files\/2009\/04\/libro-angel-lg22-300x253.jpg\" alt=\"libro-angel-lg22\" width=\"300\" height=\"253\" srcset=\"https:\/\/blog.espol.edu.ec\/lgrodrig\/files\/2009\/04\/libro-angel-lg22-300x253.jpg 300w, https:\/\/blog.espol.edu.ec\/lgrodrig\/files\/2009\/04\/libro-angel-lg22.jpg 624w\" sizes=\"auto, (max-width: 300px) 100vw, 300px\" \/><span style=\"color: #000080\">Luz-Gabriela Rodr\u00edguez,<\/span><\/em><\/strong><span style=\"color: #000080\"> escritora ecuatoriana (Guayaquil, 1956), incursion\u00f3\u00a0 en la poes\u00eda, donde obtuvo varios premios y menciones for\u00e1neas, entre ellos el de la Casa Argentina, regentada por los Reyes de Espa\u00f1a y en Estados Unidos, en la Universidad de Andover, que incluyeron\u00a0en su \u00a0edici\u00f3n\u00a0 una selecci\u00f3n importante de sus trabajos. La Espol le otorg\u00f3 \u00a0una menci\u00f3n honor\u00edfica por su destacada participaci\u00f3n en el \u00e1mbito cultural y la ATP le hizo entrega de un diploma de honor.<\/span><\/p>\n<p style=\"text-align: justify\"><span style=\"color: #000080\">Licenciada en Ciencias Sociales con un diplomado en Bienestar Integral, amante de la lectura, le gusta hurgar los Universos paralelos de la realidad y de la ficci\u00f3n. \u00a0 Es Socia - Corresponsal de SELAE (Sociedad de Escritores Latinoamericanos y Europeos), miembro de la Asociaci\u00f3n de Escritores de la Costa y el Caribe, Cofrade de la Sociedad Internacional de Poetas, Escritores y Artistas, SIPEA - Iberoamericana - cap\u00edtulo Ecuador.\u00a0 \u00a0Ha publicado:\u00a0 Con raz\u00f3n sensible\/ 1998, M\u00e1s all\u00e1 de los sue\u00f1os - Oniromancia\/texto de ficci\u00f3n 2003, una recopilaci\u00f3n de cuentos y leyendas urbanas Testimonial de Humo\/2006, Los d\u00edas est\u00e1n contados - Breviario convexo\/2007, \u00a0Entre \u00c9l y nosotros est\u00e1n Ellos - De arc\u00e1ngeles y otros mensajeros celestiales\/2008; II Edici\u00f3n 2009 y III edici\u00f3n 2010, Polibot 50\/2010, Me llaman Magdalena - De nombres raros y l\u00e1grimas salobres\/2011, Autobiografia novelada: Y Ahora cuando muera, qui\u00e9n estar\u00e1 a mi lado\/2015, Los guayacanes tambi\u00e9n florecen para ti - viviendo el ahora, 2017.<\/span><\/p>\n","protected":false},"excerpt":{"rendered":"<p>Luz-Gabriela Rodr\u00edguez, escritora ecuatoriana (Guayaquil, 1956), incursion\u00f3\u00a0 en la poes\u00eda, donde obtuvo varios premios y menciones for\u00e1neas, entre ellos el de la Casa Argentina, regentada por los Reyes de Espa\u00f1a y en Estados Unidos, en la Universidad de Andover, que incluyeron\u00a0en su \u00a0edici\u00f3n\u00a0 una selecci\u00f3n importante de sus trabajos. La Espol le otorg\u00f3 \u00a0una menci\u00f3n [&hellip;]<\/p>\n","protected":false},"author":247,"featured_media":0,"parent":0,"menu_order":1,"comment_status":"open","ping_status":"open","template":"","meta":{"footnotes":""},"class_list":["post-242","page","type-page","status-publish","hentry"],"aioseo_notices":[],"_links":{"self":[{"href":"https:\/\/blog.espol.edu.ec\/lgrodrig\/wp-json\/wp\/v2\/pages\/242","targetHints":{"allow":["GET"]}}],"collection":[{"href":"https:\/\/blog.espol.edu.ec\/lgrodrig\/wp-json\/wp\/v2\/pages"}],"about":[{"href":"https:\/\/blog.espol.edu.ec\/lgrodrig\/wp-json\/wp\/v2\/types\/page"}],"author":[{"embeddable":true,"href":"https:\/\/blog.espol.edu.ec\/lgrodrig\/wp-json\/wp\/v2\/users\/247"}],"replies":[{"embeddable":true,"href":"https:\/\/blog.espol.edu.ec\/lgrodrig\/wp-json\/wp\/v2\/comments?post=242"}],"version-history":[{"count":14,"href":"https:\/\/blog.espol.edu.ec\/lgrodrig\/wp-json\/wp\/v2\/pages\/242\/revisions"}],"predecessor-version":[{"id":3055,"href":"https:\/\/blog.espol.edu.ec\/lgrodrig\/wp-json\/wp\/v2\/pages\/242\/revisions\/3055"}],"wp:attachment":[{"href":"https:\/\/blog.espol.edu.ec\/lgrodrig\/wp-json\/wp\/v2\/media?parent=242"}],"curies":[{"name":"wp","href":"https:\/\/api.w.org\/{rel}","templated":true}]}}