{"id":248,"date":"2009-04-01T15:12:56","date_gmt":"2009-04-01T19:12:56","guid":{"rendered":"http:\/\/blog.espol.edu.ec\/lgrodrig\/?page_id=248"},"modified":"2009-04-01T15:12:56","modified_gmt":"2009-04-01T19:12:56","slug":"fundamentos-biblicos","status":"publish","type":"page","link":"https:\/\/blog.espol.edu.ec\/lgrodrig\/libros-publicados\/entre-el-y-nosotros-estan-ellos\/fundamentos-biblicos\/","title":{"rendered":"Fundamentos b\u00edblicos"},"content":{"rendered":"<p style=\"text-align: justify\"><strong><\/strong><\/p>\n<div style=\"padding-right: 4pt;padding-left: 4pt;padding-bottom: 1pt;padding-top: 1pt;border: windowtext 1pt solid\"><em><span style=\"font-size: 14pt;font-family: &quot;Arial&quot;,&quot;sans-serif&quot\"><\/p>\n<div id=\"attachment_249\" style=\"width: 160px\" class=\"wp-caption alignright\"><img loading=\"lazy\" decoding=\"async\" aria-describedby=\"caption-attachment-249\" class=\"size-thumbnail wp-image-249\" src=\"http:\/\/blog.espol.edu.ec\/lgrodrig\/files\/2009\/04\/image0011-150x150.gif\" alt=\"Guardaos de menospreciar a uno de mis peque\u00f1os...\" width=\"150\" height=\"150\" \/><p id=\"caption-attachment-249\" class=\"wp-caption-text\">Guardaos de menospreciar a uno de mis peque\u00f1os...<\/p><\/div>\n<p style=\"text-align: center;padding: 0cm\" align=\"center\">Guardaos de menospreciar a uno de estos peque\u00f1os;<span>\u00a0<\/span>porque yo os digo que sus \u00e1ngeles,<span>\u00a0<\/span>ven continuamente el rostro de mi padre<span>\u00a0<\/span>que est\u00e1 en los cielos<\/p>\n<p><\/span><\/em><strong><span style=\"font-size: 14pt;font-family: &quot;Arial&quot;,&quot;sans-serif&quot\">(Mateo 18,10)<\/span><\/strong><em><span style=\"font-size: 14pt;font-family: &quot;Arial&quot;,&quot;sans-serif&quot\"><\/span><\/em><\/div>\n<p style=\"text-align: justify\"><span style=\"font-size: 14pt;font-family: &quot;Arial&quot;,&quot;sans-serif&quot\"><span>\u00a0\u00a0 <\/span>Conforme a las sagradas escrituras se determina que los \u00e1ngeles viven en la presencia de Dios y se encargan de poner en claro al hombre, que no deben adorar a nadie m\u00e1s, que no sea<span>\u00a0 <\/span>nuestro divino creador. Todo di\u00e1logo o pedido que se realice, ser\u00e1 en nombre de Cristo Jes\u00fas, su hijo \u00fanico. \u00c9l les confi\u00f3 el cuidado de los hombres, en favor de los cuales ellos realizan sus peticiones e intercepciones.<\/span><\/p>\n<p style=\"text-align: justify\"><strong><span style=\"font-size: 14pt;font-family: &quot;Arial&quot;,&quot;sans-serif&quot\">Dios creador de las cosas invisibles: los \u00e1ngeles<\/span><\/strong><span style=\"font-size: 14pt;font-family: &quot;Arial&quot;,&quot;sans-serif&quot\"><\/span><\/p>\n<p style=\"text-align: justify\"><span style=\"font-size: 14pt;font-family: &quot;Arial&quot;,&quot;sans-serif&quot\"><span>\u00a0\u00a0 <\/span>Con el credo proclamamos a Dios creador del cielo y de la tierra, y de las cosas invisibles. <span>\u00a0<\/span><em>Lo que comprueba, que en \u00e9l fueron creadas todas las formas, en los cielos y en la tierra, las visibles y las invisibles, los tronos, las dominaciones, los principados, las potestades: todo fue creado por \u00e9l y para \u00e9l<strong>.<\/strong><\/em><\/span><\/p>\n<p style=\"text-align: justify\"><span style=\"font-size: 14pt;font-family: &quot;Arial&quot;,&quot;sans-serif&quot\"><span>\u00a0\u00a0 <\/span>Tal y como lo menciona la Biblia, el hijo del hombre vendr\u00e1 en su gloria acompa\u00f1ado de todos sus \u00e1ngeles, por lo que Cristo Jes\u00fas es el centro del mundo de los \u00e1ngeles. Ellos le pertenecen. <\/span><\/p>\n<p style=\"text-align: justify\"><strong><span style=\"font-size: 14pt;font-family: &quot;Arial&quot;,&quot;sans-serif&quot\">Nuevo Testamento<\/span><\/strong><\/p>\n<p style=\"text-align: justify\"><span style=\"font-size: 14pt;font-family: &quot;Arial&quot;,&quot;sans-serif&quot\"><span>\u00a0\u00a0 <\/span>A trav\u00e9s del Nuevo Testamento, conocemos la labor de los \u00e1ngeles respecto a la misi\u00f3n de Cristo. Esto lo podemos ver en el misterio de la encarnaci\u00f3n del hijo de Dios, la anunciaci\u00f3n del nacimiento de Juan el Bautista, de Cristo mismo, las explicaciones y exposiciones dadas a Mar\u00eda y Jos\u00e9, las indicaciones proporcionadas a los pastores la noche del nacimiento de Jes\u00fas, la protecci\u00f3n del reci\u00e9n nacido ante el peligro de la persecuci\u00f3n de Herodes y muchos otros momentos citados en las sacras escrituras. <\/span><\/p>\n<p style=\"text-align: justify\"><span style=\"font-size: 14pt;font-family: &quot;Arial&quot;,&quot;sans-serif&quot\"><span>\u00a0\u00a0 <\/span>Los \u00e1ngeles <strong><span style=\"font-weight: normal;font-family: &quot;Arial&quot;,&quot;sans-serif&quot\">son la prolongaci\u00f3n energ\u00e9tica de Dios<\/span><\/strong>, seres espirituales que existir\u00e1n para siempre y que se hacen presentes en la tierra para ayudar al g\u00e9nero humano, bajo las leyes de nuestro divino creador.<\/span><\/p>\n","protected":false},"excerpt":{"rendered":"<p>Guardaos de menospreciar a uno de estos peque\u00f1os;\u00a0porque yo os digo que sus \u00e1ngeles,\u00a0ven continuamente el rostro de mi padre\u00a0que est\u00e1 en los cielos (Mateo 18,10) \u00a0\u00a0 Conforme a las sagradas escrituras se determina que los \u00e1ngeles viven en la presencia de Dios y se encargan de poner en claro al hombre, que no deben [&hellip;]<\/p>\n","protected":false},"author":247,"featured_media":0,"parent":4,"menu_order":0,"comment_status":"open","ping_status":"open","template":"","meta":{"footnotes":""},"class_list":["post-248","page","type-page","status-publish","hentry"],"aioseo_notices":[],"_links":{"self":[{"href":"https:\/\/blog.espol.edu.ec\/lgrodrig\/wp-json\/wp\/v2\/pages\/248","targetHints":{"allow":["GET"]}}],"collection":[{"href":"https:\/\/blog.espol.edu.ec\/lgrodrig\/wp-json\/wp\/v2\/pages"}],"about":[{"href":"https:\/\/blog.espol.edu.ec\/lgrodrig\/wp-json\/wp\/v2\/types\/page"}],"author":[{"embeddable":true,"href":"https:\/\/blog.espol.edu.ec\/lgrodrig\/wp-json\/wp\/v2\/users\/247"}],"replies":[{"embeddable":true,"href":"https:\/\/blog.espol.edu.ec\/lgrodrig\/wp-json\/wp\/v2\/comments?post=248"}],"version-history":[{"count":1,"href":"https:\/\/blog.espol.edu.ec\/lgrodrig\/wp-json\/wp\/v2\/pages\/248\/revisions"}],"predecessor-version":[{"id":250,"href":"https:\/\/blog.espol.edu.ec\/lgrodrig\/wp-json\/wp\/v2\/pages\/248\/revisions\/250"}],"up":[{"embeddable":true,"href":"https:\/\/blog.espol.edu.ec\/lgrodrig\/wp-json\/wp\/v2\/pages\/4"}],"wp:attachment":[{"href":"https:\/\/blog.espol.edu.ec\/lgrodrig\/wp-json\/wp\/v2\/media?parent=248"}],"curies":[{"name":"wp","href":"https:\/\/api.w.org\/{rel}","templated":true}]}}