{"id":251,"date":"2009-04-01T15:26:36","date_gmt":"2009-04-01T19:26:36","guid":{"rendered":"http:\/\/blog.espol.edu.ec\/lgrodrig\/?page_id=251"},"modified":"2009-04-13T14:59:43","modified_gmt":"2009-04-13T18:59:43","slug":"base-cientifica","status":"publish","type":"page","link":"https:\/\/blog.espol.edu.ec\/lgrodrig\/libros-publicados\/entre-el-y-nosotros-estan-ellos\/base-cientifica\/","title":{"rendered":"Base cient\u00edfica"},"content":{"rendered":"<p style=\"text-align: justify\"><span style=\"font-size: 14pt;font-family: &quot;Arial&quot;,&quot;sans-serif&amp;quot\"><img loading=\"lazy\" decoding=\"async\" class=\"aligncenter size-full wp-image-369\" src=\"http:\/\/blog.espol.edu.ec\/lgrodrig\/files\/2009\/04\/imagen-3.jpg\" alt=\"imagen-3\" width=\"881\" height=\"569\" srcset=\"https:\/\/blog.espol.edu.ec\/lgrodrig\/files\/2009\/04\/imagen-3.jpg 881w, https:\/\/blog.espol.edu.ec\/lgrodrig\/files\/2009\/04\/imagen-3-300x193.jpg 300w\" sizes=\"auto, (max-width: 881px) 100vw, 881px\" \/> En la \u00e9poca de Plat\u00f3n hubo quien manifest\u00f3 que el camino para contactarse con los seres celestiales era concentrarse en la luz interior.<\/span><\/p>\n<p style=\"text-align: justify\"><span style=\"font-size: 14pt;font-family: &quot;Arial&quot;,&quot;sans-serif&amp;quot\"><span> <\/span>Ya en la \u00e9poca contempor\u00e1nea, otros <span> <\/span>recomendaron mirar hacia adentro <span> <\/span>para encontrarlos, por lo que n<span style=\"color: black\">o es necesario considerarlos fen\u00f3menos paranormales dignos de ser analizados desde la f\u00edsica cu\u00e1ntica, simplemente es cuesti\u00f3n de fe lo que <span> <\/span>integra la relaci\u00f3n existente entre las emociones, esperanzas, sentimientos humanos y el mundo.<\/span><\/span><\/p>\n","protected":false},"excerpt":{"rendered":"<p>En la \u00e9poca de Plat\u00f3n hubo quien manifest\u00f3 que el camino para contactarse con los seres celestiales era concentrarse en la luz interior. Ya en la \u00e9poca contempor\u00e1nea, otros recomendaron mirar hacia adentro para encontrarlos, por lo que no es necesario considerarlos fen\u00f3menos paranormales dignos de ser analizados desde la f\u00edsica cu\u00e1ntica, simplemente es cuesti\u00f3n [&hellip;]<\/p>\n","protected":false},"author":247,"featured_media":0,"parent":4,"menu_order":0,"comment_status":"open","ping_status":"open","template":"","meta":{"footnotes":""},"class_list":["post-251","page","type-page","status-publish","hentry"],"aioseo_notices":[],"_links":{"self":[{"href":"https:\/\/blog.espol.edu.ec\/lgrodrig\/wp-json\/wp\/v2\/pages\/251","targetHints":{"allow":["GET"]}}],"collection":[{"href":"https:\/\/blog.espol.edu.ec\/lgrodrig\/wp-json\/wp\/v2\/pages"}],"about":[{"href":"https:\/\/blog.espol.edu.ec\/lgrodrig\/wp-json\/wp\/v2\/types\/page"}],"author":[{"embeddable":true,"href":"https:\/\/blog.espol.edu.ec\/lgrodrig\/wp-json\/wp\/v2\/users\/247"}],"replies":[{"embeddable":true,"href":"https:\/\/blog.espol.edu.ec\/lgrodrig\/wp-json\/wp\/v2\/comments?post=251"}],"version-history":[{"count":7,"href":"https:\/\/blog.espol.edu.ec\/lgrodrig\/wp-json\/wp\/v2\/pages\/251\/revisions"}],"predecessor-version":[{"id":381,"href":"https:\/\/blog.espol.edu.ec\/lgrodrig\/wp-json\/wp\/v2\/pages\/251\/revisions\/381"}],"up":[{"embeddable":true,"href":"https:\/\/blog.espol.edu.ec\/lgrodrig\/wp-json\/wp\/v2\/pages\/4"}],"wp:attachment":[{"href":"https:\/\/blog.espol.edu.ec\/lgrodrig\/wp-json\/wp\/v2\/media?parent=251"}],"curies":[{"name":"wp","href":"https:\/\/api.w.org\/{rel}","templated":true}]}}