{"id":254,"date":"2009-04-01T15:33:00","date_gmt":"2009-04-01T19:33:00","guid":{"rendered":"http:\/\/blog.espol.edu.ec\/lgrodrig\/?page_id=254"},"modified":"2009-04-02T15:50:21","modified_gmt":"2009-04-02T19:50:21","slug":"fechas-especiales","status":"publish","type":"page","link":"https:\/\/blog.espol.edu.ec\/lgrodrig\/fechas-especiales\/","title":{"rendered":"3. Fechas especiales:"},"content":{"rendered":"<p>Cada d\u00eda es especial, pero aqui se encontrar\u00e1n fechas alusivas a cada d\u00eda festivo.<\/p>\n","protected":false},"excerpt":{"rendered":"<p>Cada d\u00eda es especial, pero aqui se encontrar\u00e1n fechas alusivas a cada d\u00eda festivo.<\/p>\n","protected":false},"author":247,"featured_media":0,"parent":0,"menu_order":3,"comment_status":"open","ping_status":"open","template":"","meta":{"footnotes":""},"class_list":["post-254","page","type-page","status-publish","hentry"],"aioseo_notices":[],"_links":{"self":[{"href":"https:\/\/blog.espol.edu.ec\/lgrodrig\/wp-json\/wp\/v2\/pages\/254","targetHints":{"allow":["GET"]}}],"collection":[{"href":"https:\/\/blog.espol.edu.ec\/lgrodrig\/wp-json\/wp\/v2\/pages"}],"about":[{"href":"https:\/\/blog.espol.edu.ec\/lgrodrig\/wp-json\/wp\/v2\/types\/page"}],"author":[{"embeddable":true,"href":"https:\/\/blog.espol.edu.ec\/lgrodrig\/wp-json\/wp\/v2\/users\/247"}],"replies":[{"embeddable":true,"href":"https:\/\/blog.espol.edu.ec\/lgrodrig\/wp-json\/wp\/v2\/comments?post=254"}],"version-history":[{"count":3,"href":"https:\/\/blog.espol.edu.ec\/lgrodrig\/wp-json\/wp\/v2\/pages\/254\/revisions"}],"predecessor-version":[{"id":288,"href":"https:\/\/blog.espol.edu.ec\/lgrodrig\/wp-json\/wp\/v2\/pages\/254\/revisions\/288"}],"wp:attachment":[{"href":"https:\/\/blog.espol.edu.ec\/lgrodrig\/wp-json\/wp\/v2\/media?parent=254"}],"curies":[{"name":"wp","href":"https:\/\/api.w.org\/{rel}","templated":true}]}}