{"id":260,"date":"2009-04-01T16:48:53","date_gmt":"2009-04-01T20:48:53","guid":{"rendered":"http:\/\/blog.espol.edu.ec\/lgrodrig\/?page_id=260"},"modified":"2009-04-01T16:50:50","modified_gmt":"2009-04-01T20:50:50","slug":"dia-de-la-mujer-homenaje-a-la-mujer-que-escribe","status":"publish","type":"page","link":"https:\/\/blog.espol.edu.ec\/lgrodrig\/fechas-especiales\/dia-de-la-mujer-homenaje-a-la-mujer-que-escribe\/","title":{"rendered":"D\u00eda de la mujer: homenaje a la mujer que escribe"},"content":{"rendered":"<p>Cada \u00e9poca, presenta sus propias etapas y cambios. Gracias a esos cambios, se puede hablar con firmeza de la presencia femenina en todos los \u00e1mbitos. La literatura no pod\u00eda ser la excepci\u00f3n y al momento existen importantes aportes femeninos a nivel local y mundial. Haciendo algo de historia, tenemos a finales del siglo XVIII, a Sor Juana In\u00e9s de la Cruz, quien encabez\u00f3 el feminismo al escribir el Primer manifiesto feminista del nuevo mundo; en el siglo XIX, con su breve producci\u00f3n po\u00e9tica tenemos a Dolores Veintimilla de Galindo, Mercedes Gonz\u00e1lez de Moscoso y Sor Catalina de Jes\u00fas. Voces po\u00e9ticas que de acuerdo a la \u00e9poca, se permitieron hablar y luchar por sus derechos \u00fanicos e irrenunciables. En el siglo XX, podemos citar a Juana de Ibarborou, Gabriela Mistral, quien obtuvo el primer premio N\u00f3bel de Literatura para Am\u00e9rica Latina. Si hablamos espec\u00edficamente de la mujer ecuatoriana, tenemos que en las \u00faltimas d\u00e9cadas, arremete con firmeza, manifest\u00e1ndose, no s\u00f3lo en libros de poes\u00edas, sino en cuentos de ni\u00f1os, aventuras, narrativas diversas, o como cr\u00edticas de textos ya conocidos, tal es el caso de la escritora Cecilia Ansaldo. De ah\u00ed para adelante, somos muchas las mujeres que nos hemos propuesto, escribir textos de rebeld\u00eda, dolor, sumisi\u00f3n, ya sea de manera conservadora, rompiendo esquemas o lanz\u00e1ndonos al vac\u00edo en la b\u00fasqueda de otras dimensiones. Ahora ya tenemos un camino andado. Desde los a\u00f1os 80, hasta el momento actual, somos numerosas las narradoras, Bien podemos citar a Alicia Y\u00e1nez Coss\u00edo, Son\u00eda Manzano, Mar\u00edtza Cino, D\u00e9bora Z\u00fa\u00f1iga, Luz Rosario Araujo, Solange Rodr\u00edguez, Lola M\u00e1rquez y muchas otras destacadas escritoras ecuatorianas. Las m\u00e1s j\u00f3venes vienen con \u00edmpetu, lo positivo es que avanzamos y vamos conquistando, luchando por ser escuchadas y por ser publicadas. Un saludo especial para nosotras, en nuestro dia. Luz Gabriela Rodr\u00edguez Escritora ecuatoriana.<\/p>\n","protected":false},"excerpt":{"rendered":"<p>Cada \u00e9poca, presenta sus propias etapas y cambios. Gracias a esos cambios, se puede hablar con firmeza de la presencia femenina en todos los \u00e1mbitos. La literatura no pod\u00eda ser la excepci\u00f3n y al momento existen importantes aportes femeninos a nivel local y mundial. Haciendo algo de historia, tenemos a finales del siglo XVIII, a [&hellip;]<\/p>\n","protected":false},"author":247,"featured_media":0,"parent":254,"menu_order":0,"comment_status":"open","ping_status":"open","template":"","meta":{"footnotes":""},"class_list":["post-260","page","type-page","status-publish","hentry"],"aioseo_notices":[],"_links":{"self":[{"href":"https:\/\/blog.espol.edu.ec\/lgrodrig\/wp-json\/wp\/v2\/pages\/260","targetHints":{"allow":["GET"]}}],"collection":[{"href":"https:\/\/blog.espol.edu.ec\/lgrodrig\/wp-json\/wp\/v2\/pages"}],"about":[{"href":"https:\/\/blog.espol.edu.ec\/lgrodrig\/wp-json\/wp\/v2\/types\/page"}],"author":[{"embeddable":true,"href":"https:\/\/blog.espol.edu.ec\/lgrodrig\/wp-json\/wp\/v2\/users\/247"}],"replies":[{"embeddable":true,"href":"https:\/\/blog.espol.edu.ec\/lgrodrig\/wp-json\/wp\/v2\/comments?post=260"}],"version-history":[{"count":3,"href":"https:\/\/blog.espol.edu.ec\/lgrodrig\/wp-json\/wp\/v2\/pages\/260\/revisions"}],"predecessor-version":[{"id":262,"href":"https:\/\/blog.espol.edu.ec\/lgrodrig\/wp-json\/wp\/v2\/pages\/260\/revisions\/262"}],"up":[{"embeddable":true,"href":"https:\/\/blog.espol.edu.ec\/lgrodrig\/wp-json\/wp\/v2\/pages\/254"}],"wp:attachment":[{"href":"https:\/\/blog.espol.edu.ec\/lgrodrig\/wp-json\/wp\/v2\/media?parent=260"}],"curies":[{"name":"wp","href":"https:\/\/api.w.org\/{rel}","templated":true}]}}