{"id":2624,"date":"2011-07-05T16:22:23","date_gmt":"2011-07-05T20:22:23","guid":{"rendered":"http:\/\/blog.espol.edu.ec\/lgrodrig\/?page_id=2624"},"modified":"2011-11-22T12:07:17","modified_gmt":"2011-11-22T16:07:17","slug":"me-llaman-magdalena-de-nombres-raros-y-lagrimas-salobres","status":"publish","type":"page","link":"https:\/\/blog.espol.edu.ec\/lgrodrig\/me-llaman-magdalena-de-nombres-raros-y-lagrimas-salobres\/","title":{"rendered":"2.1.Me llaman Magdalena - De nombres raros y l\u00e1grimas salobres"},"content":{"rendered":"<p><a href=\"http:\/\/blog.espol.edu.ec\/lgrodrig\/files\/2011\/07\/PORTADA-LIBRO.png\"><img loading=\"lazy\" decoding=\"async\" class=\"alignleft size-medium wp-image-2625\" title=\"PORTADA LIBRO\" src=\"http:\/\/blog.espol.edu.ec\/lgrodrig\/files\/2011\/07\/PORTADA-LIBRO-202x300.png\" alt=\"\" width=\"202\" height=\"300\" srcset=\"https:\/\/blog.espol.edu.ec\/lgrodrig\/files\/2011\/07\/PORTADA-LIBRO-202x300.png 202w, https:\/\/blog.espol.edu.ec\/lgrodrig\/files\/2011\/07\/PORTADA-LIBRO.png 665w\" sizes=\"auto, (max-width: 202px) 100vw, 202px\" \/><\/a><\/p>\n<p style=\"text-align: justify\"><strong>E<\/strong>sta novela breve confirma la versatilidad de su autora, que ha cultivado poes\u00eda, cuento, mini ficci\u00f3n y textos hagiogr\u00e1ficos. Me llaman Magdalena \u2013 De nombres raros y l\u00e1grimas salobres, presenta un laberinto perturbado de quien dice llamarse Magdalena.\u00a0 Es una propuesta narrativa que presenta a un personaje que se desquicia en la medida que nos hace conocer su historia, mediante una memoria que a ratos nos somete para ingresar a su desequilibrado f\u00e1rrago.<\/p>\n<p style=\"text-align: justify\">\u00a0\u00a0\u00a0\u00a0 La fabuladora guayaquile\u00f1a expone en esta obra una t\u00e9cnica que fusiona referencias y alusiones con humor negro y sarcasmo, dentro de construcciones que dan cabida a la iron\u00eda para matizar el tono de la narraci\u00f3n; trasciende una atm\u00f3sfera que envuelve campo y ciudad, desde los din\u00e1micos cuadros de la aldea de la infancia de Magdalena y el est\u00e1tico asiento del sanatorio citadino que ilumina su alucinador relato. (<strong>RMB<\/strong>)<\/p>\n","protected":false},"excerpt":{"rendered":"<p>Esta novela breve confirma la versatilidad de su autora, que ha cultivado poes\u00eda, cuento, mini ficci\u00f3n y textos hagiogr\u00e1ficos. Me llaman Magdalena \u2013 De nombres raros y l\u00e1grimas salobres, presenta un laberinto perturbado de quien dice llamarse Magdalena.\u00a0 Es una propuesta narrativa que presenta a un personaje que se desquicia en la medida que nos [&hellip;]<\/p>\n","protected":false},"author":247,"featured_media":0,"parent":0,"menu_order":0,"comment_status":"open","ping_status":"open","template":"","meta":{"footnotes":""},"class_list":["post-2624","page","type-page","status-publish","hentry"],"aioseo_notices":[],"_links":{"self":[{"href":"https:\/\/blog.espol.edu.ec\/lgrodrig\/wp-json\/wp\/v2\/pages\/2624","targetHints":{"allow":["GET"]}}],"collection":[{"href":"https:\/\/blog.espol.edu.ec\/lgrodrig\/wp-json\/wp\/v2\/pages"}],"about":[{"href":"https:\/\/blog.espol.edu.ec\/lgrodrig\/wp-json\/wp\/v2\/types\/page"}],"author":[{"embeddable":true,"href":"https:\/\/blog.espol.edu.ec\/lgrodrig\/wp-json\/wp\/v2\/users\/247"}],"replies":[{"embeddable":true,"href":"https:\/\/blog.espol.edu.ec\/lgrodrig\/wp-json\/wp\/v2\/comments?post=2624"}],"version-history":[{"count":13,"href":"https:\/\/blog.espol.edu.ec\/lgrodrig\/wp-json\/wp\/v2\/pages\/2624\/revisions"}],"predecessor-version":[{"id":2794,"href":"https:\/\/blog.espol.edu.ec\/lgrodrig\/wp-json\/wp\/v2\/pages\/2624\/revisions\/2794"}],"wp:attachment":[{"href":"https:\/\/blog.espol.edu.ec\/lgrodrig\/wp-json\/wp\/v2\/media?parent=2624"}],"curies":[{"name":"wp","href":"https:\/\/api.w.org\/{rel}","templated":true}]}}