{"id":275,"date":"2018-05-31T13:38:10","date_gmt":"2018-05-31T17:38:10","guid":{"rendered":"http:\/\/blog.espol.edu.ec\/lgrodrig\/?page_id=275"},"modified":"2020-09-10T18:00:47","modified_gmt":"2020-09-10T22:00:47","slug":"libros-publicados","status":"publish","type":"page","link":"https:\/\/blog.espol.edu.ec\/lgrodrig\/libros-publicados\/","title":{"rendered":"2. Libros publicados - 1994 - 2017"},"content":{"rendered":"<h4 class=\"MsoNormal\" style=\"margin: 0cm 0cm 0pt 53.45pt;text-align: justify\"><\/h4>\n<h2><a href=\"http:\/\/blog.espol.edu.ec\/lgrodrig\/files\/2017\/10\/T.-Portada.jpg\"><img loading=\"lazy\" decoding=\"async\" class=\"wp-image-3058 alignleft\" src=\"http:\/\/blog.espol.edu.ec\/lgrodrig\/files\/2017\/10\/T.-Portada-150x150.jpg\" alt=\"Aunan sabidur\u00eda y equilibrio emocional\" width=\"63\" height=\"63\" \/><\/a><span style=\"font-size: 14px\">Libro Los guayacanes tambi\u00e9n florecen para ti - Viviendo el ahora - Primera edici\u00f3n - Noviembre\u00a0 2017 - Segunda edici\u00f3n - Julio 2019<\/span><\/h2>\n<h4 class=\"MsoNormal\" style=\"margin: 0cm 0cm 0pt 53.45pt;text-align: justify\"><a href=\"http:\/\/blog.espol.edu.ec\/lgrodrig\/files\/2009\/04\/portada-y-ahora.jpg\"><img loading=\"lazy\" decoding=\"async\" class=\" wp-image-3013 alignleft\" src=\"http:\/\/blog.espol.edu.ec\/lgrodrig\/files\/2009\/04\/portada-y-ahora.jpg\" alt=\"portada y ahora\" width=\"50\" height=\"66\" srcset=\"https:\/\/blog.espol.edu.ec\/lgrodrig\/files\/2009\/04\/portada-y-ahora.jpg 480w, https:\/\/blog.espol.edu.ec\/lgrodrig\/files\/2009\/04\/portada-y-ahora-e1422418797440-113x150.jpg 113w, https:\/\/blog.espol.edu.ec\/lgrodrig\/files\/2009\/04\/portada-y-ahora-225x300.jpg 225w\" sizes=\"auto, (max-width: 50px) 100vw, 50px\" \/><\/a><\/h4>\n<h3 class=\"MsoNormal\" style=\"margin: 0cm 0cm 0pt 53.45pt;text-align: justify\">\u00a0Libro <strong>Y ahora cuando muera, qui\u00e9n estar\u00e1 a mi lado?<\/strong> - Autobiografia novelada - Primera edici\u00f3n - Enero 2015.<\/h3>\n<p>&nbsp;<\/p>\n<h3 class=\"MsoNormal\" style=\"margin: 0cm 0cm 0pt 53.45pt;text-align: justify\"><span style=\"font-size: 14pt\"><span style=\"font-family: 'Times New Roman'\">\u00a0L<\/span><\/span><span style=\"font-size: 14pt\">ibro <strong>Me llaman Magdalena - De nombres raros y l\u00e1grimas <a href=\"http:\/\/blog.espol.edu.ec\/lgrodrig\/files\/2009\/04\/PORTADA-LIBRO.png\"><img loading=\"lazy\" decoding=\"async\" class=\"alignleft size-thumbnail wp-image-2622\" title=\"PORTADA LIBRO\" src=\"http:\/\/blog.espol.edu.ec\/lgrodrig\/files\/2009\/04\/PORTADA-LIBRO-150x150.png\" alt=\"\" width=\"57\" height=\"51\" \/><\/a>salobres<\/strong> - Primera edici\u00f3n - Junio del 2011, Segunda edici\u00f3n \u00a0Octubre 2014.<\/span><\/h3>\n<p class=\"MsoNormal\" style=\"margin: 0cm 0cm 0pt 53.45pt;text-align: justify\"><span style=\"font-family: Times New Roman\"><span style=\"font-size: 14pt\">\u00a0<\/span><\/span><\/p>\n<h3 class=\"MsoNormal\" style=\"margin: 0cm 0cm 0pt 53.45pt;text-align: justify\"><span style=\"font-family: Times New Roman\"><span style=\"font-size: 14pt\">\u00a0Libro Entre \u00c9l y nosotros est\u00e1n ellos \u2013 De arc\u00e1ngeles y otros <a href=\"http:\/\/blog.espol.edu.ec\/lgrodrig\/files\/2009\/04\/angel-azul-1.png\"><img loading=\"lazy\" decoding=\"async\" class=\"alignleft size-thumbnail wp-image-1020\" title=\"angel-azul-1\" src=\"http:\/\/blog.espol.edu.ec\/lgrodrig\/files\/2009\/04\/angel-azul-1-150x150.png\" alt=\"\" width=\"56\" height=\"56\" \/><\/a>mensajeros celestiales - Segunda edici\u00f3n. Enero del 2009.<\/span><\/span><\/h3>\n<p class=\"MsoNormal\" style=\"margin: 0cm 0cm 0pt 39.3pt;text-align: justify\"><span style=\"font-size: 14pt\"><span style=\"font-family: Times New Roman\">\u00a0<\/span><\/span><\/p>\n<h3 class=\"MsoNormal\" style=\"margin: 0cm 0cm 0pt 53.45pt;text-align: justify\">\u00a0 \u00a0 \u00a0 \u00a0 \u00a0 \u00a0 <a href=\"http:\/\/blog.espol.edu.ec\/lgrodrig\/files\/2009\/04\/portada-robotica-polibot-50-e1422421008549.jpg\"><img loading=\"lazy\" decoding=\"async\" class=\" wp-image-3017 alignleft\" src=\"http:\/\/blog.espol.edu.ec\/lgrodrig\/files\/2009\/04\/portada-robotica-polibot-50-e1422421008549.jpg\" alt=\"portada robotica - polibot 50\" width=\"59\" height=\"79\" \/><\/a>\u00a0Libro <strong>Rob\u00f3tica aplicada a las Ciencias Sociales - Polibot 50<\/strong> - Primera edici\u00f3n.<\/h3>\n<h3 class=\"MsoNormal\" style=\"margin: 0cm 0cm 0pt 53.45pt;text-align: justify\"><span style=\"font-family: Times New Roman\"><span style=\"font-size: 14pt\">L<\/span><span style=\"font-size: 14pt\">ibro <strong>Y todav\u00eda sigue all\u00ed<\/strong>, de un grupo de talleristas del Taller de Microliteratura de la serie Nuestros Valores de la ESPOL, Enero del 2009<\/span><\/span><\/h3>\n<h3 class=\"MsoNormal\" style=\"margin: 0cm 0cm 0pt 18pt;text-align: justify\"><span style=\"font-size: 14pt\"><span style=\"font-family: Times New Roman\">\u00a0<\/span><\/span><\/h3>\n<h3 class=\"MsoNormal\" style=\"margin: 0cm 0cm 0pt 53.45pt;text-align: justify\"><span style=\"font-family: Times New Roman\"><span style=\"font-size: 14pt\">L<\/span><span style=\"font-size: 14pt\">ibro <strong>Entre \u00c9l y nosotros est\u00e1n ellos \u2013 De arc\u00e1ngeles y otros mensajeros celestiales<\/strong> \u2013 Primera edici\u00f3n. Julio del 2008.<\/span><\/span><\/h3>\n<h3 class=\"MsoNormal\" style=\"margin: 0cm 0cm 0pt 36pt;text-align: justify\"><span style=\"font-size: 14pt\"><span style=\"font-family: Times New Roman\">\u00a0<\/span><\/span><\/h3>\n<p class=\"MsoNormal\" style=\"margin: 0cm 0cm 0pt 53.45pt;text-align: justify\"><span style=\"font-size: 14pt;font-family: Wingdings\"><a href=\"http:\/\/blog.espol.edu.ec\/lgrodrig\/files\/2009\/04\/portada-los-dias.jpg\"><img loading=\"lazy\" decoding=\"async\" class=\" wp-image-3014 alignleft\" src=\"http:\/\/blog.espol.edu.ec\/lgrodrig\/files\/2009\/04\/portada-los-dias.jpg\" alt=\"portada los dias\" width=\"49\" height=\"66\" srcset=\"https:\/\/blog.espol.edu.ec\/lgrodrig\/files\/2009\/04\/portada-los-dias.jpg 480w, https:\/\/blog.espol.edu.ec\/lgrodrig\/files\/2009\/04\/portada-los-dias-225x300.jpg 225w\" sizes=\"auto, (max-width: 49px) 100vw, 49px\" \/><\/a><\/span><span style=\"font-size: 14pt\"><b style=\"font-family: 'Times New Roman'\">Libro Los d\u00edas est\u00e1n contados \u2013 Breviario convexo<\/b><\/span><span style=\"font-size: 14pt\"> - ESPOL \u00a0\u2013 Julio \u00a0del \u00a02007.-<\/span><\/p>\n<p class=\"MsoNormal\" style=\"margin: 0cm 0cm 0pt 36pt;text-align: justify\"><span style=\"font-size: 14pt\"><span style=\"font-family: Times New Roman\">\u00a0<\/span><\/span><\/p>\n<p class=\"MsoNormal\" style=\"margin: 0cm 0cm 0pt 53.45pt;text-align: justify\"><span style=\"font-family: Times New Roman\"><strong><span style=\"font-size: 14pt\">Libro Testimonial de Humo<\/span><\/strong><span style=\"font-size: 14pt\"> - ESPOL \u2013 Octubre del 2003.-<\/span><\/span><\/p>\n<p class=\"MsoNormal\" style=\"margin: 0cm 0cm 0pt 53.45pt;text-align: justify\"><span style=\"font-family: Times New Roman\"><strong><span style=\"font-size: 14pt\"><a href=\"http:\/\/blog.espol.edu.ec\/lgrodrig\/files\/2015\/01\/portada-mas-alla.jpg\"><img loading=\"lazy\" decoding=\"async\" class=\" wp-image-3025 alignleft\" src=\"http:\/\/blog.espol.edu.ec\/lgrodrig\/files\/2015\/01\/portada-mas-alla.jpg\" alt=\"portada mas alla\" width=\"50\" height=\"67\" srcset=\"https:\/\/blog.espol.edu.ec\/lgrodrig\/files\/2015\/01\/portada-mas-alla.jpg 480w, https:\/\/blog.espol.edu.ec\/lgrodrig\/files\/2015\/01\/portada-mas-alla-225x300.jpg 225w\" sizes=\"auto, (max-width: 50px) 100vw, 50px\" \/><\/a>Libro M\u00e1s all\u00e1 De los Sue\u00f1os<\/span><\/strong><span style=\"font-size: 14pt\"> - ESPOL \u2013 Mayo del 2002.-<\/span><\/span><\/p>\n<p class=\"MsoNormal\" style=\"margin: 0cm 0cm 0pt 53.45pt;text-align: justify\"><span style=\"font-size: 14pt;font-family: Wingdings\"><img loading=\"lazy\" decoding=\"async\" class=\" wp-image-3016 alignleft\" src=\"http:\/\/blog.espol.edu.ec\/lgrodrig\/files\/2009\/04\/portada-con-raz\u00f3n-sensible.jpg\" alt=\"portada con raz\u00f3n sensible\" width=\"46\" height=\"62\" srcset=\"https:\/\/blog.espol.edu.ec\/lgrodrig\/files\/2009\/04\/portada-con-raz\u00f3n-sensible.jpg 240w, https:\/\/blog.espol.edu.ec\/lgrodrig\/files\/2009\/04\/portada-con-raz\u00f3n-sensible-225x300.jpg 225w\" sizes=\"auto, (max-width: 46px) 100vw, 46px\" \/><\/span><span style=\"font-size: 14pt\"><span style=\"font-family: 'Times New Roman'\">Fundaci\u00f3n <\/span><strong style=\"font-family: 'Times New Roman'\">Leonidas Ortega Moreira<\/strong><span style=\"font-family: 'Times New Roman'\">,<\/span><strong style=\"font-family: 'Times New Roman'\"> Con raz\u00f3n sensible, <\/strong><span style=\"font-family: 'Times New Roman'\">Mayo de 1999.-<\/span><\/span><\/p>\n","protected":false},"excerpt":{"rendered":"<p>Libro Los guayacanes tambi\u00e9n florecen para ti - Viviendo el ahora - Primera edici\u00f3n - Noviembre\u00a0 2017 - Segunda edici\u00f3n - Julio 2019 \u00a0Libro Y ahora cuando muera, qui\u00e9n estar\u00e1 a mi lado? - Autobiografia novelada - Primera edici\u00f3n - Enero 2015. &nbsp; \u00a0Libro Me llaman Magdalena - De nombres raros y l\u00e1grimas salobres - [&hellip;]<\/p>\n","protected":false},"author":247,"featured_media":0,"parent":0,"menu_order":2,"comment_status":"open","ping_status":"open","template":"","meta":{"footnotes":""},"class_list":["post-275","page","type-page","status-publish","hentry"],"aioseo_notices":[],"_links":{"self":[{"href":"https:\/\/blog.espol.edu.ec\/lgrodrig\/wp-json\/wp\/v2\/pages\/275","targetHints":{"allow":["GET"]}}],"collection":[{"href":"https:\/\/blog.espol.edu.ec\/lgrodrig\/wp-json\/wp\/v2\/pages"}],"about":[{"href":"https:\/\/blog.espol.edu.ec\/lgrodrig\/wp-json\/wp\/v2\/types\/page"}],"author":[{"embeddable":true,"href":"https:\/\/blog.espol.edu.ec\/lgrodrig\/wp-json\/wp\/v2\/users\/247"}],"replies":[{"embeddable":true,"href":"https:\/\/blog.espol.edu.ec\/lgrodrig\/wp-json\/wp\/v2\/comments?post=275"}],"version-history":[{"count":19,"href":"https:\/\/blog.espol.edu.ec\/lgrodrig\/wp-json\/wp\/v2\/pages\/275\/revisions"}],"predecessor-version":[{"id":277,"href":"https:\/\/blog.espol.edu.ec\/lgrodrig\/wp-json\/wp\/v2\/pages\/275\/revisions\/277"}],"wp:attachment":[{"href":"https:\/\/blog.espol.edu.ec\/lgrodrig\/wp-json\/wp\/v2\/media?parent=275"}],"curies":[{"name":"wp","href":"https:\/\/api.w.org\/{rel}","templated":true}]}}